{"id":1683,"date":"2023-02-24T10:46:47","date_gmt":"2023-02-24T08:46:47","guid":{"rendered":"https:\/\/webs.uab.cat\/egolab\/?page_id=1683"},"modified":"2023-04-12T20:22:38","modified_gmt":"2023-04-12T18:22:38","slug":"inicio","status":"publish","type":"page","link":"https:\/\/webs.uab.cat\/egolab\/es\/","title":{"rendered":"Inicio"},"content":{"rendered":"\n<p class=\"has-blanc-coco-color has-verd-tropic-background-color has-text-color has-background\">Bienvenidos y bienvenidas a la p\u00e1gina web del equipo de investigaci\u00f3n egolab-GRAFO, que forma parte del Grupo de Investigaci\u00f3n en Antropolog\u00eda Fundamental i Orientada (<a href=\"https:\/\/webs.uab.cat\/getp\/es\/\">GRAFO<\/a>), reconocido por la AGAUR del <a href=\"https:\/\/www.uab.cat\/ca\/antropologia\">Departamento de Antropolog\u00eda Social y Cultural<\/a> de la UAB.<\/p>\n\n\n\n<div class=\"wp-block-columns has-blanc-coco-background-color has-background is-layout-flex wp-container-core-columns-is-layout-9d6595d7 wp-block-columns-is-layout-flex\">\n<div class=\"wp-block-column is-layout-flow wp-block-column-is-layout-flow\">\n<figure class=\"wp-block-image size-large\"><img loading=\"lazy\" decoding=\"async\" width=\"1014\" height=\"1024\" src=\"https:\/\/webs.uab.cat\/egolab\/wp-content\/uploads\/sites\/283\/2023\/03\/egolab-3-1014x1024.png\" alt=\"\" class=\"wp-image-2217\" srcset=\"https:\/\/webs.uab.cat\/egolab\/wp-content\/uploads\/sites\/283\/2023\/03\/egolab-3-1014x1024.png 1014w, https:\/\/webs.uab.cat\/egolab\/wp-content\/uploads\/sites\/283\/2023\/03\/egolab-3-297x300.png 297w, https:\/\/webs.uab.cat\/egolab\/wp-content\/uploads\/sites\/283\/2023\/03\/egolab-3-150x150.png 150w, https:\/\/webs.uab.cat\/egolab\/wp-content\/uploads\/sites\/283\/2023\/03\/egolab-3-768x775.png 768w, https:\/\/webs.uab.cat\/egolab\/wp-content\/uploads\/sites\/283\/2023\/03\/egolab-3.png 1054w\" sizes=\"auto, (max-width: 1014px) 100vw, 1014px\" \/><\/figure>\n<\/div>\n\n\n\n<div class=\"wp-block-column is-layout-flow wp-block-column-is-layout-flow\">\n<figure class=\"wp-block-image size-full\"><img loading=\"lazy\" decoding=\"async\" width=\"818\" height=\"818\" src=\"https:\/\/webs.uab.cat\/egolab\/wp-content\/uploads\/sites\/283\/2023\/03\/egolab2.png\" alt=\"\" class=\"wp-image-2220\" srcset=\"https:\/\/webs.uab.cat\/egolab\/wp-content\/uploads\/sites\/283\/2023\/03\/egolab2.png 818w, https:\/\/webs.uab.cat\/egolab\/wp-content\/uploads\/sites\/283\/2023\/03\/egolab2-300x300.png 300w, https:\/\/webs.uab.cat\/egolab\/wp-content\/uploads\/sites\/283\/2023\/03\/egolab2-150x150.png 150w, https:\/\/webs.uab.cat\/egolab\/wp-content\/uploads\/sites\/283\/2023\/03\/egolab2-768x768.png 768w\" sizes=\"auto, (max-width: 818px) 100vw, 818px\" \/><\/figure>\n<\/div>\n<\/div>\n\n\n\n<p>El equipo est\u00e1 especializado en el estudio de las <strong>redes personales y comunidades<\/strong>. Aplicamos esta perspectiva relacional para investigar los fen\u00f3menos sociales emergentes, principalmente en dos \u00e1mbitos: <strong>antropolog\u00eda econ\u00f3mica<\/strong> y <strong>antropolog\u00eda de la migraci\u00f3n, movilidad y transnacionalisme<\/strong>.<\/p>\n\n\n\n<h2 class=\"wp-block-heading\"><strong>INTER\u00c9S PRINCIPAL<\/strong><\/h2>\n\n\n\n<ul class=\"wp-block-list\"><li>Comprender el papel de les relaciones sociales en las estrategias individuales de ganarse la vida.<\/li><\/ul>\n\n\n\n<h2 class=\"wp-block-heading\"><strong>\u00c1REA DE INVESTIGACI\u00d3N ETNOGR\u00c1FICA<\/strong><\/h2>\n\n\n\n<ul class=\"wp-block-list\"><li>Sur i Sureste d eEuropa<\/li><\/ul>\n\n\n\n<ul class=\"wp-block-list\"><li>M\u00e9xico <\/li><\/ul>\n\n\n\n<ul class=\"wp-block-list\"><li>Indonesia<\/li><\/ul>\n\n\n\n<figure class=\"wp-block-gallery has-nested-images columns-default is-cropped wp-block-gallery-1 is-layout-flex wp-block-gallery-is-layout-flex\">\n<figure class=\"wp-block-image size-large\"><img loading=\"lazy\" decoding=\"async\" width=\"1024\" height=\"768\" data-id=\"1804\" src=\"https:\/\/webs.uab.cat\/egolab\/wp-content\/uploads\/sites\/283\/2023\/02\/IMG_1901-3-1024x768.jpg\" alt=\"\" class=\"wp-image-1804\" srcset=\"https:\/\/webs.uab.cat\/egolab\/wp-content\/uploads\/sites\/283\/2023\/02\/IMG_1901-3-1024x768.jpg 1024w, https:\/\/webs.uab.cat\/egolab\/wp-content\/uploads\/sites\/283\/2023\/02\/IMG_1901-3-300x225.jpg 300w, https:\/\/webs.uab.cat\/egolab\/wp-content\/uploads\/sites\/283\/2023\/02\/IMG_1901-3-768x576.jpg 768w, https:\/\/webs.uab.cat\/egolab\/wp-content\/uploads\/sites\/283\/2023\/02\/IMG_1901-3-1536x1152.jpg 1536w, https:\/\/webs.uab.cat\/egolab\/wp-content\/uploads\/sites\/283\/2023\/02\/IMG_1901-3-2048x1536.jpg 2048w, https:\/\/webs.uab.cat\/egolab\/wp-content\/uploads\/sites\/283\/2023\/02\/IMG_1901-3-1200x900.jpg 1200w, https:\/\/webs.uab.cat\/egolab\/wp-content\/uploads\/sites\/283\/2023\/02\/IMG_1901-3-1980x1485.jpg 1980w\" sizes=\"auto, (max-width: 1024px) 100vw, 1024px\" \/><\/figure>\n\n\n\n<figure class=\"wp-block-image size-large\"><img loading=\"lazy\" decoding=\"async\" width=\"768\" height=\"1024\" data-id=\"1807\" src=\"https:\/\/webs.uab.cat\/egolab\/wp-content\/uploads\/sites\/283\/2023\/02\/IMG_1913-3-768x1024.jpg\" alt=\"\" class=\"wp-image-1807\" srcset=\"https:\/\/webs.uab.cat\/egolab\/wp-content\/uploads\/sites\/283\/2023\/02\/IMG_1913-3-768x1024.jpg 768w, https:\/\/webs.uab.cat\/egolab\/wp-content\/uploads\/sites\/283\/2023\/02\/IMG_1913-3-225x300.jpg 225w, https:\/\/webs.uab.cat\/egolab\/wp-content\/uploads\/sites\/283\/2023\/02\/IMG_1913-3-1152x1536.jpg 1152w, https:\/\/webs.uab.cat\/egolab\/wp-content\/uploads\/sites\/283\/2023\/02\/IMG_1913-3-1536x2048.jpg 1536w, https:\/\/webs.uab.cat\/egolab\/wp-content\/uploads\/sites\/283\/2023\/02\/IMG_1913-3-1200x1600.jpg 1200w, https:\/\/webs.uab.cat\/egolab\/wp-content\/uploads\/sites\/283\/2023\/02\/IMG_1913-3-1980x2640.jpg 1980w, https:\/\/webs.uab.cat\/egolab\/wp-content\/uploads\/sites\/283\/2023\/02\/IMG_1913-3-scaled.jpg 1920w\" sizes=\"auto, (max-width: 768px) 100vw, 768px\" \/><\/figure>\n\n\n\n<figure class=\"wp-block-image size-large\"><img loading=\"lazy\" decoding=\"async\" width=\"1024\" height=\"768\" data-id=\"1801\" src=\"https:\/\/webs.uab.cat\/egolab\/wp-content\/uploads\/sites\/283\/2023\/02\/IMG_1969-copia-3-1024x768.jpg\" alt=\"\" class=\"wp-image-1801\" srcset=\"https:\/\/webs.uab.cat\/egolab\/wp-content\/uploads\/sites\/283\/2023\/02\/IMG_1969-copia-3-1024x768.jpg 1024w, https:\/\/webs.uab.cat\/egolab\/wp-content\/uploads\/sites\/283\/2023\/02\/IMG_1969-copia-3-300x225.jpg 300w, https:\/\/webs.uab.cat\/egolab\/wp-content\/uploads\/sites\/283\/2023\/02\/IMG_1969-copia-3-768x576.jpg 768w, https:\/\/webs.uab.cat\/egolab\/wp-content\/uploads\/sites\/283\/2023\/02\/IMG_1969-copia-3-1536x1152.jpg 1536w, https:\/\/webs.uab.cat\/egolab\/wp-content\/uploads\/sites\/283\/2023\/02\/IMG_1969-copia-3-2048x1536.jpg 2048w, https:\/\/webs.uab.cat\/egolab\/wp-content\/uploads\/sites\/283\/2023\/02\/IMG_1969-copia-3-1200x900.jpg 1200w, https:\/\/webs.uab.cat\/egolab\/wp-content\/uploads\/sites\/283\/2023\/02\/IMG_1969-copia-3-1980x1485.jpg 1980w\" sizes=\"auto, (max-width: 1024px) 100vw, 1024px\" \/><\/figure>\n<\/figure>\n\n\n\n<div class=\"wp-block-buttons is-content-justification-center is-nowrap is-layout-flex wp-container-core-buttons-is-layout-1fb9aab6 wp-block-buttons-is-layout-flex\">\n<div class=\"wp-block-button has-custom-width wp-block-button__width-50 is-style-outline is-style-outline--2\"><a class=\"wp-block-button__link\" href=\"https:\/\/webs.uab.cat\/egolab\/es\/equipo\/\">Qui\u00e9nes somos<\/a><\/div>\n\n\n\n<div class=\"wp-block-button has-custom-width wp-block-button__width-50 is-style-outline is-style-outline--3\"><a class=\"wp-block-button__link\" href=\"https:\/\/webs.uab.cat\/egolab\/es\/presentacion\/\">Qu\u00e9 hacemos<\/a><\/div>\n\n\n\n<div class=\"wp-block-button has-custom-width wp-block-button__width-50 is-style-outline is-style-outline--4\"><a class=\"wp-block-button__link\" href=\"https:\/\/webs.uab.cat\/egolab\/es\/donde-encontrarnos\/\">D\u00f3nde encontrarnos<\/a><\/div>\n<\/div>\n\n\n\n<p><\/p>\n","protected":false},"excerpt":{"rendered":"<p>Bienvenidos y bienvenidas a la p\u00e1gina web del equipo de investigaci\u00f3n egolab-GRAFO, que forma parte del Grupo de Investigaci\u00f3n en Antropolog\u00eda Fundamental i Orientada (GRAFO), reconocido por la AGAUR del Departamento de Antropolog\u00eda Social y Cultural de la UAB. El equipo est\u00e1 especializado en el estudio de las redes personales y comunidades. Aplicamos esta perspectiva [&hellip;]<\/p>\n","protected":false},"author":2548,"featured_media":0,"parent":0,"menu_order":0,"comment_status":"closed","ping_status":"closed","template":"","meta":{"footnotes":""},"class_list":["post-1683","page","type-page","status-publish","hentry"],"_links":{"self":[{"href":"https:\/\/webs.uab.cat\/egolab\/es\/wp-json\/wp\/v2\/pages\/1683","targetHints":{"allow":["GET"]}}],"collection":[{"href":"https:\/\/webs.uab.cat\/egolab\/es\/wp-json\/wp\/v2\/pages"}],"about":[{"href":"https:\/\/webs.uab.cat\/egolab\/es\/wp-json\/wp\/v2\/types\/page"}],"author":[{"embeddable":true,"href":"https:\/\/webs.uab.cat\/egolab\/es\/wp-json\/wp\/v2\/users\/2548"}],"replies":[{"embeddable":true,"href":"https:\/\/webs.uab.cat\/egolab\/es\/wp-json\/wp\/v2\/comments?post=1683"}],"version-history":[{"count":15,"href":"https:\/\/webs.uab.cat\/egolab\/es\/wp-json\/wp\/v2\/pages\/1683\/revisions"}],"predecessor-version":[{"id":2261,"href":"https:\/\/webs.uab.cat\/egolab\/es\/wp-json\/wp\/v2\/pages\/1683\/revisions\/2261"}],"wp:attachment":[{"href":"https:\/\/webs.uab.cat\/egolab\/es\/wp-json\/wp\/v2\/media?parent=1683"}],"curies":[{"name":"wp","href":"https:\/\/api.w.org\/{rel}","templated":true}]}}