{"id":230,"date":"2009-05-25T14:05:25","date_gmt":"2009-05-25T12:05:25","guid":{"rendered":"https:\/\/webs.uab.cat\/egolab\/donde-encontrarnos\/"},"modified":"2023-03-03T13:34:38","modified_gmt":"2023-03-03T11:34:38","slug":"donde-encontrarnos","status":"publish","type":"page","link":"https:\/\/webs.uab.cat\/egolab\/es\/donde-encontrarnos\/","title":{"rendered":"D\u00f3nde encontrarnos"},"content":{"rendered":"<p>El grupo se encuentra en el <strong>Departamento de Antropolog\u00eda Social y Cultural de la Universitat Aut\u00f2noma de Barcelona<\/strong> y, entre otros, ha recibido financiaci\u00f3n del Ministerio de Econom\u00eda y Competencia espa\u00f1ol, del programa RecerCaixa y de la Fundaci\u00f3n Europea de Ciencia.<\/p>\n<p>Pod\u00e9is contactar con nosotros rellenando este formulario: <a href=\"https:\/\/webs.uab.cat\/egolab\/es\/contact-us\/\">https:\/\/webs.uab.cat\/egolab\/es\/contact-us\/<\/a><\/p>\n","protected":false},"excerpt":{"rendered":"<p>El grupo se encuentra en el Departamento de Antropolog\u00eda Social y Cultural de la Universitat Aut\u00f2noma de Barcelona y, entre otros, ha recibido financiaci\u00f3n del Ministerio de Econom\u00eda y Competencia espa\u00f1ol, del programa RecerCaixa y de la Fundaci\u00f3n Europea de Ciencia. Pod\u00e9is contactar con nosotros rellenando este formulario: https:\/\/webs.uab.cat\/egolab\/es\/contact-us\/<\/p>\n","protected":false},"author":20,"featured_media":0,"parent":0,"menu_order":0,"comment_status":"closed","ping_status":"closed","template":"","meta":{"footnotes":""},"class_list":["post-230","page","type-page","status-publish","hentry"],"_links":{"self":[{"href":"https:\/\/webs.uab.cat\/egolab\/es\/wp-json\/wp\/v2\/pages\/230","targetHints":{"allow":["GET"]}}],"collection":[{"href":"https:\/\/webs.uab.cat\/egolab\/es\/wp-json\/wp\/v2\/pages"}],"about":[{"href":"https:\/\/webs.uab.cat\/egolab\/es\/wp-json\/wp\/v2\/types\/page"}],"author":[{"embeddable":true,"href":"https:\/\/webs.uab.cat\/egolab\/es\/wp-json\/wp\/v2\/users\/20"}],"replies":[{"embeddable":true,"href":"https:\/\/webs.uab.cat\/egolab\/es\/wp-json\/wp\/v2\/comments?post=230"}],"version-history":[{"count":2,"href":"https:\/\/webs.uab.cat\/egolab\/es\/wp-json\/wp\/v2\/pages\/230\/revisions"}],"predecessor-version":[{"id":2018,"href":"https:\/\/webs.uab.cat\/egolab\/es\/wp-json\/wp\/v2\/pages\/230\/revisions\/2018"}],"wp:attachment":[{"href":"https:\/\/webs.uab.cat\/egolab\/es\/wp-json\/wp\/v2\/media?parent=230"}],"curies":[{"name":"wp","href":"https:\/\/api.w.org\/{rel}","templated":true}]}}