{"id":232,"date":"2009-05-25T13:07:54","date_gmt":"2009-05-25T11:07:54","guid":{"rendered":"https:\/\/webs.uab.cat\/egolab\/presentacion\/"},"modified":"2023-03-03T18:24:05","modified_gmt":"2023-03-03T16:24:05","slug":"presentacion","status":"publish","type":"page","link":"https:\/\/webs.uab.cat\/egolab\/es\/presentacion\/","title":{"rendered":"Qu\u00e9 hacemos?"},"content":{"rendered":"\n<div class=\"wp-block-columns is-layout-flex wp-container-core-columns-is-layout-9d6595d7 wp-block-columns-is-layout-flex\">\n<div class=\"wp-block-column is-layout-flow wp-block-column-is-layout-flow\" style=\"flex-basis:33.34%\">\n<div class=\"wp-block-buttons is-layout-flex wp-block-buttons-is-layout-flex\">\n<div class=\"wp-block-button is-style-outline is-style-outline--1\"><a class=\"wp-block-button__link\" href=\"https:\/\/webs.uab.cat\/egolab\/es\/investigacion\/\">Investigaci\u00f3n<\/a><\/div>\n<\/div>\n<\/div>\n\n\n\n<div class=\"wp-block-column is-layout-flow wp-block-column-is-layout-flow\" style=\"flex-basis:33.34%\">\n<div class=\"wp-block-buttons is-layout-flex wp-block-buttons-is-layout-flex\">\n<div class=\"wp-block-button is-style-outline is-style-outline--2\"><a class=\"wp-block-button__link\" href=\"https:\/\/webs.uab.cat\/egolab\/es\/publications\/\">Publicaciones<\/a><\/div>\n<\/div>\n<\/div>\n\n\n\n<div class=\"wp-block-column is-layout-flow wp-block-column-is-layout-flow\" style=\"flex-basis:33.33%\">\n<div class=\"wp-block-buttons is-layout-flex wp-block-buttons-is-layout-flex\">\n<div class=\"wp-block-button is-style-outline is-style-outline--3\"><a class=\"wp-block-button__link\" href=\"https:\/\/webs.uab.cat\/egolab\/es\/knowledge-transfer-activities-2\/\">Transferencia <\/a><\/div>\n<\/div>\n<\/div>\n<\/div>\n\n\n\n<p>Adem\u00e1s de la investigaci\u00f3n, egolab-GRAFO da apoyo a investigadores, instituciones y profesionales interesados en desarrollos de redes sociales. Entre otros, colabora en el <strong>desarrollo de software<\/strong> para la recopilaci\u00f3n de datos de redes personales, y organiza anualmente una <strong>escuela internacional de verano<\/strong> en la teor\u00eda y an\u00e1lisis de redes personales para estudiantes e investigadores de doctorado, que normalmente se celebra en julio. <\/p>\n\n\n\n<p>Tambi\u00e9n organiz\u00f3 la primera <strong>Conferencia Europea en Redes Sociales<\/strong> (EUSN) en Barcelona el 2014; la segunda fue organizada por Sciences Po (Par\u00eds) el 2016 y la tercera por la Universidad Johannes Gutenburg en Maguncia el <a href=\"http:\/\/eusn2017.uni-mainz.de\">2017<\/a>. <\/p>\n\n\n\n<p>Adem\u00e1s, egolab-GRAFO co-publishes <a href=\"http:\/\/revistes.uab.cat\/redes\">Revista REDES<\/a>, una revista dedicada al an\u00e1lisis de redes sociales indexada en el primer cuartil de <a href=\"http:\/\/ececubo.ugr.es\/ec3\/Antropologia.html\">IN-RECS Antropolog\u00eda<\/a>, y en <a href=\"http:\/\/dbh.nsd.uib.no\/publiseringskanaler\/erihplus\/periodical\/info.action?id=473793\">ERIH Plus<\/a>. Tiene un <strong>acuerdo con la Universidad Aut\u00f3noma de Aguascalientes <\/strong>(noviembre 2012) para desarrollar aplicaciones de redes personales e investigaci\u00f3n conjunta.<\/p>\n\n\n\n<p>Seguimos el <a href=\"http:\/\/revista-redes.rediris.es\/recerca\/Egoredes\/research\/CBPC-eng.pdf\">C\u00f3digo de buenas pr\u00e1cticas cient\u00edficas<\/a> y este c\u00f3digo espec\u00edfico para <a href=\"http:\/\/revista-redes.rediris.es\/recerca\/Egoredes\/research\/ethics.pdf\">la \u00e9tica, el almacenamiento y las pol\u00edticas de publicaci\u00f3n para los datos de la red personal.<\/a><\/p>\n\n\n\n<p class=\"has-text-align-center\">Esta obra est\u00e1 bajo licencia <a href=\"http:\/\/creativecommons.org\/licenses\/by-nc\/3.0\/\">Creative Commons Attribution-NonCommercial 3.0 Unported License<\/a>.<\/p>\n","protected":false},"excerpt":{"rendered":"<p>Adem\u00e1s de la investigaci\u00f3n, egolab-GRAFO da apoyo a investigadores, instituciones y profesionales interesados en desarrollos de redes sociales. Entre otros, colabora en el desarrollo de software para la recopilaci\u00f3n de datos de redes personales, y organiza anualmente una escuela internacional de verano en la teor\u00eda y an\u00e1lisis de redes personales para estudiantes e investigadores de [&hellip;]<\/p>\n","protected":false},"author":20,"featured_media":0,"parent":0,"menu_order":0,"comment_status":"closed","ping_status":"closed","template":"","meta":{"footnotes":""},"class_list":["post-232","page","type-page","status-publish","hentry"],"_links":{"self":[{"href":"https:\/\/webs.uab.cat\/egolab\/es\/wp-json\/wp\/v2\/pages\/232","targetHints":{"allow":["GET"]}}],"collection":[{"href":"https:\/\/webs.uab.cat\/egolab\/es\/wp-json\/wp\/v2\/pages"}],"about":[{"href":"https:\/\/webs.uab.cat\/egolab\/es\/wp-json\/wp\/v2\/types\/page"}],"author":[{"embeddable":true,"href":"https:\/\/webs.uab.cat\/egolab\/es\/wp-json\/wp\/v2\/users\/20"}],"replies":[{"embeddable":true,"href":"https:\/\/webs.uab.cat\/egolab\/es\/wp-json\/wp\/v2\/comments?post=232"}],"version-history":[{"count":10,"href":"https:\/\/webs.uab.cat\/egolab\/es\/wp-json\/wp\/v2\/pages\/232\/revisions"}],"predecessor-version":[{"id":2194,"href":"https:\/\/webs.uab.cat\/egolab\/es\/wp-json\/wp\/v2\/pages\/232\/revisions\/2194"}],"wp:attachment":[{"href":"https:\/\/webs.uab.cat\/egolab\/es\/wp-json\/wp\/v2\/media?parent=232"}],"curies":[{"name":"wp","href":"https:\/\/api.w.org\/{rel}","templated":true}]}}