{"id":243,"date":"2009-05-25T13:22:03","date_gmt":"2009-05-25T11:22:03","guid":{"rendered":"https:\/\/webs.uab.cat\/egolab\/proyectos-id\/"},"modified":"2023-03-03T16:23:13","modified_gmt":"2023-03-03T14:23:13","slug":"investigacion","status":"publish","type":"page","link":"https:\/\/webs.uab.cat\/egolab\/es\/investigacion\/","title":{"rendered":"Investigaci\u00f3n"},"content":{"rendered":"\n<p class=\"has-text-align-center has-accent-background-color has-background\">\u00bfQU\u00c9 ESTAMOS HACIENDO?<\/p>\n\n\n\n<p class=\"has-text-align-center has-accent-color has-text-color\"><a href=\"http:\/\/webs.uab.cat\/egolab\/es\/proyectos\/\">Proyectos<\/a><\/p>\n\n\n\n<div class=\"wp-block-cover\"><span aria-hidden=\"true\" class=\"wp-block-cover__background has-background-dim\"><\/span><img loading=\"lazy\" decoding=\"async\" width=\"1024\" height=\"769\" class=\"wp-block-cover__image-background wp-image-2074\" alt=\"\" src=\"https:\/\/webs.uab.cat\/egolab\/wp-content\/uploads\/sites\/283\/2023\/03\/steve-knutson-lQ2BzDNmnHE-unsplash-4-1024x769.jpg\" data-object-fit=\"cover\" srcset=\"https:\/\/webs.uab.cat\/egolab\/wp-content\/uploads\/sites\/283\/2023\/03\/steve-knutson-lQ2BzDNmnHE-unsplash-4-1024x769.jpg 1024w, https:\/\/webs.uab.cat\/egolab\/wp-content\/uploads\/sites\/283\/2023\/03\/steve-knutson-lQ2BzDNmnHE-unsplash-4-300x225.jpg 300w, https:\/\/webs.uab.cat\/egolab\/wp-content\/uploads\/sites\/283\/2023\/03\/steve-knutson-lQ2BzDNmnHE-unsplash-4-768x577.jpg 768w, https:\/\/webs.uab.cat\/egolab\/wp-content\/uploads\/sites\/283\/2023\/03\/steve-knutson-lQ2BzDNmnHE-unsplash-4-1536x1153.jpg 1536w, https:\/\/webs.uab.cat\/egolab\/wp-content\/uploads\/sites\/283\/2023\/03\/steve-knutson-lQ2BzDNmnHE-unsplash-4-2048x1538.jpg 2048w, https:\/\/webs.uab.cat\/egolab\/wp-content\/uploads\/sites\/283\/2023\/03\/steve-knutson-lQ2BzDNmnHE-unsplash-4-1200x901.jpg 1200w, https:\/\/webs.uab.cat\/egolab\/wp-content\/uploads\/sites\/283\/2023\/03\/steve-knutson-lQ2BzDNmnHE-unsplash-4-1980x1487.jpg 1980w\" sizes=\"auto, (max-width: 1024px) 100vw, 1024px\" \/><div class=\"wp-block-cover__inner-container is-layout-flow wp-block-cover-is-layout-flow\">\n<p class=\"has-text-align-center has-large-font-size\"><\/p>\n<\/div><\/div>\n\n\n\n<p class=\"has-text-align-center has-accent-color has-text-color\"><a href=\"https:\/\/webs.uab.cat\/egolab\/es\/lineas-investigacion\/\">L\u00edneas de investigaci\u00f3n<\/a><\/p>\n\n\n\n<div class=\"wp-block-cover is-light\"><span aria-hidden=\"true\" class=\"wp-block-cover__background has-background-dim\"><\/span><img loading=\"lazy\" decoding=\"async\" width=\"1024\" height=\"768\" class=\"wp-block-cover__image-background wp-image-2071\" alt=\"\" src=\"https:\/\/webs.uab.cat\/egolab\/wp-content\/uploads\/sites\/283\/2023\/03\/sebastien-bonneval-UIpFY1Umamw-unsplash-3-1024x768.jpg\" data-object-fit=\"cover\" srcset=\"https:\/\/webs.uab.cat\/egolab\/wp-content\/uploads\/sites\/283\/2023\/03\/sebastien-bonneval-UIpFY1Umamw-unsplash-3-1024x768.jpg 1024w, https:\/\/webs.uab.cat\/egolab\/wp-content\/uploads\/sites\/283\/2023\/03\/sebastien-bonneval-UIpFY1Umamw-unsplash-3-300x225.jpg 300w, https:\/\/webs.uab.cat\/egolab\/wp-content\/uploads\/sites\/283\/2023\/03\/sebastien-bonneval-UIpFY1Umamw-unsplash-3-768x576.jpg 768w, https:\/\/webs.uab.cat\/egolab\/wp-content\/uploads\/sites\/283\/2023\/03\/sebastien-bonneval-UIpFY1Umamw-unsplash-3-1536x1152.jpg 1536w, https:\/\/webs.uab.cat\/egolab\/wp-content\/uploads\/sites\/283\/2023\/03\/sebastien-bonneval-UIpFY1Umamw-unsplash-3-2048x1536.jpg 2048w, https:\/\/webs.uab.cat\/egolab\/wp-content\/uploads\/sites\/283\/2023\/03\/sebastien-bonneval-UIpFY1Umamw-unsplash-3-1200x900.jpg 1200w, https:\/\/webs.uab.cat\/egolab\/wp-content\/uploads\/sites\/283\/2023\/03\/sebastien-bonneval-UIpFY1Umamw-unsplash-3-1980x1485.jpg 1980w\" sizes=\"auto, (max-width: 1024px) 100vw, 1024px\" \/><div class=\"wp-block-cover__inner-container is-layout-flow wp-block-cover-is-layout-flow\">\n<p class=\"has-text-align-center has-large-font-size\"><\/p>\n<\/div><\/div>\n","protected":false},"excerpt":{"rendered":"<p>\u00bfQU\u00c9 ESTAMOS HACIENDO? Proyectos L\u00edneas de investigaci\u00f3n<\/p>\n","protected":false},"author":20,"featured_media":0,"parent":0,"menu_order":0,"comment_status":"closed","ping_status":"closed","template":"","meta":{"footnotes":""},"class_list":["post-243","page","type-page","status-publish","hentry"],"_links":{"self":[{"href":"https:\/\/webs.uab.cat\/egolab\/es\/wp-json\/wp\/v2\/pages\/243","targetHints":{"allow":["GET"]}}],"collection":[{"href":"https:\/\/webs.uab.cat\/egolab\/es\/wp-json\/wp\/v2\/pages"}],"about":[{"href":"https:\/\/webs.uab.cat\/egolab\/es\/wp-json\/wp\/v2\/types\/page"}],"author":[{"embeddable":true,"href":"https:\/\/webs.uab.cat\/egolab\/es\/wp-json\/wp\/v2\/users\/20"}],"replies":[{"embeddable":true,"href":"https:\/\/webs.uab.cat\/egolab\/es\/wp-json\/wp\/v2\/comments?post=243"}],"version-history":[{"count":5,"href":"https:\/\/webs.uab.cat\/egolab\/es\/wp-json\/wp\/v2\/pages\/243\/revisions"}],"predecessor-version":[{"id":2092,"href":"https:\/\/webs.uab.cat\/egolab\/es\/wp-json\/wp\/v2\/pages\/243\/revisions\/2092"}],"wp:attachment":[{"href":"https:\/\/webs.uab.cat\/egolab\/es\/wp-json\/wp\/v2\/media?parent=243"}],"curies":[{"name":"wp","href":"https:\/\/api.w.org\/{rel}","templated":true}]}}