{"id":311,"date":"2011-12-02T13:41:11","date_gmt":"2011-12-02T11:41:11","guid":{"rendered":"https:\/\/webs.uab.cat\/egolab\/casredin\/"},"modified":"2011-12-02T13:41:11","modified_gmt":"2011-12-02T11:41:11","slug":"casredin","status":"publish","type":"page","link":"https:\/\/webs.uab.cat\/egolab\/casredin\/","title":{"rendered":"CASREDIN &#8211; Capital social, integraci\u00f3n e inserci\u00f3n"},"content":{"rendered":"<p><strong><\/p>\n<p style=\"line-height: 150%\" align=\"justify\"><span style=\"font-family: Arial; \"><span style=\"color: #336699;\">Estudio comparado de casos sobre la influencia m\u00fatua entre el capital e integraci\u00f3n sociales y la inserci\u00f3n, estabilidad, promoci\u00f3n y cualificaci\u00f3n en el empleo<\/span><span style=\"color: #336699; \">.<\/span><\/strong>Proyecto financiado por el MICINN (CSO2008-01470\/SOCI), 67.760 \u20ac, 8 investigadores. Investigador principal: Carlos Lozares. <\/span><\/p>\n<p><span style=\"font-family: Arial; font-size: x-small;\">(2011) Lubbers, Miranda. &amp; Jos\u00e9 Luis Molina. <a href=\"http:\/\/grupsderecerca.uab.cat\/egolab\/sites\/grupsderecerca.uab.cat.egolab\/files\/Dic02-2011_presentaci\u00f3n.pdf\" target=\"_blank\" rel=\"noopener\">The process of social integration among immigrants. A longitudinal personal network perspective<\/a>, <a href=\"http:\/\/grupsderecerca.uab.cat\/egolab\/sites\/grupsderecerca.uab.cat.egolab\/files\/Programa Jornades Xarxes.pdf\" style=\"text-decoration:none\">Jornada de recerca Metodologies de xarxes ego-centrades i completes<\/a>, 2 de Desembre de 2011. <\/span><\/p>\n<p><span style=\"font-family: Arial; font-size: x-small;\">(2011) Monogr\u00e1fico <a href=\"http:\/\/revista-redes.rediris.es\/indicevol20.htm\" target=\"_blank\" rel=\"noopener\">&#8220;Capital social, Redes sociales y Cohesi\u00f3n social&#8221;, REDES-Revista Hispana para el An\u00e1lisis de Redes Sociales<\/a>, Vol. 20, Junio 2011. <\/span><\/p>\n<p><\/strong><\/p>\n<p><span style=\"font-family: Arial; font-size: x-small\"><strong>(2011). Molina, JL, Mireia Bol\u00edbar &amp; Irene Cruz. &#8220;<a href=\"http:\/\/revista-redes.rediris.es\/pdf-vol20\/vol20_5.pdf\" target=\"_blank\" rel=\"noopener\">La dispersi\u00f3n geogr\u00e1fica de las redes personales. C\u00e1lculo y significado&#8221;, REDES-Revista Hispana para el An\u00e1lisis de Redes Sociales<\/a>, Vol 20 #5, Julio, p\u00e1gs. 113-131. <\/strong><\/span><\/p>\n<p><strong><span style=\"font-family: Arial; font-size: x-small;\"><a href=\"http:\/\/revista-redes.rediris.es\/recerca\/egoredes\/acre.ppt\">(2010) Jos\u00e9 Luis Molina, Carlos Lozares Colina &amp; Miranda J Lubbers (UAB). &#8220;Geographical repartition of migrants personal networks in Catalonia&#8221;, Workshop Personal Networks and Spatial Mobility within the <\/a><a href=\"http:\/\/acre.socsci.uva.nl\/conference\/Personalnetworks.html\">ACRE International Conference, 28th May 2010, Barcelona.<\/a><\/p>\n<p><\/span><\/strong><\/p>\n<\/ul>\n","protected":false},"excerpt":{"rendered":"<p>Estudio comparado de casos sobre la influencia m\u00fatua entre el capital e integraci\u00f3n sociales y la inserci\u00f3n, estabilidad, promoci\u00f3n y cualificaci\u00f3n en el empleo.Proyecto financiado por el MICINN (CSO2008-01470\/SOCI), 67.760 \u20ac, 8 investigadores. Investigador principal: Carlos Lozares. (2011) Lubbers, Miranda. &amp; Jos\u00e9 Luis Molina. The process of social integration among immigrants. A longitudinal personal network [&hellip;]<\/p>\n","protected":false},"author":20,"featured_media":0,"parent":0,"menu_order":0,"comment_status":"closed","ping_status":"closed","template":"","meta":{"footnotes":""},"class_list":["post-311","page","type-page","status-publish","hentry"],"_links":{"self":[{"href":"https:\/\/webs.uab.cat\/egolab\/wp-json\/wp\/v2\/pages\/311","targetHints":{"allow":["GET"]}}],"collection":[{"href":"https:\/\/webs.uab.cat\/egolab\/wp-json\/wp\/v2\/pages"}],"about":[{"href":"https:\/\/webs.uab.cat\/egolab\/wp-json\/wp\/v2\/types\/page"}],"author":[{"embeddable":true,"href":"https:\/\/webs.uab.cat\/egolab\/wp-json\/wp\/v2\/users\/20"}],"replies":[{"embeddable":true,"href":"https:\/\/webs.uab.cat\/egolab\/wp-json\/wp\/v2\/comments?post=311"}],"version-history":[{"count":0,"href":"https:\/\/webs.uab.cat\/egolab\/wp-json\/wp\/v2\/pages\/311\/revisions"}],"wp:attachment":[{"href":"https:\/\/webs.uab.cat\/egolab\/wp-json\/wp\/v2\/media?parent=311"}],"curies":[{"name":"wp","href":"https:\/\/api.w.org\/{rel}","templated":true}]}}