{"id":473,"date":"2013-09-19T14:39:20","date_gmt":"2013-09-19T12:39:20","guid":{"rendered":"https:\/\/webs.uab.cat\/egolab\/social-influence-dynamic-networks-seminar-barcelona-nov-6-8-2013\/"},"modified":"2013-09-19T14:39:20","modified_gmt":"2013-09-19T12:39:20","slug":"social-influence-dynamic-networks-seminar-barcelona-nov-6-8-2013","status":"publish","type":"page","link":"https:\/\/webs.uab.cat\/egolab\/social-influence-dynamic-networks-seminar-barcelona-nov-6-8-2013\/","title":{"rendered":"Social Influence in Dynamic Networks seminar, Barcelona, Nov 6-8 2013"},"content":{"rendered":"<p><strong>Social Influence in Dynamic Networks seminar, Barcelona, Nov 6-8 2013<\/strong><\/p>\n<p>This is the third seminar related wiht the ongoing European Collaborative Research Project &#8220;Social Influence in Dynamic Networks&#8221; (see <a href=\"http:\/\/www.cmi-fdv.si\/projekti\/sindynet\/\">http:\/\/www.cmi-fdv.si\/projekti\/sindynet\/<\/a>). In this meeting, we will discuss the progress in each of the country projects and in the overall project. Also, we will discuss the newest developments in the overarching methodology, and future plans.&nbsp;<\/p>\n<p><a href=\"http:\/\/grupsderecerca.uab.cat\/egolab\/sites\/grupsderecerca.uab.cat.egolab\/files\/Program%20ECRP%20meeting%20Barcelona%20Nov%206-8%202013_alt.pdf\"><strong>Full Program<\/strong><\/a><\/p>\n<p><strong>Wednesday &#8211; November 6<sup>th<\/sup>, 2013<\/strong><\/p>\n<p>(Location: UAB Bellaterra Campus, &#8220;<span style=\"text-decoration: underline;\">Aula P-24&#8243; at the Faculty of Psychology<\/span>, in Catalan the &#8220;Facultat de Psicologia&#8221;)<\/p>\n<table border=\"1\" cellspacing=\"0\" cellpadding=\"0\">\n<tbody>\n<tr>\n<td valign=\"top\" width=\"102\">\n<p>10.00 &#8211; 10.15<\/p>\n<\/td>\n<td valign=\"top\" width=\"489\">\n<p>Welcome and practical information<\/p>\n<\/td>\n<\/tr>\n<tr>\n<td valign=\"top\" width=\"102\">\n<p>10.15 &#8211; 11.40<\/p>\n<\/td>\n<td valign=\"top\" width=\"489\">\n<p>Tom Snijders and Christian Steglich: &#8220;Recent Developments in RSiena and plans for the future&#8221;<\/p>\n<\/td>\n<\/tr>\n<tr>\n<td valign=\"top\" width=\"102\">\n<p><em>11.40 &#8211; 12.10 <\/em><\/p>\n<\/td>\n<td valign=\"top\" width=\"489\">\n<p><em>Coffee and tea provided by the UAB<\/em><\/p>\n<\/td>\n<\/tr>\n<tr>\n<td valign=\"top\" width=\"102\">\n<p>12.10 &#8211; 13.00<\/p>\n<\/td>\n<td valign=\"top\" width=\"489\">\n<p>Brief report activities Dutch team; research presentation Christoph Stadtfeldt, Tom Snijders, Marijtje Van Duijn, &amp; Christian Steglich<\/p>\n<\/td>\n<\/tr>\n<tr>\n<td valign=\"top\" width=\"102\">\n<p><em>13.00 &#8211; 15.00 <\/em><\/p>\n<\/td>\n<td valign=\"top\" width=\"489\">\n<p><em>Joint lunch at the restaurant of the Faculty of Arts<\/em><\/p>\n<\/td>\n<\/tr>\n<tr>\n<td valign=\"top\" width=\"102\">\n<p>15.00 &#8211; 15.40<\/p>\n<\/td>\n<td valign=\"top\" width=\"489\">\n<p>Brief report activities Slovenian team; research presentation Luka Kronegger<\/p>\n<\/td>\n<\/tr>\n<tr>\n<td valign=\"top\" width=\"102\">\n<p>15.40 &#8211; 16.20<\/p>\n<\/td>\n<td valign=\"top\" width=\"489\">\n<p>Brief report activities Swiss team; research presentation Francesca Pallotti<\/p>\n<\/td>\n<\/tr>\n<tr>\n<td valign=\"top\" width=\"102\">\n<p><em>16.20 &#8211; 16.40 <\/em><\/p>\n<\/td>\n<td valign=\"top\" width=\"489\">\n<p><em>Coffee and tea provided by the UAB<\/em><\/p>\n<\/td>\n<\/tr>\n<tr>\n<td valign=\"top\" width=\"102\">\n<p>16.40 &#8211; 17.20<\/p>\n<\/td>\n<td valign=\"top\" width=\"489\">\n<p>Brief report activities Finnish team; discussion of research Miranda Sentse<\/p>\n<\/td>\n<\/tr>\n<tr>\n<td valign=\"top\" width=\"102\">\n<p>17.20 &#8211; 18.00<\/p>\n<\/td>\n<td valign=\"top\" width=\"489\">\n<p>Brief report activities Swedish team; research presentation Maarten Van Zalk &amp; Lauree Tilton-Weaver<\/p>\n<\/td>\n<\/tr>\n<\/tbody>\n<\/table>\n<p><strong>&nbsp;<\/strong><\/p>\n<p><strong>Thursday &#8211; November 7<sup>th<\/sup>, 2013<\/strong><\/p>\n<p>(Location: UAB Bellaterra Campus, &#8220;<span style=\"text-decoration: underline;\">Torre Vila-Puig<\/span>&#8220;)<\/p>\n<table border=\"1\" cellspacing=\"0\" cellpadding=\"0\">\n<tbody>\n<tr>\n<td valign=\"top\" width=\"111\">\n<p>10.00 &#8211; 10.40<\/p>\n<\/td>\n<td valign=\"top\" width=\"474\">\n<p>Brief report activities French team; research presentation Emmanuel Lazega<\/p>\n<\/td>\n<\/tr>\n<tr>\n<td valign=\"top\" width=\"111\">\n<p>10.40 &#8211; 11.20<\/p>\n<\/td>\n<td valign=\"top\" width=\"474\">\n<p>Brief report activities Spanish team; research presentation Miranda Lubbers, Isidro Maya Jariego and Jos\u00e9 Luis Molina<\/p>\n<\/td>\n<\/tr>\n<tr>\n<td valign=\"top\" width=\"111\">\n<p>11.20 &#8211; &nbsp;11.50<\/p>\n<\/td>\n<td valign=\"top\" width=\"474\">\n<p><em>Coffee and tea provided by the UAB <\/em><\/p>\n<\/td>\n<\/tr>\n<tr>\n<td valign=\"top\" width=\"111\">\n<p>11.50 &#8211; 13.00<\/p>\n<\/td>\n<td valign=\"top\" width=\"474\">\n<p>Group discussion &#8220;Multilevel stochastic actor-oriented modeling&#8221;. Introductions by Tom and Johan.<\/p>\n<\/td>\n<\/tr>\n<tr>\n<td valign=\"top\" width=\"111\">\n<p><em>13.00 &#8211; 15.30<\/em><\/p>\n<\/td>\n<td valign=\"top\" width=\"474\">\n<p><em>Lunch at the Marcs restaurant in Bellaterra provided by the UAB <\/em><\/p>\n<\/td>\n<\/tr>\n<tr>\n<td valign=\"top\" width=\"111\">\n<p>15.30 &nbsp;&#8211; 17.00<\/p>\n<\/td>\n<td valign=\"top\" width=\"474\">\n<p>Group discussion &#8220;Influence mechanisms&#8221;.<\/p>\n<p>Introductions by Tom and Christian.<\/p>\n<\/td>\n<\/tr>\n<\/tbody>\n<\/table>\n<p>&nbsp;<\/p>\n<p><strong>Friday &#8211; November 8<sup>th<\/sup>, 2013<\/strong><\/p>\n<p>(Location: UAB Bellaterra Campus, <span style=\"text-decoration: underline;\">&#8220;Aula P-24&#8221; of the &#8220;Facultat de Psicologia&#8221;<\/span>)<\/p>\n<table border=\"1\" cellspacing=\"0\" cellpadding=\"0\">\n<tbody>\n<tr>\n<td valign=\"top\" width=\"111\">\n<p>10.00 &#8211; 10.40<\/p>\n<\/td>\n<td valign=\"top\" width=\"474\">\n<p>Brief report research activities UK team; research presentation Andr\u00e1s V\u00f6r\u00f6s<\/p>\n<\/td>\n<\/tr>\n<tr>\n<td valign=\"top\" width=\"111\">\n<p>10.40 &#8211; 11.20<\/p>\n<\/td>\n<td valign=\"top\" width=\"474\">\n<p>Brief report research activities Hungarian team; research presentation Judith P\u00e1l<\/p>\n<\/td>\n<\/tr>\n<tr>\n<td valign=\"top\" width=\"111\">\n<p><em>11.20 &#8211; 11.50<\/em><\/p>\n<\/td>\n<td valign=\"top\" width=\"474\">\n<p><em>Coffee and tea provided by the UAB<\/em><\/p>\n<\/td>\n<\/tr>\n<tr>\n<td valign=\"top\" width=\"111\">\n<p>11.50 &#8211; 12.30<\/p>\n<\/td>\n<td valign=\"top\" width=\"474\">\n<p>Research presentation B\u00e1lint N\u00e9ray &amp; Zsofia B\u00f3da<\/p>\n<\/td>\n<\/tr>\n<tr>\n<td valign=\"top\" width=\"111\">\n<p>12.30 &#8211; 13.10<\/p>\n<\/td>\n<td valign=\"top\" width=\"474\">\n<p>Research presentation Dorottya Kisfalusi<\/p>\n<\/td>\n<\/tr>\n<tr>\n<td valign=\"top\" width=\"111\">\n<p>13.10 &#8211; 14.00<\/p>\n<\/td>\n<td valign=\"top\" width=\"474\">\n<p>Conclusions \/ Q&amp;A session<\/p>\n<\/td>\n<\/tr>\n<tr>\n<td valign=\"top\" width=\"111\">\n<p><em>14.00 &#8211; 16.00 <\/em><\/p>\n<\/td>\n<td valign=\"top\" width=\"474\">\n<p><em>Joint lunch at the restaurant of the Faculty of Arts (end of program)<\/em><\/p>\n<\/td>\n<\/tr>\n<\/tbody>\n<\/table>\n<p>&nbsp;<\/p>\n","protected":false},"excerpt":{"rendered":"<p>Social Influence in Dynamic Networks seminar, Barcelona, Nov 6-8 2013 This is the third seminar related wiht the ongoing European Collaborative Research Project &#8220;Social Influence in Dynamic Networks&#8221; (see http:\/\/www.cmi-fdv.si\/projekti\/sindynet\/). In this meeting, we will discuss the progress in each of the country projects and in the overall project. Also, we will discuss the newest [&hellip;]<\/p>\n","protected":false},"author":20,"featured_media":0,"parent":0,"menu_order":0,"comment_status":"closed","ping_status":"closed","template":"","meta":{"footnotes":""},"class_list":["post-473","page","type-page","status-publish","hentry"],"_links":{"self":[{"href":"https:\/\/webs.uab.cat\/egolab\/wp-json\/wp\/v2\/pages\/473","targetHints":{"allow":["GET"]}}],"collection":[{"href":"https:\/\/webs.uab.cat\/egolab\/wp-json\/wp\/v2\/pages"}],"about":[{"href":"https:\/\/webs.uab.cat\/egolab\/wp-json\/wp\/v2\/types\/page"}],"author":[{"embeddable":true,"href":"https:\/\/webs.uab.cat\/egolab\/wp-json\/wp\/v2\/users\/20"}],"replies":[{"embeddable":true,"href":"https:\/\/webs.uab.cat\/egolab\/wp-json\/wp\/v2\/comments?post=473"}],"version-history":[{"count":0,"href":"https:\/\/webs.uab.cat\/egolab\/wp-json\/wp\/v2\/pages\/473\/revisions"}],"wp:attachment":[{"href":"https:\/\/webs.uab.cat\/egolab\/wp-json\/wp\/v2\/media?parent=473"}],"curies":[{"name":"wp","href":"https:\/\/api.w.org\/{rel}","templated":true}]}}