{"id":539,"date":"2018-03-13T20:03:20","date_gmt":"2018-03-13T18:03:20","guid":{"rendered":"https:\/\/webs.uab.cat\/egolab\/taller\/"},"modified":"2018-03-13T20:03:20","modified_gmt":"2018-03-13T18:03:20","slug":"taller","status":"publish","type":"page","link":"https:\/\/webs.uab.cat\/egolab\/taller\/","title":{"rendered":"Taller"},"content":{"rendered":"<h1><strong>#FORMACI\u00d3: Enfocant els equipaments de proximitat des d\u2019una perspectiva comunit\u00e0ria<\/strong><\/h1>\n<p>Paula Escribano e Ignacio Fradejas-Garc\u00eda<\/p>\n<p><a href=\"http:\/\/grupsderecerca.uab.cat\/egolab\/sites\/grupsderecerca.uab.cat.egolab\/files\/180314_formacio_casales_vennmaker.pdf\">Instruccions de la sessi\u00f3 (PDF)<\/a><strong> <\/strong><\/p>\n<p><a href=\"http:\/\/grupsderecerca.uab.cat\/egolab\/sites\/grupsderecerca.uab.cat.egolab\/files\/casalesbcn.vmt_.txt\">Template q\u00fcestionari Vennmaker<\/a> (treure extensi\u00f3 .txt del nom del fitxer)<\/p>\n","protected":false},"excerpt":{"rendered":"<p>#FORMACI\u00d3: Enfocant els equipaments de proximitat des d\u2019una perspectiva comunit\u00e0ria Paula Escribano e Ignacio Fradejas-Garc\u00eda Instruccions de la sessi\u00f3 (PDF) Template q\u00fcestionari Vennmaker (treure extensi\u00f3 .txt del nom del fitxer)<\/p>\n","protected":false},"author":20,"featured_media":0,"parent":0,"menu_order":0,"comment_status":"closed","ping_status":"closed","template":"","meta":{"footnotes":""},"class_list":["post-539","page","type-page","status-publish","hentry"],"_links":{"self":[{"href":"https:\/\/webs.uab.cat\/egolab\/wp-json\/wp\/v2\/pages\/539","targetHints":{"allow":["GET"]}}],"collection":[{"href":"https:\/\/webs.uab.cat\/egolab\/wp-json\/wp\/v2\/pages"}],"about":[{"href":"https:\/\/webs.uab.cat\/egolab\/wp-json\/wp\/v2\/types\/page"}],"author":[{"embeddable":true,"href":"https:\/\/webs.uab.cat\/egolab\/wp-json\/wp\/v2\/users\/20"}],"replies":[{"embeddable":true,"href":"https:\/\/webs.uab.cat\/egolab\/wp-json\/wp\/v2\/comments?post=539"}],"version-history":[{"count":0,"href":"https:\/\/webs.uab.cat\/egolab\/wp-json\/wp\/v2\/pages\/539\/revisions"}],"wp:attachment":[{"href":"https:\/\/webs.uab.cat\/egolab\/wp-json\/wp\/v2\/media?parent=539"}],"curies":[{"name":"wp","href":"https:\/\/api.w.org\/{rel}","templated":true}]}}