{"id":28,"date":"2013-11-29T11:22:02","date_gmt":"2013-11-29T10:22:02","guid":{"rendered":"http:\/\/blogs.uab.cat\/elisabetpladevallcv\/?page_id=28"},"modified":"2025-10-03T14:08:17","modified_gmt":"2025-10-03T12:08:17","slug":"publications","status":"publish","type":"page","link":"https:\/\/webs.uab.cat\/elisabetpladevallballester\/publications\/","title":{"rendered":"Publications"},"content":{"rendered":"<p style=\"text-align: justify\"><strong>Articles and Book chapters<\/strong><\/p>\n<p>Styles, L. &amp; Pladevall-Ballester, E. (submitted). <span data-olk-copy-source=\"MessageBody\">Exploring the role of mode of implicit instruction in the implicit learning of a complex grammatical structure.<\/span><\/p>\n<p>Zhang, M., Kang, Jia &amp; Pladevall-Ballester, E. (submitted). <span data-olk-copy-source=\"MessageBody\">Students\u2019 attitudes and perspectives towards translanguaging and its actual effect on learning outcomes in EMI contexts in China.<\/span><\/p>\n<p>Pladevall-Ballester, E., Puig-Mayenco, E. &amp; Capdevila, M. (accepted). Young learners\u2019 metalinguistic awareness in a task-supported EFL teaching intervention. In S. Khezrlou (Ed.) <span data-olk-copy-source=\"MessageBody\"><em>TBLT for young learners: Challenges, opportunities and goals<\/em>. John Benjamins.<\/span><\/p>\n<p>Pladevall-Ballester, E. (Ed.) (March 2026). <em>Peer interaction in the Foreign Language Classroom<\/em>. Multilingual Matters.<\/p>\n<p>Vraciu, A. &amp; Pladevall-Ballester, E. (March 2026). Fluency in task-based peer interaction: Exploring the effects of pre-task instruction on primary school EFL learners. In Pladevall-Ballester, E. (Ed.) <em>Peer interaction in the Foreign Language Classroom<\/em>. Multilingual Matters.<\/p>\n<p>Pladevall-Ballester, E. &amp; Vraciu, A. (2025). Young learners\u2019 attitudes towards oral peer interaction and corrective feedback: insights from a pedagogical intervention in the EFL classroom. <em>Language Awareness<\/em>, https:\/\/doi.org\/10.1080\/09658416.2025.2471839<\/p>\n<p>Ament, J., Tort, I. &amp; Pladevall-Ballester, E. (2025). Implementing academic reading circles in higher education: Exploring perceptions, engagement and outcomes. <em>Journal of English for Academic Purposes<\/em>, 75, 101489. https:\/\/doi.org\/10.1016\/j.jeap.2025.101489<\/p>\n<p>Pladevall-Ballester, E. &amp; Puig-Mayenco, E. (2025). Focused task-based peer interaction in the young EFL classroom: enhancing explicit knowledge and production of present continuous. In M-P. Garc\u00eda-Mayo (ed.) <em>Investigating Attention to form and Individual Differences. Research with EFL Children<\/em>. Springer.<\/p>\n<p>Kaloustian, S. &amp; Pladevall-Ballester, E. (2024). Challenges in Written Corrective Feedback: Young EFL Learners\u2019 Attitudes and Perceptions of the Boomerang WCF Strategy.\u00a0<i>CALR Linguistics Journal<\/i>, 15. doi:<a id=\"LPlnkOWAddbeafdf-00b3-b963-3ac8-b6710ea4f861\" title=\"https:\/\/doi.org\/10.60149\/ASGM3441\" href=\"https:\/\/doi.org\/10.60149\/ASGM3441\" target=\"_blank\" rel=\"noopener noreferrer\" data-auth=\"NotApplicable\" data-linkindex=\"0\">\u00a0https:\/\/doi.org\/10.60149\/ASGM3441<\/a><\/p>\n<p>Pladevall-Ballester, E., Puig-Mayenco, E., &amp; Capdevila, M. (2024). The effect of task-based peer interaction on young EFL learners\u2019 explicit and implicit knowledge of past tense: an intervention study. <em>Language Teaching Research<\/em>, https:\/\/doi.org\/10.1177\/13621688241267367<\/p>\n<p>Vraciu A., &amp; Pladevall-Ballester, E. (2024). Early English language learning: Exploring pedagogical practices in a pre-primary EFL class in Catalonia through systematic observation. In Leslie, C. and Mourao, S. (Eds.) <em>Researching Educational Practices, Teacher Education and Professional Development for Early Language Learning: Examples from Europe.<\/em> Routledge.<\/p>\n<p>Thomas-Wilhelm, D. &amp; Pladevall-Ballester, E. (2023). Atomicity and Countability In Linguistically-Informed Instruction: Acquisition of L2 English Noun Types. <em>RESL. Revista Espa\u00f1ola de Ling\u00fc\u00edstica<\/em>, 53(2), 9-38.<\/p>\n<p>Zhang, M. &amp; Pladevall-Ballester, E. (2023). Students\u2019 English-medium instruction motivation in three English-medium instruction courses in China. <i>Frontiers in Psychology,<\/i>\u00a013:1077852. doi: 10.3389\/fpsyg.2022.1077852<\/p>\n<p>Pladevall-Ballester, E., Puig-Mayenco, E., Tubau, S. &amp;\u00a0 Capdevila, M. (2022). Asymmetries in child foreign language acquisition: production, interpretation and judgements of null subjects. <em>RAEL (Revista electr\u00f3nica de ling\u00fc\u00edstica aplicada), 21\/1, <\/em>40-57.<\/p>\n<p>Vraciu, A. &amp; Pladevall-Ballester, E. (2022). L1 use in peer interaction: exploring time and proficiency pairing effects in primary school EFL. <em>International Journal of Bilingual Education and Bilingualism, 25<\/em>(4), 1433-1450. DOI: 10.1080\/13670050.2020.1767029<\/p>\n<p>Zhang, M. &amp; Pladevall-Ballester, E. (2021). Students\u2019 attitudes and perceptions towards three EMI programs in mainland China. <em>Language, Culture and Curriculum<\/em>. https:\/\/doi.org\/10.1080\/07908318.2021.1979576 .<\/p>\n<p>Pladevall-Ballester, E. (2021). Pair dynamics and language-related episodes in child EFL task-based peer interaction. <em>Language Teaching for Young Learners<\/em>, <em>3<\/em>(2), 189-213.<\/p>\n<p>Zhang, M. &amp; Pladevall-Ballester, E. (2021). Discipline-specific language learning outcomes in EMI programs in the People\u2019s Republic of China.\u00a0<i>Language and <\/i><i>Education<\/i>, <em>35<\/em>(4) DOI: 10.1080\/09500782.2021.1895827<\/p>\n<p>Pladevall-Ballester, E. &amp; Vraciu, A. (2020). EFL child peer interaction: Measuring the effect of time, proficiency pairing and language of interaction. <em>Studies in Second Language Learning and Teaching<\/em> (Special Issue), <em>10<\/em>(3), 449-472.<\/p>\n<p>Alfonso, C. &amp; Pladevall-Ballester, E. (2020). Effects of focus on form on primary CLIL students&#8217; foreign language performance in task-based oral interaction. <em>Journal of Immersion and Content-Based Language Education, 8<\/em>(1), 53-79.<em><br \/>\n<\/em><\/p>\n<p>Costa, F., &amp; Pladevall-Ballester, E. (2020). Introduction to the Special Issue: Learners\u2019 outcomes and effective strategies in early second language learning. [Special Issue].<em> E-JournALL,\u00a0EuroAmerican Journal of Applied Linguistics and Languages, 7<\/em>(1), 1-10. doi:\u00a0<a href=\"http:\/\/dx.doi.org\/10.21283\/2376905X.11.202\">10.21283\/2376905X.11.202<\/a><\/p>\n<p>Mil\u00e1n-Maillo, I. &amp; Pladevall-Ballester, E. (2019). Explicit Plurilingualism in Co-taught CLIL Instruction: Rethinking L1 Use. In M.J. Guti\u00e9rrez-Mangado, M. Mart\u00ednez-Adri\u00e1n, F. Gallardo del Puerto (eds.) <em>Cross-Linguistic Influence: From Empirical Evidence to Classroom Practice<\/em> (pp. 191-213). Springer.<\/p>\n<p>Pladevall-Ballester, E. (2019). A longitudinal study of primary school EFL learning motivation in CLIL and non-CLIL settings. <em>Language Teaching Research 23<\/em>(6), 765-786. https:\/\/doi.org\/10.1177\/1362168818765877<\/p>\n<p>Costa, F. &amp; Pladevall-Ballester, E. (2018). Language teachers\u2019 perspectives on the CLIL experience in Catalan and Lombard secondary schools. <em>Rassegna Italiana di Linguistica Applicata, (Special issue The language of content\/the content of language), 73-96.<br \/>\n<\/em><\/p>\n<p>Pladevall-Ballester, E. (2017). CLIL in Low Proficiency Primary School Settings: The Role of L1 Use and Focus on Form. <em>English as a Global Language Education (EaGLE) Journal<\/em>, 3(1), 15-38.<\/p>\n<p>Pladevall-Ballester, E. &amp; Vraciu, A. (2017). Exploring early EFL: L1 Use in Oral Narratives by CLIL and non-CLIL Primary School Learners. In M. P. Garc\u00eda-Mayo (ed.) <em>Learning Foreign Languages in Primary School:Research Insights <\/em>(pp. 124-148). Multilingual Matters.<\/p>\n<p>Pladevall Ballester, E. (2016). Developmental asynchrony in the acquisition of subject properties in child L2 English and Spanish.<em> Language Acquisition, <\/em>23(4), 387-406.<\/p>\n<p style=\"text-align: justify\">Pladevall-Ballester, E. &amp; Vallbona A. (2016). CLIL in minimal input contexts: a longitudinal study of primary school learners&#8217; receptive skills. <em>System<\/em>, 58, 37-48.<\/p>\n<p style=\"text-align: justify\">Pladevall-Ballester, E. (2016). CLIL subject selection and young learners&#8217; listening and reading comprehension skills. <em>International Journal of Applied Linguistics,<\/em> 26(1), 52-74\u00a0 DOI: 10.1111\/ijal.12079<\/p>\n<p style=\"text-align: justify\">Codina, A. &amp; Pladevall-Ballester, E. (2015). The effects of using L1 translation on young learners&#8217; L2 vocabulary learning. <em>ELIA (Estudios de Ling\u00fc\u00edstica Inglesa Aplicada), <\/em>15, 109-134.<em><br \/>\n<\/em><\/p>\n<p style=\"text-align: justify\">Pladevall Ballester, E. (2015). Exploring primary school CLIL perceptions in Catalonia: students\u2019, teachers\u2019 and parents\u2019 opinions and expectations. <em>International Journal of Bilingual Education and Bilingualism, <\/em>18\/1: 45-59. DOI: 10.1080\/13670050.2013.874972<\/p>\n<p style=\"text-align: justify\">Pladevall Ballester, E. (2015). Verbal and non-verbal teacher immediacy and foreign language anxiety in an EFL university course.<em> Porta Linguarum<\/em>, 23, 9-24.<\/p>\n<p style=\"text-align: justify\">Amores, M. &amp; Pladevall-Ballester, E. (2014). The effects of written input on young EFL learners&#8217; oral output. <em>Journal of English Studies, <\/em>12, 7-33<em>.<\/em><\/p>\n<p style=\"text-align: justify\">Pladevall-Ballester, E. (2013). Adult L2 Spanish development of syntactic and discourse subject properties in an instructional setting. <em>Rael (Revista Electr\u00f3nica de Ling\u00fc\u00edstica Aplicada)<\/em>, 12,111-129.<\/p>\n<p style=\"text-align: justify\">Pladevall-Ballester, E. (2013). Adult instructed SLA of English subject properties. <em>Canadian Journal of Linguistics<\/em>, 58(3), 465-486.<\/p>\n<p style=\"text-align: justify\">Llin\u00e0s-Grau, M., Pladevall-Ballester, E. &amp; Capdevila-Batet, M. (2013). On That-omssion and its Absence in the Written Production of Bilingual Spanish\/Catalan L2-learners of English. <em>Atlantis<\/em>, 35 (1): 35-49.<\/p>\n<p style=\"text-align: justify\">Pladevall-Ballester, E. (2012) Child L2 English acquisition of subject properties in an immersion bilingual context. <em>Second Language Research<\/em>, 28(2), 217-241.<\/p>\n<p style=\"text-align: justify\">Pladevall-Ballester, E. (2010). Child L2 development of syntactic and discourse properties of Spanish subjects, <em>Bilingualism: Language and Cognition<\/em>, 13(2), 185-216.<\/p>\n<p style=\"text-align: justify\">Guti\u00e9rrez-Colon, M. &amp; Pladevall, E. (2009-2010). Formulaic sequences in the written production of L2 learners of English. <em>Cuadernos de Investigaci\u00f3n Filol\u00f3gica<\/em>, 35-36, 77-104.<\/p>\n<p style=\"text-align: justify\">Guti\u00e9rrez-Colon, M. &amp; Pladevall-Ballester, E. (2009). Not only technology in Computer Assisted Language Learning: learners\u2019 experiences,<em> English Language Teaching<\/em>, 2(4).<\/p>\n<p style=\"text-align: justify\">Pladevall, E. (2005). Matrix Non-Finite Verbal Forms in Early Child English. <em>Interling\u00fc\u00edstica<\/em>, 15, Universitat de Val\u00e8ncia.<\/p>\n<p><strong>Edited books<\/strong><\/p>\n<p>Mart\u00edn, S., Owen, D. &amp; Pladevall-Ballester, E. (Eds.) (2018) <em>Persistence and Resistance in English Studies<\/em>. <em>New Research<\/em>. Newcastle upon Tyne: Cambridge Scholars.<\/p>\n<p style=\"text-align: justify\"><strong>Textbooks<\/strong><\/p>\n<p style=\"text-align: justify\">Kennedy-Scanlon, M., Pladevall Ballester, E. &amp; Cebrian, J. (2012) <em>Guided Error Correction. Exercises for Spanish-speaking students of English. Level B2.<\/em> Bellaterra: Servei de Publicacions de la Universitat Aut\u00f2noma de Barcelona.<\/p>\n<p style=\"text-align: justify\">Pladevall-Ballester, E. (2008) Words and Categories. In Mireia Llin\u00e0s-Grau, Montserrat Capdevila-Batet, Joaqu\u00edn A. Dom\u00ednguez, Melissa Moyer, Elisabet Pladevall-Ballester, Susagna Tubau-Munta\u00f1\u00e0, <em>English Syntax. Basic Concepts for the Analysis of English Sentences<\/em>. Bellaterra: Servei de Publicacions de la Universitat Aut\u00f2noma de Barcelona.<\/p>\n<p style=\"text-align: justify\"><strong>Conference Proceedings<\/strong><\/p>\n<p style=\"text-align: justify\">Mart\u00edn, S., Moyer, M., Pladevall, E. and Tubau, S. (eds.) (2012) <em>At a Time of Crisis: English and American Studies in Spain. Works from the 35th AEDEAN Conference.<\/em> E-book. Universitat Aut\u00f2noma de Barcelona. ISBN-10:84-695-4273-7<\/p>\n<p style=\"text-align: justify\">Curell, H., Mart\u00edn, S., Capdevila, M., Cebrian, J., Gimeno, L., Hand, F., Owen, D., Pladevall, E. &amp; Vraciu, A. (2011) L&#8217;adaptaci\u00f3 al nou espai europeu d&#8217;ensenyament superior: Estudis anglesos a la UAB. In VI Congr\u00e9s Internacional de Doc\u00e8ncia Universit\u00e0ria i Innovaci\u00f3 (CIDUI). Nous espais de qualitat en l&#8217;educaci\u00f3 superior.Una an\u00e0lisi comparada i de tend\u00e8ncies. CD-ROM. ISBN: 978-84-8458-339-4.<\/p>\n<p style=\"text-align: justify\">Pladevall, E. (2007) On the L2 Spanish Subject Development of British Children, <em>Actas del XXIV Congreso Internacional AESLA (Asociaci\u00f3n Espa\u00f1ola de Ling\u00fc\u00edstica Aplicada)<\/em>, Universidad Nacional de Educaci\u00f3n a Distancia (UNED) (Madrid)<\/p>\n<p style=\"text-align: justify\">Pladevall, E. (2005) Morphological Variability and Syntactic Phrase Structure in the L2 Acquisition of English. <em>Actas de la XXVIII AEDEAN Conference,<\/em> Universitat de Val\u00e8ncia.<\/p>\n<p style=\"text-align: justify\">Pladevall, E. (2004) On the Distributional Constraints of Null Subjects in Child English and Catalan. <em>Actas de la XXVII AEDEAN Conference<\/em>, Universidad de Salamanca.<\/p>\n<p style=\"text-align: justify\">Pladevall, E. and Tubau, S. (2003) Critical Past and Promising Future for Language Acquisition. <em>Proceedings of Camling 1st Postgraduate Linguistics Conference<\/em>, University of Cambridge. Cambridge: CUP.<\/p>\n<p style=\"text-align: justify\"><strong>Book Reviews<\/strong><\/p>\n<p style=\"text-align: justify\">Pladevall, E. and Tubau, S. (2007) Review of Mireia Llin\u00e0s i Grau\u2019s Primeres Paraules. Com aprenen a parlar els nostres fills. <em>Llengua i Literatura<\/em>, 17.<\/p>\n<p style=\"text-align: justify\">Pladevall, E. (2006) Review of Jean Stillwell Peccei\u2019s Child Language. Linguist List: http:\/\/linguistlist.org\/issues\/17\/17-2579.html<\/p>\n","protected":false},"excerpt":{"rendered":"<p>Articles and Book chapters Styles, L. &amp; Pladevall-Ballester, E. (submitted). Exploring the role of mode of implicit instruction in the implicit learning of a complex grammatical structure. Zhang, M., Kang, Jia &amp; Pladevall-Ballester, E. (submitted). Students\u2019 attitudes and perspectives towards translanguaging and its actual effect on learning outcomes in EMI contexts in China. Pladevall-Ballester, E., [&hellip;]<\/p>\n","protected":false},"author":49,"featured_media":0,"parent":0,"menu_order":1,"comment_status":"closed","ping_status":"closed","template":"","meta":{"footnotes":""},"class_list":["post-28","page","type-page","status-publish","hentry"],"_links":{"self":[{"href":"https:\/\/webs.uab.cat\/elisabetpladevallballester\/wp-json\/wp\/v2\/pages\/28","targetHints":{"allow":["GET"]}}],"collection":[{"href":"https:\/\/webs.uab.cat\/elisabetpladevallballester\/wp-json\/wp\/v2\/pages"}],"about":[{"href":"https:\/\/webs.uab.cat\/elisabetpladevallballester\/wp-json\/wp\/v2\/types\/page"}],"author":[{"embeddable":true,"href":"https:\/\/webs.uab.cat\/elisabetpladevallballester\/wp-json\/wp\/v2\/users\/49"}],"replies":[{"embeddable":true,"href":"https:\/\/webs.uab.cat\/elisabetpladevallballester\/wp-json\/wp\/v2\/comments?post=28"}],"version-history":[{"count":17,"href":"https:\/\/webs.uab.cat\/elisabetpladevallballester\/wp-json\/wp\/v2\/pages\/28\/revisions"}],"predecessor-version":[{"id":315,"href":"https:\/\/webs.uab.cat\/elisabetpladevallballester\/wp-json\/wp\/v2\/pages\/28\/revisions\/315"}],"wp:attachment":[{"href":"https:\/\/webs.uab.cat\/elisabetpladevallballester\/wp-json\/wp\/v2\/media?parent=28"}],"curies":[{"name":"wp","href":"https:\/\/api.w.org\/{rel}","templated":true}]}}