{"id":36,"date":"2013-11-29T11:27:26","date_gmt":"2013-11-29T10:27:26","guid":{"rendered":"http:\/\/blogs.uab.cat\/elisabetpladevallcv\/?page_id=36"},"modified":"2023-03-08T11:09:35","modified_gmt":"2023-03-08T09:09:35","slug":"admin","status":"publish","type":"page","link":"https:\/\/webs.uab.cat\/elisabetpladevallballester\/admin\/","title":{"rendered":"Admin"},"content":{"rendered":"<ul>\n<li><strong>Head of Department<\/strong>, Departament de Filologia Anglesa i de German\u00edstica, UAB (2023-2026).<\/li>\n<li>Member of <strong>Comissi\u00f3 de Personal Acad\u00e8mic UAB<\/strong> (representant dels Directors d&#8217;Humanitats) (2023-2026).<\/li>\n<li><strong>English Studies Programme Coordinator<\/strong>, Departament de Filologia Anglesa i de German\u00edstica, UAB (2018-2023).<\/li>\n<li>Member of <strong>Claustre de la UAB<\/strong> (representant de la Facultat de Filosofia i Lletres) (2021 to present).<\/li>\n<li>Member of <strong>Comissi\u00f3 d&#8217;Economia i d&#8217;Organitzaci\u00f3 UAB<\/strong> (Representant del professorat Sector A) (2021 to present).<\/li>\n<li>Member of <strong>Comissi\u00f3 de Qualitat de la Facultat de Filosofia i Lletres<\/strong> (2019-2022).<\/li>\n<li>Member of <strong>Junta Permanent i Junta de Facultat de la Facultat de Filosofia i Lletres<\/strong> (2018 to present).<\/li>\n<li><strong>Instrumental English courses coordinator<\/strong> in the BA in English Studies, <em>Departament\u00a0de Filologia Anglesa i de German\u00edstica, <\/em>UAB (2015 to present).<\/li>\n<li><strong>BA dissertation module coordinator<\/strong> in the BA in English Studies, <em>Departament\u00a0de Filologia Anglesa i de German\u00edstica, <\/em>UAB (2012-2017).<\/li>\n<li><strong>Member of the Teaching Committee<\/strong> at the <em>Departament de Filologia Anglesa i de German\u00edstica, <\/em>UAB (2007 to present).<\/li>\n<li><strong>Pre-sessional course coordinator<\/strong> for the BA in English Studies at the <em>Departament<\/em> <em>de Filologia Anglesa i de German\u00edstica, <\/em>UAB (<em>Curs Proped\u00e8utic<\/em> English Academic SKills) (2007 to 2017).<em><br \/>\n<\/em><\/li>\n<li><strong>BA Vice Coordinator, English Philology\/English Studies<\/strong>, <em>Departament<\/em> <em>de Filologia Anglesa i de German\u00edstica, <\/em>UAB (2006-2011).<\/li>\n<\/ul>\n","protected":false},"excerpt":{"rendered":"<p>Head of Department, Departament de Filologia Anglesa i de German\u00edstica, UAB (2023-2026). Member of Comissi\u00f3 de Personal Acad\u00e8mic UAB (representant dels Directors d&#8217;Humanitats) (2023-2026). English Studies Programme Coordinator, Departament de Filologia Anglesa i de German\u00edstica, UAB (2018-2023). Member of Claustre de la UAB (representant de la Facultat de Filosofia i Lletres) (2021 to present). Member [&hellip;]<\/p>\n","protected":false},"author":49,"featured_media":0,"parent":0,"menu_order":5,"comment_status":"closed","ping_status":"closed","template":"","meta":{"footnotes":""},"class_list":["post-36","page","type-page","status-publish","hentry"],"_links":{"self":[{"href":"https:\/\/webs.uab.cat\/elisabetpladevallballester\/wp-json\/wp\/v2\/pages\/36","targetHints":{"allow":["GET"]}}],"collection":[{"href":"https:\/\/webs.uab.cat\/elisabetpladevallballester\/wp-json\/wp\/v2\/pages"}],"about":[{"href":"https:\/\/webs.uab.cat\/elisabetpladevallballester\/wp-json\/wp\/v2\/types\/page"}],"author":[{"embeddable":true,"href":"https:\/\/webs.uab.cat\/elisabetpladevallballester\/wp-json\/wp\/v2\/users\/49"}],"replies":[{"embeddable":true,"href":"https:\/\/webs.uab.cat\/elisabetpladevallballester\/wp-json\/wp\/v2\/comments?post=36"}],"version-history":[{"count":2,"href":"https:\/\/webs.uab.cat\/elisabetpladevallballester\/wp-json\/wp\/v2\/pages\/36\/revisions"}],"predecessor-version":[{"id":225,"href":"https:\/\/webs.uab.cat\/elisabetpladevallballester\/wp-json\/wp\/v2\/pages\/36\/revisions\/225"}],"wp:attachment":[{"href":"https:\/\/webs.uab.cat\/elisabetpladevallballester\/wp-json\/wp\/v2\/media?parent=36"}],"curies":[{"name":"wp","href":"https:\/\/api.w.org\/{rel}","templated":true}]}}