{"id":44,"date":"2013-12-02T12:02:06","date_gmt":"2013-12-02T11:02:06","guid":{"rendered":"http:\/\/blogs.uab.cat\/elisabetpladevallcv\/?page_id=44"},"modified":"2022-07-22T11:49:17","modified_gmt":"2022-07-22T09:49:17","slug":"education","status":"publish","type":"page","link":"https:\/\/webs.uab.cat\/elisabetpladevallballester\/education\/","title":{"rendered":"Education"},"content":{"rendered":"<p>PhD in English Philology, UAB, 2007.<br \/>\n(<em>Premi Extraordinari de Doctorat 2009, UAB<\/em>)<br \/>\nThesis Title: <em>Child and Adult Non-native Subject Development: A bi-directional study of English and Spanish as L2s<\/em> (available at www.tdx.cat)<\/p>\n<p>MA in English Philology, UAB, 2004.<br \/>\nMA Thesis Title: <i>A Minimalist Account of Subject Development in Child English<\/i><\/p>\n<p>MA in Linguistics, UCL (University College London), 2002.<br \/>\nMA Thesis Title: <i>The Acquisition of Subjects in Child Catalan<\/i><!-- [if gte mso 9]&gt;--><\/p>\n<p>BA in English Philology, UAB, 2001.<br \/>\n(<em>Premi Extraordinari de Titulaci\u00f3 2001, UAB<\/em>)<\/p>\n<p><strong>Scholarships\/Grants<\/strong><\/p>\n<p>2003-2005 Beca Predoctoral de Formaci\u00f3 d&#8217;Investigadors (FI), UAB (predoctoral grant).<\/p>\n<p>2000 &#8220;la Caixa&#8221; grant for Postgraduate Research in the UK.<\/p>\n<p>2000 ERASMUS grant, University of Surrey &#8211; Roehampton, UK.<\/p>\n<p><strong>Credentials<\/strong><\/p>\n<p>2021, Acreditaci\u00f3 de recerca avan\u00e7ada (Catedr\u00e0tic laboral), AQU Catalunya.<\/p>\n<p>2014, Acreditaci\u00f3 de recerca (Professor Agregat), AQU Catalunya.<\/p>\n<p>2014, Acreditaci\u00f3 Professor Titular de Filologia Anglesa, ANECA.<\/p>\n<p>2008, Tenure-track lecturer report (Acreditaci\u00f3 de Professor Lector, AQU Catalunya).<\/p>\n<p>2007, Acreditaci\u00f3 Docent FDES (Formaci\u00f3 Docent en Educaci\u00f3 Superior &#8211; Higher Education Teacher Training), UAB.<\/p>\n","protected":false},"excerpt":{"rendered":"<p>PhD in English Philology, UAB, 2007. (Premi Extraordinari de Doctorat 2009, UAB) Thesis Title: Child and Adult Non-native Subject Development: A bi-directional study of English and Spanish as L2s (available at www.tdx.cat) MA in English Philology, UAB, 2004. MA Thesis Title: A Minimalist Account of Subject Development in Child English MA in Linguistics, UCL (University [&hellip;]<\/p>\n","protected":false},"author":49,"featured_media":0,"parent":0,"menu_order":0,"comment_status":"closed","ping_status":"closed","template":"","meta":{"footnotes":""},"class_list":["post-44","page","type-page","status-publish","hentry"],"_links":{"self":[{"href":"https:\/\/webs.uab.cat\/elisabetpladevallballester\/wp-json\/wp\/v2\/pages\/44","targetHints":{"allow":["GET"]}}],"collection":[{"href":"https:\/\/webs.uab.cat\/elisabetpladevallballester\/wp-json\/wp\/v2\/pages"}],"about":[{"href":"https:\/\/webs.uab.cat\/elisabetpladevallballester\/wp-json\/wp\/v2\/types\/page"}],"author":[{"embeddable":true,"href":"https:\/\/webs.uab.cat\/elisabetpladevallballester\/wp-json\/wp\/v2\/users\/49"}],"replies":[{"embeddable":true,"href":"https:\/\/webs.uab.cat\/elisabetpladevallballester\/wp-json\/wp\/v2\/comments?post=44"}],"version-history":[{"count":1,"href":"https:\/\/webs.uab.cat\/elisabetpladevallballester\/wp-json\/wp\/v2\/pages\/44\/revisions"}],"predecessor-version":[{"id":194,"href":"https:\/\/webs.uab.cat\/elisabetpladevallballester\/wp-json\/wp\/v2\/pages\/44\/revisions\/194"}],"wp:attachment":[{"href":"https:\/\/webs.uab.cat\/elisabetpladevallballester\/wp-json\/wp\/v2\/media?parent=44"}],"curies":[{"name":"wp","href":"https:\/\/api.w.org\/{rel}","templated":true}]}}