{"id":1011,"date":"2011-10-14T15:01:35","date_gmt":"2011-10-14T13:01:35","guid":{"rendered":"https:\/\/webs.uab.cat\/emigra\/emigra-newsletter\/"},"modified":"2022-09-27T20:20:27","modified_gmt":"2022-09-27T18:20:27","slug":"emigra-newsletter","status":"publish","type":"page","link":"https:\/\/webs.uab.cat\/emigra\/ca\/emigra-newsletter\/","title":{"rendered":"EMIGRA Newsletter"},"content":{"rendered":"\n<h2 class=\"wp-block-heading\">NEWSLETTER N.12<\/h2>\n\n\n\n<p>Continguts: Marta Bertr\u00e1n<\/p>\n\n\n<div class=\"wp-block-image\">\n<figure class=\"aligncenter\"><a href=\"https:\/\/docs.google.com\/open?id=0B8awT2JqXwtPMkpyWkJ3SUpOUFE\"><img decoding=\"async\" src=\"http:\/\/grupsderecerca.uab.cat\/emigra\/sites\/grupsderecerca.uab.cat.emigra\/files\/images\/portada%20n12.preview.jpg\" alt=\"\"\/><\/a><\/figure>\n<\/div>\n\n\n<h2 class=\"wp-block-heading\">NEWESLETTER N.11<\/h2>\n\n\n\n<p>Continguts: Jordi P\u00e0mies<\/p>\n\n\n<div class=\"wp-block-image\">\n<figure class=\"aligncenter\"><a href=\"https:\/\/docs.google.com\/open?id=0B8awT2JqXwtPYXAzWmJtRDdLeGM\"><img decoding=\"async\" src=\"http:\/\/grupsderecerca.uab.cat\/emigra\/sites\/grupsderecerca.uab.cat.emigra\/files\/images\/Binder1.preview.jpg\" alt=\"\"\/><\/a><\/figure>\n<\/div>\n\n\n<h2 class=\"wp-block-heading\">NEWSLETTER N.10<\/h2>\n\n\n\n<p>Continguts: S\u00edlvia Carrasco<\/p>\n\n\n<div class=\"wp-block-image\">\n<figure class=\"aligncenter\"><a href=\"https:\/\/docs.google.com\/open?id=0B8awT2JqXwtPZDNkNmNhMTMtYWQxYi00MjllLWE0NzMtNzE3ZWE3MmM5NjBk\"><img decoding=\"async\" src=\"http:\/\/grupsderecerca.uab.cat\/emigra\/sites\/grupsderecerca.uab.cat.emigra\/files\/images\/news10_0.preview.jpg\" alt=\"\"\/><\/a><\/figure>\n<\/div>\n\n\n<p><a href=\"https:\/\/docs.google.com\/open?id=0B8awT2JqXwtPZDNkNmNhMTMtYWQxYi00MjllLWE0NzMtNzE3ZWE3MmM5NjBk\">[Catal\u00e0]&nbsp;<\/a><a href=\"https:\/\/docs.google.com\/open?id=0B8awT2JqXwtPNzNiNTUzNDQtYzExZC00ZTNhLTgxYzQtYTNlMDlkZmYyNGMx\">[Castellano]<\/a><\/p>\n\n\n\n<h2 class=\"wp-block-heading\">NEWSLETTER N.9<\/h2>\n\n\n\n<p>Continguts: Cris Molins<\/p>\n\n\n<div class=\"wp-block-image\">\n<figure class=\"aligncenter\"><a href=\"https:\/\/docs.google.com\/viewer?a=v&amp;pid=explorer&amp;chrome=true&amp;srcid=0B8awT2JqXwtPMjNlNTQ3ODctODUyMy00NTZhLWFlYjctODZhMmMxYTBiODM1&amp;hl=en_US\"><img decoding=\"async\" src=\"http:\/\/grupsderecerca.uab.cat\/emigra\/sites\/grupsderecerca.uab.cat.emigra\/files\/images\/news9.preview.jpg\" alt=\"\"\/><\/a><\/figure>\n<\/div>\n\n\n<h2 class=\"wp-block-heading\">NEWSLETTER N.8<\/h2>\n\n\n\n<p>Continguts: \u00c1bel B\u00e9r\u00e9menyi<\/p>\n\n\n<div class=\"wp-block-image\">\n<figure class=\"aligncenter\"><a href=\"https:\/\/docs.google.com\/viewer?a=v&amp;pid=explorer&amp;chrome=true&amp;srcid=0B8awT2JqXwtPZmM3YjY3N2EtNmU1MS00MzI2LWJmZGEtYjY2ZDJhNjVjNTMy&amp;hl=en_US\"><img decoding=\"async\" src=\"http:\/\/grupsderecerca.uab.cat\/emigra\/sites\/grupsderecerca.uab.cat.emigra\/files\/images\/news8.jpg\" alt=\"\"\/><\/a><\/figure>\n<\/div>\n\n\n<h2 class=\"wp-block-heading\">NEWSLEETTER N.7&nbsp;<\/h2>\n\n\n\n<p>Continguts: Santiago Prado i S\u00edlvia Carrasco<\/p>\n\n\n<div class=\"wp-block-image\">\n<figure class=\"aligncenter\"><a href=\"https:\/\/docs.google.com\/viewer?a=v&amp;pid=explorer&amp;chrome=true&amp;srcid=0B8awT2JqXwtPMjA1ZmI0NzEtMGQ0Zi00MGRhLWE3ZGItZThkNTE2OWJjODgx&amp;hl=en_US\"><img decoding=\"async\" src=\"http:\/\/grupsderecerca.uab.cat\/emigra\/sites\/grupsderecerca.uab.cat.emigra\/files\/images\/news7.jpg\" alt=\"\"\/><\/a><\/figure>\n<\/div>\n\n\n<h2 class=\"wp-block-heading\">NEWSLETTER N.6<\/h2>\n\n\n\n<p>Continguts: Beatriz Ballest\u00edn i S\u00edlvia Carrasco<\/p>\n\n\n<div class=\"wp-block-image\">\n<figure class=\"aligncenter\"><a href=\"https:\/\/docs.google.com\/viewer?a=v&amp;pid=explorer&amp;chrome=true&amp;srcid=0B8awT2JqXwtPZTUwOGQ0MmMtMzM4OS00MWExLThiNjgtY2NlNjNmNzBlYjNk\"><img decoding=\"async\" src=\"http:\/\/grupsderecerca.uab.cat\/emigra\/sites\/grupsderecerca.uab.cat.emigra\/files\/images\/news6.jpg\" alt=\"\"\/><\/a><\/figure>\n<\/div>\n\n\n<h2 class=\"wp-block-heading\">NEWSLETTER N.5<\/h2>\n\n\n\n<p>Continguts: N\u00faria Roca, Lilia Khabibullina i Rita Vill\u00e0<\/p>\n\n\n<div class=\"wp-block-image\">\n<figure class=\"aligncenter\"><a href=\"https:\/\/docs.google.com\/viewer?a=v&amp;pid=explorer&amp;chrome=true&amp;srcid=0B8awT2JqXwtPMzQ1MjE0ODEtNWVlNS00YWJlLTg5MjMtMWM4YjFkYTkzNmZm\"><img decoding=\"async\" src=\"http:\/\/grupsderecerca.uab.cat\/emigra\/sites\/grupsderecerca.uab.cat.emigra\/files\/images\/news5.jpg\" alt=\"\"\/><\/a><\/figure>\n<\/div>\n\n\n<h2 class=\"wp-block-heading\">NEWSLETTER N.4<\/h2>\n\n\n\n<p>Continguts: Jordi P\u00e0mies i S\u00edlvia Carrasco<\/p>\n\n\n<div class=\"wp-block-image\">\n<figure class=\"aligncenter\"><a href=\"https:\/\/docs.google.com\/viewer?a=v&amp;pid=explorer&amp;chrome=true&amp;srcid=0B8awT2JqXwtPZjhhNThlZmUtOTY3NC00NGJlLThjOTUtYzJkM2QyOTI0NzYz&amp;hl=en_US\"><img decoding=\"async\" src=\"http:\/\/grupsderecerca.uab.cat\/emigra\/sites\/grupsderecerca.uab.cat.emigra\/files\/images\/news4.jpg\" alt=\"\"\/><\/a><\/figure>\n<\/div>\n\n\n<h2 class=\"wp-block-heading\">NEWSLETTER N.3<\/h2>\n\n\n\n<p>Continguts: Maribel Ponferrada i Mar\u00eda Garc\u00eda-Cano<\/p>\n\n\n<div class=\"wp-block-image\">\n<figure class=\"aligncenter\"><a href=\"https:\/\/docs.google.com\/viewer?a=v&amp;pid=explorer&amp;chrome=true&amp;srcid=0B8awT2JqXwtPNTQyZmMzZWItNDQwYS00ZWY0LTkwYzItMGViOGRiNmRmM2E5\"><img decoding=\"async\" src=\"http:\/\/grupsderecerca.uab.cat\/emigra\/sites\/grupsderecerca.uab.cat.emigra\/files\/images\/news3.jpg\" alt=\"\"\/><\/a><\/figure>\n<\/div>\n\n\n<h2 class=\"wp-block-heading\">NEWSLETTER N.2<\/h2>\n\n\n\n<p>Continguts: Diana Marre<\/p>\n\n\n<div class=\"wp-block-image\">\n<figure class=\"aligncenter\"><a href=\"https:\/\/docs.google.com\/viewer?a=v&amp;pid=explorer&amp;chrome=true&amp;srcid=0B8awT2JqXwtPMjJkZGE0ZjItYTJlZi00NjliLWIyZjEtZWMyNTE4YWI1M2Yz\"><img decoding=\"async\" src=\"http:\/\/grupsderecerca.uab.cat\/emigra\/sites\/grupsderecerca.uab.cat.emigra\/files\/images\/news2.jpg\" alt=\"\"\/><\/a><\/figure>\n<\/div>\n\n\n<h2 class=\"wp-block-heading\">NEWSLETTER N.1<\/h2>\n\n\n\n<p>Continguts: Silvia Carrasco<\/p>\n\n\n<div class=\"wp-block-image\">\n<figure class=\"aligncenter\"><a href=\"https:\/\/docs.google.com\/viewer?a=v&amp;pid=explorer&amp;chrome=true&amp;srcid=0B8awT2JqXwtPOTcyOGQ3MjYtZmMzYi00YTJjLTg2MzAtZjRjYTg2ZDI3NDJm&amp;hl=en_US\"><img decoding=\"async\" src=\"http:\/\/grupsderecerca.uab.cat\/emigra\/sites\/grupsderecerca.uab.cat.emigra\/files\/images\/news1.jpg\" alt=\"\"\/><\/a><\/figure>\n<\/div>","protected":false},"excerpt":{"rendered":"<p>NEWSLETTER N.12 Continguts: Marta Bertr\u00e1n NEWESLETTER N.11 Continguts: Jordi P\u00e0mies NEWSLETTER N.10 Continguts: S\u00edlvia Carrasco [Catal\u00e0]&nbsp;[Castellano] NEWSLETTER N.9 Continguts: Cris Molins NEWSLETTER N.8 Continguts: \u00c1bel B\u00e9r\u00e9menyi NEWSLEETTER N.7&nbsp; Continguts: Santiago Prado i S\u00edlvia Carrasco NEWSLETTER N.6 Continguts: Beatriz Ballest\u00edn i S\u00edlvia Carrasco NEWSLETTER N.5 Continguts: N\u00faria Roca, Lilia Khabibullina i Rita Vill\u00e0 NEWSLETTER N.4 Continguts: [&hellip;]<\/p>\n","protected":false},"author":20,"featured_media":0,"parent":0,"menu_order":0,"comment_status":"closed","ping_status":"closed","template":"","meta":{"footnotes":""},"class_list":["post-1011","page","type-page","status-publish","hentry"],"_links":{"self":[{"href":"https:\/\/webs.uab.cat\/emigra\/ca\/wp-json\/wp\/v2\/pages\/1011","targetHints":{"allow":["GET"]}}],"collection":[{"href":"https:\/\/webs.uab.cat\/emigra\/ca\/wp-json\/wp\/v2\/pages"}],"about":[{"href":"https:\/\/webs.uab.cat\/emigra\/ca\/wp-json\/wp\/v2\/types\/page"}],"author":[{"embeddable":true,"href":"https:\/\/webs.uab.cat\/emigra\/ca\/wp-json\/wp\/v2\/users\/20"}],"replies":[{"embeddable":true,"href":"https:\/\/webs.uab.cat\/emigra\/ca\/wp-json\/wp\/v2\/comments?post=1011"}],"version-history":[{"count":1,"href":"https:\/\/webs.uab.cat\/emigra\/ca\/wp-json\/wp\/v2\/pages\/1011\/revisions"}],"predecessor-version":[{"id":1013,"href":"https:\/\/webs.uab.cat\/emigra\/ca\/wp-json\/wp\/v2\/pages\/1011\/revisions\/1013"}],"wp:attachment":[{"href":"https:\/\/webs.uab.cat\/emigra\/ca\/wp-json\/wp\/v2\/media?parent=1011"}],"curies":[{"name":"wp","href":"https:\/\/api.w.org\/{rel}","templated":true}]}}