{"id":144,"date":"2010-03-04T00:12:37","date_gmt":"2010-03-03T22:12:37","guid":{"rendered":"https:\/\/webs.uab.cat\/emigra\/publicacions\/"},"modified":"2022-09-27T20:20:48","modified_gmt":"2022-09-27T18:20:48","slug":"publicacions","status":"publish","type":"page","link":"https:\/\/webs.uab.cat\/emigra\/ca\/publicacions\/","title":{"rendered":"Publicacions"},"content":{"rendered":"\n<p><strong>EMIGRA publica peri\u00f2dicament aquestes dues col\u00b7leccions digitals:<\/strong><\/p>\n\n\n\n<p><a href=\"https:\/\/webs.uab.cat\/emigra\/emigra-newsletter\/\" data-type=\"page\" data-id=\"1011\">&#8211; EMIGRA Newsletters<\/a><\/p>\n\n\n\n<p>Publicaci\u00f3 de car\u00e0cter semestral.&nbsp;<\/p>\n\n\n\n<p>&#8211; <a href=\"https:\/\/webs.uab.cat\/emigra\/emigra-working-papers-4\/\" data-type=\"page\" data-id=\"263\">EMIGRA Working Papers<\/a><\/p>\n\n\n\n<p>Emigra Working Papers&nbsp; \u00e9s una s\u00e8rie que publica els productes del treball en curs dels membres del grup de recerca abans que es converteixin en articles de revistes, cap\u00edtols o llibres. \u00c9s tamb\u00e9 el lloc on trobar treballs presentats en congressos i reunions cient\u00edfiques organitzades per EMIGRA. Donem la benvinguda a altres investigadors en el nostre camp d&#8217;investigaci\u00f3 (la migraci\u00f3, l&#8217;educaci\u00f3 i la inf\u00e0ncia) per presentar els materials amb&nbsp;&nbsp;&nbsp; les mateixes condicions. El Consell de Redacci\u00f3 revisa les propostes preliminars presentades, a m\u00e9s, els documents estan protegits per ISSN 2013-3804 i Creative Commons. La Junta Assessora, finalment, examina algunes de les propostes i supervisa la producci\u00f3 i l&#8217;evoluci\u00f3 de la s\u00e8rie. Documents en catal\u00e0, castell\u00e0, angl\u00e8s, franc\u00e8s, portugu\u00e8s i itali\u00e0 s\u00f3n benvinguts.<\/p>\n\n\n\n<p><strong>Consulteu informes de resultats dels projectes de recerca realitzats des d&#8217;EMIGRA:<\/strong><\/p>\n\n\n\n<p><a href=\"https:\/\/webs.uab.cat\/emigra\/informes-i-publicacions-puntuals\/\" data-type=\"page\" data-id=\"294\">&nbsp;Informes i publicacions puntuals<\/a><\/p>\n","protected":false},"excerpt":{"rendered":"<p>EMIGRA publica peri\u00f2dicament aquestes dues col\u00b7leccions digitals: &#8211; EMIGRA Newsletters Publicaci\u00f3 de car\u00e0cter semestral.&nbsp; &#8211; EMIGRA Working Papers Emigra Working Papers&nbsp; \u00e9s una s\u00e8rie que publica els productes del treball en curs dels membres del grup de recerca abans que es converteixin en articles de revistes, cap\u00edtols o llibres. \u00c9s tamb\u00e9 el lloc on trobar [&hellip;]<\/p>\n","protected":false},"author":20,"featured_media":0,"parent":0,"menu_order":0,"comment_status":"closed","ping_status":"closed","template":"","meta":{"footnotes":""},"class_list":["post-144","page","type-page","status-publish","hentry"],"_links":{"self":[{"href":"https:\/\/webs.uab.cat\/emigra\/ca\/wp-json\/wp\/v2\/pages\/144","targetHints":{"allow":["GET"]}}],"collection":[{"href":"https:\/\/webs.uab.cat\/emigra\/ca\/wp-json\/wp\/v2\/pages"}],"about":[{"href":"https:\/\/webs.uab.cat\/emigra\/ca\/wp-json\/wp\/v2\/types\/page"}],"author":[{"embeddable":true,"href":"https:\/\/webs.uab.cat\/emigra\/ca\/wp-json\/wp\/v2\/users\/20"}],"replies":[{"embeddable":true,"href":"https:\/\/webs.uab.cat\/emigra\/ca\/wp-json\/wp\/v2\/comments?post=144"}],"version-history":[{"count":2,"href":"https:\/\/webs.uab.cat\/emigra\/ca\/wp-json\/wp\/v2\/pages\/144\/revisions"}],"predecessor-version":[{"id":1015,"href":"https:\/\/webs.uab.cat\/emigra\/ca\/wp-json\/wp\/v2\/pages\/144\/revisions\/1015"}],"wp:attachment":[{"href":"https:\/\/webs.uab.cat\/emigra\/ca\/wp-json\/wp\/v2\/media?parent=144"}],"curies":[{"name":"wp","href":"https:\/\/api.w.org\/{rel}","templated":true}]}}