{"id":157,"date":"2010-03-04T16:21:50","date_gmt":"2010-03-04T14:21:50","guid":{"rendered":"https:\/\/webs.uab.cat\/emigra\/rita-villa\/"},"modified":"2022-09-27T19:54:32","modified_gmt":"2022-09-27T17:54:32","slug":"rita-villa","status":"publish","type":"page","link":"https:\/\/webs.uab.cat\/emigra\/ca\/rita-villa\/","title":{"rendered":"Rita Vill\u00e0"},"content":{"rendered":"\n<div class=\"wp-block-media-text alignwide is-stacked-on-mobile has-primary-background-color has-background\" style=\"grid-template-columns:30% auto\"><figure class=\"wp-block-media-text__media\"><img decoding=\"async\" src=\"https:\/\/webs.uab.cat\/emigra\/wp-content\/uploads\/sites\/225\/2011\/12\/rita_foto_cv.preview.jpg\" alt=\"\"\/><\/figure><div class=\"wp-block-media-text__content\">\n<p class=\"has-small-font-size\"><strong>email: <\/strong><a rel=\"noopener\" href=\"mailto:Rita.Villa@uab.cat\" target=\"_blank\">Rita.Villa@uab.cat<\/a> &#8211; <br>Phone: +34 93 5868918\/+34 93 5868319<\/p>\n\n\n\n<p class=\"has-small-font-size\">Office 012 &#8211; MRA Parc de Recerca UAB, Ctra. Cerdanyola s\/n 08193 Bellaterra&nbsp; or<\/p>\n\n\n\n<p class=\"has-small-font-size\">Office B9-215 &#8211; Department of Social and Cultural Anthropology, Ctra. Cerdanyola s\/n 08193 Bellaterra<\/p>\n<\/div><\/div>\n\n\n\n<p>&nbsp;Doctora en Antropolog\u00eda Social, M\u00e0ster en Investigaci\u00f3 Etnogr\u00e0fica, Teoria Antropol\u00f2gica i Relacions Interculturals i licenciada en Antropologia Social i Cultural i en Ci\u00e8ncies de la Comunicaci\u00f3. \u00c9s investigadora postdoctoral i professora d&#8217;educaci\u00f3 secund\u00e0ria&nbsp;Va ser investigadora predoctoral FI-ICIP (Institut Catal\u00e0 Internacional per la Pau), i la seva tesi va investigar la participaci\u00f3 de l\u2019alumnat d\u2019origen estranger en la Mediaci\u00f3 Escolar, com a part del projecte del Llibre Blanc de la Mediaci\u00f3 a Catalunya, coordinat per Pompeu Casanoves, IDT-UAB, i encarregat per la Conselleria de Just\u00edcia de la Generalitat de Catalunya (2008-2010). \u00c9s membre del Centre d\u2019Estudis i Recerca en Migracions i al Center for Integrative Anti-Racism Studies, de l\u2019Ontario Institute of Studies in Education, University of Toronto (CIARS-OISE-UofT), on ha estat investigadora visitant de novembre de 2009 a abril de 2010, en el marc d\u2019una BE (Beques per Estades de Recerca fora de Catalunya), i durant tot el curs 2010-2011 en el marc de la seva formaci\u00f3 doctoral.&nbsp;<\/p>\n\n\n\n<p>Va obtenir un ajut F-JOVE (Ajuts a la formaci\u00f3 especialitzada per a investigadors i investigadores en mat\u00e8ria de joventut) en la convocat\u00f2ria del 2008&nbsp;i entre&nbsp;2005 i 2008 fou investigadora de l\u2019Institut d\u2019Inf\u00e0ncia i M\u00f3n Urb\u00e0 (CIIMU) on va participar en diverses recerques i en l&#8217;organitzaci\u00f3 de congressos i trobades cient\u00edfiques.<\/p>\n\n\n\n<p><strong>Participaci\u00f3 en projectes de recerca (selecci\u00f3):<\/strong><\/p>\n\n\n\n<p>&#8211; Mediaci\u00f3 en l\u2019\u00e0mbit escolar, \u00c0mbit 7 del Llibre Blanc de la Mediaci\u00f3 a Catalunya. &nbsp;Departament de Just\u00edcia, Generalitat de Catalunya. Setembre 2008 a Octubre 2010. IP: Dr. Pompeu Casanovas (IDT-UAB). IP de l\u2019\u00e0mbit 7: Dra. S\u00edlvia Carrasco<\/p>\n\n\n\n<p>&#8211; Tercer Informe de la Infancia y las Fam\u00edlia. Institut d\u2019Inf\u00e0ncia i M\u00f3n Urb\u00e0 de Barcelona. D\u2019octubre 2006 a febrer 2008. IP: Dra.Carme G\u00f3mez-Granell (dir) Dra. Cristina Brullet (dir.); IP \u00c0rea d\u2019Inf\u00e0ncia i Pobresa: Dr. Llu\u00eds Flaquer. IP \u00c0rea d\u2019Inf\u00e0ncia i Educaci\u00f3: Dra. Carme G\u00f3mez-Granell, Sr. Ram\u00f3n Casares<\/p>\n\n\n\n<p>&#8211; La Infancia en cifras (2) Institut d\u2019Inf\u00e0ncia i M\u00f3n Urb\u00e0 de Barcelona. De setembre 2006 a maig 2007. IP: Dra.Carme G\u00f3mez-Granell (dir) Dra. Cristina Brullet (dir.); IP \u00c0rea d\u2019Inf\u00e0ncia i Pobresa: Dr. Llu\u00eds Flaquer. IP \u00c0rea d\u2019Inf\u00e0ncia i Educaci\u00f3: Dra. Carme G\u00f3mez-Granell, Sr. Ram\u00f3n Casares<\/p>\n\n\n\n<p>&nbsp;&#8211; Convivencia y confrontaci\u00f3n entre iguales en los centros educativos de educaci\u00f3n secundaria. Oficina del S\u00edndic de Greuges de Catalunya. De octubre 2005 a setembre 2006. IP: Dra. Silvia Carrasco<\/p>\n\n\n\n<p>&#8211; Premsa escrita i immigraci\u00f3. Fundaci\u00f3 Jaume Bofill. D\u2019 octubre 2002 a octubre 2004. IP: Dr. Xavier Gir\u00f3<\/p>\n\n\n\n<p><strong>Beques i ajuts de recerca:<\/strong><\/p>\n\n\n\n<p>&#8211; Gener 2011 \u2013 Gener 2013. Ajut per a l&#8217;etapa de formaci\u00f3 i de recerca de personal investigador novell en els \u00e0mbits d&#8217;inter\u00e8s de l&#8217;Institut Catal\u00e0 Internacional per la Pau (FI-ICIP 2010) (Modalitat contracte)<\/p>\n\n\n\n<p>&#8211; Gener 2010 \u2013 Desembre 2010. Beca per a l&#8217;etapa de formaci\u00f3 i de recerca de personal investigador novell en els \u00e0mbits d&#8217;inter\u00e8s de l&#8217;Institut Catal\u00e0 Internacional per la Pau (FI-ICIP 2009)<\/p>\n\n\n\n<p>&#8211; Novembre 2009 \u2013 Abril 2010. Beca per estades de recerca fora de Catalunya (BE-DGR 2009). Estada al Centre for Integrative Anti-Racism Studies (CIARS) de l\u2019Ontario Institute for Studies in Education (OISE). University of Toronto<\/p>\n\n\n\n<p>&#8211; Juny 2009 \u2013 Agost 2009. Ajut a la formaci\u00f3 especialitzada per a investigadors i investigadores en mat\u00e8ria de joventut (FJOVE 2008).<\/p>\n\n\n\n<p>&#8211; Maig 2009 \u2013 Agost 2009. T\u00e8cnic de Suport a la Recerca. . A l\u2019equip ET7: Mediaci\u00f3 escolar, del projecte Llibre Blanc de la Mediaci\u00f3 a Catalunya.<\/p>\n\n\n\n<p>&#8211; Abril 2008- Maig 2009. Beca de Suport a la Recerca. A l\u2019 equip ET7: Mediaci\u00f3 escolar, del projecte Llibre Blanc de la Mediaci\u00f3 a Catalunya.<\/p>\n\n\n\n<p>&#8211; Setembre 2005 &#8211; Abril 2008. Beca de col\u00b7laboraci\u00f3 en investigaci\u00f3 per a la formaci\u00f3 de personal investigador del CIIMU (Consorci Institut d&#8217;Inf\u00e0ncia i M\u00f3n Urb\u00e0).<\/p>\n\n\n\n<p><strong>Contribucions a congressos:<\/strong><\/p>\n\n\n\n<p>&#8211; VII Congr\u00e9s de migracions internacionals a Espanya. Organitzat per Xenia \u2013 Grupo de investigaci\u00f3n en Migraciones, Alteridad y Desarrollo Humano. Universidad del Pa\u00eds Vasco. Bilbao 11-13 abril 2012. <em>Comunicaci\u00f3 acceptada<\/em><\/p>\n\n\n\n<p>&#8211; Colloque International <em>Violences \u00e0 l\u2019Ecole : Normes et professionnalit\u00e9s en questions<\/em>. Organitzat per RECIFES, Universit\u00e9 d\u2019Artois, Universit\u00e9 de Cergy-Pontoise, \u00c9MA. Arras, Fran\u00e7a, 14-15 desembre 2011. <em>Comunicaci\u00f3 presentada<\/em><\/p>\n\n\n\n<p>&#8211; ECER 2011- Berlin. European Conference on Educational Research. Organitzat per European Educational Research Association (EERA). Freie Universitat Berlin, Alemanya, 13-16 setembre 2011. <em>Comunicaci\u00f3 presentada<\/em><\/p>\n\n\n\n<p>&#8211; XII Congreso de Antropolog\u00eda. Lugares, tiempos memorias, la Antrpolog\u00eda Ib\u00e9rica en el siglo XXI. Convocat per FAAEE (Federaci\u00f3n de Asociaciones de Antropolog\u00eda del Estado Espa\u00f1ol). Le\u00f3n, Espanya, 6-9 setembre 2011.<em> Comunicaci\u00f3 presentada<\/em><\/p>\n\n\n\n<p>&#8211; 5th Annual Decolonizing the Spirit Conference: Land, Citizenship, Belonging, and the Place of the Spirit. Organitzat per CIARS (Center for Integrative Anti Racism Studies) \u2013 OISE \u2013 UofT. Toronto, Canad\u00e0, 25-26 mar\u00e7 2011. <em>Chair<\/em><\/p>\n\n\n\n<p>&#8211; I Congreso Internacional sobre las Migraciones en Andaluc\u00eda. Organitzat per Instituto de Migraciones \u2013 Universidad de Granada. Granada, Espanya, 16-18 febrer 2011. <em>Comunicaci\u00f3 presentada<\/em><\/p>\n\n\n\n<p>&#8211; VII Simposi Llengua, Educaci\u00f3 i Immigraci\u00f3. Conviv\u00e8ncia intercultural i educaci\u00f3 antiracista. Organitzat per ICE de UdG i ICE de UB. Girona, 18-19 novembre 2010. <em>Comunicaci\u00f3 presentada<\/em><\/p>\n\n\n\n<p>&#8211; II Congr\u00e9s Internacional D&#8217;etnografia i Educaci\u00f3 &#8220;Migracions i Ciutadanies&#8221;. <em>Organitzat per EMIGRA. UAB, 5-8 setembre 2007.<\/em> <em>Comunicaci\u00f3 presentada<\/em><\/p>\n\n\n\n<p><strong>Publicacions:<\/strong><\/p>\n\n\n\n<p><strong>Carrasco, S<\/strong>.; <strong>Vill\u00e0, R<\/strong>.; Ponferrada, M.; Casa\u00f1as, E. (2010) La mediaci\u00f3 escolar a Catalunya, in Casanovas, P., et al., coords., <em>Llibre Blanc de la mediaci\u00f3 a Catalunya: perspectives sociojur\u00eddiques<\/em>. Barcelona: Departament de Just\u00edcia, Generalitat de Catalunya &#8211; Editorial Huybens, pp 429-507 (Full report n. 8) <a title=\"http:\/\/www.llibreblancmediacio.com\/\" href=\"http:\/\/www.llibreblancmediacio.com\/\">http:\/\/www.llibreblancmediacio.com\/<\/a><\/p>\n\n\n\n<p><strong>Carrasco, S<\/strong><strong>.;<\/strong> Ponferrada, M.; <strong>Vill\u00e0, R.<\/strong> (2009) Mediaci\u00f3n en el \u00e1mbito escolar. Breve estado de la cuesti\u00f3n y reflexiones cr\u00edticas, a Casanovas, P. et al, coords, <em>Materiales del Libro Blanco de la&nbsp; Mediaci\u00f3n en Catalu\u00f1a<\/em>, Barcelona: Centre d&#8217;Estudis Jur\u00eddics i Formaci\u00f3 Especialitzada (cap\u00edtol)<\/p>\n\n\n\n<p>Brullet, C.; G\u00f3mez-Granell, C. (dir.); (2008). <em>Malestares. Infancia, adolescencia y familias<\/em>. GRAO, Barcelona (<strong>Rita Vill\u00e0<\/strong>, membre de l&#8217;equip de treball i redacci\u00f3)<\/p>\n\n\n\n<p><strong>Vill\u00e0, R. <\/strong>(2007). <em>Processos identit\u00e0ris i integraci\u00f3 social dels fills i filles d&#8217;immigrants a Catalunya: els estils juvenils i la orientaci\u00f3 escolar. <\/em><em>Una prospecci\u00f3 al Raval de Barcelona, un context de diversitat excepcional<\/em>. Master Thesis<\/p>\n\n\n\n<p><strong>Vill\u00e0, R. <\/strong>(2007) El trabajo etnogr\u00e1fico con adolescentes en la instituci\u00f3n escolar. Estereotipos y estilos juveniles en una investigaci\u00f3n en curso con hijos e hijas de inmigrantes. A EMIGRA Working Papers <a href=\"http:\/\/webs2002.uab.es\/antropologia\/emigra\/Working.html\">http:\/\/webs2002.uab.es\/antropologia\/emigra\/Working.html<\/a><\/p>\n\n\n\n<p>G\u00f3mez-Granell, C.; Buerba, N. (coor) (2007). <em>La Infancia<\/em><em> en Cifras (2).<\/em> Ministerio de Trabajo y Asuntos Sociales, Madrid (<strong>Rita Vill\u00e0<\/strong>, membre de l&#8217;equip de treball i redacci\u00f3)<\/p>\n\n\n\n<p>Carrasco, S.; G\u00f3mez-Granell, C. (dir); Ponferrada, M.; Mir\u00f3, M.; <strong>Vill\u00e0, R. <\/strong>(2007). <em>Convivencia i confrontaci\u00f3 entre iguals als centres educatius<\/em>. Monogr\u00e0fic 8. CIIMU, Barcelona<\/p>\n\n\n\n<p>Gir\u00f3, X. (dir) (2006) <em>Immigraci\u00f3 i premsa escrita<\/em>. Fundaci\u00f3 Jaume Bofill<em>, <\/em>Barcelona (<strong>Rita Vill\u00e0<\/strong>, membre de l&#8217;equip de treball i redacci\u00f3)<\/p>\n","protected":false},"excerpt":{"rendered":"<p>email: Rita.Villa@uab.cat &#8211; Phone: +34 93 5868918\/+34 93 5868319 Office 012 &#8211; MRA Parc de Recerca UAB, Ctra. Cerdanyola s\/n 08193 Bellaterra&nbsp; or Office B9-215 &#8211; Department of Social and Cultural Anthropology, Ctra. Cerdanyola s\/n 08193 Bellaterra &nbsp;Doctora en Antropolog\u00eda Social, M\u00e0ster en Investigaci\u00f3 Etnogr\u00e0fica, Teoria Antropol\u00f2gica i Relacions Interculturals i licenciada en Antropologia Social [&hellip;]<\/p>\n","protected":false},"author":20,"featured_media":0,"parent":0,"menu_order":0,"comment_status":"closed","ping_status":"closed","template":"","meta":{"footnotes":""},"class_list":["post-157","page","type-page","status-publish","hentry"],"_links":{"self":[{"href":"https:\/\/webs.uab.cat\/emigra\/ca\/wp-json\/wp\/v2\/pages\/157","targetHints":{"allow":["GET"]}}],"collection":[{"href":"https:\/\/webs.uab.cat\/emigra\/ca\/wp-json\/wp\/v2\/pages"}],"about":[{"href":"https:\/\/webs.uab.cat\/emigra\/ca\/wp-json\/wp\/v2\/types\/page"}],"author":[{"embeddable":true,"href":"https:\/\/webs.uab.cat\/emigra\/ca\/wp-json\/wp\/v2\/users\/20"}],"replies":[{"embeddable":true,"href":"https:\/\/webs.uab.cat\/emigra\/ca\/wp-json\/wp\/v2\/comments?post=157"}],"version-history":[{"count":1,"href":"https:\/\/webs.uab.cat\/emigra\/ca\/wp-json\/wp\/v2\/pages\/157\/revisions"}],"predecessor-version":[{"id":980,"href":"https:\/\/webs.uab.cat\/emigra\/ca\/wp-json\/wp\/v2\/pages\/157\/revisions\/980"}],"wp:attachment":[{"href":"https:\/\/webs.uab.cat\/emigra\/ca\/wp-json\/wp\/v2\/media?parent=157"}],"curies":[{"name":"wp","href":"https:\/\/api.w.org\/{rel}","templated":true}]}}