{"id":177,"date":"2010-03-04T21:56:47","date_gmt":"2010-03-04T19:56:47","guid":{"rendered":"https:\/\/webs.uab.cat\/emigra\/raul-hernandez-villasol\/"},"modified":"2022-10-17T20:48:47","modified_gmt":"2022-10-17T18:48:47","slug":"raul-hernandez-villasol","status":"publish","type":"page","link":"https:\/\/webs.uab.cat\/emigra\/ca\/raul-hernandez-villasol\/","title":{"rendered":"RA\u00daL HERN\u00c1NDEZ VILLASOL"},"content":{"rendered":"\n<div class=\"wp-block-media-text alignwide is-stacked-on-mobile has-background-background-color has-background\" style=\"grid-template-columns:30% auto\"><figure class=\"wp-block-media-text__media\"><img loading=\"lazy\" decoding=\"async\" width=\"405\" height=\"600\" src=\"https:\/\/webs.uab.cat\/emigra\/wp-content\/uploads\/sites\/225\/2010\/10\/2021-01-29_12.07.43.jpg\" alt=\"\" class=\"wp-image-246 size-full\" srcset=\"https:\/\/webs.uab.cat\/emigra\/wp-content\/uploads\/sites\/225\/2010\/10\/2021-01-29_12.07.43.jpg 405w, https:\/\/webs.uab.cat\/emigra\/wp-content\/uploads\/sites\/225\/2010\/10\/2021-01-29_12.07.43-203x300.jpg 203w\" sizes=\"auto, (max-width: 405px) 100vw, 405px\" \/><\/figure><div class=\"wp-block-media-text__content\">\n<p class=\"has-small-font-size\">Office B9-215 &#8211; Department of Social and Cultural Anthropology, Ctra. Cerdanyola s\/n 08193 Bellaterra &#8212; Phone: +34 93 5868918\/+34 93 5868319<\/p>\n\n\n\n<p class=\"has-small-font-size\"><a href=\"https:\/\/orcid.org\/0000-0001-9977-2411\" data-type=\"URL\" data-id=\"https:\/\/orcid.org\/0000-0001-9977-2411\">ORCID<\/a><\/p>\n\n\n\n<p class=\"has-small-font-size\">\u00c9s investigador postdoctoral Margarita Salas en el Departament de Ci\u00e8ncia Pol\u00edtica, Dret Constitucional i Filosofia del Dret en la Universitat de Barcelona. Doctor en Antropologia social i cultural per la Universitat Aut\u00f2noma de Barcelona. El seu camp de recerca \u00e9s l&#8217;antropologia de la joventut i l&#8217;adolesc\u00e8ncia en relaci\u00f3 amb la governan\u00e7a local, les pol\u00edtiques d&#8217;educaci\u00f3 i temps lliure, amb un enfocament centrat en la joventut migrant i pertanyent a minories.<\/p>\n\n\n\n<ul class=\"wp-block-social-links is-style-logos-only is-layout-flex wp-block-social-links-is-layout-flex\"><li class=\"wp-social-link wp-social-link-linkedin  wp-block-social-link\"><a rel=\"noopener nofollow\" target=\"_blank\" href=\"https:\/\/www.linkedin.com\/in\/raulhernandezvillasol\/\" class=\"wp-block-social-link-anchor\"><svg width=\"24\" height=\"24\" viewBox=\"0 0 24 24\" version=\"1.1\" xmlns=\"http:\/\/www.w3.org\/2000\/svg\" aria-hidden=\"true\" focusable=\"false\"><path d=\"M19.7,3H4.3C3.582,3,3,3.582,3,4.3v15.4C3,20.418,3.582,21,4.3,21h15.4c0.718,0,1.3-0.582,1.3-1.3V4.3 C21,3.582,20.418,3,19.7,3z M8.339,18.338H5.667v-8.59h2.672V18.338z M7.004,8.574c-0.857,0-1.549-0.694-1.549-1.548 c0-0.855,0.691-1.548,1.549-1.548c0.854,0,1.547,0.694,1.547,1.548C8.551,7.881,7.858,8.574,7.004,8.574z M18.339,18.338h-2.669 v-4.177c0-0.996-0.017-2.278-1.387-2.278c-1.389,0-1.601,1.086-1.601,2.206v4.249h-2.667v-8.59h2.559v1.174h0.037 c0.356-0.675,1.227-1.387,2.526-1.387c2.703,0,3.203,1.779,3.203,4.092V18.338z\"><\/path><\/svg><span class=\"wp-block-social-link-label screen-reader-text\">LinkedIn<\/span><\/a><\/li>\n\n<li class=\"wp-social-link wp-social-link-chain  wp-block-social-link\"><a rel=\"noopener nofollow\" target=\"_blank\" href=\"https:\/\/orcid.org\/0000-0001-9977-2411\" class=\"wp-block-social-link-anchor\"><svg width=\"24\" height=\"24\" viewBox=\"0 0 24 24\" version=\"1.1\" xmlns=\"http:\/\/www.w3.org\/2000\/svg\" aria-hidden=\"true\" focusable=\"false\"><path d=\"M15.6,7.2H14v1.5h1.6c2,0,3.7,1.7,3.7,3.7s-1.7,3.7-3.7,3.7H14v1.5h1.6c2.8,0,5.2-2.3,5.2-5.2,0-2.9-2.3-5.2-5.2-5.2zM4.7,12.4c0-2,1.7-3.7,3.7-3.7H10V7.2H8.4c-2.9,0-5.2,2.3-5.2,5.2,0,2.9,2.3,5.2,5.2,5.2H10v-1.5H8.4c-2,0-3.7-1.7-3.7-3.7zm4.6.9h5.3v-1.5H9.3v1.5z\"><\/path><\/svg><span class=\"wp-block-social-link-label screen-reader-text\">Enlla\u00e7<\/span><\/a><\/li>\n\n<li class=\"wp-social-link wp-social-link-mail  wp-block-social-link\"><a rel=\"noopener nofollow\" target=\"_blank\" href=\"mailto:&#104;v&#114;au&#108;&#064;gmail.&#099;om\" class=\"wp-block-social-link-anchor\"><svg width=\"24\" height=\"24\" viewBox=\"0 0 24 24\" version=\"1.1\" xmlns=\"http:\/\/www.w3.org\/2000\/svg\" aria-hidden=\"true\" focusable=\"false\"><path d=\"M19,5H5c-1.1,0-2,.9-2,2v10c0,1.1.9,2,2,2h14c1.1,0,2-.9,2-2V7c0-1.1-.9-2-2-2zm.5,12c0,.3-.2.5-.5.5H5c-.3,0-.5-.2-.5-.5V9.8l7.5,5.6,7.5-5.6V17zm0-9.1L12,13.6,4.5,7.9V7c0-.3.2-.5.5-.5h14c.3,0,.5.2.5.5v.9z\"><\/path><\/svg><span class=\"wp-block-social-link-label screen-reader-text\">Correu electr\u00f2nic<\/span><\/a><\/li><\/ul>\n<\/div><\/div>\n\n\n\n<p class=\"has-secondary-color has-text-color has-small-font-size\"><\/p>\n","protected":false},"excerpt":{"rendered":"","protected":false},"author":20,"featured_media":0,"parent":0,"menu_order":0,"comment_status":"closed","ping_status":"closed","template":"","meta":{"footnotes":""},"class_list":["post-177","page","type-page","status-publish","hentry"],"_links":{"self":[{"href":"https:\/\/webs.uab.cat\/emigra\/ca\/wp-json\/wp\/v2\/pages\/177","targetHints":{"allow":["GET"]}}],"collection":[{"href":"https:\/\/webs.uab.cat\/emigra\/ca\/wp-json\/wp\/v2\/pages"}],"about":[{"href":"https:\/\/webs.uab.cat\/emigra\/ca\/wp-json\/wp\/v2\/types\/page"}],"author":[{"embeddable":true,"href":"https:\/\/webs.uab.cat\/emigra\/ca\/wp-json\/wp\/v2\/users\/20"}],"replies":[{"embeddable":true,"href":"https:\/\/webs.uab.cat\/emigra\/ca\/wp-json\/wp\/v2\/comments?post=177"}],"version-history":[{"count":5,"href":"https:\/\/webs.uab.cat\/emigra\/ca\/wp-json\/wp\/v2\/pages\/177\/revisions"}],"predecessor-version":[{"id":1084,"href":"https:\/\/webs.uab.cat\/emigra\/ca\/wp-json\/wp\/v2\/pages\/177\/revisions\/1084"}],"wp:attachment":[{"href":"https:\/\/webs.uab.cat\/emigra\/ca\/wp-json\/wp\/v2\/media?parent=177"}],"curies":[{"name":"wp","href":"https:\/\/api.w.org\/{rel}","templated":true}]}}