{"id":181,"date":"2010-03-04T21:58:11","date_gmt":"2010-03-04T19:58:11","guid":{"rendered":"https:\/\/webs.uab.cat\/emigra\/laia-narciso-pedro\/"},"modified":"2023-03-15T18:43:05","modified_gmt":"2023-03-15T16:43:05","slug":"laia-narciso-pedro","status":"publish","type":"page","link":"https:\/\/webs.uab.cat\/emigra\/ca\/laia-narciso-pedro\/","title":{"rendered":"LAIA NARCISO PEDRO"},"content":{"rendered":"\n<div class=\"wp-block-media-text alignwide is-stacked-on-mobile\"><figure class=\"wp-block-media-text__media\"><img loading=\"lazy\" decoding=\"async\" width=\"722\" height=\"1024\" src=\"https:\/\/webs.uab.cat\/emigra\/wp-content\/uploads\/sites\/225\/2023\/03\/laia-722x1024.jpg\" alt=\"\" class=\"wp-image-1164 size-full\" srcset=\"https:\/\/webs.uab.cat\/emigra\/wp-content\/uploads\/sites\/225\/2023\/03\/laia-722x1024.jpg 722w, https:\/\/webs.uab.cat\/emigra\/wp-content\/uploads\/sites\/225\/2023\/03\/laia-212x300.jpg 212w, https:\/\/webs.uab.cat\/emigra\/wp-content\/uploads\/sites\/225\/2023\/03\/laia-768x1089.jpg 768w, https:\/\/webs.uab.cat\/emigra\/wp-content\/uploads\/sites\/225\/2023\/03\/laia.jpg 903w\" sizes=\"auto, (max-width: 722px) 100vw, 722px\" \/><\/figure><div class=\"wp-block-media-text__content\">\n<p class=\"has-small-font-size\">Antrop\u00f2loga i educadora social. Laia Narciso \u00e9s Doctora en Antropologia Social i Cultural (2018), M\u00e0ster en Antropologia Social (2013) i M\u00e0ster en Migracions Contempor\u00e0nies (2012) per la Universitat Aut\u00f2noma de Barcelona. Actualment, professora associada al Departament d\u2019Antropologia Social i Cultural de la UAB, investigadora del Centre d\u2019Estudis i Recerca en Migracions (CER-M) \u2013 Grup EMIGRA i coordinadora de l\u2019\u00e0rea d\u2019inf\u00e0ncia i joventut de l\u2019entitat Europa Sense Murs. Ha participat en projectes competitius internacionals i nacionals a l\u2019\u00e0mbit de la joventut, les minories i la desigualtat social i educativa. Va ser membre del projecte \u201cReducing Early School Leaving in the EU\u201d (RESL.eu SSH 2012-1, 320223) en el marc del qual va realitzar la seva tesi doctoral centrada a desvetllar les condicions d\u2019incorporaci\u00f3 social dels fills d\u2019immigrants negre-africans a Catalunya des d\u2019una perspectiva interseccional i etnogr\u00e0fica. La seva \u00e0mplia experi\u00e8ncia com a docent en estudis superiors inclou Introducci\u00f3 a l\u2019Antropologia Social, Antropologia del G\u00e8nere i Intervenci\u00f3 Social i Antropologia Aplicada a nivell de grau i postgrau. Participa activament a confer\u00e8ncies, tallers i seminaris acad\u00e8mics i pol\u00edtics. \u00c9s tamb\u00e9 experta i formadora en metodologia qualitativa i gesti\u00f3 de CAQDAS.\u00a0<\/p>\n\n\n\n<div class=\"wp-block-columns is-layout-flex wp-container-core-columns-is-layout-9d6595d7 wp-block-columns-is-layout-flex\">\n<div class=\"wp-block-column is-layout-flow wp-block-column-is-layout-flow\">\n<pre class=\"wp-block-preformatted\">Department of Social and Cultural Anthropology\nCtra. Cerdanyola s\/n 08193 Bellaterra\nOffice B9-215\n+34 93 5811239<\/pre>\n<\/div>\n<\/div>\n<\/div><\/div>\n\n\n\n<p><a href=\"https:\/\/orcid.org\/0000-0001-9582-7294\">https:\/\/orcid.org\/0000-0001-9582-7294<\/a><\/p>\n\n\n\n<p><a href=\"https:\/\/portalrecerca.uab.cat\/en\/persons\/laia-narciso-pedro-2\">https:\/\/portalrecerca.uab.cat\/en\/persons\/laia-narciso-pedro-2<\/a><\/p>\n\n\n\n<p>Actualment est\u00e0 involucrada en diferents projectes d\u2019intervenci\u00f3 social i an\u00e0lisi de pol\u00edtiques p\u00fabliques aplicant una perspectiva socioantropol\u00f2gica, principalment als camps de la desigualtat social, inf\u00e0ncia\/joventut, minories i estudis de g\u00e8nere. Antrop\u00f3loga y educadora social. Laia Narciso es Doctora en Antropolog\u00eda Social y Cultural (2018), Master en Antropolog\u00eda Social (2013) y Master en Migraciones Contempor\u00e1neas (2012) por la Universidad Aut\u00f3noma de Barcelona. Actualmente, profesora asociada al Departamento de Antropolog\u00eda Social y Cultural de la UAB e investigadora del Centro de Estudios e Investigaci\u00f3n en Migraciones (CER-M)\u2013 Grupo EMIGRA y coordinadora del \u00e1rea de infancia y juventud de la entidad \u201cEuropa Sense Murs\u201d. Ha participado en proyectos competitivos internacionales y nacionales en el \u00e1mbito de la juventud, las minor\u00edas y la desigualdad social y educativa. Fue miembro del proyecto \u201cReducing Early School Leaving in the EU\u201d (RESL.eu SSH 2012-1, 320223) en el cual realiz\u00f3 su tesis doctoral centrada en desvelar las condiciones de incorporaci\u00f3n social de los hijos de inmigrantes negros africanos en Catalu\u00f1a desde un enfoque interseccional y etnogr\u00e1fico. Su amplia experiencia como docente en estudios superiores incluye Introducci\u00f3n a la Antropolog\u00eda Social, Antropolog\u00eda del G\u00e9nero e Intervenci\u00f3n Social y Antropolog\u00eda Aplicada, a nivel de grado y posgrado. Participa activamente en conferencias, talleres y seminarios acad\u00e9micos y pol\u00edticos. Tambi\u00e9n es experta y formadora en metodolog\u00eda cualitativa y gesti\u00f3n de CAQDAS. Actualmente est\u00e1 involucrada en distintos proyectos de intervenci\u00f3n social y an\u00e1lisis de pol\u00edticas p\u00fablicas aplicando una perspectiva socio-antropol\u00f3gica, principalmente en los campos de la desigualdad social, infancia\/juventud, minor\u00edas y estudios de g\u00e9nero. nthropologist and social educator. Laia Narciso holds a PhD (2018), a MSc (2013) in Social Anthropology and a MA (2012) in Migration studies (Universitat Aut\u00f2noma de Barcelona, Spain). She is a lecturer in Social Anthropology at the UAB and a researcher of the Centre for Migration Studies \u2013 EMIGRA, UAB. She has participated in several competitive international and national projects in the field of youth, minorities and social and educational in\/equality. She was a member of the project \u201cReducing Early School Leaving in the EU\u201d (RESL.eu SSH 2012-1, 320223) where she carried out her dissertation focused on unveiling the conditions of social incorporation of the children of Black African immigrants to Catalonia from an intersectional and ethnographic approach. Her teaching experience includes Gender Anthropology, Anthropology and public policies and Anthropology of Education at undergraduate and graduate levels and actively participates in academic and policy conferences, workshops and seminars. She is also an expert methodologist and trainer in qualitative research and CAQDAS management. She is currently involved in several projects in the areas of public policy analysis, minorities and gender studies, children\/youth and in\/equality.<\/p>\n\n\n\n<div class=\"wp-block-media-text alignwide is-stacked-on-mobile\"><figure class=\"wp-block-media-text__media\"><\/figure><div class=\"wp-block-media-text__content\">\n<p class=\"has-large-font-size\"><\/p>\n<\/div><\/div>\n\n\n\n<div class=\"wp-block-media-text alignwide is-stacked-on-mobile\"><figure class=\"wp-block-media-text__media\"><\/figure><div class=\"wp-block-media-text__content\">\n<p class=\"has-large-font-size\"><\/p>\n<\/div><\/div>\n\n\n\n<div class=\"wp-block-media-text alignwide is-stacked-on-mobile\"><figure class=\"wp-block-media-text__media\"><\/figure><div class=\"wp-block-media-text__content\">\n<p class=\"has-large-font-size\"><\/p>\n<\/div><\/div>\n","protected":false},"excerpt":{"rendered":"<p>https:\/\/orcid.org\/0000-0001-9582-7294 https:\/\/portalrecerca.uab.cat\/en\/persons\/laia-narciso-pedro-2 Actualment est\u00e0 involucrada en diferents projectes d\u2019intervenci\u00f3 social i an\u00e0lisi de pol\u00edtiques p\u00fabliques aplicant una perspectiva socioantropol\u00f2gica, principalment als camps de la desigualtat social, inf\u00e0ncia\/joventut, minories i estudis de g\u00e8nere. Antrop\u00f3loga y educadora social. Laia Narciso es Doctora en Antropolog\u00eda Social y Cultural (2018), Master en Antropolog\u00eda Social (2013) y Master en Migraciones [&hellip;]<\/p>\n","protected":false},"author":20,"featured_media":0,"parent":0,"menu_order":0,"comment_status":"closed","ping_status":"closed","template":"","meta":{"footnotes":""},"class_list":["post-181","page","type-page","status-publish","hentry"],"_links":{"self":[{"href":"https:\/\/webs.uab.cat\/emigra\/ca\/wp-json\/wp\/v2\/pages\/181","targetHints":{"allow":["GET"]}}],"collection":[{"href":"https:\/\/webs.uab.cat\/emigra\/ca\/wp-json\/wp\/v2\/pages"}],"about":[{"href":"https:\/\/webs.uab.cat\/emigra\/ca\/wp-json\/wp\/v2\/types\/page"}],"author":[{"embeddable":true,"href":"https:\/\/webs.uab.cat\/emigra\/ca\/wp-json\/wp\/v2\/users\/20"}],"replies":[{"embeddable":true,"href":"https:\/\/webs.uab.cat\/emigra\/ca\/wp-json\/wp\/v2\/comments?post=181"}],"version-history":[{"count":2,"href":"https:\/\/webs.uab.cat\/emigra\/ca\/wp-json\/wp\/v2\/pages\/181\/revisions"}],"predecessor-version":[{"id":1183,"href":"https:\/\/webs.uab.cat\/emigra\/ca\/wp-json\/wp\/v2\/pages\/181\/revisions\/1183"}],"wp:attachment":[{"href":"https:\/\/webs.uab.cat\/emigra\/ca\/wp-json\/wp\/v2\/media?parent=181"}],"curies":[{"name":"wp","href":"https:\/\/api.w.org\/{rel}","templated":true}]}}