{"id":197,"date":"2010-03-21T16:20:25","date_gmt":"2010-03-21T14:20:25","guid":{"rendered":"https:\/\/webs.uab.cat\/emigra\/tesis\/"},"modified":"2010-03-21T16:20:25","modified_gmt":"2010-03-21T14:20:25","slug":"tesis","status":"publish","type":"page","link":"https:\/\/webs.uab.cat\/emigra\/ca\/tesis\/","title":{"rendered":"M\u00e0sters i Doctorats"},"content":{"rendered":"<h3><strong>EMIGRA <\/strong>co-organitza i participa en&nbsp;programes de M\u00e0ster i&nbsp;Doctorat de la UAB<\/h3>\n<p><strong>MASTERS<\/strong><\/p>\n<p>El <strong>M\u00e1ster Interuniversitario en Migraciones Contempor\u00e1neas<\/strong> con sus dos opciones de especializaci\u00f3n en Gesti\u00f3n de la diversidad y cohesi\u00f3n social y en Derechos e integraci\u00f3n, y el Postgrado Interuniversitario en Inmigraci\u00f3n: Derechos y Cohesi\u00f3n Social conforman una oferta de t\u00edtulos interuniversitarios y multidisciplinares de postgrado que ofrecen una s\u00f3lida formaci\u00f3n te\u00f3rica y pr\u00e1ctica a profesionales que quieran dedicarse a la gesti\u00f3n de las migraciones y de la diversidad, o la investigaci\u00f3n en el campo de las migraciones internacionales. Se trata de un <strong>m\u00e1ster propio de car\u00e1cter profesional.<\/strong><\/p>\n<p><a href=\"https:\/\/www.uab.cat\/web\/postgrado\/master-en-interuniversitario-en-migraciones-contemporaneas\/informacion-general-1206597472083.html\/param1-1759_es\/param2-2009\/\">https:\/\/www.uab.cat\/web\/postgrado\/master-en-interuniversitario-en-migraciones-contemporaneas\/informacion-general-1206597472083.html\/param1-1759_es\/param2-2009\/<\/a><\/p>\n<hr \/>\n<p>El <strong>M\u00e1ster en Antropolog\u00eda: Investigaci\u00f3n Avanzada e Intervenci\u00f3n Social<\/strong> tiene como objetivo la formaci\u00f3n para la investigaci\u00f3n etnogr\u00e1fica y la intervenci\u00f3n en contextos de relaciones interculturales. Comprender la <strong>diversidad cultural<\/strong> en toda su complejidad es una herramienta indispensable para la trabajar en&nbsp;una amplia variedad de temas&nbsp;como la migraci\u00f3n y las relaciones transnacionales, el desarrollo, la educaci\u00f3n, el consumo, la pobreza y la marginalizaci\u00f3n, la salud, la procreaci\u00f3n y las relaciones de g\u00e9nero, as\u00ed como la relaci\u00f3n que los seres humanos tienen con el espacio y el medio ambiente, entre otros.&nbsp;Este es un <strong>m\u00e1ster acad\u00e9mico&nbsp;<\/strong>que permite&nbsp;acceder al Doctorado. El m\u00e1ster consta de:<\/p>\n<ul>\n<li>Dos m\u00f3dulos comunes:&nbsp;<em>Perspectivas de Investigaci\u00f3n e Intervenci\u00f3n Socioantropol\u00f3gicas<\/em> y <em>Seminario de Investigaci\u00f3n<\/em>.<\/li>\n<li>Tres especialidades:&nbsp;<em>Investigaci\u00f3n Etnogr\u00e1fica y Transcultural<\/em> (investigaci\u00f3n), <em>Intervenci\u00f3n Sociocultural y Socioambiental<\/em> (profesional) y <em>Espacios y Relaciones Transnacionales<\/em> (investigaci\u00f3n).<\/li>\n<\/ul>\n<p><a href=\"https:\/\/www.uab.cat\/web\/estudiar\/la-oferta-de-masteres-oficiales\/informacion-general\/antropologia-investigacion-avanzada-e-intervencion-social-1096480309770.html?param1=1345648439250\">https:\/\/www.uab.cat\/web\/estudiar\/la-oferta-de-masteres-oficiales\/informacion-general\/antropologia-investigacion-avanzada-e-intervencion-social-1096480309770.html?param1=1345648439250<\/a><\/p>\n<hr \/>\n<p>El <strong>M\u00e1ster Europeo en<\/strong> <strong>Antropolog\u00eda Social y Cultural \/ European Master in Social and Cultural Anthropology<\/strong>&nbsp;<strong>CREOLE <\/strong>es el primer m\u00e1ster interuniversitario sobre Antropolog\u00eda Social y Cultural con una dimensi\u00f3n europea. Este m\u00e1ster es fruto de la colaboraci\u00f3n de los departamentos de Antropolog\u00eda de la UAB, la National University of Ireland-Maynooth (Irlanda), la Stockholms Universitet (Suecia), la Universit\u00e9 Lumi\u00e8re Lyon 2 (Francia) y la Univerza v Ljubljani (Eslovenia).&nbsp;El objetivo del este m\u00e1ster&nbsp;es formar investigadores especializados en el estudio de las diferencias culturales, los procesos transnacionales y las nuevas formas de identidad.&nbsp;Este \u00e9s un <strong>m\u00e1ster acad\u00e9mico&nbsp;<\/strong>que permite&nbsp;acceder al Doctorado.<\/p>\n<p><a href=\"https:\/\/www.uab.cat\/web\/estudiar\/la-oferta-de-masteres-oficiales\/informacion-general-1096480309770.html?param1=1204184265007\">https:\/\/www.uab.cat\/web\/estudiar\/la-oferta-de-masteres-oficiales\/informacion-general-1096480309770.html?param1=1204184265007<\/a>.<\/p>\n<hr \/>\n<p><strong>DOCTORAT<\/strong><\/p>\n<p>Programa de Doctorado&nbsp;en <strong>Antropologia<\/strong>:&nbsp;<a href=\"https:\/\/www.uab.cat\/web\/postgrado\/doctorados\/todos-los-doctorados\/informacion-general\/antropologia-social-y-cultural-1345467765424.html?param2=1345662165182\">https:\/\/www.uab.cat\/web\/postgrado\/doctorados\/todos-los-doctorados\/informacion-general\/antropologia-social-y-cultural-1345467765424.html?param2=1345662165182<\/a><\/p>\n<p>&nbsp;<\/p>\n","protected":false},"excerpt":{"rendered":"<p>EMIGRA co-organitza i participa en&nbsp;programes de M\u00e0ster i&nbsp;Doctorat de la UAB MASTERS El M\u00e1ster Interuniversitario en Migraciones Contempor\u00e1neas con sus dos opciones de especializaci\u00f3n en Gesti\u00f3n de la diversidad y cohesi\u00f3n social y en Derechos e integraci\u00f3n, y el Postgrado Interuniversitario en Inmigraci\u00f3n: Derechos y Cohesi\u00f3n Social conforman una oferta de t\u00edtulos interuniversitarios y multidisciplinares [&hellip;]<\/p>\n","protected":false},"author":20,"featured_media":0,"parent":0,"menu_order":0,"comment_status":"closed","ping_status":"closed","template":"","meta":{"footnotes":""},"class_list":["post-197","page","type-page","status-publish","hentry"],"_links":{"self":[{"href":"https:\/\/webs.uab.cat\/emigra\/ca\/wp-json\/wp\/v2\/pages\/197","targetHints":{"allow":["GET"]}}],"collection":[{"href":"https:\/\/webs.uab.cat\/emigra\/ca\/wp-json\/wp\/v2\/pages"}],"about":[{"href":"https:\/\/webs.uab.cat\/emigra\/ca\/wp-json\/wp\/v2\/types\/page"}],"author":[{"embeddable":true,"href":"https:\/\/webs.uab.cat\/emigra\/ca\/wp-json\/wp\/v2\/users\/20"}],"replies":[{"embeddable":true,"href":"https:\/\/webs.uab.cat\/emigra\/ca\/wp-json\/wp\/v2\/comments?post=197"}],"version-history":[{"count":0,"href":"https:\/\/webs.uab.cat\/emigra\/ca\/wp-json\/wp\/v2\/pages\/197\/revisions"}],"wp:attachment":[{"href":"https:\/\/webs.uab.cat\/emigra\/ca\/wp-json\/wp\/v2\/media?parent=197"}],"curies":[{"name":"wp","href":"https:\/\/api.w.org\/{rel}","templated":true}]}}