{"id":258,"date":"2010-12-30T11:44:57","date_gmt":"2010-12-30T09:44:57","guid":{"rendered":"https:\/\/webs.uab.cat\/emigra\/charo-reyes\/"},"modified":"2025-03-24T17:31:05","modified_gmt":"2025-03-24T15:31:05","slug":"charo-reyes","status":"publish","type":"page","link":"https:\/\/webs.uab.cat\/emigra\/ca\/charo-reyes\/","title":{"rendered":"Charo Reyes"},"content":{"rendered":"\n<p><strong>email:<\/strong><strong> charoizq@gmail.com<\/strong> &#8211; Phone: +34 93 5868319<\/p>\n\n\n\n<p>Office B9-215 &#8211; Department of Social and Cultural Anthropology, Ctra. Cerdanyola s\/n 08193 Bellaterra<\/p>\n\n\n\n<p>Doctora en Antropologia Social (2018), M\u00e0ster en Investigaci\u00f3 Etnogr\u00e0fica, Teoria antropol\u00f2gica i Comparaci\u00f3 intercultural (2010), i Llicenciada en Antropologia Social i Cultural i Filologia Cl\u00e0ssica per la Universitat Aut\u00f2noma de Barcelona. Ha estat professora d\u2019ensenyament secundari pel Departament d\u2019Educaci\u00f3 de Generalitat des del 2007 i tamb\u00e9 s\u2019ha dedicat a l\u2019ensenyament del castell\u00e0 i el catal\u00e0 com a segona llegua tant amb adolescents com amb adults.<\/p>\n\n\n\n<p>\u00c9s membre del grup de recerca EMIGRA del Departament d\u2019Antropologia Social i Cultural de la UAB des de 2010 i del <a href=\"http:\/\/centresderecerca.uab.cat\/migracions\/\" target=\"_blank\" rel=\"noopener\">Centre d\u2019Estudis i Recerca en Migracions<\/a> de la mateixa universitat.<\/p>\n\n\n\n<p>Ha realitzat estada de recerca a la universitat de Londres Goldsmiths College a m\u00e9s d&#8217;estades anteriors en entorns pluriling\u00fces tamb\u00e9 a Esc\u00f2cia i el Marroc.<\/p>\n\n\n\n<p>Ha estat investigadora predoctoral (FPI) del projecte <em>La movilidad del alumnado en la RMB: tipos, procesos y tendencias<\/em>&nbsp; (MINECO, Plan nacional I+D+I), en el marc del qual ha fet la seva tesi doctoral titulada <em>Repertorios comunicativos del alumnado de origen extranjero. M\u00e1s all\u00e1 de los l\u00edmites escolares<\/em>, on ha investigat les relacions entre diferents entorns d&#8217;aprenentatge de les lleng\u00fces, el pluriling\u00fcisme i les condicions d&#8217;integraci\u00f3 educativa i social entre joves d&#8217;origen immigrant afric\u00e0 a Catalunya i el paper de mobilitat. Tamb\u00e9 ha realitzat projectes de recerca col\u00b7laborativa amb professorat i alumnat sobre l&#8217;experi\u00e8ncia i les possibilitats de l&#8217;aprenentatge pluriling\u00fce en entorns escolars multiling\u00fces i multiculturals. Actualment participa en el projecte ORALPHA.<\/p>\n\n\n\n<p><strong>Participaci\u00f3 a projectes<\/strong><\/p>\n\n\n\n<p><strong>ORALPHA. <\/strong>Literacy of refugees and new citizens. Spain, Poland, Italy, Germany, Bulgaria. ERASMUS+ Cooperation for Innovation and the Exchange of Good Practices. KA204 2017-1-ES01-KA204-038450. IP UAB Silvia Carrasco.<\/p>\n\n\n\n<p><strong>TRANS-EMIGRA<\/strong>: Migraciones y espacios transnacionales de educaci\u00f3n: construcci\u00f3n de la identidad de las ni\u00f1as y parentalidad en las familias marroqu\u00edes, pakistan\u00edes y senegambianas en Espa\u00f1a (2016-2019). MINECO Excelencia y Retos I+D+i MO08748. IPs: Dra. Montserrat Rif\u00e0 y Dra. Marta Bertran<\/p>\n\n\n\n<p><strong>PROJECTES RECENTS:&nbsp;<\/strong><\/p>\n\n\n\n<p><strong>RESL.eu. <\/strong>Reducing Early School Leaving in Europe.7th FP European Commission (2013-2018) Coordinadora: Dra. Christianne Timmerman, University of Antwerp. 30 investigadors.<\/p>\n\n\n\n<p><strong>MOVIBAR <\/strong>La movilidad del alumnado y su impacto en la escolarizaci\u00f3n en la regi\u00f3n metropolitana de Barcelona: tipos,procesos y tendencias&#8221;&#8221; Grupo EMIGRA. (2013-12015) MINECO Plan Nacional I+D+i CSO 2012-34285 IP: Dra. Silvia Carrasco. 10 investigadors.<\/p>\n\n\n\n<p><strong>Publicacions: <\/strong><\/p>\n\n\n\n<p><strong>Reyes, Ch<\/strong>.&nbsp; El repertorio ling\u00fc\u00edstico de alumnado de origen inmigrante de una escuela de educaci\u00f3n secundaria en un contexto de super-diversidad. M\u00e1s all\u00e1 de la inmersi\u00f3n ling\u00fc\u00edstica.(fortcoming)<\/p>\n\n\n\n<p><strong>Reyes, Ch<\/strong>.; Carrasco, S. (2018). Unintended effects of language policy on the transition of immigrant students to upper secondary education in Catalonia, <em>European Journal of Education, <\/em>vol. 52 (2) (forthcoming)<\/p>\n\n\n\n<p><strong>Reyes, Ch.<\/strong> (2018). Conducting ethnographic research in two Catalonian schools. The challenges of researching in multilingual spaces. In Gibb, R., Tremlett, A. and Danero Iglesias J. (eds.) Learning and Using Languages in Ethnographic Research. Multilingual Matters.<\/p>\n\n\n\n<p><strong>Reyes, Ch.<\/strong> (2017). Etnografiando formas de aprendizaje, participaci\u00f3n y agencia en la escuela y la mezquita. Revista Complutense de Educaci\u00f3n. 28 (3), 35-52.<\/p>\n\n\n\n<p><strong>Reyes, Ch. <\/strong>(2013). Literacy beyond school: Literacy learning strategies in the mosque and in the school <em>Emigra Working Papers<\/em>, n\u00fam. 135.<\/p>\n\n\n<style>html[dir=\"rtl\"] .wpml-language-switcher-block .wpml-ls-dropdown ul li.wp-block-navigation-submenu .wp-block-navigation-submenu__toggle img{margin-left:12px}html[dir=\"rtl\"] .wpml-language-switcher-block .wpml-ls-dropdown ul li.wp-block-navigation-submenu ul.isHorizontal li{text-align:right}html[dir=\"rtl\"] .wpml-language-switcher-block .wpml-ls-dropdown ul li.wp-block-navigation-submenu ul.isHorizontal li a img{margin-left:12px}.wpml-language-switcher-block{display:flex;box-sizing:border-box;width:100% !important}.wpml-language-switcher-block>.wp-block-navigation-item,.wpml-language-switcher-block>.wp-block-navigation-item>div{display:flex;width:100% !important}.wpml-language-switcher-block .wp-block-navigation__container{background:unset !important}.wpml-language-switcher-block .hide-arrow .wp-block-navigation__submenu-icon{display:none}.wpml-language-switcher-block .wpml-ls-dropdown ul li button{padding:0}.wpml-language-switcher-block .wpml-ls-dropdown ul li button+.isHorizontal{min-width:inherit !important}.wpml-language-switcher-block .wpml-ls-dropdown ul li button+.isHorizontal li{width:inherit !important}.wpml-language-switcher-block .wpml-ls-dropdown ul li button+.isHorizontal li a{display:flex;align-items:center;min-width:max-content}.wpml-language-switcher-block .wpml-ls-dropdown ul li.wp-block-navigation-submenu ul.isHorizontal{margin:0;min-width:inherit !important}.wpml-language-switcher-block .wpml-ls-dropdown ul li.wp-block-navigation-submenu ul.isHorizontal li{width:inherit !important;text-align:left}.wpml-language-switcher-block .wpml-ls-dropdown ul li.wp-block-navigation-submenu ul.isHorizontal li a{display:flex;align-items:center;min-width:max-content}.wpml-language-switcher-block ul{list-style-type:none !important;padding:0 !important;width:100%}.wpml-language-switcher-block ul li{margin:0}.wpml-language-switcher-block ul li>a.wp-block-navigation-item__content:focus{outline:1px solid #2F7D92}.wpml-language-switcher-block ul li.is-focused{outline:1px solid #2F7D92}.wpml-language-switcher-block ul.wp-block-navigation__submenu-container{border:inherit !important;background-color:unset !important;min-width:unset !important}.wpml-language-switcher-block ul.wp-block-navigation__submenu-container .wp-block-navigation-item{border-radius:0 !important}.wpml-language-switcher-block ul.wp-block-navigation__submenu-container .wp-block-navigation-item a{display:flex;align-items:center;min-width:max-content;padding:1px}.wpml-language-switcher-block ul.horizontal-list{display:flex;flex-direction:row;align-items:center;justify-content:flex-start;margin:0 !important;gap:1em !important}.wpml-language-switcher-block ul.horizontal-list li{display:inline-block;margin:0;line-height:100%}.wpml-language-switcher-block ul.horizontal-list li a{line-height:100%}.wpml-language-switcher-block ul.center-justify{justify-content:center}.wpml-language-switcher-block ul.center-justify .wp-block-navigation-item{justify-content:center}.wpml-language-switcher-block ul.right-justify{justify-content:right}.wpml-language-switcher-block ul.right-justify .wp-block-navigation-item{justify-content:right}.wpml-language-switcher-block ul.space_between-justify{justify-content:space-between}.wpml-language-switcher-block ul.space_between-justify li>div{white-space:nowrap}.wpml-language-switcher-block .hasHoverColor:hover{color:var(--hover-color) !important}.wpml-language-switcher-block .hasHoverBackgroundColor:hover{background-color:var(--hover-background-color) !important}.wpml-language-switcher-block ul.isHorizontal{padding-left:0;list-style:none}.wpml-language-switcher-block ul.isHorizontal li{display:inline;margin-left:0}.wpml-language-switcher-block ul.isHorizontal li div{display:inline-block}.wpml-language-switcher-block ul.hasSpacing.isHorizontal li:not(:last-child){margin-right:var(--language-spacing) !important}.wpml-language-switcher-block ul.hasSpacing.isVertical li:not(:last-child){margin-bottom:var(--language-spacing) !important}.wpml-language-switcher-block ul.hasSpacing.isVertical .wp-block-navigation-item>div,.wpml-language-switcher-block ul.hasSpacing.isVertical .wp-block-navigation-item>div>a{display:inline-flex;align-items:center}.wpml-language-switcher-block .hasHoverColor:hover{color:var(--hover-color) !important}.wpml-language-switcher-block .hasHoverBackgroundColor:hover{background-color:var(--hover-background-color) !important}.wpml-language-switcher-block .hasFontSize{font-size:var(--font-size) !important}.wpml-language-switcher-block .hasLetterSpacing{letter-spacing:var(--letter-spacing) !important}.wpml-language-switcher-block .hasTextTransform{text-transform:var(--text-transform) !important}.wpml-language-switcher-block .hasFontFamily{font-family:var(--font-family) !important}.wpml-ls-flag{display:inline-block}.wpml-ls-flag-style-btn{border:0px transparent;padding-top:3px !important}.wpml-ls-flag-style-btn.black-bg{background-color:black}.wpml-ls-flag-style-btn.transparent-bg{background-color:transparent}.wpml-ls-control-row{border:solid 1px #949494;border-radius:2px;margin-bottom:8px}.wpml-ls-control-row-with-padding{padding:1px}.wpml-ls-number-control{max-width:100%;width:100%}.wpml-ls-slider-control-alert{margin-top:5px !important}.wpml-ls-slider .ant-slider-track{background-color:#3858E9}.wpml-ls-slider .ant-slider-handle{border:solid 1px black}.wpml-ls-control-blue{color:#2F7D92}.wpml-ls-number-with-unit-select select{color:#2F7D92;font-weight:700}.wpml-ls-control-grey{color:#757575}.wpml-ls-control-bg-grey{background-color:#a6a6a6}.wpml-ls-control-font{font-family:\"SF Pro Text\", sans-serif;font-style:normal;font-weight:400 !important;font-size:13px !important;line-height:140% !important}.wpml-ls-option-btn-col{padding:0.5px}.wpml-ls-no-borders{border:none}.ant-col-8.wpml-ls-option-btn-col{display:inline-flex}.wpml-ls-three-btn-row .wpml-ls-option-btn-wrap{padding-top:8px;padding-bottom:8px;white-space:normal;word-break:break-word}.wpml-ls-three-btn-row .ant-btn-no-height-less-padding{height:unset;padding-right:10px;padding-left:10px}.wpml-ls-full-width{width:100%}.wpml-ls-toggle-control .components-form-toggle.is-checked>.components-form-toggle__track{background-color:#2F7D92;border-color:#2F7D92}.wpml-ls-toggle-control .components-form-toggle.is-checked>.components-form-toggle__thumb{background-color:white}.wpml-ls-toggle-control .components-form-toggle>.components-form-toggle__track{background-color:white;border-color:#373737}.wpml-ls-toggle-control .components-form-toggle>.components-form-toggle__thumb{background-color:#373737}.ant-select-dropdown{min-width:45px !important;max-width:45px !important;width:45px !important}.wpml-ls-color-control{border:1px solid #DDDDDD;border-bottom:0px;padding:10px;box-sizing:border-box}.wpml-ls-color-control.wpml-ls-with-bottom-border{border-bottom:1px solid #DDDDDD}.wpml-ls-color-control .wpml-ls-icon-no-color:hover{cursor:pointer}.wpml-ls-color-control .component-color-indicator{width:25px;height:25px;box-shadow:0px 0px 2px 1px lightgrey}.wpml-ls-color-control .component-color-indicator:hover{cursor:pointer}.wpml-ls-color-control .wpml-ls-color-title{top:3px}.wpml-ls-dimension-control{border-top:solid 1px #e0e0e0}.wpml-ls-dimension-control .components-panel__arrow{visibility:hidden}.wpml-ls-panel-settings-dropdown-container{position:absolute;right:0px}.wpml-ls-icon-link{width:24px;height:24px;top:3px;border-radius:2px}.ant-input-number-handler-wrap{display:none !important}.ant-input-number-input{padding-right:0px !important;padding-left:3px !important}.block-editor-contrast-checker+.block-editor-contrast-checker{display:none}.current-language-item{display:flex;align-items:center;min-height:30px}.current-language-item .wp-block-navigation-item__content>div{display:flex;align-items:center}.wpml-ls-fontLetterCase-control button.components-button.has-icon{margin-right:0 !important;min-width:30px !important;height:30px !important}.wpml-ls-fontLetterSpacing-control div.components-input-control__container{top:4px}[data-wpml='language-item']:first-of-type{margin-top:5px !important}.wpml-ls-dimension-panel .components-panel__arrow{display:none}.wpml-ls-typography-panel .components-panel__arrow{display:none}.wpml-ls-panel-settings-dropdown-container>div>button>span.anticon-more{font-size:large;margin-right:10px}.wpml-ls-panel-settings-dropdown-container>div>button>span.anticon-plus{font-size:medium;margin-right:10px}.wpml-ls-color-panel .wpml-ls-color-panel-wrap button.components-button:focus{outline:2px solid #2F7D92;color:#2F7D92}.wpml-ls-color-panel .wpml-ls-color-panel-wrap button.components-button:hover{color:#2F7D92 !important}.wpml-ls-option-btn-wrap:focus{outline:4px solid #2F7D92}.wpml-ls-option-btn-wrap:hover:not(.wpml-ls-option-btn-wrap[data-selected=\"true\"]){outline:2px solid #2F7D92;color:#2F7D92 !important}.wpml-ls-toggle-control .components-toggle-control__label:hover{color:#2F7D92}.components-input-control__container:hover .components-input-control__backdrop{border-color:#2F7D92 !important}input.components-input-control__input:focus ~ .components-input-control__backdrop{outline:2px solid #2F7D92 !important}.components-toggle-group-control[role=\"radiogroup\"]:hover{border-color:#2F7D92}.components-toggle-group-control[role=\"radiogroup\"] .components-toggle-group-control-option-base[role=\"radio\"]:hover{color:#2F7D92}.components-toggle-group-control[role=\"radiogroup\"] .components-toggle-group-control-option-base[role=\"radio\"]:focus{color:#2F7D92;outline:2px solid #2F7D92}.ant-slider .ant-slider-handle:not(.ant-tooltip-open){background-color:#2F7D92 !important;border-color:#373737}.ant-slider:hover .ant-slider-handle:not(.ant-tooltip-open),.ant-slider .ant-slider-handle:focus{background-color:#373737 !important;border-color:#2F7D92}.wpml-ls-typography-panel .components-panel__body .ant-col{margin-bottom:12px}.wpml-ls-fontSize-control div[aria-label=\"Font size\"]{margin-bottom:12px}.wpml-ls-fontSize-control .wpml-ls-fontLetterSpacing-control{display:grid;place-items:center;align-self:center}\n\n<\/style><div id=\"\" class=\"wpml-language-switcher-block is-layout-flex is-responsive has-child-selected wp-block-navigation\"><div class=\"block-editor-block-list__block wp-block wp-block-navigation-item has-link has-child wp-block-navigation-submenu\"><div class=\"wpml-ls-dropdown open-on-hover-click \"><ul class=\"wp-block-navigation__container\"><li class=\"wp-block-navigation-item has-child wp-block-navigation-submenu open-on-hover-click\"><div class=\"wp-block-navigation-item__content wp-block-navigation-submenu__toggle\" aria-expanded=\"false\"><span class=\"current-language-item\" style=\"cursor:pointer\" data-wpml=\"current-language-item\"><div class=\"wp-block-navigation-item__content\"><div><img decoding=\"async\" alt=\"wpml-ls-flag\" class=\"wpml-ls-flag\" src=\"https:\/\/webs.uab.cat\/emigra\/wp-content\/plugins\/sitepress-multilingual-cms\/res\/flags\/ca.png\" style=\"margin-right:4px;width:18px;height:12px;border-radius:0%;object-fit:unset\" data-wpml=\"flag-url\"><span data-wpml=\"label\" data-wpml-label-type=\"native\" class=\"wp-block-navigation-item__label \">Catal&agrave;<\/span><\/div><\/div><span class=\"wp-block-navigation__submenu-icon\"><\/span><\/span><\/div><ul class=\"wp-block-navigation__submenu-container isHorizontal\" style=\"flex-wrap:nowrap\" data-is-drop-zone=\"true\"><li class=\"wp-block-navigation-item \" data-wpml=\"language-item\"><div><a class=\"wp-block-navigation-item__content\" data-wpml=\"link\" href=\"https:\/\/webs.uab.cat\/emigra\/en\/\"><img decoding=\"async\" alt=\"wpml-ls-flag\" class=\"wpml-ls-flag\" src=\"https:\/\/webs.uab.cat\/emigra\/wp-content\/plugins\/sitepress-multilingual-cms\/res\/flags\/en.png\" style=\"margin-right:4px;width:18px;height:12px;border-radius:0%;object-fit:unset\" data-wpml=\"flag-url\"><span data-wpml=\"label\" data-wpml-label-type=\"native\" class=\"wp-block-navigation-item__label \">English<\/span><\/a><\/div><\/li><li class=\"wp-block-navigation-item \" data-wpml=\"language-item\"><div><a class=\"wp-block-navigation-item__content\" data-wpml=\"link\" href=\"https:\/\/webs.uab.cat\/emigra\/\"><img decoding=\"async\" alt=\"wpml-ls-flag\" class=\"wpml-ls-flag\" src=\"https:\/\/webs.uab.cat\/emigra\/wp-content\/plugins\/sitepress-multilingual-cms\/res\/flags\/es.png\" style=\"margin-right:4px;width:18px;height:12px;border-radius:0%;object-fit:unset\" data-wpml=\"flag-url\"><span data-wpml=\"label\" data-wpml-label-type=\"native\" class=\"wp-block-navigation-item__label \">Espa&ntilde;ol<\/span><\/a><\/div><\/li><\/ul><\/li><\/ul><\/div><\/div><\/div>\n\n\n\n<p><\/p>\n","protected":false},"excerpt":{"rendered":"<p>email: charoizq@gmail.com &#8211; Phone: +34 93 5868319 Office B9-215 &#8211; Department of Social and Cultural Anthropology, Ctra. Cerdanyola s\/n 08193 Bellaterra Doctora en Antropologia Social (2018), M\u00e0ster en Investigaci\u00f3 Etnogr\u00e0fica, Teoria antropol\u00f2gica i Comparaci\u00f3 intercultural (2010), i Llicenciada en Antropologia Social i Cultural i Filologia Cl\u00e0ssica per la Universitat Aut\u00f2noma de Barcelona. Ha estat professora [&hellip;]<\/p>\n","protected":false},"author":20,"featured_media":551,"parent":0,"menu_order":0,"comment_status":"closed","ping_status":"closed","template":"","meta":{"footnotes":""},"class_list":["post-258","page","type-page","status-publish","has-post-thumbnail","hentry"],"_links":{"self":[{"href":"https:\/\/webs.uab.cat\/emigra\/ca\/wp-json\/wp\/v2\/pages\/258","targetHints":{"allow":["GET"]}}],"collection":[{"href":"https:\/\/webs.uab.cat\/emigra\/ca\/wp-json\/wp\/v2\/pages"}],"about":[{"href":"https:\/\/webs.uab.cat\/emigra\/ca\/wp-json\/wp\/v2\/types\/page"}],"author":[{"embeddable":true,"href":"https:\/\/webs.uab.cat\/emigra\/ca\/wp-json\/wp\/v2\/users\/20"}],"replies":[{"embeddable":true,"href":"https:\/\/webs.uab.cat\/emigra\/ca\/wp-json\/wp\/v2\/comments?post=258"}],"version-history":[{"count":3,"href":"https:\/\/webs.uab.cat\/emigra\/ca\/wp-json\/wp\/v2\/pages\/258\/revisions"}],"predecessor-version":[{"id":1227,"href":"https:\/\/webs.uab.cat\/emigra\/ca\/wp-json\/wp\/v2\/pages\/258\/revisions\/1227"}],"wp:featuredmedia":[{"embeddable":true,"href":"https:\/\/webs.uab.cat\/emigra\/ca\/wp-json\/wp\/v2\/media\/551"}],"wp:attachment":[{"href":"https:\/\/webs.uab.cat\/emigra\/ca\/wp-json\/wp\/v2\/media?parent=258"}],"curies":[{"name":"wp","href":"https:\/\/api.w.org\/{rel}","templated":true}]}}