{"id":294,"date":"2012-11-09T10:01:43","date_gmt":"2012-11-09T08:01:43","guid":{"rendered":"https:\/\/webs.uab.cat\/emigra\/informes-i-publicacions-puntuals\/"},"modified":"2012-11-09T10:01:43","modified_gmt":"2012-11-09T08:01:43","slug":"informes-i-publicacions-puntuals","status":"publish","type":"page","link":"https:\/\/webs.uab.cat\/emigra\/ca\/informes-i-publicacions-puntuals\/","title":{"rendered":"Informes i publicacions puntuals"},"content":{"rendered":"<p><a href=\"https:\/\/nyupress.org\/books\/book-details.aspx?bookId=11382\" target=\"_blank\" rel=\"noopener\"><span><img decoding=\"async\" alt=\"\" src=\"\/emigra\/sites\/grupsderecerca.uab.cat.emigra\/files\/images\/children of immigrantsl.thumbnail.gif\" style=\"width: 84px; height: 100px;\"><\/span><\/a><\/p>\n<p>Ja est\u00e0 disponible la publicaci\u00f3 que recull els resultats d&#8217;una recerca comparativa i multidisciplinar sobre la integraci\u00f3 de les segones generacions als EUA i sis pa\u00efsos de la Uni\u00f3 Europea. Silvia Carrasco, Jordi P\u00e0mies i Maribel Ponferrada (EMIGRA UAB), en equip amb Margaret Gibson i Anna Rios (Universitat de Calif\u00f2rnia, Santa Cruz) exposen extensament el seu treball comparatiu&nbsp; sobre Catalunya &#8211; Calif\u00f2rnia. Podeu adquirir el llibre clicant a la imatge.<\/p>\n<p>&nbsp;<\/p>\n<p><img decoding=\"async\" alt=\"\" src=\"https:\/\/webs.uab.cat\/emigra\/wp-content\/uploads\/sites\/225\/2012\/11\/lost-in-action.thumbnail.jpg\" style=\"width: 150px; height: 100px;\"><\/p>\n<p><strong><span style=\"text-decoration: underline;\">Perdut en l&#8217;acci\u00f3? Avaluaci\u00f3 dels sis anys del&nbsp;Pla Integral del Poble Gitano a Catalunya<\/span><\/strong><strong>.<\/strong><strong>&nbsp;<\/strong><\/p>\n<p>Informe elaborat per&nbsp;FAGiC i EMIGRA, 2012<\/p>\n<p>Projecte finan\u00e7at per Roma Initiatives de les Open Society Foundations, dins el marc del&nbsp;\u2018EU Roma Framework Advocacy Grant\u2019<\/p>\n<p>&nbsp;<\/p>\n<p><a href=\"https:\/\/docs.google.com\/file\/d\/0B8awT2JqXwtPNTZkYThoMWQ4WGc\/edit\" target=\"_blank\" rel=\"noopener\">Descarregar informe en catal\u00e0.&nbsp;<\/a><\/p>\n<p class=\"Pa0\"><a href=\"https:\/\/docs.google.com\/open?id=0B8awT2JqXwtPMGV1ZjVyMm9rRzA\" target=\"_blank\" rel=\"noopener\">Descarregar informe en castell\u00e0.<\/a><\/p>\n<p class=\"Pa0\"><a href=\"https:\/\/docs.google.com\/open?id=0B8awT2JqXwtPb0RfT1pKYmdpZ3M\" target=\"_blank\" rel=\"noopener\">Descarregar informe en angl\u00e8s<\/a><a href=\"https:\/\/docs.google.com\/open?id=0B8awT2JqXwtPU2p4XzRSSTFVU00\" target=\"_blank\" rel=\"noopener\">.<\/a><\/p>\n<p class=\"Pa0\">&nbsp;<\/p>\n<p><em>&lt;Perdut en l\u2019acci\u00f3?<\/em>, ric en detall anal\u00edtic i constructiu en les seves cr\u00edtiques, \u00e9s especialment benvingut i molt oport\u00fa en el context m\u00e9s ampli del Marc Europeu d&#8217;Estrat\u00e8gies Nacionals d&#8217;Inclusi\u00f3 dels Gitanos (NSRI). Si b\u00e9 les recomanacions detallades s&#8217;adrecen a les autoritats catalanes, la subst\u00e0ncia de l&#8217;informe ofereix una valuosa lli\u00e7\u00f3 per a Europa.<\/p>\n<p>[\u2026] A causa del fet que les Estrat\u00e8gies Marc de la UE ensopeguen des de la fase inicial de redacci\u00f3 amb el m\u00f3n real d&#8217;implementaci\u00f3 concreta, \u00e9s molt el que la Uni\u00f3 Europea i les seves democr\u00e0cies constituents poden aprendre dels resultats d&#8217;aquesta investigaci\u00f3.<\/p>\n<p>[\u2026] Si b\u00e9 podem trobar una sensaci\u00f3 de desenc\u00eds i h\u00e0gim pogut trobar-nos amb molts &#8220;perduts en l&#8217;acci\u00f3&#8221;, crida l&#8217;atenci\u00f3 la clara aposta optimista d&#8217;aquest informe aix\u00ed com la crida a tenir en compte que no tot est\u00e0 definitivament perdut i que existeix molt de potencial, comptant amb una revisi\u00f3 del PIPG, per aconseguir el seu objectiu original d'&#8221;equiparar socioculturalment i econ\u00f2mica el poble gitano de Catalunya amb la societat de la qual forma part&#8221;.&gt;<\/p>\n<p><em>Citat del Pr\u00f2leg de Bernard Rorke, Roma Initiatives, Open Society Foundations,&nbsp;<\/em><\/p>\n","protected":false},"excerpt":{"rendered":"<p>Ja est\u00e0 disponible la publicaci\u00f3 que recull els resultats d&#8217;una recerca comparativa i multidisciplinar sobre la integraci\u00f3 de les segones generacions als EUA i sis pa\u00efsos de la Uni\u00f3 Europea. Silvia Carrasco, Jordi P\u00e0mies i Maribel Ponferrada (EMIGRA UAB), en equip amb Margaret Gibson i Anna Rios (Universitat de Calif\u00f2rnia, Santa Cruz) exposen extensament el [&hellip;]<\/p>\n","protected":false},"author":20,"featured_media":0,"parent":0,"menu_order":0,"comment_status":"closed","ping_status":"closed","template":"","meta":{"footnotes":""},"class_list":["post-294","page","type-page","status-publish","hentry"],"_links":{"self":[{"href":"https:\/\/webs.uab.cat\/emigra\/ca\/wp-json\/wp\/v2\/pages\/294","targetHints":{"allow":["GET"]}}],"collection":[{"href":"https:\/\/webs.uab.cat\/emigra\/ca\/wp-json\/wp\/v2\/pages"}],"about":[{"href":"https:\/\/webs.uab.cat\/emigra\/ca\/wp-json\/wp\/v2\/types\/page"}],"author":[{"embeddable":true,"href":"https:\/\/webs.uab.cat\/emigra\/ca\/wp-json\/wp\/v2\/users\/20"}],"replies":[{"embeddable":true,"href":"https:\/\/webs.uab.cat\/emigra\/ca\/wp-json\/wp\/v2\/comments?post=294"}],"version-history":[{"count":0,"href":"https:\/\/webs.uab.cat\/emigra\/ca\/wp-json\/wp\/v2\/pages\/294\/revisions"}],"wp:attachment":[{"href":"https:\/\/webs.uab.cat\/emigra\/ca\/wp-json\/wp\/v2\/media?parent=294"}],"curies":[{"name":"wp","href":"https:\/\/api.w.org\/{rel}","templated":true}]}}