{"id":335,"date":"2022-02-15T20:24:20","date_gmt":"2022-02-15T18:24:20","guid":{"rendered":"https:\/\/webs.uab.cat\/emigra\/marina-pibernat-vila\/"},"modified":"2022-09-27T20:03:11","modified_gmt":"2022-09-27T18:03:11","slug":"marina-pibernat-vila","status":"publish","type":"page","link":"https:\/\/webs.uab.cat\/emigra\/ca\/marina-pibernat-vila\/","title":{"rendered":"Marina Pibernat Vila"},"content":{"rendered":"\n<div class=\"wp-block-media-text alignwide is-stacked-on-mobile has-primary-background-color has-background\" style=\"grid-template-columns:30% auto\"><figure class=\"wp-block-media-text__media\"><img loading=\"lazy\" decoding=\"async\" width=\"524\" height=\"600\" src=\"https:\/\/webs.uab.cat\/emigra\/wp-content\/uploads\/sites\/225\/2010\/10\/eql3_rcxmaawjxx.jpg\" alt=\"\" class=\"wp-image-243 size-full\" srcset=\"https:\/\/webs.uab.cat\/emigra\/wp-content\/uploads\/sites\/225\/2010\/10\/eql3_rcxmaawjxx.jpg 524w, https:\/\/webs.uab.cat\/emigra\/wp-content\/uploads\/sites\/225\/2010\/10\/eql3_rcxmaawjxx-262x300.jpg 262w\" sizes=\"auto, (max-width: 524px) 100vw, 524px\" \/><\/figure><div class=\"wp-block-media-text__content\">\n<p class=\"has-small-font-size\">Despatx B9 &#8211; 2015. <br>Departament d&#8217;Antropologia Social i Cultural. <br>Tel\u00e8fon 935868319.<\/p>\n\n\n\n<p class=\"has-small-font-size\">Email:&nbsp;Marina.Pibernat@uab.cat&nbsp;<\/p>\n<\/div><\/div>\n\n\n<p>\u00a0Doctora en Antropologia Social i Cultural per la Universidade da Coru\u00f1a (2019), Licenciada en Antropologia per la UAB i Licenciada en Hist\u00f2ria per la Universitat de Girona. \u00c9s professora associada del Departament d&#8217;Antropolog\u00eda Social i Cultural de la UAB, on imparteix el Seminari de Teoria Cr\u00edtica i Pensament Antropol\u00f2gic,\u00a0i tamb\u00e9 \u00e9s docent del\u00a0Postgrau\u00a0Feminisme\u00a0i\u00a0Psicoter\u00e0pia de la UB. S&#8217;ha especialitzat en l&#8217;estudi de la socialitzaci\u00f3 audiovisual a l&#8217;adolesc\u00e8ncia i\u00a0la cultura digital des d&#8217;una perspectiva de g\u00e8nere, i\u00a0en la investigaci\u00f3\u00a0de les pol\u00edtiques socials dins de la hist\u00f2ria contempor\u00e0nia de les dones. En\u00a0la actualidad treballa en projectos relacionats amb\u00a0la integraci\u00f3n socioeducativa i l&#8217;emancipaci\u00f3\u00a0juvenil. Col\u00b7labora habitualment a la premsa en temes de divulgaci\u00f3 de l&#8217;antropologia i des de la cr\u00edtica feminista.<\/p>\n<p>Publicaciones en ORCID:\u00a0https:\/\/orcid.org\/0000-0002-7304-8940<\/p>\n<p>\u00a0<\/p>","protected":false},"excerpt":{"rendered":"<p>Despatx B9 &#8211; 2015. Departament d&#8217;Antropologia Social i Cultural. Tel\u00e8fon 935868319. Email:&nbsp;Marina.Pibernat@uab.cat&nbsp; \u00a0Doctora en Antropologia Social i Cultural per la Universidade da Coru\u00f1a (2019), Licenciada en Antropologia per la UAB i Licenciada en Hist\u00f2ria per la Universitat de Girona. \u00c9s professora associada del Departament d&#8217;Antropolog\u00eda Social i Cultural de la UAB, on imparteix el Seminari [&hellip;]<\/p>\n","protected":false},"author":20,"featured_media":0,"parent":0,"menu_order":0,"comment_status":"closed","ping_status":"closed","template":"","meta":{"footnotes":""},"class_list":["post-335","page","type-page","status-publish","hentry"],"_links":{"self":[{"href":"https:\/\/webs.uab.cat\/emigra\/ca\/wp-json\/wp\/v2\/pages\/335","targetHints":{"allow":["GET"]}}],"collection":[{"href":"https:\/\/webs.uab.cat\/emigra\/ca\/wp-json\/wp\/v2\/pages"}],"about":[{"href":"https:\/\/webs.uab.cat\/emigra\/ca\/wp-json\/wp\/v2\/types\/page"}],"author":[{"embeddable":true,"href":"https:\/\/webs.uab.cat\/emigra\/ca\/wp-json\/wp\/v2\/users\/20"}],"replies":[{"embeddable":true,"href":"https:\/\/webs.uab.cat\/emigra\/ca\/wp-json\/wp\/v2\/comments?post=335"}],"version-history":[{"count":1,"href":"https:\/\/webs.uab.cat\/emigra\/ca\/wp-json\/wp\/v2\/pages\/335\/revisions"}],"predecessor-version":[{"id":991,"href":"https:\/\/webs.uab.cat\/emigra\/ca\/wp-json\/wp\/v2\/pages\/335\/revisions\/991"}],"wp:attachment":[{"href":"https:\/\/webs.uab.cat\/emigra\/ca\/wp-json\/wp\/v2\/media?parent=335"}],"curies":[{"name":"wp","href":"https:\/\/api.w.org\/{rel}","templated":true}]}}