{"id":288,"date":"2012-01-30T16:33:42","date_gmt":"2012-01-30T14:33:42","guid":{"rendered":"https:\/\/webs.uab.cat\/emigra\/dissertations-0\/"},"modified":"2012-01-30T16:33:42","modified_gmt":"2012-01-30T14:33:42","slug":"dissertations-0","status":"publish","type":"page","link":"https:\/\/webs.uab.cat\/emigra\/en\/dissertations-0\/","title":{"rendered":"Master Programmes"},"content":{"rendered":"<h3><strong>EMIGRA&nbsp;<\/strong>co-organizes&nbsp;and participates in masters and doctoral programmes at&nbsp;UAB&nbsp;(information below in the main language of tuition)&nbsp;<\/h3>\n<p><strong>MASTERS&#8217;&nbsp;PROGRAMMES<\/strong><\/p>\n<p>El&nbsp;<a href=\"https:\/\/www.uab.cat\/web\/postgrado\/master-en-interuniversitario-en-migraciones-contemporaneas\/informacion-general-1206597472083.html\/param1-1759_es\/param2-2009\/\">Master Interuniversitario en Migraciones Contemporaneas UAB &#8211; UB<\/a>&nbsp;con sus dos opciones de especializaci\u00f3n en <strong>Gesti\u00f3n de la diversidad y cohesi\u00f3n social <\/strong>y en <strong>Derechos e integraci\u00f3n<\/strong>, y el <strong>Postgrado Interuniversitario en Inmigraci\u00f3n: Derechos y Cohesi\u00f3n Social<\/strong> conforman una oferta de t\u00edtulos interuniversitarios y multidisciplinares de postgrado que ofrecen una s\u00f3lida formaci\u00f3n te\u00f3rica y pr\u00e1ctica a profesionales que quieran dedicarse a la gesti\u00f3n de las migraciones y de la diversidad, o la investigaci\u00f3n en el campo de las migraciones internacionales.<\/p>\n<hr \/>\n<p>El&nbsp;<a href=\"https:\/\/www.uab.cat\/web\/estudiar\/la-oferta-de-masteres-oficiales\/informacion-general\/antropologia-investigacion-avanzada-e-intervencion-social-1096480309770.html?param1=1345648439250\">Master en Antropologia: Investigacion Avanzada e Intervencion Social<\/a><strong>&nbsp;<\/strong>tiene como objetivo la formaci\u00f3n para la investigaci\u00f3n etnogr\u00e1fica y la intervenci\u00f3n en contextos de relaciones interculturales. Comprender la&nbsp;diversidad cultural&nbsp;en toda su complejidad&nbsp;es una herramienta indispensable para trabajar en&nbsp;una amplia variedad de temas&nbsp;como la migraci\u00f3n y las relaciones transnacionales, el desarrollo, la educaci\u00f3n, el consumo, la pobreza y la marginalizaci\u00f3n, la salud, la procreaci\u00f3n y las relaciones de g\u00e9nero, as\u00ed como la relaci\u00f3n que los seres humanos tienen con el espacio y el medio ambiente, entre otros, mediante:<\/p>\n<ul>\n<li>Dos m\u00f3dulos comunes:&nbsp;<em>Perspectivas de Investigaci\u00f3n e Intervenci\u00f3n Socioantropol\u00f3gicas<\/em>&nbsp;y&nbsp;<em>Seminario de Investigaci\u00f3n<\/em>.<\/li>\n<li>Tres especialidades:&nbsp;<em>Investigaci\u00f3n Etnogr\u00e1fica y Transcultural<\/em>&nbsp;(investigaci\u00f3n),&nbsp;<em>Intervenci\u00f3n Sociocultural y Socioambiental<\/em>&nbsp;(profesional) y&nbsp;<em>Espacios y Relaciones Transnacionales<\/em>&nbsp;(investigaci\u00f3n).<\/li>\n<\/ul>\n<hr \/>\n<p>El&nbsp;<a href=\"https:\/\/www.uab.cat\/web\/estudiar\/la-oferta-de-masteres-oficiales\/informacion-general-1096480309770.html?param1=1204184265007\">Master en Antropologia Social y Cultural \/ Social and Cultural Anthropology CREOLE<\/a>&nbsp;es el primer m\u00e1ster interuniversitario sobre Antropolog\u00eda Social y Cultural con una dimensi\u00f3n europea. Este m\u00e1ster es fruto de la colaboraci\u00f3n de los departamentos de Antropolog\u00eda de la UAB, la National University of Ireland-Maynooth (Irlanda), la Stockholms Universitet (Suecia), la Universit\u00e9 Lumi\u00e8re Lyon 2 (Francia) y la Univerza v Ljubljani (Eslovenia). <strong>MASTER WITH AT LEAST ONE MODULE IN ENGLISH in university of the consortium different from that of main enrolment of student.<\/strong><\/p>\n<p>El objetivo del m\u00e1ster en Antropolog\u00eda Social y Cultural es formar investigadores especializados en el estudio de las diferencias culturales, los procesos transnacionales y las nuevas formas de identidad.<\/p>\n<hr \/>\n<p><strong>DOCTORAL PROGRAMME<\/strong><\/p>\n<p><strong>EMIGRA <\/strong>scholars participate as <strong>supervisors of PhD students<\/strong> in the following programmes:&nbsp;<\/p>\n<p><a href=\"https:\/\/www.uab.cat\/web\/postgrado\/doctorados\/todos-los-doctorados\/informacion-general\/antropologia-social-y-cultural-1345467765424.html?param2=1345662165182\">Programa de Doctorado en Antropologia Social y Cultural<\/a><\/p>\n","protected":false},"excerpt":{"rendered":"<p>EMIGRA&nbsp;co-organizes&nbsp;and participates in masters and doctoral programmes at&nbsp;UAB&nbsp;(information below in the main language of tuition)&nbsp; MASTERS&#8217;&nbsp;PROGRAMMES El&nbsp;Master Interuniversitario en Migraciones Contemporaneas UAB &#8211; UB&nbsp;con sus dos opciones de especializaci\u00f3n en Gesti\u00f3n de la diversidad y cohesi\u00f3n social y en Derechos e integraci\u00f3n, y el Postgrado Interuniversitario en Inmigraci\u00f3n: Derechos y Cohesi\u00f3n Social conforman una oferta [&hellip;]<\/p>\n","protected":false},"author":20,"featured_media":0,"parent":0,"menu_order":0,"comment_status":"closed","ping_status":"closed","template":"","meta":{"footnotes":""},"class_list":["post-288","page","type-page","status-publish","hentry"],"_links":{"self":[{"href":"https:\/\/webs.uab.cat\/emigra\/en\/wp-json\/wp\/v2\/pages\/288","targetHints":{"allow":["GET"]}}],"collection":[{"href":"https:\/\/webs.uab.cat\/emigra\/en\/wp-json\/wp\/v2\/pages"}],"about":[{"href":"https:\/\/webs.uab.cat\/emigra\/en\/wp-json\/wp\/v2\/types\/page"}],"author":[{"embeddable":true,"href":"https:\/\/webs.uab.cat\/emigra\/en\/wp-json\/wp\/v2\/users\/20"}],"replies":[{"embeddable":true,"href":"https:\/\/webs.uab.cat\/emigra\/en\/wp-json\/wp\/v2\/comments?post=288"}],"version-history":[{"count":0,"href":"https:\/\/webs.uab.cat\/emigra\/en\/wp-json\/wp\/v2\/pages\/288\/revisions"}],"wp:attachment":[{"href":"https:\/\/webs.uab.cat\/emigra\/en\/wp-json\/wp\/v2\/media?parent=288"}],"curies":[{"name":"wp","href":"https:\/\/api.w.org\/{rel}","templated":true}]}}