{"id":102,"date":"2010-01-21T13:43:49","date_gmt":"2010-01-21T11:43:49","guid":{"rendered":"https:\/\/webs.uab.cat\/emigra\/inici-2\/"},"modified":"2010-01-21T13:43:49","modified_gmt":"2010-01-21T11:43:49","slug":"inici-2","status":"publish","type":"page","link":"https:\/\/webs.uab.cat\/emigra\/inici-2\/","title":{"rendered":"\u00bfQu\u00e9 es EMIGRA?"},"content":{"rendered":"<p><strong>EMIGRA <\/strong>es un acr\u00f3nimo formado por las palabras que definen nuestro&nbsp;<strong>\u00e1mbito&nbsp;de especializaci\u00f3n<\/strong>&nbsp;y nuestra&nbsp;<strong>disciplina<\/strong>: Educaci\u00f3n, Migraciones, Infancia\/juventud, G\u00e9nero, dentro de la investigaci\u00f3n antropol\u00f3gica en el marco m\u00e1s amplio de las ciencias sociales.<\/p>\n<p>El grupo naci\u00f3 en el&nbsp;<strong>Departamento de Antropolog\u00eda Social y&nbsp;Cultural<\/strong>&nbsp;y fue&nbsp;reconocido&nbsp;oficialmente por&nbsp;la UAB en 2007, a\u00f1o en el que organiz\u00f3 el <em>II Congreso Internacional de Etnograf\u00eda y Educaci\u00f3n <\/em>en la UAB. Poco despu\u00e9s, EMIGRA impuls\u00f3&nbsp;la creaci\u00f3n del <strong>Centre d\u2019Estudis i Recerca en Migracions<\/strong>, aprobado por el Consejo de Gobierno&nbsp;en&nbsp;2009, de car\u00e1cter interdisciplinario e&nbsp;interuniversitario UAB-UB, que integra personal investigador en en el \u00e1mbito de las migraciones a trav\u00e9s de grupos de investigaci\u00f3n de Antropolog\u00eda, Sociolog\u00eda, Derecho y Educaci\u00f3n. El CER Migracions es un <strong>Grup de Recerca Consolidat (SGR2017 1702)<\/strong> de AGAUR, Generalitat de Catalunya.<\/p>\n<p><strong>EMIGRA <\/strong>se inscribe&nbsp;en la <strong>tradici\u00f3n te\u00f3rica materialista<\/strong> en ciencias sociales desde el&nbsp;<strong>paradigma sociocr\u00edtico<\/strong>, con un compromiso expl\u00edcito de transferencia social desde la <strong>antropolog\u00eda aplicada<\/strong>. En concreto, trabajamos principalmente sobre las <strong>condiciones de integraci\u00f3n<\/strong> de la poblaci\u00f3n infantil y&nbsp;juvenil y sus familias y entornos&nbsp;en el contexto de las din\u00e1micas&nbsp;contempor\u00e1neas&nbsp;globales entre <strong>diversidad&nbsp;cultural y&nbsp;desigualdad&nbsp;social<\/strong>, desde una <strong>perspectiva interseccional<\/strong> de clase, g\u00e9nero&nbsp;y&nbsp;origen.<\/p>\n<p><strong>EMIGRA <\/strong>forma parte de diversas <strong>redes y&nbsp;asociaciones acad\u00e9micas y&nbsp;profesionales<\/strong>: NESET II, IRNEYET, IMISCOE, Federaci\u00f3n Espa\u00f1ola de Sociolog\u00eda; Society for Applied Anthropology, AIBR.<\/p>\n<p>En la actualidad, <strong>EMIGRA <\/strong>esta&nbsp;llevando a cabo 3 <strong>proyectos&nbsp;de investigaci\u00f3n e intervenci\u00f3n social<\/strong>:<\/p>\n<ul>\n<li>Strategic Partnership 2021-1-ES01-KA220-SCH-000027661 <strong>EU HORIZON<\/strong>: Inclusive education with an intersectional approach, for the school success of girls and boys of migrant origin, 144.000\u20ac (en colaboraci\u00f3n con&nbsp;InteRED Espa\u00f1a)<\/li>\n<li>RICIP-<strong>AGAUR<\/strong> ICI01521-00016\/2021 Despla\u00e7aments for\u00e7ats per viol\u00e8ncies fora de context b\u00e8l\u00b7lic i context de recepci\u00f3 laboral i escolar, 10.000\u20ac<\/li>\n<li>Fundaci\u00f3 Aut\u00f2noma Solid\u00e0ria <strong>UAB<\/strong> 2021\/003 Suport legal a dones migrants en casos de viol\u00e8ncia, 10.000\u20ac (en colaboraci\u00f3n con&nbsp;PROBENS)<\/li>\n<\/ul>\n<p><strong>EMIGRA <\/strong>tiene&nbsp;<strong>convenios de investigaci\u00f3n e&nbsp;intervenci\u00f3n social<\/strong>, entre otros, con&nbsp;Europa Sense Murs, Save the Children, Unicef, InteRED, Ajuntament de Barcelona, Diputaci\u00f3 de Barcelona, Ajuntament de Sabadell y otros ayuntamientos y consejos comarcales del territorio.<\/p>\n<p>Nuestro \u00faltimo producto&nbsp;de<strong> transferencia<\/strong> fruto del proyecto europeo&nbsp;ORALPHA (2018-2020) es el <strong>MOOC<\/strong> (Massive Online Open Courseware) de la plataforma Coursera-UAB <em>Literacy for new citizens. A course for trainers<\/em>: <a href=\"https:\/\/www.coursera.org\/uab\">https:\/\/www.coursera.org\/uab<\/a><\/p>\n<p>Siguenos en las redes!<\/p>\n<p>&nbsp; &nbsp; &nbsp; &nbsp; &nbsp; &nbsp; &nbsp;&nbsp; &nbsp; &nbsp; &nbsp; &nbsp; &nbsp; &nbsp; &nbsp; &nbsp; &nbsp; &nbsp; &nbsp; &nbsp; &nbsp; &nbsp;<a href=\"https:\/\/twitter.com\/emigra_uab\" target=\"_blank\" rel=\"noopener\"><img loading=\"lazy\" decoding=\"async\" alt=\"\" height=\"197\" src=\"http:\/\/www.teleread.com\/wp-content\/uploads\/2012\/12\/follow-us-on-twitter2.jpeg\" width=\"400\" \/><\/a> &nbsp; &nbsp; &nbsp; &nbsp; &nbsp; &nbsp; &nbsp;<\/p>\n<p>&nbsp;<\/p>\n","protected":false},"excerpt":{"rendered":"<p>EMIGRA es un acr\u00f3nimo formado por las palabras que definen nuestro&nbsp;\u00e1mbito&nbsp;de especializaci\u00f3n&nbsp;y nuestra&nbsp;disciplina: Educaci\u00f3n, Migraciones, Infancia\/juventud, G\u00e9nero, dentro de la investigaci\u00f3n antropol\u00f3gica en el marco m\u00e1s amplio de las ciencias sociales. El grupo naci\u00f3 en el&nbsp;Departamento de Antropolog\u00eda Social y&nbsp;Cultural&nbsp;y fue&nbsp;reconocido&nbsp;oficialmente por&nbsp;la UAB en 2007, a\u00f1o en el que organiz\u00f3 el II Congreso Internacional de [&hellip;]<\/p>\n","protected":false},"author":20,"featured_media":0,"parent":0,"menu_order":0,"comment_status":"closed","ping_status":"closed","template":"","meta":{"footnotes":""},"class_list":["post-102","page","type-page","status-publish","hentry"],"_links":{"self":[{"href":"https:\/\/webs.uab.cat\/emigra\/wp-json\/wp\/v2\/pages\/102","targetHints":{"allow":["GET"]}}],"collection":[{"href":"https:\/\/webs.uab.cat\/emigra\/wp-json\/wp\/v2\/pages"}],"about":[{"href":"https:\/\/webs.uab.cat\/emigra\/wp-json\/wp\/v2\/types\/page"}],"author":[{"embeddable":true,"href":"https:\/\/webs.uab.cat\/emigra\/wp-json\/wp\/v2\/users\/20"}],"replies":[{"embeddable":true,"href":"https:\/\/webs.uab.cat\/emigra\/wp-json\/wp\/v2\/comments?post=102"}],"version-history":[{"count":0,"href":"https:\/\/webs.uab.cat\/emigra\/wp-json\/wp\/v2\/pages\/102\/revisions"}],"wp:attachment":[{"href":"https:\/\/webs.uab.cat\/emigra\/wp-json\/wp\/v2\/media?parent=102"}],"curies":[{"name":"wp","href":"https:\/\/api.w.org\/{rel}","templated":true}]}}