{"id":104,"date":"2010-01-21T13:45:43","date_gmt":"2010-01-21T11:45:43","guid":{"rendered":"https:\/\/webs.uab.cat\/emigra\/linias-de-investigacion\/"},"modified":"2010-01-21T13:45:43","modified_gmt":"2010-01-21T11:45:43","slug":"linias-de-investigacion","status":"publish","type":"page","link":"https:\/\/webs.uab.cat\/emigra\/linias-de-investigacion\/","title":{"rendered":"L\u00ednias de investigaci\u00f3n"},"content":{"rendered":"<p><strong>EMIGRA<\/strong> trabaja en 3<strong>&nbsp;l\u00edneas&nbsp;de investigaci\u00f3n especializada<\/strong>:<\/p>\n<p><strong>1) Poblaci\u00f3n infantil y juvenil en las migraciones de la&nbsp;globalizaci\u00f3n.&nbsp;<\/strong><\/p>\n<p><strong>2) G\u00e9nero, clase y&nbsp;contexto multicultural.<\/strong><\/p>\n<p><strong>3) Pol\u00edticas&nbsp;p\u00fablicas e intervenci\u00f3n social.<\/strong><\/p>\n<p>&nbsp;<\/p>\n<p>&nbsp;<\/p>\n","protected":false},"excerpt":{"rendered":"<p>EMIGRA trabaja en 3&nbsp;l\u00edneas&nbsp;de investigaci\u00f3n especializada: 1) Poblaci\u00f3n infantil y juvenil en las migraciones de la&nbsp;globalizaci\u00f3n.&nbsp; 2) G\u00e9nero, clase y&nbsp;contexto multicultural. 3) Pol\u00edticas&nbsp;p\u00fablicas e intervenci\u00f3n social. &nbsp; &nbsp;<\/p>\n","protected":false},"author":20,"featured_media":0,"parent":0,"menu_order":0,"comment_status":"closed","ping_status":"closed","template":"","meta":{"footnotes":""},"class_list":["post-104","page","type-page","status-publish","hentry"],"_links":{"self":[{"href":"https:\/\/webs.uab.cat\/emigra\/wp-json\/wp\/v2\/pages\/104","targetHints":{"allow":["GET"]}}],"collection":[{"href":"https:\/\/webs.uab.cat\/emigra\/wp-json\/wp\/v2\/pages"}],"about":[{"href":"https:\/\/webs.uab.cat\/emigra\/wp-json\/wp\/v2\/types\/page"}],"author":[{"embeddable":true,"href":"https:\/\/webs.uab.cat\/emigra\/wp-json\/wp\/v2\/users\/20"}],"replies":[{"embeddable":true,"href":"https:\/\/webs.uab.cat\/emigra\/wp-json\/wp\/v2\/comments?post=104"}],"version-history":[{"count":0,"href":"https:\/\/webs.uab.cat\/emigra\/wp-json\/wp\/v2\/pages\/104\/revisions"}],"wp:attachment":[{"href":"https:\/\/webs.uab.cat\/emigra\/wp-json\/wp\/v2\/media?parent=104"}],"curies":[{"name":"wp","href":"https:\/\/api.w.org\/{rel}","templated":true}]}}