{"id":116,"date":"2010-01-21T14:08:04","date_gmt":"2010-01-21T12:08:04","guid":{"rendered":"https:\/\/webs.uab.cat\/emigra\/enlaces\/"},"modified":"2010-01-21T14:08:04","modified_gmt":"2010-01-21T12:08:04","slug":"enlaces","status":"publish","type":"page","link":"https:\/\/webs.uab.cat\/emigra\/enlaces\/","title":{"rendered":"Contacto y Enlaces"},"content":{"rendered":"<div>\n<h2>Ponte en contacto&nbsp;con nosotr@s:<\/h2>\n<p><strong>Despacho&nbsp;EMIGRA<\/strong><\/p>\n<p>Tel\u00e9fono: +34 93 586 8319. Despacho&nbsp;B9-215 Dept d&#8217;Antropologia Social i Cultural (Fac.Lletres) 08193 Bellaterra (Cerdanyola del Vall\u00e8s)<\/p>\n<p>Email:&nbsp;<a href=\"http:\/\/gr.emigra@uab.cat\/\">gr.emigra@uab.cat<\/a><\/p>\n<p>&nbsp;<\/p>\n<p><strong>Centre d&#8217;Estudis i Recerca en Migracions<\/strong><\/p>\n<p>Tel\u00e9fono: +34 93 586 8918. Edifici MRA Pla\u00e7a del Coneixement 08193. Bellaterra (Cerdanyola del Vall\u00e8s)<\/p>\n<p>Email:&nbsp;<a href=\"http:\/\/cr.migracions@uab.cat\/\">cr.migracions@uab.cat<\/a><\/p>\n<p>&nbsp;<\/p>\n<h2>Enlaces de inter\u00e9s<\/h2>\n<p>Expert database \u201cMigration \u2013 Immigration Society &#8211;&nbsp; Intercultural Life\u201d has been taken over by Network Migration in Europe.<\/p>\n<p>The new internet access is: <a href=\"http:\/\/www.network-migration.org\/experten\">http:\/\/www.network-migration.org\/experten<\/a><\/p>\n<p>The database includes more than 400 experts from different disciplines and fields of work based on the theme of migration. Our aim is to encourage increased awareness throughout Europe of the \u00abMigration, Immigrant Society and Intercultural Life\u00bb concerns.The Migration Expert Database is a link between experts and political European public. We would&nbsp; like to include experts from the whole of Europe and give European users the possibility of researching the theme of migration.<\/p>\n<p>\u2022<strong>AAA<\/strong> &#8211; American Anthropological Association <a href=\"http:\/\/www.aaanet.org\/\" target=\"_blank\" rel=\"noopener\">http:\/\/www.aaanet.org\/<\/a><\/p>\n<p>\u2022 <strong>ASE<\/strong> &#8211; Asociaci\u00f3n de Sociolog\u00eda de la Educaci\u00f3n <a href=\"http:\/\/www.ase.es\/\" target=\"_blank\" rel=\"noopener\">http:\/\/www.ase.es\/<\/a><\/p>\n<p>\u2022<strong> CEA<\/strong> &#8211; Centre d\u2019Estudis Africans <a href=\"http:\/\/www.estudisafricans.org\/\" target=\"_blank\" rel=\"noopener\">http:\/\/www.estudisafricans.org<\/a><\/p>\n<p>\u2022<strong> CAE<\/strong> &#8211; Council of Anthropology &amp; Education <a href=\"http:\/\/www.aaanet.org\/cae\/index.htm\" target=\"_blank\" rel=\"noopener\"> http:\/\/www.aaanet.org\/cae\/index.htm<\/a><\/p>\n<p>\u2022<strong> CIIMU <\/strong>&#8211; Consorci Institut Inf\u00e0ncia i M\u00f3n Urb\u00e0 <a href=\"http:\/\/www.ciimu.org\/\" target=\"_blank\" rel=\"noopener\">http:\/\/www.ciimu.org<\/a><\/p>\n<p>\u2022<strong> COLCPIS <\/strong>&#8211; Col\u2022legi Oficial de Llicenciats en Ci\u00e8ncies Pol\u00edtiques i Sociologia <a href=\"http:\/\/www.colcpis.org\/\" target=\"_blank\" rel=\"noopener\">http:\/\/www.colcpis.org\/<\/a><\/p>\n<p>\u2022 <strong>EASA &#8211; <\/strong>European Association of Social Anthropologists <a href=\"http:\/\/www.easaonline.org\/\" target=\"_blank\" rel=\"noopener\">http:\/\/www.easaonline.org\/<\/a><\/p>\n<p>\u2022 <strong>FES <\/strong>&#8211; Federaci\u00f3n Espa\u00f1ola de Sociolog\u00eda <a href=\"http:\/\/www.fes-web.org\/\" target=\"_blank\" rel=\"noopener\">http:\/\/www.fes-web.org\/<\/a><\/p>\n<p>\u2022 <strong>FUNDACI\u00d3 JAUME BOFILL<\/strong> <a href=\"http:\/\/www.fbofill.cat\/\" target=\"_blank\" rel=\"noopener\">http:\/\/www.fbofill.cat\/ <\/a><\/p>\n<p>\u2022 <strong>GLS<\/strong> &#8211; The Gypsy Lore Society <a href=\"http:\/\/www.gypsyloresociety.org\/\" target=\"_blank\" rel=\"noopener\">http:\/\/www.gypsyloresociety.org\/<\/a><\/p>\n<p>\u2022 <strong>IAIE<\/strong>&#8211; International Association of Intercultural Education. Anthropology of Childhood <a href=\"http:\/\/www.iaie.org\/\" target=\"_blank\" rel=\"noopener\">http:\/\/www.iaie.org\/<\/a><\/p>\n<p>\u2022 <strong>ISCI- <\/strong> International Society for Child Indicators <a href=\"http:\/\/www.childindicators.org\/\" target=\"_blank\" rel=\"noopener\">http:\/\/www.childindicators.org\/<\/a><\/p>\n<p>\u2022<strong> IUAES<\/strong>&#8211; International Union of Anthropological and Ethnological Sciences <a href=\"http:\/\/www.wcaanet.org\/\" target=\"_blank\" rel=\"noopener\">http:\/\/www.wcaanet.org\/ <\/a><\/p>\n<p>\u2022<strong> GEA<\/strong>\u2013 Gender and Education Association <a href=\"http:\/\/www.genderandeducation.com\/\" target=\"_blank\" rel=\"noopener\">http:\/\/www.genderandeducation.com\/ <\/a><\/p>\n<p>\u2022 <strong>ICA<\/strong>&#8211; Institut Catal\u00e0 d&#8217;Antropologia <a href=\"http:\/\/www.antropologia.cat\/\" target=\"_blank\" rel=\"noopener\">http:\/\/www.icantropologia.org\/<\/a><\/p>\n<p>\u2022<strong> IPA<\/strong>&#8211; International Play Association <a href=\"http:\/\/www.ipaworld.org\/\" target=\"_blank\" rel=\"noopener\">http:\/\/www.ipaworld.org\/ <\/a><\/p>\n<p>\u2022<strong> Observatori Catal\u00e0 de la Joventut<\/strong>\u2013 Grup de Treball d\u2019investigadors en joventut <a href=\"http:\/\/www6.gencat.net\/joventut\/catala\/sgj\/observatori\/\">http:\/\/www6.gencat.net\/joventut\/catala\/sgj\/observatori\/<\/a><\/p>\n<\/div>\n","protected":false},"excerpt":{"rendered":"<p>Ponte en contacto&nbsp;con nosotr@s: Despacho&nbsp;EMIGRA Tel\u00e9fono: +34 93 586 8319. Despacho&nbsp;B9-215 Dept d&#8217;Antropologia Social i Cultural (Fac.Lletres) 08193 Bellaterra (Cerdanyola del Vall\u00e8s) Email:&nbsp;gr.emigra@uab.cat &nbsp; Centre d&#8217;Estudis i Recerca en Migracions Tel\u00e9fono: +34 93 586 8918. Edifici MRA Pla\u00e7a del Coneixement 08193. Bellaterra (Cerdanyola del Vall\u00e8s) Email:&nbsp;cr.migracions@uab.cat &nbsp; Enlaces de inter\u00e9s Expert database \u201cMigration \u2013 Immigration [&hellip;]<\/p>\n","protected":false},"author":20,"featured_media":0,"parent":0,"menu_order":0,"comment_status":"closed","ping_status":"closed","template":"","meta":{"footnotes":""},"class_list":["post-116","page","type-page","status-publish","hentry"],"_links":{"self":[{"href":"https:\/\/webs.uab.cat\/emigra\/wp-json\/wp\/v2\/pages\/116","targetHints":{"allow":["GET"]}}],"collection":[{"href":"https:\/\/webs.uab.cat\/emigra\/wp-json\/wp\/v2\/pages"}],"about":[{"href":"https:\/\/webs.uab.cat\/emigra\/wp-json\/wp\/v2\/types\/page"}],"author":[{"embeddable":true,"href":"https:\/\/webs.uab.cat\/emigra\/wp-json\/wp\/v2\/users\/20"}],"replies":[{"embeddable":true,"href":"https:\/\/webs.uab.cat\/emigra\/wp-json\/wp\/v2\/comments?post=116"}],"version-history":[{"count":0,"href":"https:\/\/webs.uab.cat\/emigra\/wp-json\/wp\/v2\/pages\/116\/revisions"}],"wp:attachment":[{"href":"https:\/\/webs.uab.cat\/emigra\/wp-json\/wp\/v2\/media?parent=116"}],"curies":[{"name":"wp","href":"https:\/\/api.w.org\/{rel}","templated":true}]}}