{"id":148,"date":"2010-03-04T16:15:56","date_gmt":"2010-03-04T14:15:56","guid":{"rendered":"https:\/\/webs.uab.cat\/emigra\/cris-molins\/"},"modified":"2022-09-27T19:55:58","modified_gmt":"2022-09-27T17:55:58","slug":"cris-molins","status":"publish","type":"page","link":"https:\/\/webs.uab.cat\/emigra\/cris-molins\/","title":{"rendered":"Cris Molins"},"content":{"rendered":"\n<div class=\"wp-block-media-text alignwide is-stacked-on-mobile has-primary-background-color has-background\" style=\"grid-template-columns:30% auto\"><figure class=\"wp-block-media-text__media\"><img loading=\"lazy\" decoding=\"async\" width=\"407\" height=\"480\" src=\"https:\/\/webs.uab.cat\/emigra\/wp-content\/uploads\/sites\/225\/2010\/03\/2011-11-29-15.36.24.jpg\" alt=\"\" class=\"wp-image-145 size-full\" srcset=\"https:\/\/webs.uab.cat\/emigra\/wp-content\/uploads\/sites\/225\/2010\/03\/2011-11-29-15.36.24.jpg 407w, https:\/\/webs.uab.cat\/emigra\/wp-content\/uploads\/sites\/225\/2010\/03\/2011-11-29-15.36.24-254x300.jpg 254w\" sizes=\"auto, (max-width: 407px) 100vw, 407px\" \/><\/figure><div class=\"wp-block-media-text__content\">\n<p class=\"has-small-font-size\"><strong>email: <\/strong><a rel=\"noopener\" href=\"mailto:Cris.Molins@uab.cat\" target=\"_blank\">Cris.Molins@uab.cat<\/a>&nbsp; <br><strong>Phone:<\/strong> +34 93 5868918\/+34 93 586 8319<\/p>\n\n\n\n<p class=\"has-small-font-size\">Office 012 &#8211; MRA Parc de Recerca UAB, Ctra. Cerdanyola s\/n 08193 Bellaterra or<\/p>\n\n\n\n<p class=\"has-small-font-size\">Office B9-233 &#8211; Departament d&#8217;Antropologia Social i Cultural, Ctra. Cerdanyola s\/n 08193 Bellaterra<\/p>\n<\/div><\/div>\n\n\n\n<p>Professora del Departament d&#8217;Antropologia Social i Cultural, \u00e9s M\u00e0ster en Investigaci\u00f3 B\u00e0sica i Aplicada en Antropologia i est\u00e0 finalitzant la seva tesi doctoral \u201c<em>Jugar avui, conviure dem\u00e0. El joc com a prenentatge s\u00f2ciocultural en temps de canvis<\/em>\u201d. Tamb\u00e9 \u00e9s llicenciada en Antropologia Social, Diplomada en Educaci\u00f3 Prim\u00e0ria i postgraduada en M\u00e8todes i T\u00e8cniques per l\u2019Estudi de la Poblaci\u00f3 (<a href=\"http:\/\/www.ced.uab.es\/\">CED<\/a>-UAB). Ha participat en projectes del Grup de Recerca en Educaci\u00f3 i Treball (<a href=\"http:\/\/www.uab.cat\/gret\">GRET<\/a>) de la UAB, on fou TSR. Fou coordinadora i docent dels programes de Postgrau \u201cAtenci\u00f3 S\u00f2cioeducativa a l\u2019Alumnat d\u2019Origen Immigrant i Minoritari\u201d i Mestratge \u201c<em>Educaci\u00f3, Immigraci\u00f3 i Minories<\/em>\u201d organitzats per ICE-UAB i CIIMU. Actualment tamb\u00e9 imparteix doc\u00e8ncia al M\u00e0ster en Migracions Contempor\u00e0nies de la UAB (GEDIME; EMIGRA; MIGRACOM; GRM i GIPE).<\/p>\n\n\n\n<p>Ha realitzat una estada de recerca al Department of Anthropology de la University of Sydney a Austr\u00e0lia, per investigar els processos de socialitzaci\u00f3 escolar i alumnat d\u2019origen minoritari de Comunitats Abor\u00edgens en \u00e0mbit urb\u00e0. \u00c9s membre del comit\u00e8 espanyol de la International Play Association.<\/p>\n\n\n\n<p><strong>Projectes de recerca recents i en curs:<\/strong> &nbsp;<\/p>\n\n\n\n<p>AGAUR-ARAFI (2010) FILLS I FILLS DE FAMILIES IMMIGRADES ALS PA\u00cfSOS RICS. INFORME 2010 SOBRE EL CAS DE CATALUNYA AL CONTEXT DE LA UNI\u00d3 EUROPEA (Children of immigrant families in affluent countries. Report on the case of Catalonia in the context of the European Union). PI: Dr. Silvia Carrasco. Team: Dr. B\u00e1lint-\u00c1bel Berem\u00e9nyi, Dr. Beatriz Ballest\u00edn, Dr. Elisenda Casa\u00f1as &amp; Ms. Cris Molins (UAB); Dr. Heaven Crawley (Univ. of Swansea)<\/p>\n\n\n\n<p>FUNDACI\u00d3 JAUME BOFILL (2009-2010) Els patis de les escoles com espais d&#8217;oportunitats educatives, IPA Associaci\u00f3 International pel Dret dels Infants a Jugar. IP: Sra. Cris Molins. Investigadors al seu c\u00e0rrec: 6.<\/p>\n\n\n\n<p>AGAUR 2008 ARAF2-00003, 2009-2010: Xarxa d&#8217;investigaci\u00f3 etnogr\u00e0fica sobre migracions, minories, infancia i educaci\u00f3 (Network of ethnographic research on migration, minorities, childhood and education). IP: Dra. Silvia Carrasco<\/p>\n\n\n\n<p>Ministry of Science &amp; Innovation (Spain) 2005-2008: Transnational families and the identities of second generation children and youth though school and community experiences in Catalonia. 18 researchers. PI: Dr. Silvia Carrasco (UAB<\/p>\n\n\n\n<p><strong>Selecci\u00f3 de contribucions a congressos:<\/strong><\/p>\n\n\n\n<p><strong>Molins-Pueyo, C.<\/strong> (2010) Schools\u00b4playgrounds in Barcelona: tackling real practices for play and learning. Promoting uses and possibilities. Paper in &nbsp;Children\u00b4s Play: New Goals for the Future. 25th ICCP World Play Conference:. ICCP. Lisbon (Pt) &nbsp;<a href=\"http:\/\/www.fmh.utl.pt\/25iccp\/\">http:\/\/www.fmh.utl.pt\/25iccp\/<\/a><\/p>\n\n\n\n<p><strong>Molins-Pueyo, C<\/strong>. (2009): Els patis escolars a Catalunya: diagnosi dels usos i de les possibilitats de joc i aprenentatge. Paper in &nbsp;Educaci\u00f3n. Coord: Fidel Molina. V Congr\u00e9s Catal\u00e0 de Sociologia. \u201cImmigraci\u00f3 i Societat Catalana\u201d. Barcelona. &nbsp;<a href=\"http:\/\/acs.iec.cat\/congres2009\/index.asp\">http:\/\/acs.iec.cat\/congres2009\/index.asp<\/a><\/p>\n\n\n\n<p><strong>Molins-Pueyo, C<\/strong>. (2008) Relaciones transnacionales y pr\u00e1cticas NTIC entre poblaci\u00f3n de origen extranjero en Catalu\u00f1a. Paper NI\u00d1OS EN MOVIMIENTO: ADOPCI\u00d3N INTERNACIONAL DE NI\u00d1OS Y MOVILIDAD INFANTIL in X Coloquio Internacional de Geocr\u00edtica. \u201cDIEZ A\u00d1OS DE CAMBIOS EN EL MUNDO, EN LA GEOGRAF\u00cdA Y EN LAS CIENCIAS SOCIALES, 1999-2008\u201d.Barcelona. &nbsp;<a href=\"http:\/\/www.ub.es\/geocrit\/-xcol\/portada.htm\">http:\/\/www.ub.es\/geocrit\/-xcol\/portada.htm<\/a> &nbsp;<\/p>\n\n\n\n<p><strong>Molins-Pueyo, C.<\/strong> (2007): Etnograf\u00eda del patio: los juegos en conflicto con los saberes escolares II Congreso Internacional de Etnografia y Educaci\u00f3n: Migraciones y Ciudadanias. Barcelona.<\/p>\n\n\n\n<p><strong>Molins-Pueyo, C<\/strong>. (2007): Meeting at the \u00ablocutorio\u00bb. Virtual and face to face networks among immigrant youth in Barcelona. BSA Conference 2007. British Sociological Association. Social Connections: Identities, Technologies, Relationships. W:Global Cities, Local Lives. University of East London, (UK)&nbsp;<\/p>\n\n\n\n<p><strong>Molins-Pueyo, C<\/strong>. (2007): Inmigraci\u00f3n y brecha digital: resultados de un trabajo de campo en curso. V Congreso sobre la inmigraci\u00f3n en Espa\u00f1a. Migraciones y desarrollo humano. Valencia, (Sp)&nbsp;&nbsp;&nbsp;&nbsp;<\/p>\n\n\n\n<p><strong>Molins-Pueyo, C <\/strong>(2006) <em>Immigrant population and ICT uses in Spain<\/em>. Workshop 0013. 9<sup>th<\/sup> EASA Biennial Conference 2006, University of Bristol (UK) 18-21 September 2006.<\/p>\n\n\n\n<p><strong>Selecci\u00f3 de publicacions<\/strong><\/p>\n\n\n\n<p><strong>Molins-Pueyo, C<\/strong>. (2012) \u201cPatios escolares y diversidad sociocultural en Catalunya: un investigaci\u00f3n sobre usos y posibilidades para el juego y el aprendizaje.\u201d&nbsp; <em>Papers. Revista de Sociologia<\/em>, 97 (2).<\/p>\n\n\n\n<p>Marin, I., <strong>Molins, C<\/strong>. et al. (2010) Els patis de les escoles: espais d&#8217;oportunitats educatives. Informes Breus, 31. Barcelona: Fundaci\u00f3 Jaume Bofill. En l\u00ednia http:\/\/www.fbofill.cat\/intra\/fbofill\/documents\/publicacions\/525.pdf<\/p>\n\n\n\n<p><strong>Molins Pueyo, C.<\/strong>: (2006) \u201cUse and Misuse of Information and Communication Technologies in Education in Spain: Limits to Change and Cultural Production\u201d in <em>Electronic Magazine of Multicultural Education,<\/em> 8(1) ISSN: 1559-5005. <a href=\"http:\/\/www.eastern.edu\/publications\/emme\/2006spring\/molins-pueyo.pdf\" target=\"_blank\" rel=\"noopener\">http:\/\/www.eastern.edu\/publications\/emme\/2006spring\/molins-pueyo.pdf <\/a>;<\/p>\n\n\n\n<p><strong>Molins Pueyo, C<\/strong>.: (2006) \u00abCultural Change and Play: on Schools\u2019 Misunderstanding of teenage Knowledge \u00bb in <em>PlayRights Journal. An International Journal of the Theory and Practice of Play<\/em>. International Play Association \u00abPromoting the Child&#8217;s Right to Play\u00bb. Volume 27, Number 1, 2006&nbsp; P. 4-11.&nbsp; <a href=\"http:\/\/www.ipaworld.org\/Journals\/PlayRights_v27n1_2006.pdf\" target=\"_blank\" rel=\"noopener\">http:\/\/www.ipaworld.org\/Journals\/PlayRights_v27n1_2006.pdf<\/a><\/p>\n\n\n\n<p>Carrasco, S; Ballest\u00edn, B; Bertran, M; Borison, A; <strong>Molins-Pueyo, C<\/strong> (2005) \u201cEtnografia, educaci\u00f3n y pol\u00edticas p\u00fablicas. Oportunidades y dificultades desde la experiencia en Barcelona\u201d in <em>Ankulegi, Revista de Antropolog\u00eda Social<\/em>, (9). Desaf\u00edos de la sociedad contempor\u00e1nea. Donosti, Spain. P. 29-39<\/p>\n\n\n\n<p>Carrasco, S. &amp; <strong>Molins-Pueyo, C<\/strong>., (2004) \u201cAlgunos datos b\u00e1sicos sobre inmigraci\u00f3n&nbsp; y alumnado extranjero\u201d in Carrasco, S (ed) (2004) <em>Inmigraci\u00f3n, contexto familiar y educaci\u00f3n. Procesos y experiencias de la poblaci\u00f3n marroqu\u00ed, ecuatoriana, china y senegambiana<\/em>. Barcelona (Spain): ICE-UAB.<\/p>\n\n\n\n<p><strong>Molins-Pueyo, C<\/strong>. &amp; Bertran, M., (2004) \u201cEls ritus de pas en la infantesa\u201d in journal <em>Caramella: Revista de m\u00fasica i cultura popular.<\/em> Number X, Carrutxa-Solc-Tram\u00fas Ed. Barcelona, Spain. P. 17-20.<\/p>\n\n\n\n<p>Masjuan, J.M., Troiano, H., &amp; <strong>Molins-Pueyo, C<\/strong>., (2003) \u201cEls estudiants universitaris davant els estudis i el futur professional\u201d. Research report available on-line: <a href=\"http:\/\/magno.uab.es\/ides\/eees\/doc_EEES.htm\">http:\/\/magno.uab.es\/ides\/eees\/doc_EEES.htm<\/a><\/p>\n","protected":false},"excerpt":{"rendered":"<p>email: Cris.Molins@uab.cat&nbsp; Phone: +34 93 5868918\/+34 93 586 8319 Office 012 &#8211; MRA Parc de Recerca UAB, Ctra. Cerdanyola s\/n 08193 Bellaterra or Office B9-233 &#8211; Departament d&#8217;Antropologia Social i Cultural, Ctra. Cerdanyola s\/n 08193 Bellaterra Professora del Departament d&#8217;Antropologia Social i Cultural, \u00e9s M\u00e0ster en Investigaci\u00f3 B\u00e0sica i Aplicada en Antropologia i est\u00e0 finalitzant [&hellip;]<\/p>\n","protected":false},"author":20,"featured_media":0,"parent":0,"menu_order":0,"comment_status":"closed","ping_status":"closed","template":"","meta":{"footnotes":""},"class_list":["post-148","page","type-page","status-publish","hentry"],"_links":{"self":[{"href":"https:\/\/webs.uab.cat\/emigra\/wp-json\/wp\/v2\/pages\/148","targetHints":{"allow":["GET"]}}],"collection":[{"href":"https:\/\/webs.uab.cat\/emigra\/wp-json\/wp\/v2\/pages"}],"about":[{"href":"https:\/\/webs.uab.cat\/emigra\/wp-json\/wp\/v2\/types\/page"}],"author":[{"embeddable":true,"href":"https:\/\/webs.uab.cat\/emigra\/wp-json\/wp\/v2\/users\/20"}],"replies":[{"embeddable":true,"href":"https:\/\/webs.uab.cat\/emigra\/wp-json\/wp\/v2\/comments?post=148"}],"version-history":[{"count":2,"href":"https:\/\/webs.uab.cat\/emigra\/wp-json\/wp\/v2\/pages\/148\/revisions"}],"predecessor-version":[{"id":982,"href":"https:\/\/webs.uab.cat\/emigra\/wp-json\/wp\/v2\/pages\/148\/revisions\/982"}],"wp:attachment":[{"href":"https:\/\/webs.uab.cat\/emigra\/wp-json\/wp\/v2\/media?parent=148"}],"curies":[{"name":"wp","href":"https:\/\/api.w.org\/{rel}","templated":true}]}}