{"id":269,"date":"2010-03-04T16:21:50","date_gmt":"2010-03-04T14:21:50","guid":{"rendered":"https:\/\/webs.uab.cat\/emigra\/rita-vila-0\/"},"modified":"2022-09-27T19:53:52","modified_gmt":"2022-09-27T17:53:52","slug":"rita-vila-0","status":"publish","type":"page","link":"https:\/\/webs.uab.cat\/emigra\/rita-vila-0\/","title":{"rendered":"Rita Vill\u00e0"},"content":{"rendered":"\n<div class=\"wp-block-media-text alignwide is-stacked-on-mobile has-primary-background-color has-background\" style=\"grid-template-columns:30% auto\"><figure class=\"wp-block-media-text__media\"><img decoding=\"async\" src=\"https:\/\/webs.uab.cat\/emigra\/wp-content\/uploads\/sites\/225\/2011\/12\/rita_foto_cv.preview.jpg\" alt=\"\"\/><\/figure><div class=\"wp-block-media-text__content\">\n<p class=\"has-small-font-size\"><strong>email: <\/strong><a rel=\"noopener\" href=\"mailto:Rita.Villa@uab.cat\" target=\"_blank\">Rita.Villa@uab.cat<\/a> &#8211; <br>Phone: +34 93 5868918\/+34 93 5868319<\/p>\n\n\n\n<p class=\"has-small-font-size\">Office 012 &#8211; MRA Parc de Recerca UAB, Ctra. Cerdanyola s\/n 08193 Bellaterra&nbsp; or<\/p>\n\n\n\n<p class=\"has-small-font-size\">Office B9-215 &#8211; Department of Social and Cultural Anthropology, Ctra. Cerdanyola s\/n 08193 Bellaterra<\/p>\n<\/div><\/div>\n\n\n\n<p>Investigadora predoctoral FI-ICIP (Instituto Catalan Internacional para la Paz), su tesis investiga la participaci\u00f3n del alumnado de origen extranjero en la Mediaci\u00f3n Escolar, como parte del proyecto del Libro Blanco de la Mediaci\u00f3n en Catalu\u00f1a, coordinado por Pompeu Casanoves, IDT-UAB, y encargado por la Consejer\u00eda de Justicia de la Generalitat de Catalunya (2008-2010). Es miembro del Centro de Estudios e Investigaci\u00f3n en Migraciones (CER-Migracions) y del Center for Integrative Anti Racism Studies, de l\u2019Ontario Institute of Studies in Education, University of Toronto (CIARS-OISE-UofT), en el que ha sido investigadora visitante de noviembre de 2009 a abril de 2010, en el marco de una BE (Becas para Estancias de Investigaci\u00f3n Fuera de Catalunya), y durante todo el curso 2010-2011 en el marco de su formaci\u00f3n doctoral. Actualmente es tambi\u00e9n profesora del Departamento de Antropolog\u00eda Social y Cultural de la UAB.<\/p>\n\n\n\n<p>Es Master en Investigaci\u00f3n Etnogr\u00e1fica, Teor\u00eda Antropol\u00f3gica y Relaciones Interculturales, as\u00ed como Licenciada en Antropolog\u00eda Social y Cultural y Licenciada en Periodismo por la UAB. En 2008 obtuvo la ayuda F-JOVE (Ayudas a la formaci\u00f3n especializada para investigadores e investigadoras en materia de juventud).<\/p>\n\n\n\n<p>Entre 2005 y 2008 fue investigadora del Instituto de Infancia y Mundo Urbano (CIIMU) participando en diferentes investigaciones y en la organizaci\u00f3n del I Forum Internacional de Infancia y Familias: <em>De filias y fobias, del parentesco biol\u00f3gico al cultural. La adopci\u00f3n, la homoparentalidad y otras formas de construcci\u00f3n de familias diversas.<\/em><\/p>\n\n\n\n<h2 class=\"wp-block-heading\"><strong>Participaci\u00f3n en proyectos de investigaci\u00f3n (selecci\u00f3n):<\/strong><\/h2>\n\n\n\n<p>&#8211; Mediaci\u00f3n en el \u00e1mbito escolar, \u00c1mbito 7 del Libro Blanco de la Mediaci\u00f3n en Catalunya. &nbsp;Departament de Just\u00edcia, Generalitat de Catalunya. Septiembre 2008 a Octubre 2010. IP: Dr. Pompeu Casanovas (IDT-UAB). IP del \u00e1mbito 7: Dra. S\u00edlvia Carrasco<\/p>\n\n\n\n<p>&#8211; Tercer Informe de la Infancia y las Familias. Institut d\u2019Inf\u00e0ncia i M\u00f3n Urb\u00e0 de Barcelona. De Octubre 2006 a Febrero 2008. IP: Dra.Carme G\u00f3mez-Granell (dir) Dra. Cristina Brullet (dir.); IP \u00c1rea de Infancia y Pobreza: Dr. Llu\u00eds Flaquer. IP \u00c1rea de Infancia y Educaci\u00f3n: Dra. Carme G\u00f3mez-Granell, Sr. Ram\u00f3n Casares<\/p>\n\n\n\n<p>&#8211; La Infancia en cifras (2) Institut d\u2019Inf\u00e0ncia i M\u00f3n Urb\u00e0 de Barcelona. De Septiembre 2006 a Mayo 2007. IP: Dra.Carme G\u00f3mez-Granell (dir) Dra. Cristina Brullet (dir.); IP \u00c1rea de Infancia y Pobreza: Dr. Llu\u00eds Flaquer. IP \u00c1rea de Infancia y Educaci\u00f3n: Dra. Carme G\u00f3mez-Granell, Sr. Ram\u00f3n Casares<\/p>\n\n\n\n<p>&nbsp;&#8211; Convivencia y confrontaci\u00f3n entre iguales en los centros educativos de educaci\u00f3n secundaria. Oficina del S\u00edndic de Greuges de Catalunya. De Octubre 2005 a Septiembre 2006. IP: Dra. Silvia Carrasco<\/p>\n\n\n\n<p>&#8211; Prensa escrita e inmigraci\u00f3n. Fundaci\u00f3 Jaume Bofill. De Octubre 2002 a Octubre 2004. IP: Dr. Xavier Gir\u00f3<\/p>\n\n\n\n<h2 class=\"wp-block-heading\"><strong>Becas y ayudas de investigaci\u00f3n:<\/strong><\/h2>\n\n\n\n<p>&#8211; Enero 2011 \u2013 Enero 2013. Ayuda para la etapa de formaci\u00f3n &nbsp;e investigaci\u00f3n de personal investigador en formaci\u00f3n en los \u00e1mbitos de inter\u00e9s del Instituto Catal\u00e1n Internacional para la Paz (FI-ICIP 2010) (Modalidad contrato)<\/p>\n\n\n\n<p>&#8211; Enero 2010 \u2013 Diciembre 2010. Beca para la etapa de formaci\u00f3n e investigaci\u00f3n de personal investigador en formaci\u00f3n en los \u00e1mbitos de inter\u00e9s del Instituto Catal\u00e1n Internacional para la Paz (FI-ICIP 2009)<\/p>\n\n\n\n<p>&#8211; Noviembre 2009 \u2013 Abril 2010. Beca para estancias de investigaci\u00f3n fuera de Catalunya (BE-DGR 2009). Estancia en el Centre for Integrative Anti-Racism Studies (CIARS) de l\u2019Ontario Institute for Studies in Education (OISE). University of Toronto<\/p>\n\n\n\n<p>&#8211; Junio 2009 \u2013 Agosto 2009. Ayuda a la formaci\u00f3n especializada para investigadores e investigadoras en materia de juventud (FJOVE 2008).<\/p>\n\n\n\n<p>&#8211; Mayo 2009 \u2013 Agosto 2009. T\u00e9cnica de Soporte a la Investigaci\u00f3n. . En el equipo ET7: Mediaci\u00f3n escolar, del proyecto Libro Blanco de la Mediaci\u00f3n en Catalunya.<\/p>\n\n\n\n<p>&#8211; Abril 2008- Mayo 2009. Beca de Soporte a la Investigaci\u00f3n. . En el equipo ET7: Mediaci\u00f3n escolar, del proyecto Libro Blanco de la Mediaci\u00f3n en Catalunya.<\/p>\n\n\n\n<p>&#8211; Septiembre 2005 &#8211; Abril 2008. Beca de colaboraci\u00f3n en investigaci\u00f3n para la formaci\u00f3n de personal investigador del CIIMU (Consorci Institut d&#8217;Inf\u00e0ncia i M\u00f3n Urb\u00e0).<\/p>\n\n\n\n<h2 class=\"wp-block-heading\"><strong>Contribuciones a congresos:<\/strong><\/h2>\n\n\n\n<p><span style=\"font-family: 'PrimaSans BT,Verdana,sans-serif';\">&#8211; VII Congreso de migraciones internacionales en Espa\u00f1a. Organitzado por Xenia \u2013 Grupo de investigaci\u00f3n en Migraciones, Alteridad y Desarrollo Humano. Universidad del Pa\u00eds Vasco. Bilbao 11-13 abril 2012. <em>Comunicaci\u00f3n aceptada<\/em><br><\/span><\/p>\n\n\n\n<p>&#8211; Colloque International <em>Violences \u00e0 l\u2019Ecole : Normes et professionnalit\u00e9s en questions<\/em>. Organizado por RECIFES, Universit\u00e9 d\u2019Artois, Universit\u00e9 de Cergy-Pontoise, \u00c9MA. Arras, Francia, 14-15 Diciembre 2011. <em>Comunicaci\u00f3n presentada<br><\/em><\/p>\n\n\n\n<p>&#8211; ECER 2011- Berlin. European Conference on Educational Research. Organizado por European Educational Research Association (EERA). Freie Universitat Berlin, Alemanya, 13-16 Septiembre 2011. <em>Comunicaci\u00f3n presentada<\/em><\/p>\n\n\n\n<p>&#8211; XII Congreso de Antropolog\u00eda. Lugares, tiempos memorias, la Antropolog\u00eda Ib\u00e9rica en el siglo XXI. Convocado por FAAEE (Federaci\u00f3n de Asociaciones de Antropolog\u00eda del Estado Espa\u00f1ol). Le\u00f3n, Espa\u00f1a, 6-9 Septiembre 2011.<em> Comunicaci\u00f3n presentada<\/em><\/p>\n\n\n\n<p>&#8211; 5th Annual Decolonizing the Spirit Conference: Land, Citizenship, Belonging, and the Place of the Spirit. Organizado por CIARS (Center for Integrative Anti Racism Studies) \u2013 OISE \u2013 UofT. Toronto, Canad\u00e1, 25-26 Marzo 2011. <em>Chair<\/em><\/p>\n\n\n\n<p>&#8211; I Congreso Internacional sobre las Migraciones en Andaluc\u00eda. Organizado por Instituto de Migraciones \u2013 Universidad de Granada. Granada, Espa\u00f1a, 16-18 Febrero 2011. <em>Comunicaci\u00f3n presentada<\/em><\/p>\n\n\n\n<p>&#8211; VII Simposi Llengua, Educaci\u00f3 i Immigraci\u00f3. Conviv\u00e8ncia intercultural i educaci\u00f3 antiracista. Organizado por ICE de UdG i ICE de UB. Girona, 18-19 Noviembre 2010. <em>Comunicaci\u00f3n presentada<\/em><\/p>\n\n\n\n<p>&#8211; II Congr\u00e9s Internacional D&#8217;etnografia i Educaci\u00f3 \u00abMigracions i Ciutadanies\u00bb. Organizado por <em>EMIGRA. UAB, 5-8 Septiembre 2007.<\/em> <em>Comunicaci\u00f3n presentada<\/em><\/p>\n\n\n\n<h2 class=\"wp-block-heading\"><strong>Publicaciones:<\/strong><\/h2>\n\n\n\n<p><strong>Carrasco, S<\/strong>.; <strong>Vill\u00e0, R<\/strong>.; Ponferrada, M.; Casa\u00f1as, E. (2010) La mediaci\u00f3 escolar a Catalunya, in Casanovas, P., et al., coords., <em>Llibre Blanc de la mediaci\u00f3 a Catalunya: perspectives sociojur\u00eddiques<\/em>. Barcelona: Departament de Just\u00edcia, Generalitat de Catalunya &#8211; Editorial Huybens, pp 429-507 (Full report n. 8) <a title=\"http:\/\/www.llibreblancmediacio.com\/\" href=\"http:\/\/www.llibreblancmediacio.com\/\">http:\/\/www.llibreblancmediacio.com\/<\/a><\/p>\n\n\n\n<p><strong>Carrasco, S.;<\/strong> Ponferrada, M.; <strong>Vill\u00e0, R.<\/strong> (2009) Mediaci\u00f3n en el \u00e1mbito escolar. Breve estado de la cuesti\u00f3n y reflexiones cr\u00edticas, a Casanovas, P. et al, coords, <em>Materiales del Libro Blanco de la&nbsp; Mediaci\u00f3n en Catalu\u00f1a<\/em>, Barcelona: Centre d&#8217;Estudis Jur\u00eddics i Formaci\u00f3 Especialitzada (cap\u00edtol)<\/p>\n\n\n\n<p>Brullet, C.; G\u00f3mez-Granell, C. (dir.); (2008). <em>Malestares. Infancia, adolescencia y familias<\/em>. GRAO, Barcelona (<strong>Rita Vill\u00e0<\/strong>, membre de l&#8217;equip de treball i redacci\u00f3)<\/p>\n\n\n\n<p><strong>Vill\u00e0, R. <\/strong>(2007). <em>Processos identit\u00e0ris i integraci\u00f3 social dels fills i filles d&#8217;immigrants a Catalunya: els estils juvenils i la orientaci\u00f3 escolar. Una prospecci\u00f3 al Raval de Barcelona, un context de diversitat excepcional<\/em>. Master Thesis<\/p>\n\n\n\n<p><strong>Vill\u00e0, R. <\/strong>(2007) El trabajo etnogr\u00e1fico con adolescentes en la instituci\u00f3n escolar. Estereotipos y estilos juveniles en una investigaci\u00f3n en curso con hijos e hijas de inmigrantes. A EMIGRA Working Papers <a href=\"http:\/\/webs2002.uab.es\/antropologia\/emigra\/Working.html\">http:\/\/webs2002.uab.es\/antropologia\/emigra\/Working.html<\/a><\/p>\n\n\n\n<p>G\u00f3mez-Granell, C.; Buerba, N. (coor) (2007). <em>La Infancia<\/em><em> en Cifras (2).<\/em> Ministerio de Trabajo y Asuntos Sociales, Madrid (<strong>Rita Vill\u00e0<\/strong>, membre de l&#8217;equip de treball i redacci\u00f3)<\/p>\n\n\n\n<p>Carrasco, S.; G\u00f3mez-Granell, C. (dir); Ponferrada, M.; Mir\u00f3, M.; <strong>Vill\u00e0, R. <\/strong>(2007). <em>Convivencia i confrontaci\u00f3 entre iguals als centres educatius<\/em>. Monogr\u00e0fic 8. CIIMU, Barcelona<\/p>\n\n\n\n<p>Gir\u00f3, X. (dir) (2006) <em>Immigraci\u00f3 i premsa escrita<\/em>. Fundaci\u00f3 Jaume Bofill<em>, <\/em>Barcelona<\/p>\n","protected":false},"excerpt":{"rendered":"<p>email: Rita.Villa@uab.cat &#8211; Phone: +34 93 5868918\/+34 93 5868319 Office 012 &#8211; MRA Parc de Recerca UAB, Ctra. Cerdanyola s\/n 08193 Bellaterra&nbsp; or Office B9-215 &#8211; Department of Social and Cultural Anthropology, Ctra. Cerdanyola s\/n 08193 Bellaterra Investigadora predoctoral FI-ICIP (Instituto Catalan Internacional para la Paz), su tesis investiga la participaci\u00f3n del alumnado de origen [&hellip;]<\/p>\n","protected":false},"author":20,"featured_media":0,"parent":0,"menu_order":0,"comment_status":"closed","ping_status":"closed","template":"","meta":{"footnotes":""},"class_list":["post-269","page","type-page","status-publish","hentry"],"_links":{"self":[{"href":"https:\/\/webs.uab.cat\/emigra\/wp-json\/wp\/v2\/pages\/269","targetHints":{"allow":["GET"]}}],"collection":[{"href":"https:\/\/webs.uab.cat\/emigra\/wp-json\/wp\/v2\/pages"}],"about":[{"href":"https:\/\/webs.uab.cat\/emigra\/wp-json\/wp\/v2\/types\/page"}],"author":[{"embeddable":true,"href":"https:\/\/webs.uab.cat\/emigra\/wp-json\/wp\/v2\/users\/20"}],"replies":[{"embeddable":true,"href":"https:\/\/webs.uab.cat\/emigra\/wp-json\/wp\/v2\/comments?post=269"}],"version-history":[{"count":1,"href":"https:\/\/webs.uab.cat\/emigra\/wp-json\/wp\/v2\/pages\/269\/revisions"}],"predecessor-version":[{"id":978,"href":"https:\/\/webs.uab.cat\/emigra\/wp-json\/wp\/v2\/pages\/269\/revisions\/978"}],"wp:attachment":[{"href":"https:\/\/webs.uab.cat\/emigra\/wp-json\/wp\/v2\/media?parent=269"}],"curies":[{"name":"wp","href":"https:\/\/api.w.org\/{rel}","templated":true}]}}