{"id":284,"date":"2010-02-28T14:05:42","date_gmt":"2010-02-28T12:05:42","guid":{"rendered":"https:\/\/webs.uab.cat\/emigra\/congresos-y-encuentros-cientificos\/"},"modified":"2022-09-27T20:17:37","modified_gmt":"2022-09-27T18:17:37","slug":"congresos-y-encuentros-cientificos","status":"publish","type":"page","link":"https:\/\/webs.uab.cat\/emigra\/congresos-y-encuentros-cientificos\/","title":{"rendered":"Congresos y seminarios"},"content":{"rendered":"\n<p><strong>EMIGRA organiza y co-organiza regularmente congresos y encuentros cient\u00edficos:<\/strong><\/p>\n\n\n\n<p><a href=\"https:\/\/webs.uab.cat\/emigra\/es\/congresos-proxima-realizacion\/\" data-type=\"page\" data-id=\"331\">Congresos, jornadas y seminarios de pr\u00f3xima realizaci\u00f3n<\/a><\/p>\n\n\n\n<p><a href=\"https:\/\/webs.uab.cat\/emigra\/es\/congresos-finalizados\/\" data-type=\"page\" data-id=\"332\">Congresos, seminarios y jornadas finalizados<\/a><\/p>\n","protected":false},"excerpt":{"rendered":"<p>EMIGRA organiza y co-organiza regularmente congresos y encuentros cient\u00edficos: Congresos, jornadas y seminarios de pr\u00f3xima realizaci\u00f3n Congresos, seminarios y jornadas finalizados<\/p>\n","protected":false},"author":20,"featured_media":0,"parent":0,"menu_order":0,"comment_status":"closed","ping_status":"closed","template":"","meta":{"footnotes":""},"class_list":["post-284","page","type-page","status-publish","hentry"],"_links":{"self":[{"href":"https:\/\/webs.uab.cat\/emigra\/wp-json\/wp\/v2\/pages\/284","targetHints":{"allow":["GET"]}}],"collection":[{"href":"https:\/\/webs.uab.cat\/emigra\/wp-json\/wp\/v2\/pages"}],"about":[{"href":"https:\/\/webs.uab.cat\/emigra\/wp-json\/wp\/v2\/types\/page"}],"author":[{"embeddable":true,"href":"https:\/\/webs.uab.cat\/emigra\/wp-json\/wp\/v2\/users\/20"}],"replies":[{"embeddable":true,"href":"https:\/\/webs.uab.cat\/emigra\/wp-json\/wp\/v2\/comments?post=284"}],"version-history":[{"count":1,"href":"https:\/\/webs.uab.cat\/emigra\/wp-json\/wp\/v2\/pages\/284\/revisions"}],"predecessor-version":[{"id":1008,"href":"https:\/\/webs.uab.cat\/emigra\/wp-json\/wp\/v2\/pages\/284\/revisions\/1008"}],"wp:attachment":[{"href":"https:\/\/webs.uab.cat\/emigra\/wp-json\/wp\/v2\/media?parent=284"}],"curies":[{"name":"wp","href":"https:\/\/api.w.org\/{rel}","templated":true}]}}