{"id":287,"date":"2012-01-30T16:29:04","date_gmt":"2012-01-30T14:29:04","guid":{"rendered":"https:\/\/webs.uab.cat\/emigra\/tesis-1\/"},"modified":"2012-01-30T16:29:04","modified_gmt":"2012-01-30T14:29:04","slug":"tesis-1","status":"publish","type":"page","link":"https:\/\/webs.uab.cat\/emigra\/tesis-1\/","title":{"rendered":"M\u00e1sters"},"content":{"rendered":"<h3><strong>EMIGRA&nbsp;<\/strong>co-organiza y&nbsp;participa en programas de M\u00e1ster y Doctorado de&nbsp;la UAB<\/h3>\n<p><strong>M\u00c1STERS<\/strong><\/p>\n<p>El&nbsp;<strong>M\u00e1ster Interuniversitario en Migraciones Contempor\u00e1neas<\/strong>&nbsp;con sus dos opciones de especializaci\u00f3n en Gesti\u00f3n de la diversidad y cohesi\u00f3n social y en Derechos e integraci\u00f3n, y el Postgrado Interuniversitario en Inmigraci\u00f3n: Derechos y Cohesi\u00f3n Social conforman una oferta de t\u00edtulos interuniversitarios y multidisciplinares de postgrado que ofrecen una s\u00f3lida formaci\u00f3n te\u00f3rica y pr\u00e1ctica a profesionales que quieran dedicarse a la gesti\u00f3n de las migraciones y de la diversidad, o la investigaci\u00f3n en el campo de las migraciones internacionales. Se trata de un <strong>m\u00e1ster propio<\/strong> de car\u00e1cter <strong>profesional&nbsp;<\/strong><\/p>\n<p><a href=\"https:\/\/www.uab.cat\/web\/postgrado\/master-en-interuniversitario-en-migraciones-contemporaneas\/informacion-general-1206597472083.html\/param1-1759_es\/param2-2009\/\">https:\/\/www.uab.cat\/web\/postgrado\/master-en-interuniversitario-en-migraciones-contemporaneas\/informacion-general-1206597472083.html\/param1-1759_es\/param2-2009\/<\/a><\/p>\n<hr \/>\n<p>&nbsp;<\/p>\n<p>El&nbsp;<strong>M\u00e1ster en Antropolog\u00eda: Investigaci\u00f3n Avanzada e Intervenci\u00f3n Social&nbsp;<\/strong>tiene como objetivo la formaci\u00f3n para la investigaci\u00f3n etnogr\u00e1fica y la intervenci\u00f3n en contextos de relaciones interculturales. Comprender&nbsp;la&nbsp;diversidad cultural&nbsp;en toda su complejidad es una herramienta indispensable para trabajar en&nbsp;una amplia variedad de temas&nbsp;como la migraci\u00f3n y las relaciones transnacionales, el desarrollo, la educaci\u00f3n, el consumo, la pobreza y la marginalizaci\u00f3n, la salud, la procreaci\u00f3n y las relaciones de g\u00e9nero, as\u00ed como la relaci\u00f3n que los seres humanos tienen con el espacio y el medio ambiente, entre otros:&nbsp;Se trata de un <strong>m\u00e1ster acad\u00e9mico<\/strong> que permite acceder al Doctorado y consta de:<\/p>\n<ul>\n<li>Dos m\u00f3dulos comunes:&nbsp;<em>Perspectivas de Investigaci\u00f3n e Intervenci\u00f3n Socioantropol\u00f3gicas<\/em>&nbsp;y&nbsp;<em>Seminario de Investigaci\u00f3n<\/em>.<\/li>\n<li>Tres especialidades:&nbsp;<em>Investigaci\u00f3n Etnogr\u00e1fica y Transcultural<\/em>&nbsp;(investigaci\u00f3n),&nbsp;<em>Intervenci\u00f3n Sociocultural y Socioambiental<\/em>&nbsp;(profesional) y&nbsp;<em>Espacios y Relaciones Transnacionales<\/em>&nbsp;(investigaci\u00f3n).&nbsp;<\/li>\n<\/ul>\n<p><a href=\"https:\/\/www.uab.cat\/web\/estudiar\/la-oferta-de-masteres-oficiales\/informacion-general\/antropologia-investigacion-avanzada-e-intervencion-social-1096480309770.html?param1=1345648439250\">https:\/\/www.uab.cat\/web\/estudiar\/la-oferta-de-masteres-oficiales\/informacion-general\/antropologia-investigacion-avanzada-e-intervencion-social-1096480309770.html?param1=1345648439250<\/a><\/p>\n<hr \/>\n<p>El&nbsp;<strong>M\u00e1ster Europeo en&nbsp;Antropolog\u00eda Social y Cultural \/ European Master in Social and Cultural Anthropology&nbsp;CREOLE<\/strong>&nbsp;es el primer m\u00e1ster interuniversitario sobre Antropolog\u00eda Social y Cultural con una dimensi\u00f3n europea. Este m\u00e1ster es fruto de la colaboraci\u00f3n de los departamentos de Antropolog\u00eda de la UAB, la National University of Ireland-Maynooth (Irlanda), la Stockholms Universitet (Suecia), la Universit\u00e9 Lumi\u00e8re Lyon 2 (Francia) y la Univerza v Ljubljani (Eslovenia). El objetivo del m\u00e1ster es formar investigadores especializados en el estudio de las diferencias culturales, los procesos transnacionales y las nuevas formas de identidad. Se trata de un <strong>m\u00e1ster acad\u00e9mico<\/strong> que permite acceder al Doctorado.<\/p>\n<p><a href=\"https:\/\/www.uab.cat\/web\/estudiar\/la-oferta-de-masteres-oficiales\/informacion-general-1096480309770.html?param1=1204184265007\">https:\/\/www.uab.cat\/web\/estudiar\/la-oferta-de-masteres-oficiales\/informacion-general-1096480309770.html?param1=1204184265007<\/a>.<\/p>\n<hr \/>\n<p><strong>DOCTORADO<\/strong><\/p>\n<p>Programa de Doctorado&nbsp;en&nbsp;<strong>Antropologia<\/strong>:&nbsp;<a href=\"https:\/\/www.uab.cat\/web\/postgrado\/doctorados\/todos-los-doctorados\/informacion-general\/antropologia-social-y-cultural-1345467765424.html?param2=1345662165182\">https:\/\/www.uab.cat\/web\/postgrado\/doctorados\/todos-los-doctorados\/informacion-general\/antropologia-social-y-cultural-1345467765424.html?param2=1345662165182<\/a><\/p>\n<p>&nbsp;<\/p>\n","protected":false},"excerpt":{"rendered":"<p>EMIGRA&nbsp;co-organiza y&nbsp;participa en programas de M\u00e1ster y Doctorado de&nbsp;la UAB M\u00c1STERS El&nbsp;M\u00e1ster Interuniversitario en Migraciones Contempor\u00e1neas&nbsp;con sus dos opciones de especializaci\u00f3n en Gesti\u00f3n de la diversidad y cohesi\u00f3n social y en Derechos e integraci\u00f3n, y el Postgrado Interuniversitario en Inmigraci\u00f3n: Derechos y Cohesi\u00f3n Social conforman una oferta de t\u00edtulos interuniversitarios y multidisciplinares de postgrado que [&hellip;]<\/p>\n","protected":false},"author":20,"featured_media":0,"parent":0,"menu_order":0,"comment_status":"closed","ping_status":"closed","template":"","meta":{"footnotes":""},"class_list":["post-287","page","type-page","status-publish","hentry"],"_links":{"self":[{"href":"https:\/\/webs.uab.cat\/emigra\/wp-json\/wp\/v2\/pages\/287","targetHints":{"allow":["GET"]}}],"collection":[{"href":"https:\/\/webs.uab.cat\/emigra\/wp-json\/wp\/v2\/pages"}],"about":[{"href":"https:\/\/webs.uab.cat\/emigra\/wp-json\/wp\/v2\/types\/page"}],"author":[{"embeddable":true,"href":"https:\/\/webs.uab.cat\/emigra\/wp-json\/wp\/v2\/users\/20"}],"replies":[{"embeddable":true,"href":"https:\/\/webs.uab.cat\/emigra\/wp-json\/wp\/v2\/comments?post=287"}],"version-history":[{"count":0,"href":"https:\/\/webs.uab.cat\/emigra\/wp-json\/wp\/v2\/pages\/287\/revisions"}],"wp:attachment":[{"href":"https:\/\/webs.uab.cat\/emigra\/wp-json\/wp\/v2\/media?parent=287"}],"curies":[{"name":"wp","href":"https:\/\/api.w.org\/{rel}","templated":true}]}}