{"id":329,"date":"2018-10-29T14:51:04","date_gmt":"2018-10-29T12:51:04","guid":{"rendered":"https:\/\/webs.uab.cat\/emigra\/public-proyectos-finalizados\/"},"modified":"2018-10-29T14:51:04","modified_gmt":"2018-10-29T12:51:04","slug":"public-proyectos-finalizados","status":"publish","type":"page","link":"https:\/\/webs.uab.cat\/emigra\/public-proyectos-finalizados\/","title":{"rendered":"Proyectos finalizados"},"content":{"rendered":"<p><strong><a href=\"https:\/\/www.uantwerpen.be\/en\/projects\/resl-eu\/about-resl-eu\/#\">RESL.eu_Reducing Early School Leaving in Europe<\/a>&nbsp;<\/strong>financiado por el 7 Programa Marco,&nbsp;European Commission (2013-2018) Coordinadora: Dra. Christianne Timmerman, University of Antwerp. 30 investigadors.<\/p>\n<p><strong>MOVIBAR <\/strong>La movilidad del alumnado y su impacto en la escolarizaci\u00f3n en la regi\u00f3n metropolitana de Barcelona: tipos,procesos y tendencias (2013-12015). MINECO Plan Nacional I+D+i CSO 2012-34285 IP: Dra. Silvia Carrasco. 10 investigadors.<\/p>\n<p><strong>RECERCAIXA<\/strong>&#8211;<strong>AGAUR. Fills i filles de fam\u00edlies immigrants a Catalunya: gesti\u00f3 de la interculturalitat per a la cohesi\u00f3 social<\/strong>. (2011)&nbsp;Investigadora principal, Dra. Carlota Sol\u00e9. 12 investigadors. Publicaci\u00f3:&nbsp;<a href=\"https:\/\/ddd.uab.cat\/pub\/llibres\/2016\/150206\/guia_models_actuacions_diversitat_a2016.pdf\">Fills i filles de fam\u00edlies immigrades a Catalunya. Gesti\u00f3 de la Interculturalitat per a la Cohesi\u00f3 Socia. Guia de recomanacions (catal\u00e0, castell\u00e0, angl\u00e8s)<\/a>, <em>Focus on International Migration<\/em>, 3. Servei de Publicacions UAB.<\/p>\n<p><strong>CIS. The children of immigrants in schools in the EU and the US<\/strong>: (2005-2010) USA, France, United Kingdom, Sweden, Spain, The Netherlands. National Science Foundation (US) &#8211; Nuffield Foundation (UK) : Coordinator: Dr. Richard Alba, NYU. Catalonia-California Team PIs: Dr. Margaret Gibson (UCSC) &amp; Dr. Silvia Carrasco (UAB). 30 investigadors.<\/p>\n<p><strong>Open Society Foundations (2011):<\/strong>&nbsp;(Roma Initiatives call \u00abAdvocating Comprehensive Roma Integration Strategies) EVALUATING THE 6 YEARS OF THE &#8216;INTEGRATED PLAN FOR THE ROMA POPULATION IN CATALONIA&#8217;.Scientific coordinator (PI):&nbsp;Dr.&nbsp;B\u00e1lint-\u00c1bel&nbsp;Berem\u00e9nyi&nbsp;(UAB). General coordinator: Ms. Anna Mirga (FAGIC)<\/p>\n<p><strong>AGAUR-ARAFI (2010)<\/strong>&nbsp;FILLS I FILLS DE FAMILIES IMMIGRADES ALS PA\u00cfSOS RICS. INFORME 2010 SOBRE EL CAS DE CATALUNYA AL CONTEXT DE LA UNI\u00d3 EUROPEA (Children of immigrant families in affluent countries. Report on the case of Catalonia in the context of the European Union). PI:&nbsp;Dr. Silvia Carrasco. Team: Dr. B\u00e1lint-\u00c1bel Berem\u00e9nyi, Dr. Beatriz Ballest\u00edn, Dra. N\u00faria Roca, Dr. Elisenda Casa\u00f1as &amp; Ms. Cris Molins (UAB); Dr. Heaven Crawley (Univ. of Swansea)<\/p>\n<p><strong>AGAUR-ARAFI (2010)&nbsp;<\/strong>TRAJECT\u00d2RIES D&#8217;\u00c8XIT ESCOLAR DELS JOVES D&#8217;ORIGEN MARROQU\u00cd A CATALUNYA (Trajectories of school achievement among youth of Morroccan origin in Catalonia) PI:&nbsp;Dr. Jordi P\u00e0mies.&nbsp;Team: Dra. Marta Bertran, Dra. Maribel Ponferrada, Sr. Vicen\u00e7 Casalta, Sr. Mustaf\u00e0, Sra. Laia Narciso.<\/p>\n<p><strong>Diputaci\u00f3 de Barcelona, \u00c0rea d&#8217;Educaci\u00f3.&nbsp;<\/strong>(2009-2010) Estudi sobre l\u2019evoluci\u00f3 de la matr\u00edcula viva a les poblacions de la prov\u00edncia de Barcelona. IPs Dra. Silvia Carrasco &amp; Dr. Jordi P\u00e0mies. Equip: Dr. \u00c0bel Beremenyi i Sr. Vicen\u00e7 Casalta.<\/p>\n<p><strong>Departament de Just\u00edcia, Generalitat de Catalunya (2008-2010)<\/strong>&nbsp;Mediaci\u00f3 escolar i diversitat sociocultural, \u00c0mbit 7 del Llibre Blanc de la Mediaci\u00f3 a Catalunya. . IP Gral. Dr. Pompeu Casanovas IDT-UAB. Equip \u00e0mbit 7: Dra. Silvia Carrasco (IP), Dra. Maribel Ponferrada, Sra. Rita Vill\u00e0, Dra. Elisenda Casa\u00f1as.<\/p>\n<p><strong>FAPAC-UAB (2010)&nbsp;<\/strong>Participaci\u00f3 de les fam\u00edlies immigrades a les AMPAs.. IP Sr. \u00c1lex Paniagua.<\/p>\n<p><strong>AGAUR 2009 ARAFI-00042, 2009-2010<\/strong>: An\u00e0lisi diagn\u00f2stica i avaluaci\u00f3 del funcionament i l\u2019impacte dels EBEs de Vic i Reus a nivell educatiu i comunitari entre la poblaci\u00f3 infantil i juvenil immigrada de nova arribada. IP GREUV-VIC Dra. N\u00faria Sim\u00f3; IP EMIGRA-UAB Dra. Silvia Carrasco. Equip GREUV: Dr. Antoni Tort, Dr. Jordi Collet; Equip UAB: Dr. Jordi P\u00e0mies, Sra. Laia Narciso.<\/p>\n<p><strong>AGAUR 2008 ARAF2-00003<\/strong>: Xarxa d&#8217;investigaci\u00f3 en etnografia sobre migracions, minories, infancia i educaci\u00f3. IP: Dra. Silvia Carrasco<\/p>\n<p><strong>AGAUR 2007 ARAF2-00003<\/strong>: Xarxa d&#8217;investigaci\u00f3 en etnografia sobre migracions, minories, infancia i educaci\u00f3. IP: Dra. Silvia Carrasco<\/p>\n<p><strong>MEC R+D projecte SEJ 2005-2008<\/strong>&nbsp;09333 (CO1) \u201cFamilias transnacionales, relaciones interculturales e integraci\u00f3n socioeducativa de ni\u00f1os y j\u00f3venes de origen extranjero\u201d. 14 investigadors. IP Dr. Silvia Carrasco (CIIMU-UAB)<\/p>\n<p><strong>National Science Foundation (US)-Nuffield Foundation (UK) Equip Espanya<\/strong>. Coordinaci\u00f3 Richard Alba (2005-2009) \u201cChildren of Immigrants in Schools. US and EU perspectives\u201d, amb Dr. Margaret Gibson, UCSC (PI of Californian Team) i Dr. S\u00edlvia Carrasco, UAB (PI of Spanish Team). 30 investigadors (<a href=\"http:\/\/mumford.albany.edu\/schools\/index.htm\" target=\"_blank\" rel=\"noopener\">http:\/\/mumford.albany.edu\/schools\/index.htm<\/a>)<\/p>\n<p><strong>Sixth Framework Program EU Commission (2004-2007).<\/strong>&nbsp;Projecte No: CIT2-CT-2004- 505978. Coordinator Team al WELLCHI Network: \u201cThe well-being of children in Europe: changing familiy forms, working conditions of parents and legislative measures\u201d IP: Dr. Llu\u00eds Flaquer. CIIMU, Barcelona. 7 equips. (<a href=\"http:\/\/www.ciimu.org\/wellchi\/index6.php\" target=\"_blank\" rel=\"noopener\">http:\/\/www.ciimu.org\/wellchi\/index6.php<\/a>). Equip coordinador: Dra. Silvia Carrasco, Dra. Diana Marre, Dra. Elisabet Almeda, Dra. Marta Bertran.<\/p>\n<p><strong>Fundaci\u00f3 Paco Candel 2005-2007<\/strong>: Estudi sobre la participaci\u00f3 social de la poblaci\u00f3 immigrada a Catalunya amb menors al seu c\u00e0rrec. IP Dra. Silvia Carrasco Pons. Equip: Sr. Isidoro Ruiz, Sra. Llibertat Blanes, Sra. Paulina Sastre, Dr. Jordi P\u00e0mies. EMIGRA-CIIMU.<\/p>\n<p><strong>S\u00edndic de Greuges &#8211; Generalitat de Catalunya 2004-2006<\/strong>: Estudi sobre conviv\u00e8ncia i confrontaci\u00f3 entre iguals als centres educatius de Catalunya. IP Dra. Silvia Carrasco. Equip: Dra. Maribel Ponferrada, Sra. Rita Vill\u00e0, Sra. Marta Mir\u00f3. EMIGRA-CIIMU.<\/p>\n<p><strong>Ajuntament de Barcelona &#8211; Interxarxes (2005-2006)&nbsp;<\/strong>Estudi diagn\u00f2stic de la poblaci\u00f3 infantil i juvenil al Districte d\u2019Horta-Guinard\u00f3.&nbsp; Coordinadora: Dra. Marta Bertran. Direcci\u00f3: Dra. Carme G\u00f3mez Granell i Dra. Silvia Carrasco. EMIGRA-CIIMU.<\/p>\n<p><strong>Institut Catal\u00e0 de les Dones (Convocat\u00f2ria 2005)<\/strong>&nbsp;\u201cEscolaritzaci\u00f3, maternitat i treball: noies i dones de classes treballadores i de minories\u201d. IP: Dr. Silvia Carrasco. Equip: Dra. Marta Bertran, Dra. Maribel Ponferrada<\/p>\n<p><strong>MCYT R+D projecte SEC 2002-2005<\/strong>&nbsp;01953: \u201cEducaci\u00f3n e Inmigraci\u00f3n en Barcelona\u201d. IP Dra. Silvia Carrasco. Equip: Dra. Bea Ballest\u00edn, Dra. Marta Bertran, Sra. Andrea Borison, Sra. Cris Molins<\/p>\n<p><strong>Fundaci\u00f3 Bofill Projectes de Recerca 2001-2004<\/strong>: \u201cProjectes d\u2019integraci\u00f3, estrat\u00e8gies educatives i relacions interculturals a les escoles de Barcelona\u201d. IP Dra. Silvia Carrasco. Equip: Dra. Bea Ballest\u00edn, Dra. Marta Bertran, Sra. Andrea Borison, Sra. Cris Molins<\/p>\n<p><strong>CIDE &#8211; Instituto de la Mujer (2002-2004)<\/strong>&nbsp;Convocatoria de proyectos nacionales sobre g\u00e9nero y educaci\u00f3n. IPs: Jos\u00e9 Eugenio Abajo (Asociaci\u00f3n de Ense\u00f1antes con Gitanos) y Silvia Carrasco (EMIGRA, UAB). \u00abExperiencias y trayectorias de \u00e9xito escolar de mujeres y hombres gitanos en Espa\u00f1a. Impacto en el cambio sociocultural desde una perspectiva de g\u00e9nero\u00bb.<\/p>\n<p>&nbsp;<\/p>\n","protected":false},"excerpt":{"rendered":"<p>RESL.eu_Reducing Early School Leaving in Europe&nbsp;financiado por el 7 Programa Marco,&nbsp;European Commission (2013-2018) Coordinadora: Dra. Christianne Timmerman, University of Antwerp. 30 investigadors. MOVIBAR La movilidad del alumnado y su impacto en la escolarizaci\u00f3n en la regi\u00f3n metropolitana de Barcelona: tipos,procesos y tendencias (2013-12015). MINECO Plan Nacional I+D+i CSO 2012-34285 IP: Dra. Silvia Carrasco. 10 investigadors. [&hellip;]<\/p>\n","protected":false},"author":20,"featured_media":0,"parent":0,"menu_order":0,"comment_status":"closed","ping_status":"closed","template":"","meta":{"footnotes":""},"class_list":["post-329","page","type-page","status-publish","hentry"],"_links":{"self":[{"href":"https:\/\/webs.uab.cat\/emigra\/wp-json\/wp\/v2\/pages\/329","targetHints":{"allow":["GET"]}}],"collection":[{"href":"https:\/\/webs.uab.cat\/emigra\/wp-json\/wp\/v2\/pages"}],"about":[{"href":"https:\/\/webs.uab.cat\/emigra\/wp-json\/wp\/v2\/types\/page"}],"author":[{"embeddable":true,"href":"https:\/\/webs.uab.cat\/emigra\/wp-json\/wp\/v2\/users\/20"}],"replies":[{"embeddable":true,"href":"https:\/\/webs.uab.cat\/emigra\/wp-json\/wp\/v2\/comments?post=329"}],"version-history":[{"count":0,"href":"https:\/\/webs.uab.cat\/emigra\/wp-json\/wp\/v2\/pages\/329\/revisions"}],"wp:attachment":[{"href":"https:\/\/webs.uab.cat\/emigra\/wp-json\/wp\/v2\/media?parent=329"}],"curies":[{"name":"wp","href":"https:\/\/api.w.org\/{rel}","templated":true}]}}