{"id":331,"date":"2018-11-13T12:02:18","date_gmt":"2018-11-13T10:02:18","guid":{"rendered":"https:\/\/webs.uab.cat\/emigra\/congresos-proxima-realizacion\/"},"modified":"2022-11-30T18:04:51","modified_gmt":"2022-11-30T16:04:51","slug":"congresos-proxima-realizacion","status":"publish","type":"page","link":"https:\/\/webs.uab.cat\/emigra\/congresos-proxima-realizacion\/","title":{"rendered":"Conferencias, jornadas y seminarios de pr\u00f3xima realitzaci\u00f3n"},"content":{"rendered":"\n<div class=\"wp-block-media-text alignwide is-stacked-on-mobile\"><figure class=\"wp-block-media-text__media\"><img loading=\"lazy\" decoding=\"async\" width=\"1587\" height=\"2245\" src=\"https:\/\/webs.uab.cat\/emigra\/wp-content\/uploads\/sites\/225\/2022\/11\/Cartel_Etnografia-en-contextos-de-violencia.png\" alt=\"\" class=\"wp-image-1128 size-full\" srcset=\"https:\/\/webs.uab.cat\/emigra\/wp-content\/uploads\/sites\/225\/2022\/11\/Cartel_Etnografia-en-contextos-de-violencia.png 1587w, https:\/\/webs.uab.cat\/emigra\/wp-content\/uploads\/sites\/225\/2022\/11\/Cartel_Etnografia-en-contextos-de-violencia-212x300.png 212w, https:\/\/webs.uab.cat\/emigra\/wp-content\/uploads\/sites\/225\/2022\/11\/Cartel_Etnografia-en-contextos-de-violencia-724x1024.png 724w, https:\/\/webs.uab.cat\/emigra\/wp-content\/uploads\/sites\/225\/2022\/11\/Cartel_Etnografia-en-contextos-de-violencia-768x1086.png 768w, https:\/\/webs.uab.cat\/emigra\/wp-content\/uploads\/sites\/225\/2022\/11\/Cartel_Etnografia-en-contextos-de-violencia-1086x1536.png 1086w, https:\/\/webs.uab.cat\/emigra\/wp-content\/uploads\/sites\/225\/2022\/11\/Cartel_Etnografia-en-contextos-de-violencia-1448x2048.png 1448w, https:\/\/webs.uab.cat\/emigra\/wp-content\/uploads\/sites\/225\/2022\/11\/Cartel_Etnografia-en-contextos-de-violencia-1200x1698.png 1200w\" sizes=\"auto, (max-width: 1587px) 100vw, 1587px\" \/><\/figure><div class=\"wp-block-media-text__content\">\n<p>Noviembre 2022<\/p>\n\n\n\n<p class=\"has-normal-font-size\">El lunes 28 de noviembre les invitamos al&nbsp;seminario organizado por el Departamento de Antropolog\u00eda Social y Cultural y el grupo EMIGRA sobre <strong>Etnograf\u00eda en contextos de violencia<\/strong> con la presencia del antrop\u00f3logo salvadore\u00f1o Juan Mart\u00ednez. El seminario tendr\u00e1 lugar en la <a href=\"https:\/\/www.google.com\/maps\/place\/Facultat+de+Filosofia+i+Lletres+-+UAB\/@41.502949,2.107564,15z\/data=!4m2!3m1!1s0x0:0x9a8724de89668c3b?sa=X&amp;ved=2ahUKEwidv9jwvo_7AhVVi_0HHWSGAp4Q_BJ6BAhjEAU\">sala de actos de la Facultad de filosof\u00eda y letras<\/a> de la Universitat Aut\u00f2noma de Barcelona a las 10:00 horas de forma presencial y de forma&nbsp;on-line a trav\u00e9s de la plataforma Microsoft Teams. Para seguir el acto de forma on-line se requiere de previa inscripci\u00f3n mediante este formulario:&nbsp;<\/p>\n\n\n\n<p>Inscripci\u00f3n a la conferencia \u00abEtnograf\u00edas en contexto de violencia\u00bb<\/p>\n\n\n\n<p><a href=\"https:\/\/forms.gle\/gLehMCsFpZLAP2HA7\">https:\/\/forms.gle\/gLehMCsFpZLAP2HA7<\/a><\/p>\n<\/div><\/div>\n\n\n\n<div class=\"wp-block-media-text alignwide is-stacked-on-mobile\"><figure class=\"wp-block-media-text__media\"><img loading=\"lazy\" decoding=\"async\" width=\"724\" height=\"1024\" src=\"https:\/\/webs.uab.cat\/emigra\/wp-content\/uploads\/sites\/225\/2022\/11\/Cartel_Seminarios-EMIGRA-724x1024.png\" alt=\"\" class=\"wp-image-1132 size-full\" srcset=\"https:\/\/webs.uab.cat\/emigra\/wp-content\/uploads\/sites\/225\/2022\/11\/Cartel_Seminarios-EMIGRA-724x1024.png 724w, https:\/\/webs.uab.cat\/emigra\/wp-content\/uploads\/sites\/225\/2022\/11\/Cartel_Seminarios-EMIGRA-212x300.png 212w, https:\/\/webs.uab.cat\/emigra\/wp-content\/uploads\/sites\/225\/2022\/11\/Cartel_Seminarios-EMIGRA-768x1086.png 768w, https:\/\/webs.uab.cat\/emigra\/wp-content\/uploads\/sites\/225\/2022\/11\/Cartel_Seminarios-EMIGRA-1086x1536.png 1086w, https:\/\/webs.uab.cat\/emigra\/wp-content\/uploads\/sites\/225\/2022\/11\/Cartel_Seminarios-EMIGRA-1448x2048.png 1448w, https:\/\/webs.uab.cat\/emigra\/wp-content\/uploads\/sites\/225\/2022\/11\/Cartel_Seminarios-EMIGRA-1200x1698.png 1200w, https:\/\/webs.uab.cat\/emigra\/wp-content\/uploads\/sites\/225\/2022\/11\/Cartel_Seminarios-EMIGRA.png 1587w\" sizes=\"auto, (max-width: 724px) 100vw, 724px\" \/><\/figure><div class=\"wp-block-media-text__content\">\n<p class=\"has-normal-font-size\">El nuevo ciclo de #SeminariosEMIGRA para este curso 2022- 2023 es un ejercicio de transferencia de las aproximaciones te\u00f3ricas y metodol\u00f3gicas que las integrantes del grupo desarrollan en sus proyectos en curso. Con este ejercicio se pretende abrirse a la comunidad cient\u00edfica a la vez que se facilita el acceso al conocimiento de una forma abierta a la comunidad estudiantil. Los seminarios ser\u00e1n en formato on-line mediante la plataforma TEAMS y requieren de inscripci\u00f3n mediante este <a href=\"https:\/\/forms.gle\/oguJqJo4wW5CKsUr6\" data-type=\"URL\" data-id=\"https:\/\/forms.gle\/oguJqJo4wW5CKsUr6\">FORMULARIO<\/a>. <\/p>\n<\/div><\/div>\n","protected":false},"excerpt":{"rendered":"<p>Noviembre 2022 El lunes 28 de noviembre les invitamos al&nbsp;seminario organizado por el Departamento de Antropolog\u00eda Social y Cultural y el grupo EMIGRA sobre Etnograf\u00eda en contextos de violencia con la presencia del antrop\u00f3logo salvadore\u00f1o Juan Mart\u00ednez. El seminario tendr\u00e1 lugar en la sala de actos de la Facultad de filosof\u00eda y letras de la [&hellip;]<\/p>\n","protected":false},"author":20,"featured_media":0,"parent":0,"menu_order":0,"comment_status":"closed","ping_status":"closed","template":"","meta":{"footnotes":""},"class_list":["post-331","page","type-page","status-publish","hentry"],"_links":{"self":[{"href":"https:\/\/webs.uab.cat\/emigra\/wp-json\/wp\/v2\/pages\/331","targetHints":{"allow":["GET"]}}],"collection":[{"href":"https:\/\/webs.uab.cat\/emigra\/wp-json\/wp\/v2\/pages"}],"about":[{"href":"https:\/\/webs.uab.cat\/emigra\/wp-json\/wp\/v2\/types\/page"}],"author":[{"embeddable":true,"href":"https:\/\/webs.uab.cat\/emigra\/wp-json\/wp\/v2\/users\/20"}],"replies":[{"embeddable":true,"href":"https:\/\/webs.uab.cat\/emigra\/wp-json\/wp\/v2\/comments?post=331"}],"version-history":[{"count":16,"href":"https:\/\/webs.uab.cat\/emigra\/wp-json\/wp\/v2\/pages\/331\/revisions"}],"predecessor-version":[{"id":1155,"href":"https:\/\/webs.uab.cat\/emigra\/wp-json\/wp\/v2\/pages\/331\/revisions\/1155"}],"wp:attachment":[{"href":"https:\/\/webs.uab.cat\/emigra\/wp-json\/wp\/v2\/media?parent=331"}],"curies":[{"name":"wp","href":"https:\/\/api.w.org\/{rel}","templated":true}]}}