{"id":50,"date":"2010-06-22T15:30:20","date_gmt":"2010-06-22T13:30:20","guid":{"rendered":"https:\/\/webs.uab.cat\/enviforensic\/sobre-el-servei\/"},"modified":"2023-04-12T18:22:38","modified_gmt":"2023-04-12T16:22:38","slug":"sobre-el-servei","status":"publish","type":"page","link":"https:\/\/webs.uab.cat\/enviforensic\/sobre-el-servei\/","title":{"rendered":"Sobre el servei"},"content":{"rendered":"\n<p><strong style=\"line-height: 1.5;\"><strong>El laboratori fou aprovat en l&#8217;<a href=\"http:\/\/www.uab.cat\/doc\/BOUAB-95-Abril-2012\"><span class=\"il\">Acord<\/span>&nbsp;21\/2012 de 18 d&#8217;abril &nbsp;(pag.542)<\/a>&nbsp;com a Laboratori de Prestacions de Serveis de la UAB.<\/strong><\/strong><\/p>\n\n\n\n<p><strong>L&#8217;objectiu&nbsp;<\/strong>del servei \u00e9s assessorar en la determinaci\u00f3 de l\u2019origen i les fonts dels compostos antr\u00f2pics en el medi natural en mostres d\u2019aigua, aire, organismes, s\u00f2ls i sediments. L\u2019objectiu de l\u2019estudi pot ser molt variat, abastant des de l\u2019atribuci\u00f3 de responsabilitats d\u2019un vessament qu\u00edmic si s\u2019escau, com investigacions arqueol\u00f2giques que busquen determinar l\u2019\u00fas d\u2019un utensili o habitacle.<\/p>\n\n\n\n<p>El servei pot donar suport en l&#8217;obtenci\u00f3 i la interpretaci\u00f3 de dades qu\u00edmiques de mostres ambientals que requereixen una interpretaci\u00f3 complexa des d\u2019un punt de vista ambiental, hist\u00f2ric o arqueol\u00f2gic.&nbsp;<\/p>\n\n\n\n<p>La <strong>gesti\u00f3 i direcci\u00f3 t\u00e8cnica <\/strong>del servei \u00e9s duta a terme per <strong>N\u00faria Moraleda<\/strong>. Ella&nbsp; assessora cient\u00edficament, at\u00e9n les sol\u00b7licituds, forma els usuaris quan correspon i supervisa la realitzaci\u00f3 de les an\u00e0lisis corresponents en les instal\u00b7lacions dels serveis anal\u00edtics de la UAB. Compta amb el suport del <strong>Dr Pau Comes<\/strong> pel que fa a les aplicacions relacionades amb els is\u00f2tops estables. El <strong>Dr<\/strong><a href=\"http:\/\/www.icrea.cat\/Web\/ScientificStaff\/Antoni-Rosell-i-Mele-132\"><strong> Antoni Rosell<\/strong><\/a>, professor de recerca de la ICREA, s&#8217;encarrega de la direcci\u00f3 cient\u00edfica i supervisi\u00f3 econ\u00f2mica del servei.&nbsp;<\/p>\n\n\n\n<p>La&nbsp;<strong>localitzaci\u00f3&nbsp;<\/strong>del servei actualment \u00e9s en el nou edifici ICTA-ICP en el campus de la UAB, dins dels laboratoris de Qu\u00edmica Ambiental gestionats per l&#8217;ICTA.<\/p>\n","protected":false},"excerpt":{"rendered":"<p>El laboratori fou aprovat en l&#8217;Acord&nbsp;21\/2012 de 18 d&#8217;abril &nbsp;(pag.542)&nbsp;com a Laboratori de Prestacions de Serveis de la UAB. L&#8217;objectiu&nbsp;del servei \u00e9s assessorar en la determinaci\u00f3 de l\u2019origen i les fonts dels compostos antr\u00f2pics en el medi natural en mostres d\u2019aigua, aire, organismes, s\u00f2ls i sediments. L\u2019objectiu de l\u2019estudi pot ser molt variat, abastant des [&hellip;]<\/p>\n","protected":false},"author":20,"featured_media":0,"parent":0,"menu_order":0,"comment_status":"closed","ping_status":"closed","template":"","meta":{"footnotes":""},"class_list":["post-50","page","type-page","status-publish","hentry"],"_links":{"self":[{"href":"https:\/\/webs.uab.cat\/enviforensic\/wp-json\/wp\/v2\/pages\/50","targetHints":{"allow":["GET"]}}],"collection":[{"href":"https:\/\/webs.uab.cat\/enviforensic\/wp-json\/wp\/v2\/pages"}],"about":[{"href":"https:\/\/webs.uab.cat\/enviforensic\/wp-json\/wp\/v2\/types\/page"}],"author":[{"embeddable":true,"href":"https:\/\/webs.uab.cat\/enviforensic\/wp-json\/wp\/v2\/users\/20"}],"replies":[{"embeddable":true,"href":"https:\/\/webs.uab.cat\/enviforensic\/wp-json\/wp\/v2\/comments?post=50"}],"version-history":[{"count":1,"href":"https:\/\/webs.uab.cat\/enviforensic\/wp-json\/wp\/v2\/pages\/50\/revisions"}],"predecessor-version":[{"id":223,"href":"https:\/\/webs.uab.cat\/enviforensic\/wp-json\/wp\/v2\/pages\/50\/revisions\/223"}],"wp:attachment":[{"href":"https:\/\/webs.uab.cat\/enviforensic\/wp-json\/wp\/v2\/media?parent=50"}],"curies":[{"name":"wp","href":"https:\/\/api.w.org\/{rel}","templated":true}]}}