{"id":150,"date":"2024-03-25T16:20:14","date_gmt":"2024-03-25T14:20:14","guid":{"rendered":"https:\/\/webs.uab.cat\/epsim2024\/?page_id=150"},"modified":"2024-04-28T20:36:25","modified_gmt":"2024-04-28T18:36:25","slug":"los-grupos-politicos","status":"publish","type":"page","link":"https:\/\/webs.uab.cat\/epsim2024\/los-grupos-politicos\/","title":{"rendered":"Grupos Pol\u00edticos"},"content":{"rendered":"\n<figure class=\"wp-block-table is-style-regular\"><table class=\"has-negre-eben-color has-text-color has-link-color has-fixed-layout\"><thead><tr><th class=\"has-text-align-center\" data-align=\"center\">Grupos pol\u00edticos<\/th><th class=\"has-text-align-center\" data-align=\"center\">Miembros en el PE<\/th><th class=\"has-text-align-center\" data-align=\"center\">Miembros en la Simulaci\u00f3n<sup data-fn=\"ebec6697-ee81-4980-8b53-5b0babd44aea\" class=\"fn\"><a href=\"#ebec6697-ee81-4980-8b53-5b0babd44aea\" id=\"ebec6697-ee81-4980-8b53-5b0babd44aea-link\">1<\/a><\/sup><\/th><\/tr><\/thead><tbody><tr><td class=\"has-text-align-center\" data-align=\"center\"><a href=\"https:\/\/www.eppgroup.eu\/\" target=\"_blank\" rel=\"noreferrer noopener\">Grupo del Partido Popular Europeo (Dem\u00f3crata-Cristianos) (PPE)&nbsp;<\/a><\/td><td class=\"has-text-align-center\" data-align=\"center\">177 (27 %)<\/td><td class=\"has-text-align-center\" data-align=\"center\">25<\/td><\/tr><tr><td class=\"has-text-align-center\" data-align=\"center\"><a href=\"https:\/\/www.socialistsanddemocrats.eu\/es\" target=\"_blank\" rel=\"noreferrer noopener\">Grupo de la Alianza Progresista de Socialistas y Dem\u00f3cratas en el Parlamento Europeo (S&amp;D)&nbsp;<\/a><\/td><td class=\"has-text-align-center\" data-align=\"center\">139 (21 %)<\/td><td class=\"has-text-align-center\" data-align=\"center\">18<\/td><\/tr><tr><td class=\"has-text-align-center\" data-align=\"center\"><a href=\"https:\/\/reneweuropegroup.eu\/\" target=\"_blank\" rel=\"noreferrer noopener\">Renew Europe Group&nbsp;<\/a><\/td><td class=\"has-text-align-center\" data-align=\"center\">102 (15 %)<\/td><td class=\"has-text-align-center\" data-align=\"center\">16<\/td><\/tr><tr><td class=\"has-text-align-center\" data-align=\"center\"><a href=\"https:\/\/www.greens-efa.eu\/en\/\" target=\"_blank\" rel=\"noreferrer noopener\">Grupo de los Verdes\/Alianza Libre Europea&nbsp;<\/a><\/td><td class=\"has-text-align-center\" data-align=\"center\">72 (11 %)<\/td><td class=\"has-text-align-center\" data-align=\"center\">12<\/td><\/tr><tr><td class=\"has-text-align-center\" data-align=\"center\"><a href=\"https:\/\/ecrgroup.eu\/\" target=\"_blank\" rel=\"noreferrer noopener\">Grupo de los Conservadores y Reformistas Europeos (CRE)<\/a><\/td><td class=\"has-text-align-center\" data-align=\"center\">68 (10 %)<\/td><td class=\"has-text-align-center\" data-align=\"center\">12<\/td><\/tr><tr><td class=\"has-text-align-center\" data-align=\"center\"><a href=\"https:\/\/www.idgroup.eu\/\" target=\"_blank\" rel=\"noreferrer noopener\">Grupo Identidad y Democracia (ID)&nbsp;<\/a><\/td><td class=\"has-text-align-center\" data-align=\"center\">59 (9 %)<\/td><td class=\"has-text-align-center\" data-align=\"center\">12<\/td><\/tr><tr><td class=\"has-text-align-center\" data-align=\"center\"><a href=\"https:\/\/www.guengl.eu\/\" target=\"_blank\" rel=\"noreferrer noopener\">Grupo de la Izquierda en el Parlamento Europeo &#8211; GUE\/NGL&nbsp;<\/a><\/td><td class=\"has-text-align-center\" data-align=\"center\">36 (5 %)<\/td><td class=\"has-text-align-center\" data-align=\"center\">13<\/td><\/tr><tr><td class=\"has-text-align-center\" data-align=\"center\"><\/td><td class=\"has-text-align-center\" data-align=\"center\">653<sup data-fn=\"932cdd95-a5df-4215-ac33-c1f801836546\" class=\"fn\"><a href=\"#932cdd95-a5df-4215-ac33-c1f801836546\" id=\"932cdd95-a5df-4215-ac33-c1f801836546-link\">2<\/a><\/sup><\/td><td class=\"has-text-align-center\" data-align=\"center\">108<\/td><\/tr><\/tbody><\/table><\/figure>\n\n\n<ol class=\"wp-block-footnotes\"><li id=\"ebec6697-ee81-4980-8b53-5b0babd44aea\">Se ha aplicado el porcentaje en la Euroc\u00e1mara al n\u00famero de inscritos en la Simulaci\u00f3n, aunque con algunas alteraciones para que haya al menos tres miembros por Comisi\u00f3n. <a href=\"#ebec6697-ee81-4980-8b53-5b0babd44aea-link\" aria-label=\"Saltar a la referencia de la nota 1\">\u21a9\ufe0e<\/a><\/li><li id=\"932cdd95-a5df-4215-ac33-c1f801836546\">Faltar\u00edan los 50 eurodiputados del grupo de los No Inscritos (NI) para alcanzar los 703 miembros del Parlamento Europeo. La proporci\u00f3n para la simulaci\u00f3n se ha establecido sin tener en cuenta los NI. <a href=\"#932cdd95-a5df-4215-ac33-c1f801836546-link\" aria-label=\"Saltar a la referencia de la nota 2\">\u21a9\ufe0e<\/a><\/li><\/ol>","protected":false},"excerpt":{"rendered":"<p>Grupos pol\u00edticos Miembros en el PE Miembros en la Simulaci\u00f3n Grupo del Partido Popular Europeo (Dem\u00f3crata-Cristianos) (PPE)&nbsp; 177 (27 %) 25 Grupo de la Alianza Progresista de Socialistas y Dem\u00f3cratas en el Parlamento Europeo (S&amp;D)&nbsp; 139 (21 %) 18 Renew Europe Group&nbsp; 102 (15 %) 16 Grupo de los Verdes\/Alianza Libre Europea&nbsp; 72 (11 %) [&hellip;]<\/p>\n","protected":false},"author":50,"featured_media":0,"parent":0,"menu_order":5,"comment_status":"closed","ping_status":"closed","template":"","meta":{"footnotes":"[{\"id\":\"ebec6697-ee81-4980-8b53-5b0babd44aea\",\"content\":\"Se ha aplicado el porcentaje en la Euroc\\u00e1mara al n\\u00famero de inscritos en la Simulaci\\u00f3n, aunque con algunas alteraciones para que haya al menos tres miembros por Comisi\\u00f3n.\"},{\"id\":\"932cdd95-a5df-4215-ac33-c1f801836546\",\"content\":\"Faltar\\u00edan los 50 eurodiputados del grupo de los No Inscritos (NI) para alcanzar los 703 miembros del Parlamento Europeo. La proporci\\u00f3n para la simulaci\\u00f3n se ha establecido sin tener en cuenta los NI.\"}]"},"class_list":["post-150","page","type-page","status-publish","hentry"],"_links":{"self":[{"href":"https:\/\/webs.uab.cat\/epsim2024\/wp-json\/wp\/v2\/pages\/150","targetHints":{"allow":["GET"]}}],"collection":[{"href":"https:\/\/webs.uab.cat\/epsim2024\/wp-json\/wp\/v2\/pages"}],"about":[{"href":"https:\/\/webs.uab.cat\/epsim2024\/wp-json\/wp\/v2\/types\/page"}],"author":[{"embeddable":true,"href":"https:\/\/webs.uab.cat\/epsim2024\/wp-json\/wp\/v2\/users\/50"}],"replies":[{"embeddable":true,"href":"https:\/\/webs.uab.cat\/epsim2024\/wp-json\/wp\/v2\/comments?post=150"}],"version-history":[{"count":64,"href":"https:\/\/webs.uab.cat\/epsim2024\/wp-json\/wp\/v2\/pages\/150\/revisions"}],"predecessor-version":[{"id":368,"href":"https:\/\/webs.uab.cat\/epsim2024\/wp-json\/wp\/v2\/pages\/150\/revisions\/368"}],"wp:attachment":[{"href":"https:\/\/webs.uab.cat\/epsim2024\/wp-json\/wp\/v2\/media?parent=150"}],"curies":[{"name":"wp","href":"https:\/\/api.w.org\/{rel}","templated":true}]}}