{"id":233,"date":"2024-03-25T17:47:20","date_gmt":"2024-03-25T15:47:20","guid":{"rendered":"https:\/\/webs.uab.cat\/epsim2024\/?page_id=233"},"modified":"2024-04-11T14:32:43","modified_gmt":"2024-04-11T12:32:43","slug":"contacto","status":"publish","type":"page","link":"https:\/\/webs.uab.cat\/epsim2024\/contacto\/","title":{"rendered":"Contacto"},"content":{"rendered":"\n<h2 class=\"wp-block-heading\">N\u00faria Font <\/h2>\n\n\n\n<blockquote class=\"wp-block-quote is-layout-flow wp-block-quote-is-layout-flow\">\n<p>Asignatura y Comisi\u00f3n EMPL<\/p>\n\n\n\n<p><a href=\"mailto:Nuria.Font@uab.cat\">Nuria.Font@uab.cat<\/a><\/p>\n<\/blockquote>\n\n\n\n<h2 class=\"wp-block-heading\">Ana Mar Fern\u00e1ndez<\/h2>\n\n\n\n<blockquote class=\"wp-block-quote is-layout-flow wp-block-quote-is-layout-flow\">\n<p>Comisi\u00f3n LIBE<\/p>\n\n\n\n<p><a href=\"mailto:Ana.Fernandez.Pasarin@uab.cat\">Ana.Fernandez.Pasarin@uab.cat<\/a><\/p>\n<\/blockquote>\n\n\n\n<h2 class=\"wp-block-heading\">Andrea Lanaia<\/h2>\n\n\n\n<blockquote class=\"wp-block-quote is-layout-flow wp-block-quote-is-layout-flow\">\n<p>Comisi\u00f3n IMCO<\/p>\n\n\n\n<p><a href=\"mailto:Andrea.Lanaia@uab.cat\">Andrea.Lanaia@uab.cat<\/a><\/p>\n<\/blockquote>\n\n\n\n<h2 class=\"wp-block-heading\">Alina Olsson<\/h2>\n\n\n\n<blockquote class=\"wp-block-quote is-layout-flow wp-block-quote-is-layout-flow\">\n<p>Comisi\u00f3n TRAN<\/p>\n\n\n\n<p><a href=\"mailto:alina.olsson@protocolo.edu.es\">alina.olsson@protocolo.edu.es<\/a><\/p>\n<\/blockquote>\n\n\n\n<h2 class=\"wp-block-heading\">Conxi Mu\u00f1oz<\/h2>\n\n\n\n<blockquote class=\"wp-block-quote is-layout-flow wp-block-quote-is-layout-flow\">\n<p>Log\u00edstica, inscripciones y web<\/p>\n\n\n\n<p><a href=\"mailto:ce.doc.europea@uab.cat\">ce.doc.europea@uab.cat<\/a><\/p>\n<\/blockquote>\n","protected":false},"excerpt":{"rendered":"<p>N\u00faria Font Asignatura y Comisi\u00f3n EMPL Nuria.Font@uab.cat Ana Mar Fern\u00e1ndez Comisi\u00f3n LIBE Ana.Fernandez.Pasarin@uab.cat Andrea Lanaia Comisi\u00f3n IMCO Andrea.Lanaia@uab.cat Alina Olsson Comisi\u00f3n TRAN alina.olsson@protocolo.edu.es Conxi Mu\u00f1oz Log\u00edstica, inscripciones y web ce.doc.europea@uab.cat<\/p>\n","protected":false},"author":50,"featured_media":0,"parent":0,"menu_order":8,"comment_status":"closed","ping_status":"closed","template":"","meta":{"footnotes":""},"class_list":["post-233","page","type-page","status-publish","hentry"],"_links":{"self":[{"href":"https:\/\/webs.uab.cat\/epsim2024\/wp-json\/wp\/v2\/pages\/233","targetHints":{"allow":["GET"]}}],"collection":[{"href":"https:\/\/webs.uab.cat\/epsim2024\/wp-json\/wp\/v2\/pages"}],"about":[{"href":"https:\/\/webs.uab.cat\/epsim2024\/wp-json\/wp\/v2\/types\/page"}],"author":[{"embeddable":true,"href":"https:\/\/webs.uab.cat\/epsim2024\/wp-json\/wp\/v2\/users\/50"}],"replies":[{"embeddable":true,"href":"https:\/\/webs.uab.cat\/epsim2024\/wp-json\/wp\/v2\/comments?post=233"}],"version-history":[{"count":10,"href":"https:\/\/webs.uab.cat\/epsim2024\/wp-json\/wp\/v2\/pages\/233\/revisions"}],"predecessor-version":[{"id":329,"href":"https:\/\/webs.uab.cat\/epsim2024\/wp-json\/wp\/v2\/pages\/233\/revisions\/329"}],"wp:attachment":[{"href":"https:\/\/webs.uab.cat\/epsim2024\/wp-json\/wp\/v2\/media?parent=233"}],"curies":[{"name":"wp","href":"https:\/\/api.w.org\/{rel}","templated":true}]}}