{"id":244,"date":"2024-03-25T18:03:10","date_gmt":"2024-03-25T16:03:10","guid":{"rendered":"https:\/\/webs.uab.cat\/epsim2024\/?page_id=244"},"modified":"2024-04-30T11:13:17","modified_gmt":"2024-04-30T09:13:17","slug":"fotografias","status":"publish","type":"page","link":"https:\/\/webs.uab.cat\/epsim2024\/fotografias\/","title":{"rendered":"Im\u00e1genes"},"content":{"rendered":"\n<p>Encontrar\u00e9is m\u00e1s fotograf\u00edas en el <a href=\"https:\/\/www.flickr.com\/photos\/uabcde\/albums\/72177720316597966\" data-type=\"link\" data-id=\"https:\/\/www.flickr.com\/photos\/uabcde\/albums\/72177720316597966\" target=\"_blank\" rel=\"noreferrer noopener\">Flickr del CDE UAB<\/a>.<\/p>\n\n\n\n<figure class=\"wp-block-image size-large\"><img loading=\"lazy\" decoding=\"async\" width=\"1024\" height=\"479\" src=\"https:\/\/webs.uab.cat\/epsim2024\/wp-content\/uploads\/sites\/562\/2024\/04\/20240429_110445-2-1024x479.jpg\" alt=\"\" class=\"wp-image-412\" srcset=\"https:\/\/webs.uab.cat\/epsim2024\/wp-content\/uploads\/sites\/562\/2024\/04\/20240429_110445-2-1024x479.jpg 1024w, https:\/\/webs.uab.cat\/epsim2024\/wp-content\/uploads\/sites\/562\/2024\/04\/20240429_110445-2-300x140.jpg 300w, https:\/\/webs.uab.cat\/epsim2024\/wp-content\/uploads\/sites\/562\/2024\/04\/20240429_110445-2-768x359.jpg 768w, https:\/\/webs.uab.cat\/epsim2024\/wp-content\/uploads\/sites\/562\/2024\/04\/20240429_110445-2-1536x719.jpg 1536w, https:\/\/webs.uab.cat\/epsim2024\/wp-content\/uploads\/sites\/562\/2024\/04\/20240429_110445-2-2048x958.jpg 2048w, https:\/\/webs.uab.cat\/epsim2024\/wp-content\/uploads\/sites\/562\/2024\/04\/20240429_110445-2-1200x561.jpg 1200w, https:\/\/webs.uab.cat\/epsim2024\/wp-content\/uploads\/sites\/562\/2024\/04\/20240429_110445-2-1980x926.jpg 1980w\" sizes=\"auto, (max-width: 1024px) 100vw, 1024px\" \/><\/figure>\n\n\n\n<figure class=\"wp-block-gallery has-nested-images columns-default is-cropped wp-block-gallery-1 is-layout-flex wp-block-gallery-is-layout-flex\">\n<figure class=\"wp-block-image size-large\"><img loading=\"lazy\" decoding=\"async\" width=\"1024\" height=\"439\" data-id=\"413\" src=\"https:\/\/webs.uab.cat\/epsim2024\/wp-content\/uploads\/sites\/562\/2024\/04\/20240429_121558-2-1024x439.jpg\" alt=\"\" class=\"wp-image-413\" srcset=\"https:\/\/webs.uab.cat\/epsim2024\/wp-content\/uploads\/sites\/562\/2024\/04\/20240429_121558-2-1024x439.jpg 1024w, https:\/\/webs.uab.cat\/epsim2024\/wp-content\/uploads\/sites\/562\/2024\/04\/20240429_121558-2-300x129.jpg 300w, https:\/\/webs.uab.cat\/epsim2024\/wp-content\/uploads\/sites\/562\/2024\/04\/20240429_121558-2-768x330.jpg 768w, https:\/\/webs.uab.cat\/epsim2024\/wp-content\/uploads\/sites\/562\/2024\/04\/20240429_121558-2-1536x659.jpg 1536w, https:\/\/webs.uab.cat\/epsim2024\/wp-content\/uploads\/sites\/562\/2024\/04\/20240429_121558-2-2048x879.jpg 2048w, https:\/\/webs.uab.cat\/epsim2024\/wp-content\/uploads\/sites\/562\/2024\/04\/20240429_121558-2-1200x515.jpg 1200w, https:\/\/webs.uab.cat\/epsim2024\/wp-content\/uploads\/sites\/562\/2024\/04\/20240429_121558-2-1980x850.jpg 1980w\" sizes=\"auto, (max-width: 1024px) 100vw, 1024px\" \/><\/figure>\n\n\n\n<figure class=\"wp-block-image size-large\"><img loading=\"lazy\" decoding=\"async\" width=\"1024\" height=\"729\" data-id=\"410\" src=\"https:\/\/webs.uab.cat\/epsim2024\/wp-content\/uploads\/sites\/562\/2024\/04\/20240429_123611-2-1024x729.jpg\" alt=\"\" class=\"wp-image-410\" srcset=\"https:\/\/webs.uab.cat\/epsim2024\/wp-content\/uploads\/sites\/562\/2024\/04\/20240429_123611-2-1024x729.jpg 1024w, https:\/\/webs.uab.cat\/epsim2024\/wp-content\/uploads\/sites\/562\/2024\/04\/20240429_123611-2-300x214.jpg 300w, https:\/\/webs.uab.cat\/epsim2024\/wp-content\/uploads\/sites\/562\/2024\/04\/20240429_123611-2-768x547.jpg 768w, https:\/\/webs.uab.cat\/epsim2024\/wp-content\/uploads\/sites\/562\/2024\/04\/20240429_123611-2-1536x1093.jpg 1536w, https:\/\/webs.uab.cat\/epsim2024\/wp-content\/uploads\/sites\/562\/2024\/04\/20240429_123611-2-2048x1457.jpg 2048w, https:\/\/webs.uab.cat\/epsim2024\/wp-content\/uploads\/sites\/562\/2024\/04\/20240429_123611-2-1200x854.jpg 1200w, https:\/\/webs.uab.cat\/epsim2024\/wp-content\/uploads\/sites\/562\/2024\/04\/20240429_123611-2-1980x1409.jpg 1980w\" sizes=\"auto, (max-width: 1024px) 100vw, 1024px\" \/><\/figure>\n\n\n\n<figure class=\"wp-block-image size-large\"><img loading=\"lazy\" decoding=\"async\" width=\"1024\" height=\"494\" data-id=\"415\" src=\"https:\/\/webs.uab.cat\/epsim2024\/wp-content\/uploads\/sites\/562\/2024\/04\/20240429_123833-1-1024x494.jpg\" alt=\"\" class=\"wp-image-415\" srcset=\"https:\/\/webs.uab.cat\/epsim2024\/wp-content\/uploads\/sites\/562\/2024\/04\/20240429_123833-1-1024x494.jpg 1024w, https:\/\/webs.uab.cat\/epsim2024\/wp-content\/uploads\/sites\/562\/2024\/04\/20240429_123833-1-300x145.jpg 300w, https:\/\/webs.uab.cat\/epsim2024\/wp-content\/uploads\/sites\/562\/2024\/04\/20240429_123833-1-768x370.jpg 768w, https:\/\/webs.uab.cat\/epsim2024\/wp-content\/uploads\/sites\/562\/2024\/04\/20240429_123833-1-1536x741.jpg 1536w, https:\/\/webs.uab.cat\/epsim2024\/wp-content\/uploads\/sites\/562\/2024\/04\/20240429_123833-1-2048x988.jpg 2048w, https:\/\/webs.uab.cat\/epsim2024\/wp-content\/uploads\/sites\/562\/2024\/04\/20240429_123833-1-1200x579.jpg 1200w, https:\/\/webs.uab.cat\/epsim2024\/wp-content\/uploads\/sites\/562\/2024\/04\/20240429_123833-1-1980x955.jpg 1980w\" sizes=\"auto, (max-width: 1024px) 100vw, 1024px\" \/><\/figure>\n\n\n\n<figure class=\"wp-block-image size-large\"><img loading=\"lazy\" decoding=\"async\" width=\"1024\" height=\"598\" data-id=\"408\" src=\"https:\/\/webs.uab.cat\/epsim2024\/wp-content\/uploads\/sites\/562\/2024\/04\/20240429_124112-1-1024x598.jpg\" alt=\"\" class=\"wp-image-408\" srcset=\"https:\/\/webs.uab.cat\/epsim2024\/wp-content\/uploads\/sites\/562\/2024\/04\/20240429_124112-1-1024x598.jpg 1024w, https:\/\/webs.uab.cat\/epsim2024\/wp-content\/uploads\/sites\/562\/2024\/04\/20240429_124112-1-300x175.jpg 300w, https:\/\/webs.uab.cat\/epsim2024\/wp-content\/uploads\/sites\/562\/2024\/04\/20240429_124112-1-768x449.jpg 768w, https:\/\/webs.uab.cat\/epsim2024\/wp-content\/uploads\/sites\/562\/2024\/04\/20240429_124112-1-1536x898.jpg 1536w, https:\/\/webs.uab.cat\/epsim2024\/wp-content\/uploads\/sites\/562\/2024\/04\/20240429_124112-1-2048x1197.jpg 2048w, https:\/\/webs.uab.cat\/epsim2024\/wp-content\/uploads\/sites\/562\/2024\/04\/20240429_124112-1-1200x701.jpg 1200w, https:\/\/webs.uab.cat\/epsim2024\/wp-content\/uploads\/sites\/562\/2024\/04\/20240429_124112-1-1980x1157.jpg 1980w\" sizes=\"auto, (max-width: 1024px) 100vw, 1024px\" \/><\/figure>\n\n\n\n<figure class=\"wp-block-image size-large\"><img loading=\"lazy\" decoding=\"async\" width=\"1024\" height=\"522\" data-id=\"411\" src=\"https:\/\/webs.uab.cat\/epsim2024\/wp-content\/uploads\/sites\/562\/2024\/04\/20240429_134736-2-1024x522.jpg\" alt=\"\" class=\"wp-image-411\" srcset=\"https:\/\/webs.uab.cat\/epsim2024\/wp-content\/uploads\/sites\/562\/2024\/04\/20240429_134736-2-1024x522.jpg 1024w, https:\/\/webs.uab.cat\/epsim2024\/wp-content\/uploads\/sites\/562\/2024\/04\/20240429_134736-2-300x153.jpg 300w, https:\/\/webs.uab.cat\/epsim2024\/wp-content\/uploads\/sites\/562\/2024\/04\/20240429_134736-2-768x391.jpg 768w, https:\/\/webs.uab.cat\/epsim2024\/wp-content\/uploads\/sites\/562\/2024\/04\/20240429_134736-2-1536x783.jpg 1536w, https:\/\/webs.uab.cat\/epsim2024\/wp-content\/uploads\/sites\/562\/2024\/04\/20240429_134736-2-2048x1044.jpg 2048w, https:\/\/webs.uab.cat\/epsim2024\/wp-content\/uploads\/sites\/562\/2024\/04\/20240429_134736-2-1200x612.jpg 1200w, https:\/\/webs.uab.cat\/epsim2024\/wp-content\/uploads\/sites\/562\/2024\/04\/20240429_134736-2-1980x1009.jpg 1980w\" sizes=\"auto, (max-width: 1024px) 100vw, 1024px\" \/><figcaption class=\"wp-element-caption\">?<\/figcaption><\/figure>\n\n\n\n<figure class=\"wp-block-image size-large\"><img loading=\"lazy\" decoding=\"async\" width=\"1024\" height=\"590\" data-id=\"414\" src=\"https:\/\/webs.uab.cat\/epsim2024\/wp-content\/uploads\/sites\/562\/2024\/04\/20240429_151406-1-1024x590.jpg\" alt=\"\" class=\"wp-image-414\" srcset=\"https:\/\/webs.uab.cat\/epsim2024\/wp-content\/uploads\/sites\/562\/2024\/04\/20240429_151406-1-1024x590.jpg 1024w, https:\/\/webs.uab.cat\/epsim2024\/wp-content\/uploads\/sites\/562\/2024\/04\/20240429_151406-1-300x173.jpg 300w, https:\/\/webs.uab.cat\/epsim2024\/wp-content\/uploads\/sites\/562\/2024\/04\/20240429_151406-1-768x442.jpg 768w, https:\/\/webs.uab.cat\/epsim2024\/wp-content\/uploads\/sites\/562\/2024\/04\/20240429_151406-1-1536x884.jpg 1536w, https:\/\/webs.uab.cat\/epsim2024\/wp-content\/uploads\/sites\/562\/2024\/04\/20240429_151406-1-2048x1179.jpg 2048w, https:\/\/webs.uab.cat\/epsim2024\/wp-content\/uploads\/sites\/562\/2024\/04\/20240429_151406-1-1200x691.jpg 1200w, https:\/\/webs.uab.cat\/epsim2024\/wp-content\/uploads\/sites\/562\/2024\/04\/20240429_151406-1-1980x1140.jpg 1980w\" sizes=\"auto, (max-width: 1024px) 100vw, 1024px\" \/><\/figure>\n\n\n\n<figure class=\"wp-block-image size-large\"><img loading=\"lazy\" decoding=\"async\" width=\"1024\" height=\"454\" data-id=\"409\" src=\"https:\/\/webs.uab.cat\/epsim2024\/wp-content\/uploads\/sites\/562\/2024\/04\/20240429_154708-2-1024x454.jpg\" alt=\"\" class=\"wp-image-409\" srcset=\"https:\/\/webs.uab.cat\/epsim2024\/wp-content\/uploads\/sites\/562\/2024\/04\/20240429_154708-2-1024x454.jpg 1024w, https:\/\/webs.uab.cat\/epsim2024\/wp-content\/uploads\/sites\/562\/2024\/04\/20240429_154708-2-300x133.jpg 300w, https:\/\/webs.uab.cat\/epsim2024\/wp-content\/uploads\/sites\/562\/2024\/04\/20240429_154708-2-768x341.jpg 768w, https:\/\/webs.uab.cat\/epsim2024\/wp-content\/uploads\/sites\/562\/2024\/04\/20240429_154708-2-1536x681.jpg 1536w, https:\/\/webs.uab.cat\/epsim2024\/wp-content\/uploads\/sites\/562\/2024\/04\/20240429_154708-2-2048x908.jpg 2048w, https:\/\/webs.uab.cat\/epsim2024\/wp-content\/uploads\/sites\/562\/2024\/04\/20240429_154708-2-1200x532.jpg 1200w, https:\/\/webs.uab.cat\/epsim2024\/wp-content\/uploads\/sites\/562\/2024\/04\/20240429_154708-2-1980x878.jpg 1980w\" sizes=\"auto, (max-width: 1024px) 100vw, 1024px\" \/><\/figure>\n<\/figure>\n","protected":false},"excerpt":{"rendered":"<p>Encontrar\u00e9is m\u00e1s fotograf\u00edas en el Flickr del CDE UAB.<\/p>\n","protected":false},"author":50,"featured_media":0,"parent":0,"menu_order":6,"comment_status":"closed","ping_status":"closed","template":"","meta":{"footnotes":""},"class_list":["post-244","page","type-page","status-publish","hentry"],"_links":{"self":[{"href":"https:\/\/webs.uab.cat\/epsim2024\/wp-json\/wp\/v2\/pages\/244","targetHints":{"allow":["GET"]}}],"collection":[{"href":"https:\/\/webs.uab.cat\/epsim2024\/wp-json\/wp\/v2\/pages"}],"about":[{"href":"https:\/\/webs.uab.cat\/epsim2024\/wp-json\/wp\/v2\/types\/page"}],"author":[{"embeddable":true,"href":"https:\/\/webs.uab.cat\/epsim2024\/wp-json\/wp\/v2\/users\/50"}],"replies":[{"embeddable":true,"href":"https:\/\/webs.uab.cat\/epsim2024\/wp-json\/wp\/v2\/comments?post=244"}],"version-history":[{"count":6,"href":"https:\/\/webs.uab.cat\/epsim2024\/wp-json\/wp\/v2\/pages\/244\/revisions"}],"predecessor-version":[{"id":417,"href":"https:\/\/webs.uab.cat\/epsim2024\/wp-json\/wp\/v2\/pages\/244\/revisions\/417"}],"wp:attachment":[{"href":"https:\/\/webs.uab.cat\/epsim2024\/wp-json\/wp\/v2\/media?parent=244"}],"curies":[{"name":"wp","href":"https:\/\/api.w.org\/{rel}","templated":true}]}}