{"id":255,"date":"2024-03-25T18:09:00","date_gmt":"2024-03-25T16:09:00","guid":{"rendered":"https:\/\/webs.uab.cat\/epsim2024\/?page_id=255"},"modified":"2024-04-30T12:10:16","modified_gmt":"2024-04-30T10:10:16","slug":"medios","status":"publish","type":"page","link":"https:\/\/webs.uab.cat\/epsim2024\/medios\/","title":{"rendered":"Medios"},"content":{"rendered":"\n<p>En esta p\u00e1gina se incluir\u00e1n las noticias relacionadas con la Simulaci\u00f3n en prensa, blogs y redes sociales.<\/p>\n\n\n\n<p><a href=\"https:\/\/www.uab.cat\/web\/agenda\/detall-de-l-activitat\/simulacio-del-parlament-europeu-2024-1345828727816.html?detid=1345913708656\" data-type=\"link\" data-id=\"https:\/\/www.uab.cat\/web\/agenda\/detall-de-l-activitat\/simulacio-del-parlament-europeu-2024-1345828727816.html?detid=1345913708656\" target=\"_blank\" rel=\"noreferrer noopener\">Noticia en el web de la UAB<\/a><\/p>\n\n\n\n<p><a href=\"https:\/\/www.uab.cat\/web\/detall-noticia\/simulacio-del-parlament-europeu-2024-1345729159515.html?noticiaid=1345914727245\" data-type=\"link\" data-id=\"https:\/\/www.uab.cat\/web\/detall-noticia\/simulacio-del-parlament-europeu-2024-1345729159515.html?noticiaid=1345914727245\" target=\"_blank\" rel=\"noreferrer noopener\">Noticia del Servei de Biblioteques UAB<\/a><\/p>\n\n\n\n<p><a href=\"https:\/\/x.com\/nuriafontb\/status\/1784973456175411473\" data-type=\"link\" data-id=\"https:\/\/x.com\/nuriafontb\/status\/1784973456175411473\" target=\"_blank\" rel=\"noreferrer noopener\">Tuit de N\u00faria Font<\/a><\/p>\n\n\n\n<p><a href=\"https:\/\/x.com\/UABBarcelona\/status\/1784893011517681710\" data-type=\"link\" data-id=\"https:\/\/x.com\/UABBarcelona\/status\/1784893011517681710\" target=\"_blank\" rel=\"noreferrer noopener\">Tuit de la UAB<\/a><\/p>\n","protected":false},"excerpt":{"rendered":"<p>En esta p\u00e1gina se incluir\u00e1n las noticias relacionadas con la Simulaci\u00f3n en prensa, blogs y redes sociales. Noticia en el web de la UAB Noticia del Servei de Biblioteques UAB Tuit de N\u00faria Font Tuit de la UAB<\/p>\n","protected":false},"author":50,"featured_media":0,"parent":0,"menu_order":7,"comment_status":"closed","ping_status":"closed","template":"","meta":{"footnotes":""},"class_list":["post-255","page","type-page","status-publish","hentry"],"_links":{"self":[{"href":"https:\/\/webs.uab.cat\/epsim2024\/wp-json\/wp\/v2\/pages\/255","targetHints":{"allow":["GET"]}}],"collection":[{"href":"https:\/\/webs.uab.cat\/epsim2024\/wp-json\/wp\/v2\/pages"}],"about":[{"href":"https:\/\/webs.uab.cat\/epsim2024\/wp-json\/wp\/v2\/types\/page"}],"author":[{"embeddable":true,"href":"https:\/\/webs.uab.cat\/epsim2024\/wp-json\/wp\/v2\/users\/50"}],"replies":[{"embeddable":true,"href":"https:\/\/webs.uab.cat\/epsim2024\/wp-json\/wp\/v2\/comments?post=255"}],"version-history":[{"count":6,"href":"https:\/\/webs.uab.cat\/epsim2024\/wp-json\/wp\/v2\/pages\/255\/revisions"}],"predecessor-version":[{"id":421,"href":"https:\/\/webs.uab.cat\/epsim2024\/wp-json\/wp\/v2\/pages\/255\/revisions\/421"}],"wp:attachment":[{"href":"https:\/\/webs.uab.cat\/epsim2024\/wp-json\/wp\/v2\/media?parent=255"}],"curies":[{"name":"wp","href":"https:\/\/api.w.org\/{rel}","templated":true}]}}