{"id":279,"date":"2024-03-28T11:25:39","date_gmt":"2024-03-28T09:25:39","guid":{"rendered":"https:\/\/webs.uab.cat\/epsim2024\/?page_id=279"},"modified":"2024-05-13T14:30:25","modified_gmt":"2024-05-13T12:30:25","slug":"equipo","status":"publish","type":"page","link":"https:\/\/webs.uab.cat\/epsim2024\/equipo\/","title":{"rendered":"Equipo"},"content":{"rendered":"\n<h2 class=\"wp-block-heading\">Personal<\/h2>\n\n\n\n<blockquote class=\"wp-block-quote is-layout-flow wp-block-quote-is-layout-flow\">\n<p>N\u00faria Font Borr\u00e0s, profesora titular en la FCCPPS.<\/p>\n\n\n\n<p>Ana Mar Fern\u00e1ndez, profesora titular en la FCCPPS.<\/p>\n\n\n\n<p>Andrea Lanaia, profesor asociado en la FCCPPS.<\/p>\n\n\n\n<p>Alina Olsson, profesora en la Escuela Internacional de Protocolo.<\/p>\n\n\n\n<p>Conxi Mu\u00f1oz, documentalista en el Centro de Documentaci\u00f3n Europea.<\/p>\n<\/blockquote>\n\n\n\n<h2 class=\"wp-block-heading\">Voluntarios<\/h2>\n\n\n\n<blockquote class=\"wp-block-quote is-layout-flow wp-block-quote-is-layout-flow\">\n<p>Lluis Esteve Creus, estudiante de la FCCPPS.<\/p>\n\n\n\n<p>Marina Callau, estudiante de la Fac. de Derecho.<\/p>\n\n\n\n<p><\/p>\n\n\n\n<p>Vanessa Caiza, embajadora UNICAT.<\/p>\n\n\n\n<p>Enric Vendrell, t\u00e9cnico de fundraising de Verificat.<\/p>\n<\/blockquote>\n\n\n\n<h2 class=\"wp-block-heading\">Participaci\u00f3n especial<\/h2>\n\n\n\n<blockquote class=\"wp-block-quote is-layout-flow wp-block-quote-is-layout-flow\">\n<p>Serti Barrera, director de la Oficina de Informaci\u00f3n del Parlamento Europeo en Barcelona.<\/p>\n<\/blockquote>\n","protected":false},"excerpt":{"rendered":"<p>Personal N\u00faria Font Borr\u00e0s, profesora titular en la FCCPPS. Ana Mar Fern\u00e1ndez, profesora titular en la FCCPPS. Andrea Lanaia, profesor asociado en la FCCPPS. Alina Olsson, profesora en la Escuela Internacional de Protocolo. Conxi Mu\u00f1oz, documentalista en el Centro de Documentaci\u00f3n Europea. Voluntarios Lluis Esteve Creus, estudiante de la FCCPPS. Marina Callau, estudiante de la [&hellip;]<\/p>\n","protected":false},"author":50,"featured_media":0,"parent":0,"menu_order":2,"comment_status":"closed","ping_status":"closed","template":"","meta":{"footnotes":""},"class_list":["post-279","page","type-page","status-publish","hentry"],"_links":{"self":[{"href":"https:\/\/webs.uab.cat\/epsim2024\/wp-json\/wp\/v2\/pages\/279","targetHints":{"allow":["GET"]}}],"collection":[{"href":"https:\/\/webs.uab.cat\/epsim2024\/wp-json\/wp\/v2\/pages"}],"about":[{"href":"https:\/\/webs.uab.cat\/epsim2024\/wp-json\/wp\/v2\/types\/page"}],"author":[{"embeddable":true,"href":"https:\/\/webs.uab.cat\/epsim2024\/wp-json\/wp\/v2\/users\/50"}],"replies":[{"embeddable":true,"href":"https:\/\/webs.uab.cat\/epsim2024\/wp-json\/wp\/v2\/comments?post=279"}],"version-history":[{"count":6,"href":"https:\/\/webs.uab.cat\/epsim2024\/wp-json\/wp\/v2\/pages\/279\/revisions"}],"predecessor-version":[{"id":426,"href":"https:\/\/webs.uab.cat\/epsim2024\/wp-json\/wp\/v2\/pages\/279\/revisions\/426"}],"wp:attachment":[{"href":"https:\/\/webs.uab.cat\/epsim2024\/wp-json\/wp\/v2\/media?parent=279"}],"curies":[{"name":"wp","href":"https:\/\/api.w.org\/{rel}","templated":true}]}}