{"id":6,"date":"2024-03-24T20:27:12","date_gmt":"2024-03-24T18:27:12","guid":{"rendered":"https:\/\/webs.uab.cat\/epsim2024\/?page_id=6"},"modified":"2024-03-28T13:41:15","modified_gmt":"2024-03-28T11:41:15","slug":"inicio","status":"publish","type":"page","link":"https:\/\/webs.uab.cat\/epsim2024\/","title":{"rendered":"Presentaci\u00f3n"},"content":{"rendered":"\n<p class=\"has-normal-font-size\"><strong>El 29 de abril de 2024 se celebrar\u00e1 la 2\u00aa edici\u00f3n de la Simulaci\u00f3n del Parlamento Europeo en la Facultat de Ciencias Pol\u00edticas y de Sociolog\u00eda de la UAB (la primera edici\u00f3n tuvo lugar en 2019).<\/strong><\/p>\n\n\n\n<p>Se trata de un proyecto de innovaci\u00f3n y de mejora de la calidad docente, aprobado por la UAB en junio de 2023, que se realiza en colaboraci\u00f3n con el Centro de Documentaci\u00f3n Europea y que cuenta con el apoyo de la Oficina de Informaci\u00f3n del Parlamento Europeo en Barcelona.<\/p>\n\n\n\n<p>La simulaci\u00f3n es una herramienta de aprendizaje que se propone potenciar las competencias de deliberaci\u00f3n, negociaci\u00f3n, trabajo en equipo y toma de decisiones de los estudiantes, mediante su participaci\u00f3n inmersiva en situaciones que simulan el mundo real. En esta actividad participar\u00e1n los estudiantes de la asignatura Instituciones y Pol\u00edtica de la UE\/Institutions and Policies of the EU, que se imparte, en castellano e ingl\u00e9s, en el Grado de Ciencia Pol\u00edtica y Gesti\u00f3n P\u00fablica y el Grado de Relaciones Internacionales. En la actividad, los\/las estudiantes asumir\u00e1n el rol de un\/a eurodiputado\/a (que se les habr\u00e1 asignado previamente), y discutir\u00e1n y negociar\u00e1n dosieres legislativos de diferentes \u00e1mbitos con el objetivo de llegar a acuerdos sobre legislaci\u00f3n europea. <\/p>\n\n\n\n<p>Para poder gestionar la simulaci\u00f3n, se ha habilitado  un <a href=\"https:\/\/eformularis.uab.cat\/web\/cde\/epsim2024\" data-type=\"link\" data-id=\"https:\/\/eformularis.uab.cat\/web\/cde\/epsim2024\" target=\"_blank\" rel=\"noreferrer noopener\">formulario de inscripci\u00f3n<\/a> obligatorio, que estar\u00e1 abierto hasta el <strong>10 de abril de 2024<\/strong>. El 15 de abril se podr\u00e1n consultar los roles asignados en el Campus Virtual.<\/p>\n\n\n\n<div class=\"wp-block-columns is-layout-flex wp-container-core-columns-is-layout-9d6595d7 wp-block-columns-is-layout-flex\">\n<div class=\"wp-block-column is-vertically-aligned-center is-layout-flow wp-block-column-is-layout-flow\">\n<figure class=\"wp-block-image size-full is-resized\"><a href=\"https:\/\/www.uab.cat\/politiques-sociologia\/\"><img loading=\"lazy\" decoding=\"async\" width=\"225\" height=\"225\" src=\"https:\/\/webs.uab.cat\/epsim2024\/wp-content\/uploads\/sites\/562\/2024\/03\/politiques-5.jpg\" alt=\"\" class=\"wp-image-298\" style=\"width:151px;height:auto\" srcset=\"https:\/\/webs.uab.cat\/epsim2024\/wp-content\/uploads\/sites\/562\/2024\/03\/politiques-5.jpg 225w, https:\/\/webs.uab.cat\/epsim2024\/wp-content\/uploads\/sites\/562\/2024\/03\/politiques-5-150x150.jpg 150w\" sizes=\"auto, (max-width: 225px) 100vw, 225px\" \/><\/a><\/figure>\n<\/div>\n\n\n\n<div class=\"wp-block-column is-layout-flow wp-block-column-is-layout-flow\">\n<figure class=\"wp-block-image size-full is-resized\"><a href=\"https:\/\/www.uab.cat\/web\/guies-tematiques\/centre-de-documentacio-europea-1345730133058.html\"><img loading=\"lazy\" decoding=\"async\" width=\"269\" height=\"187\" src=\"https:\/\/webs.uab.cat\/epsim2024\/wp-content\/uploads\/sites\/562\/2024\/03\/logo-CDE-8.jpg\" alt=\"\" class=\"wp-image-299\" style=\"width:180px;height:auto\" \/><\/a><\/figure>\n<\/div>\n<\/div>\n\n\n\n<div class=\"wp-block-columns is-layout-flex wp-container-core-columns-is-layout-9d6595d7 wp-block-columns-is-layout-flex\">\n<div class=\"wp-block-column is-vertically-aligned-center is-layout-flow wp-block-column-is-layout-flow\">\n<figure class=\"wp-block-image size-full is-resized\"><img loading=\"lazy\" decoding=\"async\" width=\"1165\" height=\"385\" src=\"https:\/\/webs.uab.cat\/epsim2024\/wp-content\/uploads\/sites\/562\/2024\/03\/EUPOL-4.jpg\" alt=\"\" class=\"wp-image-300\" style=\"width:221px;height:auto\" srcset=\"https:\/\/webs.uab.cat\/epsim2024\/wp-content\/uploads\/sites\/562\/2024\/03\/EUPOL-4.jpg 1165w, https:\/\/webs.uab.cat\/epsim2024\/wp-content\/uploads\/sites\/562\/2024\/03\/EUPOL-4-300x99.jpg 300w, https:\/\/webs.uab.cat\/epsim2024\/wp-content\/uploads\/sites\/562\/2024\/03\/EUPOL-4-1024x338.jpg 1024w, https:\/\/webs.uab.cat\/epsim2024\/wp-content\/uploads\/sites\/562\/2024\/03\/EUPOL-4-768x254.jpg 768w\" sizes=\"auto, (max-width: 1165px) 100vw, 1165px\" \/><\/figure>\n<\/div>\n\n\n\n<div class=\"wp-block-column is-vertically-aligned-center is-layout-flow wp-block-column-is-layout-flow\">\n<figure class=\"wp-block-image size-large is-resized\"><a href=\"https:\/\/barcelona.europarl.europa.eu\/es\"><img loading=\"lazy\" decoding=\"async\" width=\"1024\" height=\"424\" src=\"https:\/\/webs.uab.cat\/epsim2024\/wp-content\/uploads\/sites\/562\/2024\/03\/Logo-Oficina-Parlament-Europeu-Barcelona-HD-CA-002-6-1024x424.jpg\" alt=\"\" class=\"wp-image-295\" style=\"width:268px;height:auto\" srcset=\"https:\/\/webs.uab.cat\/epsim2024\/wp-content\/uploads\/sites\/562\/2024\/03\/Logo-Oficina-Parlament-Europeu-Barcelona-HD-CA-002-6-1024x424.jpg 1024w, https:\/\/webs.uab.cat\/epsim2024\/wp-content\/uploads\/sites\/562\/2024\/03\/Logo-Oficina-Parlament-Europeu-Barcelona-HD-CA-002-6-300x124.jpg 300w, https:\/\/webs.uab.cat\/epsim2024\/wp-content\/uploads\/sites\/562\/2024\/03\/Logo-Oficina-Parlament-Europeu-Barcelona-HD-CA-002-6-768x318.jpg 768w, https:\/\/webs.uab.cat\/epsim2024\/wp-content\/uploads\/sites\/562\/2024\/03\/Logo-Oficina-Parlament-Europeu-Barcelona-HD-CA-002-6-1536x636.jpg 1536w, https:\/\/webs.uab.cat\/epsim2024\/wp-content\/uploads\/sites\/562\/2024\/03\/Logo-Oficina-Parlament-Europeu-Barcelona-HD-CA-002-6-2048x848.jpg 2048w, https:\/\/webs.uab.cat\/epsim2024\/wp-content\/uploads\/sites\/562\/2024\/03\/Logo-Oficina-Parlament-Europeu-Barcelona-HD-CA-002-6-1200x497.jpg 1200w, https:\/\/webs.uab.cat\/epsim2024\/wp-content\/uploads\/sites\/562\/2024\/03\/Logo-Oficina-Parlament-Europeu-Barcelona-HD-CA-002-6-1980x819.jpg 1980w\" sizes=\"auto, (max-width: 1024px) 100vw, 1024px\" \/><\/a><\/figure>\n<\/div>\n<\/div>\n","protected":false},"excerpt":{"rendered":"<p>El 29 de abril de 2024 se celebrar\u00e1 la 2\u00aa edici\u00f3n de la Simulaci\u00f3n del Parlamento Europeo en la Facultat de Ciencias Pol\u00edticas y de Sociolog\u00eda de la UAB (la primera edici\u00f3n tuvo lugar en 2019). Se trata de un proyecto de innovaci\u00f3n y de mejora de la calidad docente, aprobado por la UAB en [&hellip;]<\/p>\n","protected":false},"author":50,"featured_media":0,"parent":0,"menu_order":1,"comment_status":"closed","ping_status":"closed","template":"","meta":{"footnotes":"[]"},"class_list":["post-6","page","type-page","status-publish","hentry"],"_links":{"self":[{"href":"https:\/\/webs.uab.cat\/epsim2024\/wp-json\/wp\/v2\/pages\/6","targetHints":{"allow":["GET"]}}],"collection":[{"href":"https:\/\/webs.uab.cat\/epsim2024\/wp-json\/wp\/v2\/pages"}],"about":[{"href":"https:\/\/webs.uab.cat\/epsim2024\/wp-json\/wp\/v2\/types\/page"}],"author":[{"embeddable":true,"href":"https:\/\/webs.uab.cat\/epsim2024\/wp-json\/wp\/v2\/users\/50"}],"replies":[{"embeddable":true,"href":"https:\/\/webs.uab.cat\/epsim2024\/wp-json\/wp\/v2\/comments?post=6"}],"version-history":[{"count":37,"href":"https:\/\/webs.uab.cat\/epsim2024\/wp-json\/wp\/v2\/pages\/6\/revisions"}],"predecessor-version":[{"id":315,"href":"https:\/\/webs.uab.cat\/epsim2024\/wp-json\/wp\/v2\/pages\/6\/revisions\/315"}],"wp:attachment":[{"href":"https:\/\/webs.uab.cat\/epsim2024\/wp-json\/wp\/v2\/media?parent=6"}],"curies":[{"name":"wp","href":"https:\/\/api.w.org\/{rel}","templated":true}]}}