{"id":2,"date":"2024-01-23T12:43:30","date_gmt":"2024-01-23T10:43:30","guid":{"rendered":"https:\/\/webs.uab.cat\/eqep\/?page_id=2"},"modified":"2025-04-28T11:50:59","modified_gmt":"2025-04-28T09:50:59","slug":"pagina-exemple","status":"publish","type":"page","link":"https:\/\/webs.uab.cat\/eqep\/pagina-exemple\/","title":{"rendered":"Projecte"},"content":{"rendered":"\n<div class=\"wp-block-columns is-layout-flex wp-container-core-columns-is-layout-9d6595d7 wp-block-columns-is-layout-flex\">\n<div class=\"wp-block-column is-layout-flow wp-block-column-is-layout-flow\">\n<figure class=\"wp-block-image size-full\"><img loading=\"lazy\" decoding=\"async\" width=\"472\" height=\"452\" src=\"https:\/\/webs.uab.cat\/eqep\/wp-content\/uploads\/sites\/539\/2024\/01\/Captura-de-pantalla-2024-01-26-a-les-11.54.14-1.png\" alt=\"\" class=\"wp-image-69\" srcset=\"https:\/\/webs.uab.cat\/eqep\/wp-content\/uploads\/sites\/539\/2024\/01\/Captura-de-pantalla-2024-01-26-a-les-11.54.14-1.png 472w, https:\/\/webs.uab.cat\/eqep\/wp-content\/uploads\/sites\/539\/2024\/01\/Captura-de-pantalla-2024-01-26-a-les-11.54.14-1-300x287.png 300w\" sizes=\"auto, (max-width: 472px) 100vw, 472px\" \/><\/figure>\n\n\n\n<p><strong><strong>En Qu\u00e8 Est\u00e0vem Pensant (EQEP)<\/strong><\/strong> \u00e9s l\u2019adaptaci\u00f3 del programa <em><strong>What We Were Thinking (WWWT) <\/strong><\/em>desenvolupat per les investigadores Jane Fisher i Heather Rowe (School of Public Health and Preventive Medicine Monash University). &nbsp;<\/p>\n\n\n\n<p>\u00c9s una <strong>intervenci\u00f3 psicoeducativa <\/strong>per prevenir la depressi\u00f3 postpart i els trastorns d&#8217;ansietat en mares primerenques.&nbsp;<\/p>\n<\/div>\n\n\n\n<div class=\"wp-block-column is-layout-flow wp-block-column-is-layout-flow\">\n<figure class=\"wp-block-image size-full\"><img loading=\"lazy\" decoding=\"async\" width=\"470\" height=\"446\" src=\"https:\/\/webs.uab.cat\/eqep\/wp-content\/uploads\/sites\/539\/2024\/01\/Captura-de-pantalla-2024-01-26-a-les-11.52.56-3.png\" alt=\"\" class=\"wp-image-70\" srcset=\"https:\/\/webs.uab.cat\/eqep\/wp-content\/uploads\/sites\/539\/2024\/01\/Captura-de-pantalla-2024-01-26-a-les-11.52.56-3.png 470w, https:\/\/webs.uab.cat\/eqep\/wp-content\/uploads\/sites\/539\/2024\/01\/Captura-de-pantalla-2024-01-26-a-les-11.52.56-3-300x285.png 300w\" sizes=\"auto, (max-width: 470px) 100vw, 470px\" \/><\/figure>\n\n\n\n<p><strong>Adaptar el programa <em>What We Were Thinking (WWWT)<\/em><\/strong><em>,<\/em> desenvolupat a la Monash University (Austr\u00e0lia).&nbsp;<\/p>\n\n\n\n<p><strong>Estudiar si \u00e9s efica\u00e7<\/strong> per <strong>prevenir<\/strong> l&#8217;aparici\u00f3 de trastorns d&#8217;ansietat i depressius postpart en el nostre context.&nbsp;<\/p>\n\n\n\n<p><\/p>\n<\/div>\n\n\n\n<div class=\"wp-block-column is-layout-flow wp-block-column-is-layout-flow\">\n<figure class=\"wp-block-image size-full is-resized\"><img loading=\"lazy\" decoding=\"async\" width=\"480\" height=\"492\" src=\"https:\/\/webs.uab.cat\/eqep\/wp-content\/uploads\/sites\/539\/2024\/01\/Captura-de-pantalla-2024-01-26-a-les-11.57.32.png\" alt=\"\" class=\"wp-image-72\" style=\"width:193px;height:auto\" srcset=\"https:\/\/webs.uab.cat\/eqep\/wp-content\/uploads\/sites\/539\/2024\/01\/Captura-de-pantalla-2024-01-26-a-les-11.57.32.png 480w, https:\/\/webs.uab.cat\/eqep\/wp-content\/uploads\/sites\/539\/2024\/01\/Captura-de-pantalla-2024-01-26-a-les-11.57.32-293x300.png 293w\" sizes=\"auto, (max-width: 480px) 100vw, 480px\" \/><\/figure>\n\n\n\n<p>\u00c9s el <strong>primer projecte al territori espanyo<\/strong>l amb l\u2019objectiu de <strong>validar i implementar una intervenci\u00f3<\/strong> per a la prevenci\u00f3 universal dels trastorns mentals postpart en l\u2019atenci\u00f3 prim\u00e0ria.&nbsp;&nbsp;<\/p>\n\n\n\n<p>Si aquest projecte \u00e9s efica\u00e7 es podria <strong>difondre a tots els \u00e0mbits<\/strong> dels serveis d&#8217;<strong>atenci\u00f3 prim\u00e0ria de salut sexual i reproductiva<\/strong> de Catalunya.&nbsp;<\/p>\n<\/div>\n<\/div>\n\n\n\n<h2 class=\"wp-block-heading\"><strong>Fases del projecte<\/strong><\/h2>\n\n\n\n<div class=\"wp-block-group\"><div class=\"wp-block-group__inner-container is-layout-flow wp-block-group-is-layout-flow\">\n<p><strong>FASE 1<\/strong><\/p>\n\n\n\n<p>En una primera fase, proposem realitzar l&#8217;adaptaci\u00f3 cultural del programa &#8220;What We Were Thinking&#8221; (WWWT), avaluar-la mitjan\u00e7ant grups focals i formar a les llevadores d\u2019atenci\u00f3 prim\u00e0ria.<\/p>\n\n\n<div class=\"wp-block-image\">\n<figure class=\"aligncenter size-full\"><img loading=\"lazy\" decoding=\"async\" width=\"1024\" height=\"183\" src=\"https:\/\/webs.uab.cat\/eqep\/wp-content\/uploads\/sites\/539\/2025\/04\/image-6.png\" alt=\"\" class=\"wp-image-803\" srcset=\"https:\/\/webs.uab.cat\/eqep\/wp-content\/uploads\/sites\/539\/2025\/04\/image-6.png 1024w, https:\/\/webs.uab.cat\/eqep\/wp-content\/uploads\/sites\/539\/2025\/04\/image-6-300x54.png 300w, https:\/\/webs.uab.cat\/eqep\/wp-content\/uploads\/sites\/539\/2025\/04\/image-6-768x137.png 768w\" sizes=\"auto, (max-width: 1024px) 100vw, 1024px\" \/><\/figure>\n<\/div>\n\n\n<p><strong>FASE 2<\/strong><\/p>\n\n\n\n<p>En una segona fase, es realitzar\u00e0 un assaig cl\u00ednic randomitzat per estudiar la seva efic\u00e0cia en l\u2019atenci\u00f3 prim\u00e0ria.<\/p>\n\n\n<div class=\"wp-block-image\">\n<figure class=\"aligncenter size-large is-resized\"><img loading=\"lazy\" decoding=\"async\" width=\"1024\" height=\"215\" src=\"https:\/\/webs.uab.cat\/eqep\/wp-content\/uploads\/sites\/539\/2024\/02\/fase2-removebg-preview-1024x215.png\" alt=\"\" class=\"wp-image-632\" style=\"width:963px;height:auto\" srcset=\"https:\/\/webs.uab.cat\/eqep\/wp-content\/uploads\/sites\/539\/2024\/02\/fase2-removebg-preview-1024x215.png 1024w, https:\/\/webs.uab.cat\/eqep\/wp-content\/uploads\/sites\/539\/2024\/02\/fase2-removebg-preview-300x63.png 300w, https:\/\/webs.uab.cat\/eqep\/wp-content\/uploads\/sites\/539\/2024\/02\/fase2-removebg-preview-768x161.png 768w, https:\/\/webs.uab.cat\/eqep\/wp-content\/uploads\/sites\/539\/2024\/02\/fase2-removebg-preview.png 1089w\" sizes=\"auto, (max-width: 1024px) 100vw, 1024px\" \/><\/figure>\n<\/div><\/div><\/div>\n\n\n\n<p><\/p>\n","protected":false},"excerpt":{"rendered":"<p>En Qu\u00e8 Est\u00e0vem Pensant (EQEP) \u00e9s l\u2019adaptaci\u00f3 del programa What We Were Thinking (WWWT) desenvolupat per les investigadores Jane Fisher i Heather Rowe (School of Public Health and Preventive Medicine Monash University). &nbsp; \u00c9s una intervenci\u00f3 psicoeducativa per prevenir la depressi\u00f3 postpart i els trastorns d&#8217;ansietat en mares primerenques.&nbsp; Adaptar el programa What We Were [&hellip;]<\/p>\n","protected":false},"author":2603,"featured_media":0,"parent":0,"menu_order":3,"comment_status":"closed","ping_status":"closed","template":"","meta":{"footnotes":""},"class_list":["post-2","page","type-page","status-publish","hentry"],"_links":{"self":[{"href":"https:\/\/webs.uab.cat\/eqep\/wp-json\/wp\/v2\/pages\/2","targetHints":{"allow":["GET"]}}],"collection":[{"href":"https:\/\/webs.uab.cat\/eqep\/wp-json\/wp\/v2\/pages"}],"about":[{"href":"https:\/\/webs.uab.cat\/eqep\/wp-json\/wp\/v2\/types\/page"}],"author":[{"embeddable":true,"href":"https:\/\/webs.uab.cat\/eqep\/wp-json\/wp\/v2\/users\/2603"}],"replies":[{"embeddable":true,"href":"https:\/\/webs.uab.cat\/eqep\/wp-json\/wp\/v2\/comments?post=2"}],"version-history":[{"count":38,"href":"https:\/\/webs.uab.cat\/eqep\/wp-json\/wp\/v2\/pages\/2\/revisions"}],"predecessor-version":[{"id":813,"href":"https:\/\/webs.uab.cat\/eqep\/wp-json\/wp\/v2\/pages\/2\/revisions\/813"}],"wp:attachment":[{"href":"https:\/\/webs.uab.cat\/eqep\/wp-json\/wp\/v2\/media?parent=2"}],"curies":[{"name":"wp","href":"https:\/\/api.w.org\/{rel}","templated":true}]}}