{"id":22,"date":"2024-01-26T10:42:08","date_gmt":"2024-01-26T08:42:08","guid":{"rendered":"https:\/\/webs.uab.cat\/eqep\/?page_id=22"},"modified":"2025-04-28T11:10:10","modified_gmt":"2025-04-28T09:10:10","slug":"home","status":"publish","type":"page","link":"https:\/\/webs.uab.cat\/eqep\/","title":{"rendered":"Inici"},"content":{"rendered":"\n<div class=\"wp-block-columns are-vertically-aligned-bottom is-layout-flex wp-container-core-columns-is-layout-9d6595d7 wp-block-columns-is-layout-flex\">\n<div class=\"wp-block-column is-vertically-aligned-bottom is-layout-flow wp-block-column-is-layout-flow\" style=\"flex-basis:400%\">\n<p class=\"has-small-font-size\">El projecte <strong>Adaptaci\u00f3 i implementaci\u00f3 d&#8217;una intervenci\u00f3 psicoeducativa per prevenir la depressi\u00f3 postpart i els trastorns d&#8217;ansietat en mares primerenques &#8211; <strong>En Qu\u00e8 Est\u00e0vem Pensant? (EQEP)<\/strong><\/strong> t\u00e9 com a objectiu adaptar culturalment el programa <em>What We Were Thinking<\/em>  (WWWT) i estudiar si \u00e9s efica\u00e7 en el nostre context per prevenir l&#8217;aparici\u00f3 de trastorns d&#8217;ansietat i depressius en el postpart.&nbsp;<\/p>\n\n\n\n<p class=\"has-small-font-size\">Aquest projecte compta amb el <strong>finan\u00e7ament<\/strong> de la <strong>Marat\u00f3 de TV3<\/strong> (202229-31) i \u00e9s un projecte coordinat entre l&#8217;<strong>Hospital Cl\u00ednic<\/strong> (Dra. Alba Roca, Coord., IP) i la <strong>Universitat Aut\u00f2noma de Barcelona<\/strong> (Dra. Estel Gelabert, IP).<\/p>\n\n\n\n<p class=\"has-small-font-size\">&nbsp;<a href=\"https:\/\/www.whatwerewethinking.org.au\/home\">What We Were Thinking (WWWT<\/a>) es tracta d\u2019una intervenci\u00f3 psicoeducativa amb perspectiva de g\u00e8nere dirigida a mares novelles (i parelles) desenvolupada per les investigadores Jane Fisher i Heather Rowe (School of Public Health and Preventive Medicine Monash University, Austr\u00e0lia), reconegudes per la seva experi\u00e8ncia en el diagn\u00f2stic i tractament de problemes de salut mental perinatal.<\/p>\n\n\n\n<p><\/p>\n\n\n\n<p><\/p>\n\n\n<div class=\"wp-block-image\">\n<figure class=\"aligncenter size-full is-resized\"><img loading=\"lazy\" decoding=\"async\" width=\"432\" height=\"189\" src=\"https:\/\/webs.uab.cat\/eqep\/wp-content\/uploads\/sites\/539\/2024\/01\/image-8.png\" alt=\"\" class=\"wp-image-393\" style=\"width:317px;height:auto\" srcset=\"https:\/\/webs.uab.cat\/eqep\/wp-content\/uploads\/sites\/539\/2024\/01\/image-8.png 432w, https:\/\/webs.uab.cat\/eqep\/wp-content\/uploads\/sites\/539\/2024\/01\/image-8-300x131.png 300w\" sizes=\"auto, (max-width: 432px) 100vw, 432px\" \/><\/figure>\n<\/div><\/div>\n<\/div>\n","protected":false},"excerpt":{"rendered":"<p>El projecte Adaptaci\u00f3 i implementaci\u00f3 d&#8217;una intervenci\u00f3 psicoeducativa per prevenir la depressi\u00f3 postpart i els trastorns d&#8217;ansietat en mares primerenques &#8211; En Qu\u00e8 Est\u00e0vem Pensant? (EQEP) t\u00e9 com a objectiu adaptar culturalment el programa What We Were Thinking (WWWT) i estudiar si \u00e9s efica\u00e7 en el nostre context per prevenir l&#8217;aparici\u00f3 de trastorns d&#8217;ansietat i [&hellip;]<\/p>\n","protected":false},"author":2603,"featured_media":0,"parent":0,"menu_order":1,"comment_status":"closed","ping_status":"closed","template":"","meta":{"footnotes":""},"class_list":["post-22","page","type-page","status-publish","hentry"],"_links":{"self":[{"href":"https:\/\/webs.uab.cat\/eqep\/wp-json\/wp\/v2\/pages\/22","targetHints":{"allow":["GET"]}}],"collection":[{"href":"https:\/\/webs.uab.cat\/eqep\/wp-json\/wp\/v2\/pages"}],"about":[{"href":"https:\/\/webs.uab.cat\/eqep\/wp-json\/wp\/v2\/types\/page"}],"author":[{"embeddable":true,"href":"https:\/\/webs.uab.cat\/eqep\/wp-json\/wp\/v2\/users\/2603"}],"replies":[{"embeddable":true,"href":"https:\/\/webs.uab.cat\/eqep\/wp-json\/wp\/v2\/comments?post=22"}],"version-history":[{"count":40,"href":"https:\/\/webs.uab.cat\/eqep\/wp-json\/wp\/v2\/pages\/22\/revisions"}],"predecessor-version":[{"id":773,"href":"https:\/\/webs.uab.cat\/eqep\/wp-json\/wp\/v2\/pages\/22\/revisions\/773"}],"wp:attachment":[{"href":"https:\/\/webs.uab.cat\/eqep\/wp-json\/wp\/v2\/media?parent=22"}],"curies":[{"name":"wp","href":"https:\/\/api.w.org\/{rel}","templated":true}]}}