{"id":83,"date":"2024-01-26T13:16:55","date_gmt":"2024-01-26T11:16:55","guid":{"rendered":"https:\/\/webs.uab.cat\/eqep\/?page_id=83"},"modified":"2025-04-30T14:35:51","modified_gmt":"2025-04-30T12:35:51","slug":"equip","status":"publish","type":"page","link":"https:\/\/webs.uab.cat\/eqep\/equip\/","title":{"rendered":"Equip"},"content":{"rendered":"\n<h2 class=\"wp-block-heading\">Investigadores Principals<\/h2>\n\n\n\n<div class=\"wp-block-columns is-layout-flex wp-container-core-columns-is-layout-9d6595d7 wp-block-columns-is-layout-flex\">\n<div class=\"wp-block-column is-layout-flow wp-block-column-is-layout-flow\"><div class=\"wp-block-image\">\n<figure class=\"aligncenter size-full is-resized\"><img loading=\"lazy\" decoding=\"async\" width=\"466\" height=\"628\" src=\"https:\/\/webs.uab.cat\/eqep\/wp-content\/uploads\/sites\/539\/2024\/02\/Captura-de-pantalla-2024-02-05-a-les-15.04.13.png\" alt=\"\" class=\"wp-image-655\" style=\"width:125px;height:auto\" srcset=\"https:\/\/webs.uab.cat\/eqep\/wp-content\/uploads\/sites\/539\/2024\/02\/Captura-de-pantalla-2024-02-05-a-les-15.04.13.png 466w, https:\/\/webs.uab.cat\/eqep\/wp-content\/uploads\/sites\/539\/2024\/02\/Captura-de-pantalla-2024-02-05-a-les-15.04.13-223x300.png 223w\" sizes=\"auto, (max-width: 466px) 100vw, 466px\" \/><\/figure>\n<\/div>\n\n\n<p class=\"has-text-align-center\"><strong>Estel Gelabert Arbiol<\/strong> <\/p>\n\n\n\n<p class=\"has-text-align-center\">Doctora en Psicologia. M\u00e0ster en Psicopatologia Cl\u00ednica de l\u2019Adult, en Ter\u00e0pia de Conducta i en Psicologia Perinatal. Professora agregada al Departament de Psicologia Cl\u00ednica i de la Salut de la UAB. Vicedegana de Pr\u00e0ctiques Externes i Relacions Institucionals de la Facultat de Psicologia de la UAB.<\/p>\n<\/div>\n\n\n\n<div class=\"wp-block-column is-layout-flow wp-block-column-is-layout-flow\"><div class=\"wp-block-image\">\n<figure class=\"aligncenter size-full is-resized\"><img loading=\"lazy\" decoding=\"async\" width=\"474\" height=\"618\" src=\"https:\/\/webs.uab.cat\/eqep\/wp-content\/uploads\/sites\/539\/2024\/02\/Captura-de-pantalla-2024-02-05-a-les-14.46.38.png\" alt=\"\" class=\"wp-image-648\" style=\"width:125px;height:auto\" srcset=\"https:\/\/webs.uab.cat\/eqep\/wp-content\/uploads\/sites\/539\/2024\/02\/Captura-de-pantalla-2024-02-05-a-les-14.46.38.png 474w, https:\/\/webs.uab.cat\/eqep\/wp-content\/uploads\/sites\/539\/2024\/02\/Captura-de-pantalla-2024-02-05-a-les-14.46.38-230x300.png 230w\" sizes=\"auto, (max-width: 474px) 100vw, 474px\" \/><\/figure>\n<\/div>\n\n\n<p class=\"has-text-align-center\"><strong>Alba Roca Lecumberri<\/strong>.<strong> <\/strong><\/p>\n\n\n\n<p class=\"has-text-align-center\"> Llicenciada en Medicina i Cirurgia, especialista en psiquiatria. Coordinadora i Psiquiatre de l&#8217;Hospital de Dia Mare Beb\u00e8 de l&#8217;Hospital Cl\u00ednic de Barcelona. Cap de la Unitat de Salut Mental Perinatal de l&#8217;Hospital Cl\u00ednic de Barcelona.<\/p>\n<\/div>\n<\/div>\n\n\n\n<h2 class=\"wp-block-heading\">Investigadores Col\u00b7laboradores<\/h2>\n\n\n\n<p><strong>Susana Andr\u00e9s Perpi\u00f1\u00e1:<\/strong> Psic\u00f3loga Cl\u00ednica. Unitat de Salut Mental Perinatal. Hospital Cl\u00ednic de Barcelona.<\/p>\n\n\n\n<p><strong>Maria Julia Cid Vaquero: <\/strong>ASSIR Esquerra de Barcelona.<\/p>\n\n\n\n<p><strong>Lluisa Garcia-Esteve<\/strong>: Psiquiatra. Unitat Salut Mental Perinatal i Programa Atenci\u00f3 Integral Agressions Sexuals. Hospital Cl\u00ednic de Barcelona.<\/p>\n\n\n\n<p><strong>Mar\u00eda del Roc\u00edo Garrido Carre\u00f1o:<\/strong> Llevadora. IBCL. ASSIR Esquerra de Barcelona.<\/p>\n\n\n\n<p><strong>Loida Lucas Porras: <\/strong>ASSIR Esquerra de Barcelona.<\/p>\n\n\n\n<p><strong>Cristina Mart\u00ednez Bueno:<\/strong> Responsable corporativa ASSIR Catalunya, Direcci\u00f3 d\u2019Atenci\u00f3 Prim\u00e0ria i comunit\u00e0ria ICS.<\/p>\n\n\n\n<p><strong>Susana Subir\u00e0 \u00c1lvarez:<\/strong> Doctora en Medicina i especialista en Psiquiatria. Professora titular de Psicopatologia d\u2019adults a la Universitat Aut\u00f2noma de Barcelona. <\/p>\n\n\n\n<p><strong>Anna Torres Gim\u00e9nez:<\/strong> Psic\u00f3loga Cl\u00ednica. Unitat de Salut Mental Perinatal. Hospital Cl\u00ednic de Barcelona.<\/p>\n\n\n\n<h2 class=\"wp-block-heading\">Equip de Treball<\/h2>\n\n\n\n<div class=\"wp-block-columns is-layout-flex wp-container-core-columns-is-layout-9d6595d7 wp-block-columns-is-layout-flex\">\n<div class=\"wp-block-column is-layout-flow wp-block-column-is-layout-flow\"><div class=\"wp-block-image\">\n<figure class=\"aligncenter size-large is-resized\"><img loading=\"lazy\" decoding=\"async\" width=\"769\" height=\"1024\" src=\"https:\/\/webs.uab.cat\/eqep\/wp-content\/uploads\/sites\/539\/2024\/02\/foto-noe-769x1024.png\" alt=\"\" class=\"wp-image-540\" style=\"width:131px;height:auto\" srcset=\"https:\/\/webs.uab.cat\/eqep\/wp-content\/uploads\/sites\/539\/2024\/02\/foto-noe-769x1024.png 769w, https:\/\/webs.uab.cat\/eqep\/wp-content\/uploads\/sites\/539\/2024\/02\/foto-noe-225x300.png 225w, https:\/\/webs.uab.cat\/eqep\/wp-content\/uploads\/sites\/539\/2024\/02\/foto-noe-768x1023.png 768w, https:\/\/webs.uab.cat\/eqep\/wp-content\/uploads\/sites\/539\/2024\/02\/foto-noe.png 1149w\" sizes=\"auto, (max-width: 769px) 100vw, 769px\" \/><\/figure>\n<\/div>\n\n\n<p class=\"has-text-align-center\"><strong>Noelia Fern\u00e1ndez Jarabo<\/strong><\/p>\n\n\n\n<p class=\"has-text-align-center\">PhD Student Psicologia Cl\u00ednica (UAB). M\u00e0ster en Psicologia General Sanitaria. Postgrau en Psicologia Perinatal. Graduada en Psicologia.<\/p>\n<\/div>\n\n\n\n<div class=\"wp-block-column is-layout-flow wp-block-column-is-layout-flow\"><div class=\"wp-block-image\">\n<figure class=\"aligncenter size-full is-resized\"><img loading=\"lazy\" decoding=\"async\" width=\"525\" height=\"551\" src=\"https:\/\/webs.uab.cat\/eqep\/wp-content\/uploads\/sites\/539\/2025\/03\/Foto-Ada-S-1.jpg\" alt=\"\" class=\"wp-image-713\" style=\"width:163px;height:auto\" srcset=\"https:\/\/webs.uab.cat\/eqep\/wp-content\/uploads\/sites\/539\/2025\/03\/Foto-Ada-S-1.jpg 525w, https:\/\/webs.uab.cat\/eqep\/wp-content\/uploads\/sites\/539\/2025\/03\/Foto-Ada-S-1-286x300.jpg 286w\" sizes=\"auto, (max-width: 525px) 100vw, 525px\" \/><\/figure>\n<\/div>\n\n\n<p class=\"has-text-align-center\"><strong>Ada Salgado Morales.<\/strong><\/p>\n\n\n\n<p class=\"has-text-align-center\">Bec\u00e0ria de col\u00b7laboraci\u00f3. Ministerio de Educaci\u00f3n Formaci\u00f3n Profesional y Deportes. Estudiant de Grau en Psicologia (UAB). <\/p>\n<\/div>\n<\/div>\n\n\n\n<p><\/p>\n","protected":false},"excerpt":{"rendered":"<p>Investigadores Principals Estel Gelabert Arbiol Doctora en Psicologia. M\u00e0ster en Psicopatologia Cl\u00ednica de l\u2019Adult, en Ter\u00e0pia de Conducta i en Psicologia Perinatal. Professora agregada al Departament de Psicologia Cl\u00ednica i de la Salut de la UAB. Vicedegana de Pr\u00e0ctiques Externes i Relacions Institucionals de la Facultat de Psicologia de la UAB. Alba Roca Lecumberri. Llicenciada [&hellip;]<\/p>\n","protected":false},"author":2603,"featured_media":0,"parent":0,"menu_order":5,"comment_status":"closed","ping_status":"closed","template":"","meta":{"footnotes":""},"class_list":["post-83","page","type-page","status-publish","hentry"],"_links":{"self":[{"href":"https:\/\/webs.uab.cat\/eqep\/wp-json\/wp\/v2\/pages\/83","targetHints":{"allow":["GET"]}}],"collection":[{"href":"https:\/\/webs.uab.cat\/eqep\/wp-json\/wp\/v2\/pages"}],"about":[{"href":"https:\/\/webs.uab.cat\/eqep\/wp-json\/wp\/v2\/types\/page"}],"author":[{"embeddable":true,"href":"https:\/\/webs.uab.cat\/eqep\/wp-json\/wp\/v2\/users\/2603"}],"replies":[{"embeddable":true,"href":"https:\/\/webs.uab.cat\/eqep\/wp-json\/wp\/v2\/comments?post=83"}],"version-history":[{"count":61,"href":"https:\/\/webs.uab.cat\/eqep\/wp-json\/wp\/v2\/pages\/83\/revisions"}],"predecessor-version":[{"id":714,"href":"https:\/\/webs.uab.cat\/eqep\/wp-json\/wp\/v2\/pages\/83\/revisions\/714"}],"wp:attachment":[{"href":"https:\/\/webs.uab.cat\/eqep\/wp-json\/wp\/v2\/media?parent=83"}],"curies":[{"name":"wp","href":"https:\/\/api.w.org\/{rel}","templated":true}]}}