{"id":1346,"date":"2020-10-15T10:55:17","date_gmt":"2020-10-15T08:55:17","guid":{"rendered":"https:\/\/blogs.uab.cat\/equipice-a-project\/?page_id=1346"},"modified":"2020-10-15T10:55:17","modified_gmt":"2020-10-15T08:55:17","slug":"2020-2021","status":"publish","type":"page","link":"https:\/\/webs.uab.cat\/equipice-a-project\/team-members\/2020-2021\/","title":{"rendered":"2020-2021"},"content":{"rendered":"<p style=\"text-align: center\"><img loading=\"lazy\" decoding=\"async\" class=\" wp-image-1377 aligncenter\" src=\"https:\/\/webs.uab.cat\/equipice-a-project\/wp-content\/uploads\/sites\/294\/2020\/11\/A-project-20-21-3-300x225.png\" alt=\"\" width=\"392\" height=\"294\" srcset=\"https:\/\/webs.uab.cat\/equipice-a-project\/wp-content\/uploads\/sites\/294\/2020\/11\/A-project-20-21-3-300x225.png 300w, https:\/\/webs.uab.cat\/equipice-a-project\/wp-content\/uploads\/sites\/294\/2020\/11\/A-project-20-21-3-1024x768.png 1024w, https:\/\/webs.uab.cat\/equipice-a-project\/wp-content\/uploads\/sites\/294\/2020\/11\/A-project-20-21-3-768x576.png 768w, https:\/\/webs.uab.cat\/equipice-a-project\/wp-content\/uploads\/sites\/294\/2020\/11\/A-project-20-21-3-1536x1152.png 1536w, https:\/\/webs.uab.cat\/equipice-a-project\/wp-content\/uploads\/sites\/294\/2020\/11\/A-project-20-21-3-2048x1536.png 2048w, https:\/\/webs.uab.cat\/equipice-a-project\/wp-content\/uploads\/sites\/294\/2020\/11\/A-project-20-21-3-1200x900.png 1200w, https:\/\/webs.uab.cat\/equipice-a-project\/wp-content\/uploads\/sites\/294\/2020\/11\/A-project-20-21-3-1980x1485.png 1980w\" sizes=\"auto, (max-width: 392px) 100vw, 392px\" \/><\/p>\n<p style=\"text-align: left\">A<sup>+<\/sup> Project team was composed of 12 members (in alphabetical order): Yolanda \u00c1lvarez, Romina Arg\u00fcello, Carol Barriuso (co-leader), Maribel Gom\u00e1riz, Elisabet Guitart, David L\u00f3pez, Dolors Masats (co-leader), Maria Mont, Ingrid Picola, Cristina Rodr\u00edguez,\u00a0 Esther Serrami\u00e0 and Berta Sol\u00e9.<\/p>\n","protected":false},"excerpt":{"rendered":"<p>A+ Project team was composed of 12 members (in alphabetical order): Yolanda \u00c1lvarez, Romina Arg\u00fcello, Carol Barriuso (co-leader), Maribel Gom\u00e1riz, Elisabet Guitart, David L\u00f3pez, Dolors Masats (co-leader), Maria Mont, Ingrid Picola, Cristina Rodr\u00edguez,\u00a0 Esther Serrami\u00e0 and Berta Sol\u00e9.<\/p>\n","protected":false},"author":1792,"featured_media":0,"parent":12,"menu_order":2,"comment_status":"closed","ping_status":"closed","template":"","meta":{"footnotes":""},"class_list":["post-1346","page","type-page","status-publish","hentry"],"_links":{"self":[{"href":"https:\/\/webs.uab.cat\/equipice-a-project\/wp-json\/wp\/v2\/pages\/1346","targetHints":{"allow":["GET"]}}],"collection":[{"href":"https:\/\/webs.uab.cat\/equipice-a-project\/wp-json\/wp\/v2\/pages"}],"about":[{"href":"https:\/\/webs.uab.cat\/equipice-a-project\/wp-json\/wp\/v2\/types\/page"}],"author":[{"embeddable":true,"href":"https:\/\/webs.uab.cat\/equipice-a-project\/wp-json\/wp\/v2\/users\/1792"}],"replies":[{"embeddable":true,"href":"https:\/\/webs.uab.cat\/equipice-a-project\/wp-json\/wp\/v2\/comments?post=1346"}],"version-history":[{"count":0,"href":"https:\/\/webs.uab.cat\/equipice-a-project\/wp-json\/wp\/v2\/pages\/1346\/revisions"}],"up":[{"embeddable":true,"href":"https:\/\/webs.uab.cat\/equipice-a-project\/wp-json\/wp\/v2\/pages\/12"}],"wp:attachment":[{"href":"https:\/\/webs.uab.cat\/equipice-a-project\/wp-json\/wp\/v2\/media?parent=1346"}],"curies":[{"name":"wp","href":"https:\/\/api.w.org\/{rel}","templated":true}]}}