{"id":24,"date":"2020-03-05T20:59:42","date_gmt":"2020-03-05T18:59:42","guid":{"rendered":"http:\/\/blogs.uab.cat\/equipice-a-project\/?page_id=24"},"modified":"2022-11-29T13:12:21","modified_gmt":"2022-11-29T11:12:21","slug":"conferences","status":"publish","type":"page","link":"https:\/\/webs.uab.cat\/equipice-a-project\/conferences\/","title":{"rendered":"CONFERENCES"},"content":{"rendered":"<div class=\"wp-block-image\">\n<figure class=\"alignright\"><img loading=\"lazy\" decoding=\"async\" width=\"300\" height=\"100\" src=\"https:\/\/webs.uab.cat\/equipice-a-project\/wp-content\/uploads\/sites\/294\/2021\/03\/APACheader2021-300x100.png\" alt=\"\" class=\"wp-image-1416\" srcset=\"https:\/\/webs.uab.cat\/equipice-a-project\/wp-content\/uploads\/sites\/294\/2021\/03\/APACheader2021-300x100.png 300w, https:\/\/webs.uab.cat\/equipice-a-project\/wp-content\/uploads\/sites\/294\/2021\/03\/APACheader2021-1024x341.png 1024w, https:\/\/webs.uab.cat\/equipice-a-project\/wp-content\/uploads\/sites\/294\/2021\/03\/APACheader2021-768x256.png 768w, https:\/\/webs.uab.cat\/equipice-a-project\/wp-content\/uploads\/sites\/294\/2021\/03\/APACheader2021-1200x400.png 1200w, https:\/\/webs.uab.cat\/equipice-a-project\/wp-content\/uploads\/sites\/294\/2021\/03\/APACheader2021.png 1500w\" sizes=\"auto, (max-width: 300px) 100vw, 300px\" \/><\/figure>\n<\/div>\n\n\n<p><strong>A<sup>+<\/sup> Project<\/strong> (January 28<sup>th<\/sup>, 2021). <a href=\"https:\/\/youtu.be\/MQhjmj-CvCo\"><em>Dealing with Blended Learning: Tips that Work!<\/em><\/a>&nbsp;APAC ELT Convention 2021: Birds of a feather teach together. Universitat Pompeu Fabra, Barcelona.<br>Speakers (in alphabetical order): Yolanda \u00c1lvarez, Carol Barriuso, Maribel Gom\u00e1riz, Elisabet Guitart, David L\u00f3pez, Dolors Masats, Ingrid Picola, Cristina Rodr\u00edguez, Esther Serrami\u00e0 &amp; Berta Sol\u00e9.&nbsp; &nbsp; &nbsp; <a href=\"https:\/\/webs.uab.cat\/equipice-a-project\/wp-content\/uploads\/sites\/294\/2021\/03\/APAC-abstract.png\"><strong>Abstract<\/strong><\/a><\/p>\n\n\n<div class=\"wp-block-image\">\n<figure class=\"alignleft\"><img loading=\"lazy\" decoding=\"async\" width=\"269\" height=\"300\" src=\"http:\/\/blogs.uab.cat\/equipice-a-project\/files\/2020\/03\/APAC-going-global-269x300.gif\" alt=\"\" class=\"wp-image-59\"\/><\/figure>\n<\/div>\n\n\n<p><strong>A<sup>+<\/sup> Project<\/strong> (February 1<sup>st<\/sup>, 2020). <em><a href=\"https:\/\/view.genial.ly\/5e28c836fe3f0803dce287d3\/presentation-standapp-and-speakup\">StandAPP and speak up, the game is about to start<\/a><\/em>. APAC ELT Convention 2020: Going global. Universitat Pompeu Fabra, Barcelona.<br>Speakers (in alphabetical order): Yolanda \u00c1lvarez, Romina Arg\u00fcello, Carol Barriuso, Maribel Gom\u00e1riz, Elisabet Guitart, David L\u00f3pez, Dolors Masats, Ingrid Picola, Cristina Rodr\u00edguez, Esther Serrami\u00e0 &amp; Berta Sol\u00e9.&nbsp; &nbsp; &nbsp; <a href=\"https:\/\/webs.uab.cat\/equipice-a-project\/wp-content\/uploads\/sites\/294\/2020\/03\/abstract-2020.pdf\"><strong>Abstract<\/strong><\/a><\/p>\n\n\n<div class=\"wp-block-image\">\n<figure class=\"alignright\"><img loading=\"lazy\" decoding=\"async\" width=\"300\" height=\"180\" src=\"https:\/\/webs.uab.cat\/equipice-a-project\/wp-content\/uploads\/sites\/294\/2020\/03\/Apac.png\" alt=\"\" class=\"wp-image-60\"\/><\/figure>\n<\/div>\n\n\n<p class=\"has-text-align-left\"><\/p>\n\n\n\n<p class=\"has-text-align-left\"><strong>A<sup>+<\/sup> Projec<\/strong>t (February 2<sup>nd<\/sup>, 2019). <em><a href=\"https:\/\/prezi.com\/view\/2LIFfKf0g4iJAAHOpP4n\/\">No product? No project<\/a><\/em>. APAC ELT Convention 2019: Release your inspiration. Universitat Pompeu Fabra, Barcelona.<br>Speakers (in alphabetical order): Carol Barriuso, Goretti Blanch, Teresa Casas, Maribel Gom\u00e1riz, Mariona Huguet, M\u00f2nica L\u00f3pez, Xavier N\u00fa\u00f1ez, Dolors Masats, Maria Mont, Aina Obiols, Helena Polo &amp; Esther Serrami\u00e0.&nbsp; &nbsp; &nbsp;<a href=\"https:\/\/webs.uab.cat\/equipice-a-project\/wp-content\/uploads\/sites\/294\/2020\/03\/abstract-2019.pdf\"><strong>Abstract<\/strong><\/a><\/p>\n\n\n<div class=\"wp-block-image\">\n<figure class=\"alignleft\"><img loading=\"lazy\" decoding=\"async\" width=\"266\" height=\"148\" src=\"https:\/\/webs.uab.cat\/equipice-a-project\/wp-content\/uploads\/sites\/294\/2020\/05\/Jornades-ICE.png\" alt=\"\" class=\"wp-image-1116\"\/><\/figure>\n<\/div>\n\n\n<p><strong>L\u00f3pez, David &amp; Tarr\u00e8s, Mar<\/strong> (November, 23rd -24th, 2018). <a href=\"https:\/\/webs.uab.cat\/equipice-a-project\/wp-content\/uploads\/sites\/294\/2020\/05\/poster.pdf\"><em>1, 2, 3 ACTION! Fem pel\u00b7l\u00edcules<\/em>.<\/a> Simposi d&#8217;aprenentatge globalitzat i per projectes. Institut de Ci\u00e8ncies de l&#8217;Educaci\u00f3, Barcelona.<\/p>\n\n\n<div class=\"wp-block-image\">\n<figure class=\"alignright\"><img loading=\"lazy\" decoding=\"async\" width=\"300\" height=\"261\" src=\"https:\/\/webs.uab.cat\/equipice-a-project\/wp-content\/uploads\/sites\/294\/2020\/03\/multidisciplinary2.jpg\" alt=\"\" class=\"wp-image-224\"\/><\/figure>\n<\/div>\n\n\n<p>Dooly, Melinda &amp; <strong>Masats, Dolors<\/strong> (January 27<sup>th<\/sup>, 2018). <em><a href=\"https:\/\/ea027da3-d6ff-40f1-9cb6-50ed3cfacd1c.filesusr.com\/ugd\/fceb21_65c1a94138c845368a3d5e7e7d041ad5.pdf\">Integrative projects in the English primary classroom: where we are now and where we want to go<\/a>. <\/em>Multidisciplinary Integrative English Project in Primary Schools. Institut de Ci\u00e8ncies de l&#8217;Educaci\u00f3, Barcelona.<\/p>\n\n\n\n<p><strong>Mont, Maria<\/strong> (January 27<sup>th<\/sup>, 2018). <a href=\"https:\/\/ea027da3-d6ff-40f1-9cb6-50ed3cfacd1c.filesusr.com\/ugd\/fceb21_afaa2b445c704cc6850b0f7013751ec9.pdf\"><em>Discovering, innovating &amp; helping others<\/em><\/a><em>. <\/em>Multidisciplinary Integrative English Project in Primary Schools. Institut de Ci\u00e8ncies de l&#8217;Educaci\u00f3, Barcelona.<\/p>\n\n\n\n<p><strong>Serrami\u00e0, Esther<\/strong> (January 27<sup>th<\/sup>, 2018). <a href=\"https:\/\/ea027da3-d6ff-40f1-9cb6-50ed3cfacd1c.filesusr.com\/ugd\/fceb21_418e9d45539245e0812bf8cba8578115.pdf\"><em>Touches of curricular areas for learning English.<\/em><\/a><em>&nbsp;<\/em>Multidisciplinary Integrative English Project in Primary Schools. Institut de Ci\u00e8ncies de l&#8217;Educaci\u00f3, Barcelona. &nbsp;&nbsp; &nbsp;&nbsp; &nbsp;&nbsp; &nbsp;&nbsp; &nbsp;&nbsp; &nbsp;&nbsp; &nbsp;&nbsp; &nbsp;&nbsp; &nbsp;&nbsp;<strong><a href=\"https:\/\/www.uab.cat\/web\/formacio\/professorat\/Trobada-Multidisciplinary-Integrative-English-Project-in-Primary-Schools-1345739315938.html\">Abstracts &amp; Programme<\/a><\/strong><\/p>\n","protected":false},"excerpt":{"rendered":"<p>A+ Project (January 28th, 2021). Dealing with Blended Learning: Tips that Work!&nbsp;APAC ELT Convention 2021: Birds of a feather teach together. Universitat Pompeu Fabra, Barcelona.Speakers (in alphabetical order): Yolanda \u00c1lvarez, Carol Barriuso, Maribel Gom\u00e1riz, Elisabet Guitart, David L\u00f3pez, Dolors Masats, Ingrid Picola, Cristina Rodr\u00edguez, Esther Serrami\u00e0 &amp; Berta Sol\u00e9.&nbsp; &nbsp; &nbsp; Abstract A+ Project (February [&hellip;]<\/p>\n","protected":false},"author":1792,"featured_media":0,"parent":0,"menu_order":7,"comment_status":"closed","ping_status":"closed","template":"template-fullwidth.php","meta":{"footnotes":""},"class_list":["post-24","page","type-page","status-publish","hentry"],"_links":{"self":[{"href":"https:\/\/webs.uab.cat\/equipice-a-project\/wp-json\/wp\/v2\/pages\/24","targetHints":{"allow":["GET"]}}],"collection":[{"href":"https:\/\/webs.uab.cat\/equipice-a-project\/wp-json\/wp\/v2\/pages"}],"about":[{"href":"https:\/\/webs.uab.cat\/equipice-a-project\/wp-json\/wp\/v2\/types\/page"}],"author":[{"embeddable":true,"href":"https:\/\/webs.uab.cat\/equipice-a-project\/wp-json\/wp\/v2\/users\/1792"}],"replies":[{"embeddable":true,"href":"https:\/\/webs.uab.cat\/equipice-a-project\/wp-json\/wp\/v2\/comments?post=24"}],"version-history":[{"count":1,"href":"https:\/\/webs.uab.cat\/equipice-a-project\/wp-json\/wp\/v2\/pages\/24\/revisions"}],"predecessor-version":[{"id":1491,"href":"https:\/\/webs.uab.cat\/equipice-a-project\/wp-json\/wp\/v2\/pages\/24\/revisions\/1491"}],"wp:attachment":[{"href":"https:\/\/webs.uab.cat\/equipice-a-project\/wp-json\/wp\/v2\/media?parent=24"}],"curies":[{"name":"wp","href":"https:\/\/api.w.org\/{rel}","templated":true}]}}