{"id":27,"date":"2020-03-05T21:00:05","date_gmt":"2020-03-05T19:00:05","guid":{"rendered":"http:\/\/blogs.uab.cat\/equipice-a-project\/?page_id=27"},"modified":"2022-11-29T13:41:39","modified_gmt":"2022-11-29T11:41:39","slug":"publications","status":"publish","type":"page","link":"https:\/\/webs.uab.cat\/equipice-a-project\/publications\/","title":{"rendered":"PUBLICATIONS"},"content":{"rendered":"\n<h1 class=\"wp-block-heading\"><img loading=\"lazy\" decoding=\"async\" class=\" wp-image-1436 alignleft\" src=\"https:\/\/webs.uab.cat\/equipice-a-project\/wp-content\/uploads\/sites\/294\/2022\/06\/Llibre-Yolanda-300x293.png\" alt=\"\" width=\"229\" height=\"224\" srcset=\"https:\/\/webs.uab.cat\/equipice-a-project\/wp-content\/uploads\/sites\/294\/2022\/06\/Llibre-Yolanda-300x293.png 300w, https:\/\/webs.uab.cat\/equipice-a-project\/wp-content\/uploads\/sites\/294\/2022\/06\/Llibre-Yolanda.png 440w\" sizes=\"auto, (max-width: 229px) 100vw, 229px\" \/><\/h1>\n\n\n\n<h1 class=\"wp-block-heading\">2022<\/h1>\n\n\n\n<p><strong>\u00c1lvarez Yolanda<\/strong> (2022). &nbsp;<em>I<\/em><em>mproving skills by playing: Trabajar las habilidades mediante actividades l\u00fadicas<\/em>. Castell\u00f3: Sar Alejadr\u00eda Ediciones.<\/p>\n\n\n\n<h1 class=\"wp-block-heading\">2021<\/h1>\n\n\n\n<p>Dooly, Melinda,&nbsp;<strong>Masats, Dolors<\/strong>&nbsp;&amp; <strong>Mont, Maria<\/strong> (2021). Launching a solidarity campaign: Technology-enhanced project-based language learning to promote entrepreneurial education and social awareness.&nbsp;<em>Journal of Technology and Science Education,&nbsp;<\/em>11 (2): 260-269.&nbsp; &nbsp;DOI:&nbsp;<a href=\"https:\/\/dx.doi.org\/10.3926\/jotse.1224\">https:\/\/dx.doi.org\/10.3926\/jotse.1224<\/a><\/p>\n\n\n\n<h1 class=\"wp-block-heading\">2020<\/h1>\n\n\n\n<p><strong>A<sup>+<\/sup> Projec<\/strong>t (2020). StandAPP and Speak up: the game is about to start. <em><a href=\"https:\/\/dolorsmasats.cat\/wp-content\/uploads\/2020\/07\/APAC-ELT-Journal-n.92-1.pdf\">APAC ELT Journal<\/a>, <\/em>92, 20-32.<\/p>\n\n\n<div class=\"wp-block-image\">\n<figure class=\"alignright\"><img loading=\"lazy\" decoding=\"async\" width=\"298\" height=\"300\" src=\"https:\/\/webs.uab.cat\/equipice-a-project\/wp-content\/uploads\/sites\/294\/2020\/10\/Aprendizaje-por-proyectos-298x300.jpg\" alt=\"\" class=\"wp-image-1349\" srcset=\"https:\/\/webs.uab.cat\/equipice-a-project\/wp-content\/uploads\/sites\/294\/2020\/10\/Aprendizaje-por-proyectos-298x300.jpg 298w, https:\/\/webs.uab.cat\/equipice-a-project\/wp-content\/uploads\/sites\/294\/2020\/10\/Aprendizaje-por-proyectos-1018x1024.jpg 1018w, https:\/\/webs.uab.cat\/equipice-a-project\/wp-content\/uploads\/sites\/294\/2020\/10\/Aprendizaje-por-proyectos-150x150.jpg 150w, https:\/\/webs.uab.cat\/equipice-a-project\/wp-content\/uploads\/sites\/294\/2020\/10\/Aprendizaje-por-proyectos-768x772.jpg 768w, https:\/\/webs.uab.cat\/equipice-a-project\/wp-content\/uploads\/sites\/294\/2020\/10\/Aprendizaje-por-proyectos.jpg 1075w\" sizes=\"auto, (max-width: 298px) 100vw, 298px\" \/><\/figure>\n<\/div>\n\n\n<p><strong>\u00c1lvarez Yolanda<\/strong> et al. (2020). <em><strong>Aprendizaje por proyectos (infantil, primaria, secundaria): Cuaderno Colaborativo<\/strong><\/em>. Instagram: @teaching_everyday \/ @aprenen.compartint.<\/p>\n\n\n\n<p>Authors: @inteletandoenmiaula, @celiasanchopsicopedagoga, @neuroeducandoenmiaula, @profe_xita, @p.l.a.y.t.o.l.e.a.r.n, @profesarauja, <strong>@teacher_xolain<\/strong>, @teachertechi, @elmestrelliureitropical, @creart_teacher, @teacher.mister.alonso,@loqueguardoenmisbolsillos, @innovantjuntes, @se\u00f1o_cristi, @dianamena04, @miss_shwa, @mami.mum8.<\/p>\n\n\n\n<p>Do you want to dowload it for free? Just follow <a href=\"https:\/\/www.instagram.com\/teacher_xolain\/\">@teacher_xolain<\/a> on Instagram and she will give you the link.<\/p>\n\n\n<div class=\"wp-block-image\">\n<figure class=\"alignleft\"><img loading=\"lazy\" decoding=\"async\" width=\"213\" height=\"300\" src=\"https:\/\/webs.uab.cat\/equipice-a-project\/wp-content\/uploads\/sites\/294\/2020\/08\/English-boook-213x300.png\" alt=\"\" class=\"wp-image-1326\" srcset=\"https:\/\/webs.uab.cat\/equipice-a-project\/wp-content\/uploads\/sites\/294\/2020\/08\/English-boook-213x300.png 213w, https:\/\/webs.uab.cat\/equipice-a-project\/wp-content\/uploads\/sites\/294\/2020\/08\/English-boook.png 365w\" sizes=\"auto, (max-width: 213px) 100vw, 213px\" \/><\/figure>\n<\/div>\n\n\n<p><strong>\u00c1lvarez, Yolanda<\/strong> et al. (2020). <strong><em>English Book<\/em><\/strong>. Instagram: @teacherstudio.<\/p>\n\n\n\n<p>Authors: @glowlearn;@teacher_mariheca;@teacher_helen28;@teacherontheway; @miss.teacher.ana;@teachersinfluencers;@english.teacher.miss.mireia;@english_teacher_in_loading; @profebelenaprendermola; @teacher.on.board; @teacher.be; @my_kumucorner; @eteachermarta; @ateacherinclass; <strong>@teacher_xolai<\/strong><strong>n.<\/strong><\/p>\n\n\n\n<p>English book is addressed to primary English teachers, English book II is addressed to Early Years teachers. Do you want to dowload them for free? Just follow <a href=\"https:\/\/www.instagram.com\/teacher_xolain\/\">@teacher_xolain<\/a> on Instagram and she will give you the links.<\/p>\n\n\n<div class=\"wp-block-image\">\n<figure class=\"alignleft\"><img loading=\"lazy\" decoding=\"async\" width=\"232\" height=\"300\" src=\"https:\/\/webs.uab.cat\/equipice-a-project\/wp-content\/uploads\/sites\/294\/2020\/10\/English-project-II-232x300.jpg\" alt=\"\" class=\"wp-image-1348\" srcset=\"https:\/\/webs.uab.cat\/equipice-a-project\/wp-content\/uploads\/sites\/294\/2020\/10\/English-project-II-232x300.jpg 232w, https:\/\/webs.uab.cat\/equipice-a-project\/wp-content\/uploads\/sites\/294\/2020\/10\/English-project-II-793x1024.jpg 793w, https:\/\/webs.uab.cat\/equipice-a-project\/wp-content\/uploads\/sites\/294\/2020\/10\/English-project-II-768x992.jpg 768w, https:\/\/webs.uab.cat\/equipice-a-project\/wp-content\/uploads\/sites\/294\/2020\/10\/English-project-II.jpg 1040w\" sizes=\"auto, (max-width: 232px) 100vw, 232px\" \/><\/figure>\n<\/div>\n\n\n<p><strong>\u00c1lvarez, Yolanda<\/strong> et al. (2020). <strong><em>English Book II<\/em><\/strong>. Instagram: @teacherstudio.<\/p>\n\n\n\n<p>Authors: @glowlearn;@teacher_mariheca;@teacher_helen28;@teacherontheway; @miss.teacher.ana;@teachersinfluencers;@english.teacher.miss.mireia;@english_teacher_in_loading; @profebelenaprendermola; @teacher.on.board; @teacher.be; @my_kumucorner; @eteachermarta; @ateacherinclass; <strong>@teacher_xolai<\/strong><strong>n.<\/strong><\/p>\n\n\n\n<h1 class=\"wp-block-heading\">2019<\/h1>\n\n\n<div class=\"wp-block-image\">\n<figure class=\"alignright\"><img loading=\"lazy\" decoding=\"async\" width=\"200\" height=\"300\" src=\"https:\/\/webs.uab.cat\/equipice-a-project\/wp-content\/uploads\/sites\/294\/2020\/03\/llibre-uab-200x300.jpg\" alt=\"\" class=\"wp-image-185\" srcset=\"https:\/\/webs.uab.cat\/equipice-a-project\/wp-content\/uploads\/sites\/294\/2020\/03\/llibre-uab-200x300.jpg 200w, https:\/\/webs.uab.cat\/equipice-a-project\/wp-content\/uploads\/sites\/294\/2020\/03\/llibre-uab.jpg 333w\" sizes=\"auto, (max-width: 200px) 100vw, 200px\" \/><\/figure>\n<\/div>\n\n\n<p><strong>\u00c1lvarez, Yolanda<\/strong> (2019). <a href=\"https:\/\/webs.uab.cat\/equipice-a-project\/wp-content\/uploads\/sites\/294\/2020\/03\/Yolanda_JOINT-EFFORTS.pdf\">The benefits of hosting an intern teacher<\/a>. In Dolors Masats, Maria Mont &amp; Nathaly Gonzalez-Acevedo&nbsp;(Eds.), <strong><em>Joint efforts for innovation: Working together to improve foreign language teaching in the 21st century<\/em><\/strong> (pp. 123-127). Rothersthorpe: Paragon Publishing. <a href=\"https:\/\/zenodo.org\/record\/3064130#.XkcJA2hKiUk\">DOI:10.5281\/zenodo.3064130<\/a><\/p>\n\n\n\n<p><strong>Barriuso, Carol<\/strong> (2019). <a href=\"https:\/\/webs.uab.cat\/equipice-a-project\/wp-content\/uploads\/sites\/294\/2020\/03\/Erasmus_JOINT-EFFORTS-FOR-INNOVATION.pdf\">Bringing real-life English into your classroom<\/a>. In Dolors Masats, Maria Mont &nbsp;&amp; Nathaly Gonzalez-Acevedo (Eds.), <strong><em>Joint efforts for innovation: Working together to improve foreign language teaching in the 21st century<\/em> <\/strong>(pp. 99-108). Rothersthorpe: Para<span style=\"color: #333333; font-size: 16px;\">gon Publishing. Paragon Publishing. <\/span><a style=\"font-size: 16px;\" href=\"https:\/\/zenodo.org\/record\/3064130#.XkcJA2hKiUk\">DOI:10.5281\/zenodo.3064130<\/a><\/p>\n\n\n\n<p><strong>Casas Rio, Teresa<\/strong> (2019). <a href=\"https:\/\/webs.uab.cat\/equipice-a-project\/wp-content\/uploads\/sites\/294\/2020\/03\/Tangram_JOINT-EFFORTS.pdf\">Tangram animals: Creating a game as a vehicle for learning<\/a>. In Dolors Masats, Maria Mont &amp; Nathaly Gonzalez-Acevedo (Eds.), <strong><em>Joint efforts for innovation: Working together to improve foreign language teaching in the 21st century<\/em><\/strong> (pp. 167-17<span style=\"color: #333333; font-size: 16px;\">6). Rothersthorpe: Paragon Publishing. <\/span><a style=\"font-size: 16px;\" href=\"https:\/\/zenodo.org\/record\/3064130#.XkcJA2hKiUk\">DOI:10.5281\/zenodo.3064130<\/a><\/p>\n\n\n\n<p>Cortada, Josep &amp; <strong>Masats, Dolors<\/strong> (2019). <a href=\"https:\/\/webs.uab.cat\/equipice-a-project\/wp-content\/uploads\/sites\/294\/2020\/03\/Cortada_JOINT-EFFORTS.pdf\">Introduction: Inspiring classroom projects<\/a>. In Dolors Masats, Maria Mont &nbsp;&amp; Nathaly Gonzalez-Acevedo (Eds.), <em>J<strong>oint efforts for innovation: Working together to improve foreign language teaching in the 21st century<\/strong><\/em> (pp. 153-156). Rothersthorpe: Paragon Publishing. <a href=\"https:\/\/zenodo.org\/record\/3064130#.XkcJA2hKiUk\">DOI:10.5281\/zenodo.3064130<\/a><\/p>\n\n\n<div class=\"wp-block-image\">\n<figure class=\"alignleft\"><img loading=\"lazy\" decoding=\"async\" width=\"197\" height=\"300\" src=\"https:\/\/webs.uab.cat\/equipice-a-project\/wp-content\/uploads\/sites\/294\/2020\/03\/Global-perspectives-1-197x300.jpg\" alt=\"\" class=\"wp-image-365\" srcset=\"https:\/\/webs.uab.cat\/equipice-a-project\/wp-content\/uploads\/sites\/294\/2020\/03\/Global-perspectives-1-197x300.jpg 197w, https:\/\/webs.uab.cat\/equipice-a-project\/wp-content\/uploads\/sites\/294\/2020\/03\/Global-perspectives-1.jpg 329w\" sizes=\"auto, (max-width: 197px) 100vw, 197px\" \/><\/figure>\n<\/div>\n\n\n<p>Dooly, Melinda &amp; <strong>Masats, Dolors<\/strong> (2019). &#8216;What do you zinc about the project?&#8217;: Examples of technology-enhanced project-based language learning. In Gulbahar Beckett &amp; Tammy Slater (Eds.), <strong><em>Global perspectives on project-based language learning, teaching, and assessment: Key approaches, technology tools, and frameworks<\/em><\/strong> (pp. 126\u2013145). NY\/Milton Park, Abingdon: Routledge.<\/p>\n\n\n\n<p><strong>Gom\u00e1riz, Maribel<\/strong> (2019). <a href=\"https:\/\/webs.uab.cat\/equipice-a-project\/wp-content\/uploads\/sites\/294\/2020\/03\/Maribel_JOINT-EFFORTS.pdf\">Co-teaching<\/a>. In Dolors Masats, Maria Mont &amp; Nathaly Gonzalez-Acevedo (Eds.), <em>J<strong>oint efforts for innovation: Working together to improve foreign language teaching in the 21st century<\/strong><\/em> (pp. 67-75). Rothersthorpe: Paragon Publishing. <a href=\"https:\/\/zenodo.org\/record\/3064130#.XkcJA2hKiUk\">DOI:10.5281\/zenodo.3064130<\/a><\/p>\n\n\n\n<p><strong>Huguet, Mariona<\/strong> &amp; <strong>Obiols, Aina<\/strong> (2019).&nbsp; <a href=\"https:\/\/webs.uab.cat\/equipice-a-project\/wp-content\/uploads\/sites\/294\/2020\/03\/Mariona_JOINT-EFFORTS.pdf\">How do plants survive? Observing a carnivorous plant<\/a>. In Dolors Masats, Maria Mont &nbsp;&amp; Nathaly Gonzalez-Acevedo (Eds.), <strong><em>Joint efforts for innovation: Working together to improve foreign language teaching in the 21st century<\/em> <\/strong>(pp. 157-166). Rothersthorpe: Paragon Publishing. <a href=\"https:\/\/zenodo.org\/record\/3064130#.XkcJA2hKiUk\">DOI:10.5281\/zenodo.3064130<\/a><\/p>\n\n\n\n<p><strong>Masats, Dolors<\/strong>; <strong>Mont, Maria<\/strong> &amp; Barba, Javier (2019). <a href=\"https:\/\/webs.uab.cat\/equipice-a-project\/wp-content\/uploads\/sites\/294\/2020\/03\/Hands_on_JOINT-EFFORTS.pdf\">Hands on! Introducing EdTech in the seminars for tutoring pre-service teachers<\/a>. In Dolors Masats, Maria Mont &nbsp;&amp; Nathaly Gonzalez-Acevedo (Eds.), <strong><em>Joint efforts for innovation: Working together to improve foreign language teaching in the 21st century<\/em> <\/strong>(pp. 37-45). Rothersthorpe: Paragon Publishing. <a href=\"https:\/\/zenodo.org\/record\/3064130#.XkcJA2hKiUk\">DOI:10.5281\/zenodo.3064130<\/a><\/p>\n\n\n\n<p><strong>Mont, Maria<\/strong> &amp; Gonzalez-Acevedo, Nathaly (2019). <a href=\"https:\/\/webs.uab.cat\/equipice-a-project\/wp-content\/uploads\/sites\/294\/2020\/03\/Beebots_JOINT-EFFORTS.pdf\">Coding toys while learning English: Programming with very young learners<\/a>. In Dolors Masats, Maria Mont &nbsp;&amp; Nathaly Gonzalez-Acevedo (Eds.), <strong><em>Joint efforts for innovation: Working together to improve foreign language teaching in the 21st century<\/em><\/strong> (pp. 59-65). Rothersthorpe: Paragon Publishing. <a href=\"https:\/\/zenodo.org\/record\/3064130#.XkcJA2hKiUk\">DOI:10.5281\/zenodo.3064130<\/a><\/p>\n\n\n\n<p><strong>N\u00fa\u00f1ez Morera, Xavier<\/strong> (2019). <a href=\"https:\/\/webs.uab.cat\/equipice-a-project\/wp-content\/uploads\/sites\/294\/2020\/03\/Xavier_JOINT-EFFORTS.pdf\">A recipe for becoming a supportive teacher<\/a>. In Dolors Masats, Maria Mont &nbsp;&amp; Nathaly Gonzalez-Acevedo (Eds.), <strong><em>Joint efforts for innovation: Working together to improve foreign language teaching in the 21st century<\/em><\/strong> (pp. 109-115). Rothersthorpe: Paragon Publishing. <a href=\"https:\/\/zenodo.org\/record\/3064130#.XkcJA2hKiUk\">DOI:10.5281\/zenodo.3064130<\/a><\/p>\n\n\n\n<p><strong>Obiols, Aina<\/strong> (2019). <a href=\"https:\/\/webs.uab.cat\/equipice-a-project\/wp-content\/uploads\/sites\/294\/2020\/03\/Aina_JOINT-EFFORTS.pdf\">Taking a trip down memory lane<\/a>. In Dolors Masats, Maria Mont &nbsp;&amp; Nathaly Gonzalez-Acevedo (Eds.), <strong><em>Joint efforts for innovation: Working together to improve foreign language teaching in the 21st century<\/em><\/strong> (pp. 129-135). Rothersthorpe: Paragon Publishing. <a href=\"https:\/\/zenodo.org\/record\/3064130#.XkcJA2hKiUk\">DOI:10.5281\/zenodo.3064130<\/a><\/p>\n\n\n\n<p>Orihuela, Antonio &amp; <strong>Masats, Dolors<\/strong> (2019) <a href=\"https:\/\/webs.uab.cat\/equipice-a-project\/wp-content\/uploads\/sites\/294\/2020\/03\/Dolors_Antonio_JOINT-EFFORTS.pdf\">Introduction: Innovative approaches and pioneering resources for the foreign language classroom<\/a>. In Dolors Masats, Maria Mont &nbsp;&amp; Nathaly Gonzalez-Acevedo (Eds.), <strong><em>Joint efforts for innovation: Working together to improve foreign language teaching in the 21st century<\/em> (pp. 55-57). Rothersthorpe: Paragon Publishing<\/strong>. <a href=\"https:\/\/zenodo.org\/record\/3064130#.XkcJA2hKiUk\">DOI:10.5281\/zenodo.3064130<\/a><\/p>\n\n\n\n<p><strong>Piccola, \u00cdngrid<\/strong> &amp; Quintanilla, Judith (2019). <a href=\"https:\/\/webs.uab.cat\/equipice-a-project\/wp-content\/uploads\/sites\/294\/2020\/03\/Ingrid_JOINT-EFFORTS.pdf\">The country of the year<\/a>. In Dolors Masats, Maria Mont &nbsp;&amp; Nathaly Gonzalez-Acevedo (Eds.), <strong><em>Joint efforts for innovation: Working together to improve foreign language teaching in the 21st century<\/em><\/strong> (pp. 177-184). Rothersthorpe: Paragon Publishing. <a href=\"https:\/\/zenodo.org\/record\/3064130#.XkcJA2hKiUk\">DOI:10.5281\/zenodo.3064130<\/a><\/p>\n\n\n\n<p><strong>Serrami\u00e0, Esther<\/strong> (2019). <a href=\"https:\/\/webs.uab.cat\/equipice-a-project\/wp-content\/uploads\/sites\/294\/2020\/03\/Esther_JOINT-EFFORTS.pdf\">Classroom management<\/a>. In Dolors Masats, Maria Mont &nbsp;&amp; Nathaly Gonzalez-Acevedo (Eds.), <strong><em>Joint efforts for innovation: Working together to improve foreign language teaching in the 21st century<\/em><\/strong> (pp. 89-98). Rothersthorpe: Paragon Publishing. Paragon Publishing. <a href=\"https:\/\/zenodo.org\/record\/3064130#.XkcJA2hKiUk\">DOI:10.5281\/zenodo.3064130<\/a><\/p>\n\n\n\n<p><strong>Serrami\u00e0, Esther<\/strong> &amp; <strong>Barriuso, Carol<\/strong> (2019). <a href=\"https:\/\/webs.uab.cat\/equipice-a-project\/wp-content\/uploads\/sites\/294\/2020\/03\/Flipped_JOINT-EFFORTS.pdf\">Flipped classrooms<\/a>. In Dolors Masats, Maria Mont &nbsp;&amp; Nathaly Gonzalez-Acevedo (Eds.), <strong><em>Joint efforts for innovation: Working together to improve foreign language teaching in the 21st century<\/em><\/strong> (pp. 77-87). Rothersthorpe: Paragon Publishing. Paragon Publishing. <a href=\"https:\/\/zenodo.org\/record\/3064130#.XkcJA2hKiUk\">DOI:10.5281\/zenodo.3064130<\/a><\/p>\n\n\n\n<h1 class=\"wp-block-heading\">&nbsp;<\/h1>\n\n\n\n<h1 class=\"wp-block-heading\">2018<\/h1>\n\n\n\n<p>\u00c0lvarez, \u00c0ngels; Costa, Daniel; Cuello, Al\u00edcia;&nbsp; Garc\u00eda, Rosa; Mu\u00f1oz, Alejandra; Roca, Conxita &amp;<strong> Rodr\u00edguez, Cristina<\/strong> (2018). <a href=\"https:\/\/www.rosasensat.org\/revista\/a-les-ciutats-invisibles-num-399\/de-laula-a-la-comunitat-educant-des-duna-perspectiva-socioemocional\/\">De l&#8217;aula a la comunitat: Educant des d&#8217;una perspectiva emocional<\/a>. <em><strong>Perspectiva Escola<\/strong>r<\/em>, 399.<\/p>\n\n\n<div class=\"wp-block-image\">\n<figure class=\"alignleft\"><img loading=\"lazy\" decoding=\"async\" width=\"207\" height=\"300\" src=\"https:\/\/webs.uab.cat\/equipice-a-project\/wp-content\/uploads\/sites\/294\/2020\/03\/In-this-together-cover-207x300.jpg\" alt=\"\" class=\"wp-image-207\" srcset=\"https:\/\/webs.uab.cat\/equipice-a-project\/wp-content\/uploads\/sites\/294\/2020\/03\/In-this-together-cover-207x300.jpg 207w, https:\/\/webs.uab.cat\/equipice-a-project\/wp-content\/uploads\/sites\/294\/2020\/03\/In-this-together-cover-705x1024.jpg 705w, https:\/\/webs.uab.cat\/equipice-a-project\/wp-content\/uploads\/sites\/294\/2020\/03\/In-this-together-cover-768x1115.jpg 768w, https:\/\/webs.uab.cat\/equipice-a-project\/wp-content\/uploads\/sites\/294\/2020\/03\/In-this-together-cover-1058x1536.jpg 1058w, https:\/\/webs.uab.cat\/equipice-a-project\/wp-content\/uploads\/sites\/294\/2020\/03\/In-this-together-cover-1200x1742.jpg 1200w, https:\/\/webs.uab.cat\/equipice-a-project\/wp-content\/uploads\/sites\/294\/2020\/03\/In-this-together-cover.jpg 1240w\" sizes=\"auto, (max-width: 207px) 100vw, 207px\" \/><\/figure>\n<\/div>\n\n\n<p><strong>Mont, Maria <\/strong>&amp;<strong> Masats, Dolors<\/strong> (2018). <a href=\"https:\/\/www.peterlang.com\/view\/9783034335348\/chapter04.xhtml?pdfVersion=true\">Tips and suggestions to implement telecollaborative projects with young learners<\/a>. In Melinda Dooly &amp; Robert O&#8217;Dowd (Eds.), <em><a href=\"https:\/\/www.peterlang.com\/view\/title\/67965?format=EPDF\">In this together: Teachers&#8217; experiences with transnational telecollaborative language learning projects<\/a><\/em> (pp.92-122). New York\/Bern: Peter Lang.<\/p>\n","protected":false},"excerpt":{"rendered":"<p>2022 \u00c1lvarez Yolanda (2022). &nbsp;Improving skills by playing: Trabajar las habilidades mediante actividades l\u00fadicas. Castell\u00f3: Sar Alejadr\u00eda Ediciones. 2021 Dooly, Melinda,&nbsp;Masats, Dolors&nbsp;&amp; Mont, Maria (2021). Launching a solidarity campaign: Technology-enhanced project-based language learning to promote entrepreneurial education and social awareness.&nbsp;Journal of Technology and Science Education,&nbsp;11 (2): 260-269.&nbsp; &nbsp;DOI:&nbsp;https:\/\/dx.doi.org\/10.3926\/jotse.1224 2020 A+ Project (2020). StandAPP and Speak [&hellip;]<\/p>\n","protected":false},"author":1792,"featured_media":0,"parent":0,"menu_order":5,"comment_status":"closed","ping_status":"closed","template":"template-fullwidth.php","meta":{"footnotes":""},"class_list":["post-27","page","type-page","status-publish","hentry"],"_links":{"self":[{"href":"https:\/\/webs.uab.cat\/equipice-a-project\/wp-json\/wp\/v2\/pages\/27","targetHints":{"allow":["GET"]}}],"collection":[{"href":"https:\/\/webs.uab.cat\/equipice-a-project\/wp-json\/wp\/v2\/pages"}],"about":[{"href":"https:\/\/webs.uab.cat\/equipice-a-project\/wp-json\/wp\/v2\/types\/page"}],"author":[{"embeddable":true,"href":"https:\/\/webs.uab.cat\/equipice-a-project\/wp-json\/wp\/v2\/users\/1792"}],"replies":[{"embeddable":true,"href":"https:\/\/webs.uab.cat\/equipice-a-project\/wp-json\/wp\/v2\/comments?post=27"}],"version-history":[{"count":1,"href":"https:\/\/webs.uab.cat\/equipice-a-project\/wp-json\/wp\/v2\/pages\/27\/revisions"}],"predecessor-version":[{"id":1490,"href":"https:\/\/webs.uab.cat\/equipice-a-project\/wp-json\/wp\/v2\/pages\/27\/revisions\/1490"}],"wp:attachment":[{"href":"https:\/\/webs.uab.cat\/equipice-a-project\/wp-json\/wp\/v2\/media?parent=27"}],"curies":[{"name":"wp","href":"https:\/\/api.w.org\/{rel}","templated":true}]}}