{"id":390,"date":"2020-04-01T18:43:02","date_gmt":"2020-04-01T16:43:02","guid":{"rendered":"http:\/\/blogs.uab.cat\/equipice-a-project\/?page_id=390"},"modified":"2022-11-29T13:10:37","modified_gmt":"2022-11-29T11:10:37","slug":"members-materials","status":"publish","type":"page","link":"https:\/\/webs.uab.cat\/equipice-a-project\/materials\/members-materials\/","title":{"rendered":"Projects"},"content":{"rendered":"\n<figure class=\"wp-block-image size-large\"><img loading=\"lazy\" decoding=\"async\" width=\"1024\" height=\"768\" src=\"https:\/\/webs.uab.cat\/equipice-a-project\/wp-content\/uploads\/sites\/294\/2020\/04\/4-children-at-computer-scaled-1-1024x768.jpg\" alt=\"\" class=\"wp-image-774\" srcset=\"https:\/\/webs.uab.cat\/equipice-a-project\/wp-content\/uploads\/sites\/294\/2020\/04\/4-children-at-computer-scaled-1-1024x768.jpg 1024w, https:\/\/webs.uab.cat\/equipice-a-project\/wp-content\/uploads\/sites\/294\/2020\/04\/4-children-at-computer-scaled-1-300x225.jpg 300w, https:\/\/webs.uab.cat\/equipice-a-project\/wp-content\/uploads\/sites\/294\/2020\/04\/4-children-at-computer-scaled-1-768x576.jpg 768w, https:\/\/webs.uab.cat\/equipice-a-project\/wp-content\/uploads\/sites\/294\/2020\/04\/4-children-at-computer-scaled-1-1536x1152.jpg 1536w, https:\/\/webs.uab.cat\/equipice-a-project\/wp-content\/uploads\/sites\/294\/2020\/04\/4-children-at-computer-scaled-1-2048x1536.jpg 2048w, https:\/\/webs.uab.cat\/equipice-a-project\/wp-content\/uploads\/sites\/294\/2020\/04\/4-children-at-computer-scaled-1-1200x900.jpg 1200w, https:\/\/webs.uab.cat\/equipice-a-project\/wp-content\/uploads\/sites\/294\/2020\/04\/4-children-at-computer-scaled-1-1980x1485.jpg 1980w\" sizes=\"auto, (max-width: 1024px) 100vw, 1024px\" \/><\/figure>\n\n\n\n<p class=\"has-normal-font-size\">Either by ourselves or with other teachers, A<sup>+<\/sup>Project members are also very creative and want to share with you some of the projects we carry out in our classrooms. Want to have a look?<\/p>\n\n\n\n<div class=\"wp-block-columns is-layout-flex wp-container-core-columns-is-layout-9d6595d7 wp-block-columns-is-layout-flex\">\n<div class=\"wp-block-column is-layout-flow wp-block-column-is-layout-flow\" style=\"flex-basis:33.33%\"><div class=\"wp-block-image\">\n<figure class=\"alignleft\"><img loading=\"lazy\" decoding=\"async\" width=\"300\" height=\"136\" src=\"http:\/\/blogs.uab.cat\/equipice-a-project\/files\/2020\/04\/food-in-the-world-300x136.png\" alt=\"\" class=\"wp-image-452\" srcset=\"https:\/\/webs.uab.cat\/equipice-a-project\/wp-content\/uploads\/sites\/294\/2020\/04\/food-in-the-world-300x136.png 300w, https:\/\/webs.uab.cat\/equipice-a-project\/wp-content\/uploads\/sites\/294\/2020\/04\/food-in-the-world.png 309w\" sizes=\"auto, (max-width: 300px) 100vw, 300px\" \/><\/figure>\n<\/div><\/div>\n\n\n\n<div class=\"wp-block-column is-layout-flow wp-block-column-is-layout-flow\" style=\"flex-basis:66.66%\">\n<p><a href=\"https:\/\/dlopez36.wixsite.com\/foodintheworld\/blank-2\">Food in the World<\/a> by David L\u00f3pez. A &#8216;tasty&#8217; crossdisciplinary project.<\/p>\n<\/div>\n<\/div>\n\n\n\n<div class=\"wp-block-columns is-layout-flex wp-container-core-columns-is-layout-9d6595d7 wp-block-columns-is-layout-flex\">\n<div class=\"wp-block-column is-layout-flow wp-block-column-is-layout-flow\" style=\"flex-basis:33.33%\"><div class=\"wp-block-image\">\n<figure class=\"alignleft\"><img loading=\"lazy\" decoding=\"async\" width=\"300\" height=\"300\" src=\"http:\/\/blogs.uab.cat\/equipice-a-project\/files\/2020\/04\/action-300x300.jpg\" alt=\"\" class=\"wp-image-453\" srcset=\"https:\/\/webs.uab.cat\/equipice-a-project\/wp-content\/uploads\/sites\/294\/2020\/04\/action-300x300.jpg 300w, https:\/\/webs.uab.cat\/equipice-a-project\/wp-content\/uploads\/sites\/294\/2020\/04\/action-150x150.jpg 150w, https:\/\/webs.uab.cat\/equipice-a-project\/wp-content\/uploads\/sites\/294\/2020\/04\/action.jpg 466w\" sizes=\"auto, (max-width: 300px) 100vw, 300px\" \/><\/figure>\n<\/div><\/div>\n\n\n\n<div class=\"wp-block-column is-layout-flow wp-block-column-is-layout-flow\" style=\"flex-basis:66.66%\">\n<p><a href=\"https:\/\/mtarre24.wixsite.com\/123action\/objectius\">1,2,3 action!<\/a> by David L\u00f3pez &amp; Mar Tarr\u00e9s. A crossdisciplinary project for cinema freaks.<\/p>\n<\/div>\n<\/div>\n","protected":false},"excerpt":{"rendered":"<p>Either by ourselves or with other teachers, A+Project members are also very creative and want to share with you some of the projects we carry out in our classrooms. Want to have a look? Food in the World by David L\u00f3pez. A &#8216;tasty&#8217; crossdisciplinary project. 1,2,3 action! by David L\u00f3pez &amp; Mar Tarr\u00e9s. A crossdisciplinary [&hellip;]<\/p>\n","protected":false},"author":1792,"featured_media":0,"parent":20,"menu_order":2,"comment_status":"closed","ping_status":"closed","template":"template-fullwidth.php","meta":{"footnotes":""},"class_list":["post-390","page","type-page","status-publish","hentry"],"_links":{"self":[{"href":"https:\/\/webs.uab.cat\/equipice-a-project\/wp-json\/wp\/v2\/pages\/390","targetHints":{"allow":["GET"]}}],"collection":[{"href":"https:\/\/webs.uab.cat\/equipice-a-project\/wp-json\/wp\/v2\/pages"}],"about":[{"href":"https:\/\/webs.uab.cat\/equipice-a-project\/wp-json\/wp\/v2\/types\/page"}],"author":[{"embeddable":true,"href":"https:\/\/webs.uab.cat\/equipice-a-project\/wp-json\/wp\/v2\/users\/1792"}],"replies":[{"embeddable":true,"href":"https:\/\/webs.uab.cat\/equipice-a-project\/wp-json\/wp\/v2\/comments?post=390"}],"version-history":[{"count":2,"href":"https:\/\/webs.uab.cat\/equipice-a-project\/wp-json\/wp\/v2\/pages\/390\/revisions"}],"predecessor-version":[{"id":1489,"href":"https:\/\/webs.uab.cat\/equipice-a-project\/wp-json\/wp\/v2\/pages\/390\/revisions\/1489"}],"up":[{"embeddable":true,"href":"https:\/\/webs.uab.cat\/equipice-a-project\/wp-json\/wp\/v2\/pages\/20"}],"wp:attachment":[{"href":"https:\/\/webs.uab.cat\/equipice-a-project\/wp-json\/wp\/v2\/media?parent=390"}],"curies":[{"name":"wp","href":"https:\/\/api.w.org\/{rel}","templated":true}]}}