{"id":761,"date":"2020-04-19T01:13:51","date_gmt":"2020-04-18T23:13:51","guid":{"rendered":"http:\/\/blogs.uab.cat\/equipice-a-project\/?page_id=761"},"modified":"2020-04-19T01:13:51","modified_gmt":"2020-04-18T23:13:51","slug":"homestay-tasks","status":"publish","type":"page","link":"https:\/\/webs.uab.cat\/equipice-a-project\/materials\/co-designed-materials\/homestay-tasks\/","title":{"rendered":"Reading"},"content":{"rendered":"<h3><strong><span style=\"color: #008000\"><em>Tasks to promote reading<\/em><\/span><\/strong><\/h3>\n<h4><img loading=\"lazy\" decoding=\"async\" class=\"alignnone wp-image-768 alignleft\" src=\"http:\/\/blogs.uab.cat\/equipice-a-project\/files\/2020\/04\/Kangaroo-mother-300x240.jpg\" alt=\"\" width=\"230\" height=\"184\" srcset=\"https:\/\/webs.uab.cat\/equipice-a-project\/wp-content\/uploads\/sites\/294\/2020\/04\/Kangaroo-mother-300x240.jpg 300w, https:\/\/webs.uab.cat\/equipice-a-project\/wp-content\/uploads\/sites\/294\/2020\/04\/Kangaroo-mother-1024x819.jpg 1024w, https:\/\/webs.uab.cat\/equipice-a-project\/wp-content\/uploads\/sites\/294\/2020\/04\/Kangaroo-mother-768x615.jpg 768w, https:\/\/webs.uab.cat\/equipice-a-project\/wp-content\/uploads\/sites\/294\/2020\/04\/Kangaroo-mother-1200x960.jpg 1200w, https:\/\/webs.uab.cat\/equipice-a-project\/wp-content\/uploads\/sites\/294\/2020\/04\/Kangaroo-mother.jpg 1376w\" sizes=\"auto, (max-width: 230px) 100vw, 230px\" \/><\/h4>\n<h4><\/h4>\n<h4><a href=\"https:\/\/webs.uab.cat\/equipice-a-project\/wp-content\/uploads\/sites\/294\/2020\/04\/Does-a-kangaroo-have-a-mother.pdf\">Does a kangaroo have a mother, too?<\/a> Tasks by Cristina Rodr\u00edguez G\u00f3mez and Alba Reina based on this picture book by Eric Carle.<\/h4>\n<p>&nbsp;<\/p>\n<p>&nbsp;<\/p>\n<h4><img loading=\"lazy\" decoding=\"async\" class=\" wp-image-769 alignleft\" src=\"http:\/\/blogs.uab.cat\/equipice-a-project\/files\/2020\/04\/mister-seahorse-227x300.jpg\" alt=\"\" width=\"233\" height=\"308\" srcset=\"https:\/\/webs.uab.cat\/equipice-a-project\/wp-content\/uploads\/sites\/294\/2020\/04\/mister-seahorse-227x300.jpg 227w, https:\/\/webs.uab.cat\/equipice-a-project\/wp-content\/uploads\/sites\/294\/2020\/04\/mister-seahorse-776x1024.jpg 776w, https:\/\/webs.uab.cat\/equipice-a-project\/wp-content\/uploads\/sites\/294\/2020\/04\/mister-seahorse-768x1014.jpg 768w, https:\/\/webs.uab.cat\/equipice-a-project\/wp-content\/uploads\/sites\/294\/2020\/04\/mister-seahorse-1163x1536.jpg 1163w, https:\/\/webs.uab.cat\/equipice-a-project\/wp-content\/uploads\/sites\/294\/2020\/04\/mister-seahorse-1551x2048.jpg 1551w, https:\/\/webs.uab.cat\/equipice-a-project\/wp-content\/uploads\/sites\/294\/2020\/04\/mister-seahorse-1200x1584.jpg 1200w, https:\/\/webs.uab.cat\/equipice-a-project\/wp-content\/uploads\/sites\/294\/2020\/04\/mister-seahorse.jpg 1939w\" sizes=\"auto, (max-width: 233px) 100vw, 233px\" \/><\/h4>\n<h4><\/h4>\n<h4 style=\"padding-left: 40px\"><a href=\"https:\/\/webs.uab.cat\/equipice-a-project\/wp-content\/uploads\/sites\/294\/2020\/04\/Mr-Seahorse.pdf\">Mister Seahorse<\/a>. Tasks by Cristina Rodr\u00edguez G\u00f3mez and Alba Reina based on this picture book by Eric Carle.<\/h4>\n<p>&nbsp;<\/p>\n<p>&nbsp;<\/p>\n<p>&nbsp;<\/p>\n<p>&nbsp;<\/p>\n<p>&nbsp;<\/p>\n<h4><img loading=\"lazy\" decoding=\"async\" class=\"alignnone wp-image-768 alignleft\" src=\"https:\/\/webs.uab.cat\/equipice-a-project\/wp-content\/uploads\/sites\/294\/2020\/05\/roosters-off-to-see-the-world.jpg\" alt=\"\" width=\"230\" height=\"184\" \/><\/h4>\n<h4><\/h4>\n<p>&nbsp;<\/p>\n<h4><a href=\"https:\/\/webs.uab.cat\/equipice-a-project\/wp-content\/uploads\/sites\/294\/2020\/05\/Roosters-off-to-see-the-world.pdf\">Rooster&#8217;s off to see the world<\/a>. Tasks by Cristina Rodr\u00edguez G\u00f3mez and Alba Reina based on this picture book by Eric Carle.<\/h4>\n<p>&nbsp;<\/p>\n<p>&nbsp;<\/p>\n<p>&nbsp;<\/p>\n<p>&nbsp;<\/p>\n<h4><img loading=\"lazy\" decoding=\"async\" class=\" wp-image-772 alignleft\" src=\"http:\/\/blogs.uab.cat\/equipice-a-project\/files\/2020\/04\/the-dot-300x280.jpg\" alt=\"\" width=\"230\" height=\"184\" \/><\/h4>\n<h4><\/h4>\n<h4><a href=\"https:\/\/view.genial.ly\/5e9b4802124e5b0d7bca6f2d\/interactive-image-the-dot-for-teachers\">The dot<\/a>. A collection of creative tasks by Esther Serrami\u00e0 based on this popular picture book by Peter Hamilton Reynolds.<\/h4>\n<p>&nbsp;<\/p>\n<p>&nbsp;<\/p>\n<p>&nbsp;<\/p>\n<h4><img loading=\"lazy\" decoding=\"async\" class=\"alignnone wp-image-768 alignleft\" src=\"https:\/\/webs.uab.cat\/equipice-a-project\/wp-content\/uploads\/sites\/294\/2020\/05\/the-foolish-tortoise.jpg\" alt=\"\" width=\"230\" height=\"184\" \/><\/h4>\n<h4><\/h4>\n<h4><a href=\"https:\/\/webs.uab.cat\/equipice-a-project\/wp-content\/uploads\/sites\/294\/2020\/05\/The-foolish-tortoise.pdf\">The foolish tortoise<\/a> Tasks by Cristina Rodr\u00edguez G\u00f3mez and Alba Reina based on this picture book by Eric Carle.<\/h4>\n<p>&nbsp;<\/p>\n<p>&nbsp;<\/p>\n<p>&nbsp;<\/p>\n<p>&nbsp;<\/p>\n<p>&nbsp;<\/p>\n<p>&nbsp;<\/p>\n<h4><img loading=\"lazy\" decoding=\"async\" class=\"alignnone wp-image-768 alignleft\" src=\"https:\/\/webs.uab.cat\/equipice-a-project\/wp-content\/uploads\/sites\/294\/2020\/05\/the-tiny-seed.jpg\" alt=\"\" width=\"230\" height=\"184\" \/><\/h4>\n<h4><\/h4>\n<h4><a href=\"https:\/\/webs.uab.cat\/equipice-a-project\/wp-content\/uploads\/sites\/294\/2020\/05\/The-tiny-seed.pdf\">The tiny seed<\/a> Tasks by Cristina Rodr\u00edguez G\u00f3mez and Alba Reina based on this picture book by Eric Carle.<\/h4>\n<p>&nbsp;<\/p>\n<p>&nbsp;<\/p>\n<p>&nbsp;<\/p>\n<p>&nbsp;<\/p>\n<p>&nbsp;<\/p>\n<p>&nbsp;<\/p>\n<h4><img loading=\"lazy\" decoding=\"async\" class=\"alignnone wp-image-768 alignleft\" src=\"https:\/\/webs.uab.cat\/equipice-a-project\/wp-content\/uploads\/sites\/294\/2020\/05\/the-very-lonely-firefly.jpg\" alt=\"\" width=\"230\" height=\"184\" \/><\/h4>\n<h4><\/h4>\n<h4><a href=\"https:\/\/webs.uab.cat\/equipice-a-project\/wp-content\/uploads\/sites\/294\/2020\/05\/The-very-lonely-firefly.pdf\">The very lonely firefly<\/a> Tasks by Cristina Rodr\u00edguez G\u00f3mez and Alba Reina based on this picture book by Eric Carle.<\/h4>\n<p>&nbsp;<\/p>\n<p>&nbsp;<\/p>\n<h4><img loading=\"lazy\" decoding=\"async\" class=\" wp-image-861 alignleft\" src=\"https:\/\/webs.uab.cat\/equipice-a-project\/wp-content\/uploads\/sites\/294\/2020\/04\/They-all-saw-a-cat.jpg\" alt=\"\" width=\"225\" height=\"185\" \/><\/h4>\n<h4><\/h4>\n<h4><a href=\"https:\/\/webs.uab.cat\/equipice-a-project\/wp-content\/uploads\/sites\/294\/2020\/04\/They-all-saw-a-cat.pdf\">They all saw a cat<\/a>. A few reading, writing (and drawing!) tasks by \u00cdngrid Picola based on this picture book by Brendan Wenzel<\/h4>\n<p>&nbsp;<\/p>\n","protected":false},"excerpt":{"rendered":"<p>Tasks to promote reading Does a kangaroo have a mother, too? Tasks by Cristina Rodr\u00edguez G\u00f3mez and Alba Reina based on this picture book by Eric Carle. &nbsp; &nbsp; Mister Seahorse. Tasks by Cristina Rodr\u00edguez G\u00f3mez and Alba Reina based on this picture book by Eric Carle. &nbsp; &nbsp; &nbsp; &nbsp; &nbsp; &nbsp; Rooster&#8217;s off [&hellip;]<\/p>\n","protected":false},"author":1792,"featured_media":0,"parent":670,"menu_order":2,"comment_status":"closed","ping_status":"closed","template":"","meta":{"footnotes":""},"class_list":["post-761","page","type-page","status-publish","hentry"],"_links":{"self":[{"href":"https:\/\/webs.uab.cat\/equipice-a-project\/wp-json\/wp\/v2\/pages\/761","targetHints":{"allow":["GET"]}}],"collection":[{"href":"https:\/\/webs.uab.cat\/equipice-a-project\/wp-json\/wp\/v2\/pages"}],"about":[{"href":"https:\/\/webs.uab.cat\/equipice-a-project\/wp-json\/wp\/v2\/types\/page"}],"author":[{"embeddable":true,"href":"https:\/\/webs.uab.cat\/equipice-a-project\/wp-json\/wp\/v2\/users\/1792"}],"replies":[{"embeddable":true,"href":"https:\/\/webs.uab.cat\/equipice-a-project\/wp-json\/wp\/v2\/comments?post=761"}],"version-history":[{"count":0,"href":"https:\/\/webs.uab.cat\/equipice-a-project\/wp-json\/wp\/v2\/pages\/761\/revisions"}],"up":[{"embeddable":true,"href":"https:\/\/webs.uab.cat\/equipice-a-project\/wp-json\/wp\/v2\/pages\/670"}],"wp:attachment":[{"href":"https:\/\/webs.uab.cat\/equipice-a-project\/wp-json\/wp\/v2\/media?parent=761"}],"curies":[{"name":"wp","href":"https:\/\/api.w.org\/{rel}","templated":true}]}}