{"id":84,"date":"2020-03-06T21:49:20","date_gmt":"2020-03-06T19:49:20","guid":{"rendered":"http:\/\/blogs.uab.cat\/equipice-a-project\/?page_id=84"},"modified":"2022-11-29T12:50:12","modified_gmt":"2022-11-29T10:50:12","slug":"2019-2020","status":"publish","type":"page","link":"https:\/\/webs.uab.cat\/equipice-a-project\/team-members\/2019-2020\/","title":{"rendered":"2019-2020"},"content":{"rendered":"<div class=\"wp-block-image\">\n<figure class=\"aligncenter\"><img loading=\"lazy\" decoding=\"async\" width=\"300\" height=\"225\" src=\"http:\/\/blogs.uab.cat\/equipice-a-project\/files\/2020\/03\/Team-at-APAC-300x225.jpg\" alt=\"\" class=\"wp-image-347\" srcset=\"https:\/\/webs.uab.cat\/equipice-a-project\/wp-content\/uploads\/sites\/294\/2020\/03\/Team-at-APAC-300x225.jpg 300w, https:\/\/webs.uab.cat\/equipice-a-project\/wp-content\/uploads\/sites\/294\/2020\/03\/Team-at-APAC-1024x768.jpg 1024w, https:\/\/webs.uab.cat\/equipice-a-project\/wp-content\/uploads\/sites\/294\/2020\/03\/Team-at-APAC-768x576.jpg 768w, https:\/\/webs.uab.cat\/equipice-a-project\/wp-content\/uploads\/sites\/294\/2020\/03\/Team-at-APAC-1536x1152.jpg 1536w, https:\/\/webs.uab.cat\/equipice-a-project\/wp-content\/uploads\/sites\/294\/2020\/03\/Team-at-APAC-1200x900.jpg 1200w, https:\/\/webs.uab.cat\/equipice-a-project\/wp-content\/uploads\/sites\/294\/2020\/03\/Team-at-APAC.jpg 1600w\" sizes=\"auto, (max-width: 300px) 100vw, 300px\" \/><\/figure>\n<\/div>\n\n\n<p>During academic year 2019-2020 A<sup>+<\/sup> Project team was composed of 11 members (from left to right, top to bottom): Elisabet Guitart, Cristina Rodr\u00edguez,&nbsp; Yolanda \u00c1lvarez, Carol Barriuso (co-leader), David L\u00f3pez, Ingrid Picola, Maribel Gom\u00e1riz, Berta Sol\u00e9, Dolors Masats (co-leader), Esther Serrami\u00e0 and Romina Arg\u00fcello.<\/p>\n","protected":false},"excerpt":{"rendered":"<p>During academic year 2019-2020 A+ Project team was composed of 11 members (from left to right, top to bottom): Elisabet Guitart, Cristina Rodr\u00edguez,&nbsp; Yolanda \u00c1lvarez, Carol Barriuso (co-leader), David L\u00f3pez, Ingrid Picola, Maribel Gom\u00e1riz, Berta Sol\u00e9, Dolors Masats (co-leader), Esther Serrami\u00e0 and Romina Arg\u00fcello.<\/p>\n","protected":false},"author":1792,"featured_media":0,"parent":12,"menu_order":3,"comment_status":"closed","ping_status":"closed","template":"template-fullwidth.php","meta":{"footnotes":""},"class_list":["post-84","page","type-page","status-publish","hentry"],"_links":{"self":[{"href":"https:\/\/webs.uab.cat\/equipice-a-project\/wp-json\/wp\/v2\/pages\/84","targetHints":{"allow":["GET"]}}],"collection":[{"href":"https:\/\/webs.uab.cat\/equipice-a-project\/wp-json\/wp\/v2\/pages"}],"about":[{"href":"https:\/\/webs.uab.cat\/equipice-a-project\/wp-json\/wp\/v2\/types\/page"}],"author":[{"embeddable":true,"href":"https:\/\/webs.uab.cat\/equipice-a-project\/wp-json\/wp\/v2\/users\/1792"}],"replies":[{"embeddable":true,"href":"https:\/\/webs.uab.cat\/equipice-a-project\/wp-json\/wp\/v2\/comments?post=84"}],"version-history":[{"count":1,"href":"https:\/\/webs.uab.cat\/equipice-a-project\/wp-json\/wp\/v2\/pages\/84\/revisions"}],"predecessor-version":[{"id":1463,"href":"https:\/\/webs.uab.cat\/equipice-a-project\/wp-json\/wp\/v2\/pages\/84\/revisions\/1463"}],"up":[{"embeddable":true,"href":"https:\/\/webs.uab.cat\/equipice-a-project\/wp-json\/wp\/v2\/pages\/12"}],"wp:attachment":[{"href":"https:\/\/webs.uab.cat\/equipice-a-project\/wp-json\/wp\/v2\/media?parent=84"}],"curies":[{"name":"wp","href":"https:\/\/api.w.org\/{rel}","templated":true}]}}