{"id":134,"date":"2020-12-10T22:03:45","date_gmt":"2020-12-10T20:03:45","guid":{"rendered":"https:\/\/blogs.uab.cat\/equipice-coeducacio\/?page_id=134"},"modified":"2020-12-10T22:03:45","modified_gmt":"2020-12-10T20:03:45","slug":"arts","status":"publish","type":"page","link":"https:\/\/webs.uab.cat\/equipice-coeducacio\/arts\/","title":{"rendered":"ART&#8217;s"},"content":{"rendered":"<p><img loading=\"lazy\" decoding=\"async\" class=\" wp-image-167 aligncenter\" src=\"https:\/\/webs.uab.cat\/equipice-coeducacio\/wp-content\/uploads\/sites\/292\/2020\/12\/20201120_154047-300x225.jpg\" alt=\"\" width=\"462\" height=\"350\" \/><\/p>\n<ul>\n<li>Des del Pla d&#8217;Igualtat del CEIP Carmen de Burgos, s&#8217;han desenvolupat una s\u00e8rie de propostes, encaminades a contribuir en l&#8217;impuls de la Igualtat de G\u00e8nere en els centres educatius. <a href=\"https:\/\/colaboraeducacion30.juntadeandalucia.es\/educacion\/colabora\/web\/aulas-violetas-andalucia\/materiales\">https:\/\/colaboraeducacion30.juntadeandalucia.es\/educacion\/colabora\/web\/aulas-violetas-andalucia\/materiales<\/a><\/li>\n<li>Web Educant en Igualtat:\u00a0<a href=\"https:\/\/www.educandoenigualdad.com\/tag\/arte\/\">https:\/\/www.educandoenigualdad.com\/tag\/arte\/<\/a><\/li>\n<li>\n<p class=\"nova-e-text nova-e-text--size-xl nova-e-text--family-sans-serif nova-e-text--spacing-none nova-e-text--color-grey-900 research-detail-header-section__title\">Article: La importancia de coeducar a trav\u00e9s del arte. La educaci\u00f3n art\u00edstica en igualdad de g\u00e9nero es a\u00fan un asunto pendiente:\u00a0 <a href=\"https:\/\/www.researchgate.net\/publication\/328744106_La_importancia_de_coeducar_a_traves_del_arte_La_educacion_artistica_en_igualdad_de_genero_es_aun_un_asunto_pendiente\">https:\/\/www.researchgate.net\/publication\/328744106_La_importancia_de_coeducar_a_traves_del_arte_La_educacion_artistica_en_igualdad_de_genero_es_aun_un_asunto_pendiente<\/a><\/p>\n<\/li>\n<li>\u00a0Treball de Final de Grau de Fern\u00e1ndez Borrego, Elizabeth, El arte de la coeducaci\u00f3n: cuentos y materiales para coeducar desde el arte. <a href=\"http:\/\/uvadoc.uva.es\/bitstream\/handle\/10324\/38032\/TFG-L2470.pdf?sequence=1&amp;isAllowed=y\">http:\/\/uvadoc.uva.es\/bitstream\/handle\/10324\/38032\/TFG-L2470.pdf?sequence=1&amp;isAllowed=y<\/a><\/li>\n<li>\n<p class=\"page-header first-page-header\">Coeducaci\u00f3n a trav\u00e9s del arte en Educaci\u00f3n Infantil, <a href=\"https:\/\/redined.mecd.gob.es\/xmlui\/browse?authority=1e5fef1e-fc87-4b04-a60f-6053131334f1&amp;type=author\">Madrigal Clavero, Aroa:\u00a0 <\/a><a href=\"https:\/\/redined.mecd.gob.es\/xmlui\/bitstream\/handle\/11162\/164989\/MADRIGAL_Aroa_TFG.pdf?sequence=1&amp;isAllowed=y\">https:\/\/redined.mecd.gob.es\/xmlui\/bitstream\/handle\/11162\/164989\/MADRIGAL_Aroa_TFG.pdf?sequence=1&amp;isAllowed=y<\/a><\/p>\n<\/li>\n<\/ul>\n","protected":false},"excerpt":{"rendered":"<p>Des del Pla d&#8217;Igualtat del CEIP Carmen de Burgos, s&#8217;han desenvolupat una s\u00e8rie de propostes, encaminades a contribuir en l&#8217;impuls de la Igualtat de G\u00e8nere en els centres educatius. https:\/\/colaboraeducacion30.juntadeandalucia.es\/educacion\/colabora\/web\/aulas-violetas-andalucia\/materiales Web Educant en Igualtat:\u00a0https:\/\/www.educandoenigualdad.com\/tag\/arte\/ Article: La importancia de coeducar a trav\u00e9s del arte. La educaci\u00f3n art\u00edstica en igualdad de g\u00e9nero es a\u00fan un asunto pendiente:\u00a0 [&hellip;]<\/p>\n","protected":false},"author":1313,"featured_media":0,"parent":0,"menu_order":0,"comment_status":"closed","ping_status":"closed","template":"","meta":{"footnotes":""},"class_list":["post-134","page","type-page","status-publish","hentry"],"_links":{"self":[{"href":"https:\/\/webs.uab.cat\/equipice-coeducacio\/wp-json\/wp\/v2\/pages\/134","targetHints":{"allow":["GET"]}}],"collection":[{"href":"https:\/\/webs.uab.cat\/equipice-coeducacio\/wp-json\/wp\/v2\/pages"}],"about":[{"href":"https:\/\/webs.uab.cat\/equipice-coeducacio\/wp-json\/wp\/v2\/types\/page"}],"author":[{"embeddable":true,"href":"https:\/\/webs.uab.cat\/equipice-coeducacio\/wp-json\/wp\/v2\/users\/1313"}],"replies":[{"embeddable":true,"href":"https:\/\/webs.uab.cat\/equipice-coeducacio\/wp-json\/wp\/v2\/comments?post=134"}],"version-history":[{"count":0,"href":"https:\/\/webs.uab.cat\/equipice-coeducacio\/wp-json\/wp\/v2\/pages\/134\/revisions"}],"wp:attachment":[{"href":"https:\/\/webs.uab.cat\/equipice-coeducacio\/wp-json\/wp\/v2\/media?parent=134"}],"curies":[{"name":"wp","href":"https:\/\/api.w.org\/{rel}","templated":true}]}}