{"id":49,"date":"2020-11-26T19:35:23","date_gmt":"2020-11-26T17:35:23","guid":{"rendered":"https:\/\/blogs.uab.cat\/equipice-coeducacio\/?page_id=49"},"modified":"2020-11-26T19:35:23","modified_gmt":"2020-11-26T17:35:23","slug":"practiques-restauratives","status":"publish","type":"page","link":"https:\/\/webs.uab.cat\/equipice-coeducacio\/practiques-restauratives\/","title":{"rendered":"PR\u00c0CTIQUES RESTAURATIVES"},"content":{"rendered":"<p><img loading=\"lazy\" decoding=\"async\" class=\"wp-image-261 aligncenter\" src=\"https:\/\/webs.uab.cat\/equipice-coeducacio\/wp-content\/uploads\/sites\/292\/2021\/04\/c-97-284x300.jpg\" alt=\"\" width=\"350\" height=\"370\" srcset=\"https:\/\/webs.uab.cat\/equipice-coeducacio\/wp-content\/uploads\/sites\/292\/2021\/04\/c-97-284x300.jpg 284w, https:\/\/webs.uab.cat\/equipice-coeducacio\/wp-content\/uploads\/sites\/292\/2021\/04\/c-97.jpg 728w\" sizes=\"auto, (max-width: 350px) 100vw, 350px\" \/><\/p>\n<p><b>El Departament porta a terme un conjunt d\u2019actuacions i de recursos basats en els pilars de l\u2019escola inclusiva, en la coeducaci\u00f3, en la igualtat de drets, en l\u2019equitat, en els valors i en el respecte a la difer\u00e8ncia, com a eix fonamental en la prevenci\u00f3 de la viol\u00e8ncia masclista.<\/b><\/p>\n<p><a href=\"http:\/\/xtec.gencat.cat\/web\/.content\/alfresco\/d\/d\/workspace\/SpacesStore\/0066\/9786e334-46f6-44dd-841c-1d43221c0155\/Coeducacio.pdf\"><b>Projecte de Conviv\u00e8ncia (PdC). Coeducaci\u00f3<\/b><\/a><b>. En el marc del Projecte de conviv\u00e8ncia, dins de l\u2019apartat de Coeducaci\u00f3, el Departament d\u2019Ensenyament ofereix aquesta aplicaci\u00f3 on els centres poden realitzar la diagnosi del seu centre en mat\u00e8ria de coeducaci\u00f3, con\u00e8ixer les propostes d\u2019actuaci\u00f3 i accedir als recursos necessaris per dur-la a terme.\u00a0\u00a0<\/b><\/p>\n<p><a href=\"http:\/\/xtec.gencat.cat\/ca\/centres\/projeducatiu\/convivencia\/recursos\/resconflictes\/odi_discriminacio\/\"><b>Protocols per a la millora de la conviv\u00e8ncia<\/b><\/a><b>. En aquest espai de la XTEC es pot accedir als diversos protocols d\u2019\u00e0mbit convivencial elaborats pel Departament d\u2019Ensenyament per combatre situacions de conflicte.<\/b><\/p>\n<p><a href=\"http:\/\/xtec.gencat.cat\/ca\/curriculum\/coeducacio\/recursos\/gestioconflicte\/\"><b>Coeducaci\u00f3. Recursos en gesti\u00f3 de conflictes i prevenci\u00f3 de viol\u00e8ncia de g\u00e8nere<\/b><\/a><b>. Aquest espai de la XTEC ofereix recursos pedag\u00f2gics sobre coeducaci\u00f3 per promoure l\u2019eliminaci\u00f3 de tota mena de discriminaci\u00f3 per ra\u00f3 de sexe i prevenir la viol\u00e8ncia masclista.<\/b><\/p>\n<p><a href=\"http:\/\/dones.gencat.cat\/ca\/ambits\/violencia_masclista\/prevencio_sensibilitzacio\/estimar_no_fa_mal\/\"><b>Programa Estimar no fa mal: materials de sensibilitzaci\u00f3 adre\u00e7ats a personal docent<\/b><\/a><b>. L\u2019Institut Catal\u00e0 de les Dones ha elaborat aquest material per ajudar a desenvolupar actuacions preventives de car\u00e0cter pedag\u00f2gic i\/o formatiu encaminades a evitar o reduir la incid\u00e8ncia de la viol\u00e8ncia masclista.<\/b><\/p>\n<p><a href=\"http:\/\/dones.gencat.cat\/web\/.content\/03_ambits\/docs\/vm_pam_a_pam_coeduquem.pdf\"><b>Pam a pam<\/b><\/a><b>, Material did\u00e0ctic. Quadern pedag\u00f2gic per al professorat del CFGS Educaci\u00f3 infantil.<\/b><\/p>\n<p><a href=\"http:\/\/ateneu.xtec.cat\/wikiform\/wikiexport\/cursos\/escola_inclusiva\/deic\/modul_6\/index\"><b>Materials dels cursos. Educaci\u00f3 Intercultural: Fonaments te\u00f2rics i aplicaci\u00f3 en els centres educatius. M\u00f2dul 6. G\u00e8nere i diversitat en l\u2019\u00e0mbit educatiu. Mutilaci\u00f3 genital femenina i matrimonis for\u00e7ats. Ateneu<\/b><\/a><b>.<\/b><\/p>\n","protected":false},"excerpt":{"rendered":"<p>El Departament porta a terme un conjunt d\u2019actuacions i de recursos basats en els pilars de l\u2019escola inclusiva, en la coeducaci\u00f3, en la igualtat de drets, en l\u2019equitat, en els valors i en el respecte a la difer\u00e8ncia, com a eix fonamental en la prevenci\u00f3 de la viol\u00e8ncia masclista. Projecte de Conviv\u00e8ncia (PdC). Coeducaci\u00f3. En [&hellip;]<\/p>\n","protected":false},"author":1313,"featured_media":0,"parent":0,"menu_order":0,"comment_status":"closed","ping_status":"closed","template":"","meta":{"footnotes":""},"class_list":["post-49","page","type-page","status-publish","hentry"],"_links":{"self":[{"href":"https:\/\/webs.uab.cat\/equipice-coeducacio\/wp-json\/wp\/v2\/pages\/49","targetHints":{"allow":["GET"]}}],"collection":[{"href":"https:\/\/webs.uab.cat\/equipice-coeducacio\/wp-json\/wp\/v2\/pages"}],"about":[{"href":"https:\/\/webs.uab.cat\/equipice-coeducacio\/wp-json\/wp\/v2\/types\/page"}],"author":[{"embeddable":true,"href":"https:\/\/webs.uab.cat\/equipice-coeducacio\/wp-json\/wp\/v2\/users\/1313"}],"replies":[{"embeddable":true,"href":"https:\/\/webs.uab.cat\/equipice-coeducacio\/wp-json\/wp\/v2\/comments?post=49"}],"version-history":[{"count":0,"href":"https:\/\/webs.uab.cat\/equipice-coeducacio\/wp-json\/wp\/v2\/pages\/49\/revisions"}],"wp:attachment":[{"href":"https:\/\/webs.uab.cat\/equipice-coeducacio\/wp-json\/wp\/v2\/media?parent=49"}],"curies":[{"name":"wp","href":"https:\/\/api.w.org\/{rel}","templated":true}]}}