{"id":159,"date":"2020-11-16T18:03:53","date_gmt":"2020-11-16T16:03:53","guid":{"rendered":"https:\/\/blogs.uab.cat\/equipice-infantil-0-6\/?page_id=159"},"modified":"2020-11-16T18:03:53","modified_gmt":"2020-11-16T16:03:53","slug":"webs-blogs","status":"publish","type":"page","link":"https:\/\/webs.uab.cat\/equipice-infantil-0-6\/webs-blogs\/","title":{"rendered":"Webs \/ blogs"},"content":{"rendered":"<p>Aqu\u00ed trobar\u00e0s enlla\u00e7os a webs o blogs que et poden interessar<\/p>\n<p><a href=\"https:\/\/blogs.uab.cat\/ice-equipdocent\/\" target=\"_blank\" rel=\"noopener noreferrer\"><img loading=\"lazy\" decoding=\"async\" class=\"wp-image-164 size-large aligncenter\" src=\"https:\/\/webs.uab.cat\/equipice-infantil-0-6\/wp-content\/uploads\/sites\/291\/2020\/11\/Imagen1-1024x360.jpg\" alt=\"\" width=\"700\" height=\"246\" srcset=\"https:\/\/webs.uab.cat\/equipice-infantil-0-6\/wp-content\/uploads\/sites\/291\/2020\/11\/Imagen1-1024x360.jpg 1024w, https:\/\/webs.uab.cat\/equipice-infantil-0-6\/wp-content\/uploads\/sites\/291\/2020\/11\/Imagen1-300x106.jpg 300w, https:\/\/webs.uab.cat\/equipice-infantil-0-6\/wp-content\/uploads\/sites\/291\/2020\/11\/Imagen1-768x270.jpg 768w, https:\/\/webs.uab.cat\/equipice-infantil-0-6\/wp-content\/uploads\/sites\/291\/2020\/11\/Imagen1.jpg 1077w\" sizes=\"auto, (max-width: 700px) 100vw, 700px\" \/><\/a><\/p>\n<p><a href=\"https:\/\/icellegiriescriure.wixsite.com\/aprendre\" target=\"_blank\" rel=\"noopener noreferrer\"><img loading=\"lazy\" decoding=\"async\" class=\"wp-image-216 aligncenter\" src=\"https:\/\/webs.uab.cat\/equipice-infantil-0-6\/wp-content\/uploads\/sites\/291\/2020\/11\/llegir-i-escriure.png\" alt=\"\" width=\"699\" height=\"227\" srcset=\"https:\/\/webs.uab.cat\/equipice-infantil-0-6\/wp-content\/uploads\/sites\/291\/2020\/11\/llegir-i-escriure.png 1381w, https:\/\/webs.uab.cat\/equipice-infantil-0-6\/wp-content\/uploads\/sites\/291\/2020\/11\/llegir-i-escriure-300x98.png 300w, https:\/\/webs.uab.cat\/equipice-infantil-0-6\/wp-content\/uploads\/sites\/291\/2020\/11\/llegir-i-escriure-1024x333.png 1024w, https:\/\/webs.uab.cat\/equipice-infantil-0-6\/wp-content\/uploads\/sites\/291\/2020\/11\/llegir-i-escriure-768x250.png 768w, https:\/\/webs.uab.cat\/equipice-infantil-0-6\/wp-content\/uploads\/sites\/291\/2020\/11\/llegir-i-escriure-1200x390.png 1200w\" sizes=\"auto, (max-width: 699px) 100vw, 699px\" \/><\/a><\/p>\n<p>&nbsp;<\/p>\n<p>&nbsp;<\/p>\n","protected":false},"excerpt":{"rendered":"<p>Aqu\u00ed trobar\u00e0s enlla\u00e7os a webs o blogs que et poden interessar &nbsp; &nbsp;<\/p>\n","protected":false},"author":1313,"featured_media":0,"parent":0,"menu_order":0,"comment_status":"closed","ping_status":"closed","template":"","meta":{"footnotes":""},"class_list":["post-159","page","type-page","status-publish","hentry"],"_links":{"self":[{"href":"https:\/\/webs.uab.cat\/equipice-infantil-0-6\/wp-json\/wp\/v2\/pages\/159","targetHints":{"allow":["GET"]}}],"collection":[{"href":"https:\/\/webs.uab.cat\/equipice-infantil-0-6\/wp-json\/wp\/v2\/pages"}],"about":[{"href":"https:\/\/webs.uab.cat\/equipice-infantil-0-6\/wp-json\/wp\/v2\/types\/page"}],"author":[{"embeddable":true,"href":"https:\/\/webs.uab.cat\/equipice-infantil-0-6\/wp-json\/wp\/v2\/users\/1313"}],"replies":[{"embeddable":true,"href":"https:\/\/webs.uab.cat\/equipice-infantil-0-6\/wp-json\/wp\/v2\/comments?post=159"}],"version-history":[{"count":0,"href":"https:\/\/webs.uab.cat\/equipice-infantil-0-6\/wp-json\/wp\/v2\/pages\/159\/revisions"}],"wp:attachment":[{"href":"https:\/\/webs.uab.cat\/equipice-infantil-0-6\/wp-json\/wp\/v2\/media?parent=159"}],"curies":[{"name":"wp","href":"https:\/\/api.w.org\/{rel}","templated":true}]}}