{"id":281,"date":"2019-10-16T09:35:07","date_gmt":"2019-10-16T07:35:07","guid":{"rendered":"http:\/\/blogs.uab.cat\/equipice-llenguailitesecundaria\/?page_id=2"},"modified":"2019-10-16T09:35:07","modified_gmt":"2019-10-16T07:35:07","slug":"qui-som","status":"publish","type":"page","link":"https:\/\/webs.uab.cat\/equipice-llenguailitesecundaria\/qui-som\/","title":{"rendered":"Qui som?"},"content":{"rendered":"<p>Som un grup de professores de Llengua i literatura catalana i castellana de diferents instituts de Secund\u00e0ria. Ens trobem peri\u00f2dicament al llarg del curs per intercanviar experi\u00e8ncies i reflexionar sobre la nostra pr\u00e0ctica.<\/p>\n<p>Intentem fer un pont entre:<\/p>\n<ul>\n<li>els coneixements te\u00f2rics de la disciplina<\/li>\n<li>el que diuen els experts i la bibliografia sobre la did\u00e0ctica de la mat\u00e8ria<\/li>\n<li>la recerca<\/li>\n<li>la pr\u00e0ctica quotidiana a les nostres aules.<\/li>\n<\/ul>\n<p>En aquest blog publicarem cada mes una reflexi\u00f3 sobre algun aspecte concret de l&#8217;aula. Esperem que us resulti interessant i \u00fatil!!<\/p>\n","protected":false},"excerpt":{"rendered":"<p>Som un grup de professores de Llengua i literatura catalana i castellana de diferents instituts de Secund\u00e0ria. Ens trobem peri\u00f2dicament al llarg del curs per intercanviar experi\u00e8ncies i reflexionar sobre la nostra pr\u00e0ctica. Intentem fer un pont entre: els coneixements te\u00f2rics de la disciplina el que diuen els experts i la bibliografia sobre la did\u00e0ctica [&hellip;]<\/p>\n","protected":false},"author":1792,"featured_media":27,"parent":0,"menu_order":0,"comment_status":"closed","ping_status":"open","template":"","meta":{"footnotes":""},"class_list":["post-281","page","type-page","status-publish","has-post-thumbnail","hentry"],"_links":{"self":[{"href":"https:\/\/webs.uab.cat\/equipice-llenguailitesecundaria\/wp-json\/wp\/v2\/pages\/281","targetHints":{"allow":["GET"]}}],"collection":[{"href":"https:\/\/webs.uab.cat\/equipice-llenguailitesecundaria\/wp-json\/wp\/v2\/pages"}],"about":[{"href":"https:\/\/webs.uab.cat\/equipice-llenguailitesecundaria\/wp-json\/wp\/v2\/types\/page"}],"author":[{"embeddable":true,"href":"https:\/\/webs.uab.cat\/equipice-llenguailitesecundaria\/wp-json\/wp\/v2\/users\/1792"}],"replies":[{"embeddable":true,"href":"https:\/\/webs.uab.cat\/equipice-llenguailitesecundaria\/wp-json\/wp\/v2\/comments?post=281"}],"version-history":[{"count":0,"href":"https:\/\/webs.uab.cat\/equipice-llenguailitesecundaria\/wp-json\/wp\/v2\/pages\/281\/revisions"}],"wp:featuredmedia":[{"embeddable":true,"href":"https:\/\/webs.uab.cat\/equipice-llenguailitesecundaria\/wp-json\/wp\/v2\/media\/27"}],"wp:attachment":[{"href":"https:\/\/webs.uab.cat\/equipice-llenguailitesecundaria\/wp-json\/wp\/v2\/media?parent=281"}],"curies":[{"name":"wp","href":"https:\/\/api.w.org\/{rel}","templated":true}]}}