{"id":1392,"date":"2023-07-09T18:10:37","date_gmt":"2023-07-09T16:10:37","guid":{"rendered":"https:\/\/webs.uab.cat\/erdisc\/?page_id=1392"},"modified":"2023-10-30T12:57:32","modified_gmt":"2023-10-30T10:57:32","slug":"projectes-finalitzats","status":"publish","type":"page","link":"https:\/\/webs.uab.cat\/erdisc\/projectes\/projectes-finalitzats\/","title":{"rendered":"Projectes finalitzats"},"content":{"rendered":"\n<h2 class=\"wp-block-heading alignwide\">Diversitat cultural i intercultural<\/h2>\n\n\n\n<div class=\"wp-block-columns alignwide is-layout-flex wp-container-core-columns-is-layout-9d6595d7 wp-block-columns-is-layout-flex\">\n<div class=\"wp-block-column is-layout-flow wp-block-column-is-layout-flow\">\n<figure class=\"wp-block-image size-full\"><img loading=\"lazy\" decoding=\"async\" width=\"643\" height=\"227\" src=\"https:\/\/webs.uab.cat\/erdisc\/wp-content\/uploads\/sites\/359\/2023\/07\/EEPN.jpg\" alt=\"\" class=\"wp-image-1713\" srcset=\"https:\/\/webs.uab.cat\/erdisc\/wp-content\/uploads\/sites\/359\/2023\/07\/EEPN.jpg 643w, https:\/\/webs.uab.cat\/erdisc\/wp-content\/uploads\/sites\/359\/2023\/07\/EEPN-300x106.jpg 300w\" sizes=\"auto, (max-width: 643px) 100vw, 643px\" \/><\/figure>\n\n\n\n<figure class=\"wp-block-image size-full\"><a href=\"https:\/\/webs.uab.cat\/exitoeducativo\/\" target=\"_blank\" rel=\"noreferrer noopener\"><img loading=\"lazy\" decoding=\"async\" width=\"643\" height=\"227\" src=\"https:\/\/webs.uab.cat\/erdisc\/wp-content\/uploads\/sites\/359\/2023\/07\/LaCaixa.jpg\" alt=\"\" class=\"wp-image-1751\" srcset=\"https:\/\/webs.uab.cat\/erdisc\/wp-content\/uploads\/sites\/359\/2023\/07\/LaCaixa.jpg 643w, https:\/\/webs.uab.cat\/erdisc\/wp-content\/uploads\/sites\/359\/2023\/07\/LaCaixa-300x106.jpg 300w\" sizes=\"auto, (max-width: 643px) 100vw, 643px\" \/><\/a><\/figure>\n<\/div>\n\n\n\n<div class=\"wp-block-column is-layout-flow wp-block-column-is-layout-flow\">\n<figure class=\"wp-block-image size-full\"><img loading=\"lazy\" decoding=\"async\" width=\"643\" height=\"227\" src=\"https:\/\/webs.uab.cat\/erdisc\/wp-content\/uploads\/sites\/359\/2023\/07\/Relig.jpg\" alt=\"\" class=\"wp-image-1663\" srcset=\"https:\/\/webs.uab.cat\/erdisc\/wp-content\/uploads\/sites\/359\/2023\/07\/Relig.jpg 643w, https:\/\/webs.uab.cat\/erdisc\/wp-content\/uploads\/sites\/359\/2023\/07\/Relig-300x106.jpg 300w\" sizes=\"auto, (max-width: 643px) 100vw, 643px\" \/><\/figure>\n\n\n\n<figure class=\"wp-block-image size-full\"><a href=\"https:\/\/www.sirius-migrationeducation.org\/alfirk\/\" target=\"_blank\" rel=\"noreferrer noopener\"><img loading=\"lazy\" decoding=\"async\" width=\"643\" height=\"227\" src=\"https:\/\/webs.uab.cat\/erdisc\/wp-content\/uploads\/sites\/359\/2023\/07\/Alfirk.jpg\" alt=\"\" class=\"wp-image-1755\" srcset=\"https:\/\/webs.uab.cat\/erdisc\/wp-content\/uploads\/sites\/359\/2023\/07\/Alfirk.jpg 643w, https:\/\/webs.uab.cat\/erdisc\/wp-content\/uploads\/sites\/359\/2023\/07\/Alfirk-300x106.jpg 300w\" sizes=\"auto, (max-width: 643px) 100vw, 643px\" \/><\/a><\/figure>\n<\/div>\n<\/div>\n\n\n\n<h2 class=\"wp-block-heading alignwide\"><strong>Educaci\u00f3 inclusiva i comunit\u00e0ria<\/strong><\/h2>\n\n\n\n<div class=\"wp-block-columns alignwide is-layout-flex wp-container-core-columns-is-layout-9d6595d7 wp-block-columns-is-layout-flex\">\n<div class=\"wp-block-column is-layout-flow wp-block-column-is-layout-flow\">\n<figure class=\"wp-block-image size-full\"><img loading=\"lazy\" decoding=\"async\" width=\"643\" height=\"227\" src=\"https:\/\/webs.uab.cat\/erdisc\/wp-content\/uploads\/sites\/359\/2023\/07\/ConselldeCent.jpg\" alt=\"\" class=\"wp-image-1758\" srcset=\"https:\/\/webs.uab.cat\/erdisc\/wp-content\/uploads\/sites\/359\/2023\/07\/ConselldeCent.jpg 643w, https:\/\/webs.uab.cat\/erdisc\/wp-content\/uploads\/sites\/359\/2023\/07\/ConselldeCent-300x106.jpg 300w\" sizes=\"auto, (max-width: 643px) 100vw, 643px\" \/><\/figure>\n\n\n\n<figure class=\"wp-block-image size-full\"><a href=\"https:\/\/projectes.xtec.cat\/educacioinclusiva\/categoria\/projectes\/tapsei\/\" target=\"_blank\" rel=\"noreferrer noopener\"><img loading=\"lazy\" decoding=\"async\" width=\"643\" height=\"227\" src=\"https:\/\/webs.uab.cat\/erdisc\/wp-content\/uploads\/sites\/359\/2023\/07\/Tapsei.jpg\" alt=\"La Taula de Participaci\u00f3 per un Sistema Educatiu Inclusiu (TAPSEI) pret\u00e9n esdevenir un espai de trobada de la comunitat educativa per dialogar i compartir reflexions sobre com arrelar la cultura de la diversitat al cor del sistema educatiu. \" class=\"wp-image-1745\" srcset=\"https:\/\/webs.uab.cat\/erdisc\/wp-content\/uploads\/sites\/359\/2023\/07\/Tapsei.jpg 643w, https:\/\/webs.uab.cat\/erdisc\/wp-content\/uploads\/sites\/359\/2023\/07\/Tapsei-300x106.jpg 300w\" sizes=\"auto, (max-width: 643px) 100vw, 643px\" \/><\/a><\/figure>\n<\/div>\n\n\n\n<div class=\"wp-block-column is-layout-flow wp-block-column-is-layout-flow\">\n<figure class=\"wp-block-image size-full\"><a href=\"https:\/\/www.educacio360.cat\/experiencia\/\" target=\"_blank\" rel=\"noreferrer noopener\"><img loading=\"lazy\" decoding=\"async\" width=\"643\" height=\"227\" src=\"https:\/\/webs.uab.cat\/erdisc\/wp-content\/uploads\/sites\/359\/2023\/07\/Bofill.jpg\" alt=\"\" class=\"wp-image-1761\" srcset=\"https:\/\/webs.uab.cat\/erdisc\/wp-content\/uploads\/sites\/359\/2023\/07\/Bofill.jpg 643w, https:\/\/webs.uab.cat\/erdisc\/wp-content\/uploads\/sites\/359\/2023\/07\/Bofill-300x106.jpg 300w\" sizes=\"auto, (max-width: 643px) 100vw, 643px\" \/><\/a><\/figure>\n\n\n\n<figure class=\"wp-block-image size-full\"><a href=\"https:\/\/projectes.xtec.cat\/convivenciapositiva\/categoria\/convivencia\/\" target=\"_blank\" rel=\"noreferrer noopener\"><img loading=\"lazy\" decoding=\"async\" width=\"643\" height=\"227\" src=\"https:\/\/webs.uab.cat\/erdisc\/wp-content\/uploads\/sites\/359\/2023\/07\/Wungu-2.jpg\" alt=\"Projecte de recerca-acci\u00f3 que s'orienta a: 1) Comprendre com operen les desigualtats de g\u00e8nere sobre els processos d\u2019adhesi\u00f3 educativa en un context escolar amb fam\u00edlies d\u2019origen divers i contribuir, aix\u00ed, a cobrir un buit de coneixement; 2) Generar recursos pedag\u00f2gics in\u00e8dits que promoguin processos de reflexi\u00f3 i de millora de la pr\u00e0ctica educativa en l\u2019\u00e0mbit de la coeducaci\u00f3 des d\u2019una perspectiva intercultural, per fer front a les desigualtats existents i promoure l\u2019\u00e8xit educatiu de tot l\u2019alumnat. \" class=\"wp-image-1704\" srcset=\"https:\/\/webs.uab.cat\/erdisc\/wp-content\/uploads\/sites\/359\/2023\/07\/Wungu-2.jpg 643w, https:\/\/webs.uab.cat\/erdisc\/wp-content\/uploads\/sites\/359\/2023\/07\/Wungu-2-300x106.jpg 300w\" sizes=\"auto, (max-width: 643px) 100vw, 643px\" \/><\/a><\/figure>\n<\/div>\n<\/div>\n\n\n\n<h2 class=\"wp-block-heading alignwide\"><strong>Participaci\u00f3 i empoderament<\/strong><\/h2>\n\n\n\n<div class=\"wp-block-columns alignwide is-layout-flex wp-container-core-columns-is-layout-9d6595d7 wp-block-columns-is-layout-flex\">\n<div class=\"wp-block-column is-layout-flow wp-block-column-is-layout-flow\">\n<figure class=\"wp-block-image size-full\"><img loading=\"lazy\" decoding=\"async\" width=\"643\" height=\"227\" src=\"https:\/\/webs.uab.cat\/erdisc\/wp-content\/uploads\/sites\/359\/2023\/07\/ArtalsMurals.jpg\" alt=\"\" class=\"wp-image-1765\" srcset=\"https:\/\/webs.uab.cat\/erdisc\/wp-content\/uploads\/sites\/359\/2023\/07\/ArtalsMurals.jpg 643w, https:\/\/webs.uab.cat\/erdisc\/wp-content\/uploads\/sites\/359\/2023\/07\/ArtalsMurals-300x106.jpg 300w\" sizes=\"auto, (max-width: 643px) 100vw, 643px\" \/><\/figure>\n<\/div>\n\n\n\n<div class=\"wp-block-column is-layout-flow wp-block-column-is-layout-flow\">\n<figure class=\"wp-block-image size-full\"><a href=\"http:\/\/familyedunet.blogspot.com\/\" target=\"_blank\" rel=\"noreferrer noopener\"><img loading=\"lazy\" decoding=\"async\" width=\"643\" height=\"227\" src=\"https:\/\/webs.uab.cat\/erdisc\/wp-content\/uploads\/sites\/359\/2023\/07\/FamilyEduNet.jpg\" alt=\"\" class=\"wp-image-1770\" srcset=\"https:\/\/webs.uab.cat\/erdisc\/wp-content\/uploads\/sites\/359\/2023\/07\/FamilyEduNet.jpg 643w, https:\/\/webs.uab.cat\/erdisc\/wp-content\/uploads\/sites\/359\/2023\/07\/FamilyEduNet-300x106.jpg 300w\" sizes=\"auto, (max-width: 643px) 100vw, 643px\" \/><\/a><\/figure>\n<\/div>\n<\/div>\n","protected":false},"excerpt":{"rendered":"<p>Diversitat cultural i intercultural Educaci\u00f3 inclusiva i comunit\u00e0ria Participaci\u00f3 i empoderament<\/p>\n","protected":false},"author":2619,"featured_media":0,"parent":389,"menu_order":1,"comment_status":"closed","ping_status":"closed","template":"","meta":{"footnotes":""},"class_list":["post-1392","page","type-page","status-publish","hentry"],"_links":{"self":[{"href":"https:\/\/webs.uab.cat\/erdisc\/wp-json\/wp\/v2\/pages\/1392","targetHints":{"allow":["GET"]}}],"collection":[{"href":"https:\/\/webs.uab.cat\/erdisc\/wp-json\/wp\/v2\/pages"}],"about":[{"href":"https:\/\/webs.uab.cat\/erdisc\/wp-json\/wp\/v2\/types\/page"}],"author":[{"embeddable":true,"href":"https:\/\/webs.uab.cat\/erdisc\/wp-json\/wp\/v2\/users\/2619"}],"replies":[{"embeddable":true,"href":"https:\/\/webs.uab.cat\/erdisc\/wp-json\/wp\/v2\/comments?post=1392"}],"version-history":[{"count":60,"href":"https:\/\/webs.uab.cat\/erdisc\/wp-json\/wp\/v2\/pages\/1392\/revisions"}],"predecessor-version":[{"id":2191,"href":"https:\/\/webs.uab.cat\/erdisc\/wp-json\/wp\/v2\/pages\/1392\/revisions\/2191"}],"up":[{"embeddable":true,"href":"https:\/\/webs.uab.cat\/erdisc\/wp-json\/wp\/v2\/pages\/389"}],"wp:attachment":[{"href":"https:\/\/webs.uab.cat\/erdisc\/wp-json\/wp\/v2\/media?parent=1392"}],"curies":[{"name":"wp","href":"https:\/\/api.w.org\/{rel}","templated":true}]}}